{"id":10139,"date":"2020-12-15T22:02:23","date_gmt":"2020-12-15T21:02:23","guid":{"rendered":"https:\/\/sigillarium.pl\/?page_id=10139"},"modified":"2025-08-28T15:56:56","modified_gmt":"2025-08-28T13:56:56","slug":"sladami-pieczeci-czytaj-wiecej","status":"publish","type":"page","link":"https:\/\/sigillarium.pl\/index.php\/sladami-pieczeci-czytaj-wiecej\/","title":{"rendered":"\u015aladami piecz\u0119ci &#8211; czytaj wi\u0119cej&#8230;"},"content":{"rendered":"\n<hr class=\"wp-block-separator has-css-opacity\"\/>\n\n\n\n<div class=\"wp-block-columns is-layout-flex wp-container-core-columns-is-layout-9d6595d7 wp-block-columns-is-layout-flex\">\n<div class=\"wp-block-column is-layout-flow wp-block-column-is-layout-flow\"><div class=\"wp-block-image\">\n<figure class=\"aligncenter size-full\"><a href=\"https:\/\/sigillarium.pl\/index.php\/2022\/12\/10\/typariusze-kosciolow-w-rozynce-i-ilawie\/\"><img loading=\"lazy\" decoding=\"async\" width=\"821\" height=\"593\" src=\"https:\/\/sigillarium.pl\/wp-content\/uploads\/2023\/03\/M.-Kumorowicz_Typariusze-kosciolow-w-Rozynce-i-Ilawie_sigillarium-pieczec-seal-petschaft-siegel-sceau-kaf2.jpg\" alt=\"\" class=\"wp-image-24363\" srcset=\"https:\/\/sigillarium.pl\/wp-content\/uploads\/2023\/03\/M.-Kumorowicz_Typariusze-kosciolow-w-Rozynce-i-Ilawie_sigillarium-pieczec-seal-petschaft-siegel-sceau-kaf2.jpg 821w, https:\/\/sigillarium.pl\/wp-content\/uploads\/2023\/03\/M.-Kumorowicz_Typariusze-kosciolow-w-Rozynce-i-Ilawie_sigillarium-pieczec-seal-petschaft-siegel-sceau-kaf2-300x217.jpg 300w, https:\/\/sigillarium.pl\/wp-content\/uploads\/2023\/03\/M.-Kumorowicz_Typariusze-kosciolow-w-Rozynce-i-Ilawie_sigillarium-pieczec-seal-petschaft-siegel-sceau-kaf2-768x555.jpg 768w\" sizes=\"auto, (max-width: 821px) 100vw, 821px\" \/><\/a><\/figure>\n<\/div><\/div>\n\n\n\n<div class=\"wp-block-column is-layout-flow wp-block-column-is-layout-flow\"><div class=\"wp-block-image\">\n<figure class=\"aligncenter size-full\"><a href=\"https:\/\/sigillarium.pl\/index.php\/2022\/10\/21\/zbiory-muzeum-warmii-i-mazur\/\"><img loading=\"lazy\" decoding=\"async\" width=\"822\" height=\"592\" src=\"https:\/\/sigillarium.pl\/wp-content\/uploads\/2022\/12\/Pieczec-sadu-rodu-Praschma-w-Niemodlinie-Falkenberg-petschaft-siegel-seal-sceau-sigillarium-kafc.jpg\" alt=\"\" class=\"wp-image-23337\" srcset=\"https:\/\/sigillarium.pl\/wp-content\/uploads\/2022\/12\/Pieczec-sadu-rodu-Praschma-w-Niemodlinie-Falkenberg-petschaft-siegel-seal-sceau-sigillarium-kafc.jpg 822w, https:\/\/sigillarium.pl\/wp-content\/uploads\/2022\/12\/Pieczec-sadu-rodu-Praschma-w-Niemodlinie-Falkenberg-petschaft-siegel-seal-sceau-sigillarium-kafc-300x216.jpg 300w, https:\/\/sigillarium.pl\/wp-content\/uploads\/2022\/12\/Pieczec-sadu-rodu-Praschma-w-Niemodlinie-Falkenberg-petschaft-siegel-seal-sceau-sigillarium-kafc-768x553.jpg 768w\" sizes=\"auto, (max-width: 822px) 100vw, 822px\" \/><\/a><\/figure>\n<\/div><\/div>\n\n\n\n<div class=\"wp-block-column is-layout-flow wp-block-column-is-layout-flow\">\n<figure class=\"wp-block-image size-large\"><a href=\"https:\/\/sigillarium.pl\/index.php\/2022\/08\/02\/zagadki-kolekcjonerskie\/\"><img loading=\"lazy\" decoding=\"async\" width=\"821\" height=\"593\" src=\"https:\/\/sigillarium.pl\/wp-content\/uploads\/2022\/11\/A.-Hryniewicz-Wroclawsko-monachijska-zagadka-pieczec-seal-petschaft-siegel-sceau-sigillarium-kafcz.jpg\" alt=\"\" class=\"wp-image-22708\" srcset=\"https:\/\/sigillarium.pl\/wp-content\/uploads\/2022\/11\/A.-Hryniewicz-Wroclawsko-monachijska-zagadka-pieczec-seal-petschaft-siegel-sceau-sigillarium-kafcz.jpg 821w, https:\/\/sigillarium.pl\/wp-content\/uploads\/2022\/11\/A.-Hryniewicz-Wroclawsko-monachijska-zagadka-pieczec-seal-petschaft-siegel-sceau-sigillarium-kafcz-300x217.jpg 300w, https:\/\/sigillarium.pl\/wp-content\/uploads\/2022\/11\/A.-Hryniewicz-Wroclawsko-monachijska-zagadka-pieczec-seal-petschaft-siegel-sceau-sigillarium-kafcz-768x555.jpg 768w\" sizes=\"auto, (max-width: 821px) 100vw, 821px\" \/><\/a><\/figure>\n<\/div>\n\n\n\n<div class=\"wp-block-column is-layout-flow wp-block-column-is-layout-flow\"><div class=\"wp-block-image\">\n<figure class=\"aligncenter size-full\"><a href=\"https:\/\/sigillarium.pl\/index.php\/2022\/05\/19\/rok-1863\/\"><img loading=\"lazy\" decoding=\"async\" width=\"822\" height=\"594\" src=\"https:\/\/sigillarium.pl\/wp-content\/uploads\/2022\/11\/R.-Forysiak-Wojcinski-W-roku-1863-istnial-taki-symbol-sigillarium-kafcz.jpg\" alt=\"\" class=\"wp-image-22709\" srcset=\"https:\/\/sigillarium.pl\/wp-content\/uploads\/2022\/11\/R.-Forysiak-Wojcinski-W-roku-1863-istnial-taki-symbol-sigillarium-kafcz.jpg 822w, https:\/\/sigillarium.pl\/wp-content\/uploads\/2022\/11\/R.-Forysiak-Wojcinski-W-roku-1863-istnial-taki-symbol-sigillarium-kafcz-300x217.jpg 300w, https:\/\/sigillarium.pl\/wp-content\/uploads\/2022\/11\/R.-Forysiak-Wojcinski-W-roku-1863-istnial-taki-symbol-sigillarium-kafcz-768x555.jpg 768w\" sizes=\"auto, (max-width: 822px) 100vw, 822px\" \/><\/a><\/figure>\n<\/div><\/div>\n<\/div>\n\n\n\n<div class=\"wp-block-columns is-layout-flex wp-container-core-columns-is-layout-9d6595d7 wp-block-columns-is-layout-flex\">\n<div class=\"wp-block-column is-layout-flow wp-block-column-is-layout-flow\"><div class=\"wp-block-image\">\n<figure class=\"aligncenter size-full\"><a href=\"https:\/\/sigillarium.pl\/index.php\/zbiory-muzeum-ziemi-lezajskiej\/\"><img loading=\"lazy\" decoding=\"async\" width=\"823\" height=\"591\" src=\"https:\/\/sigillarium.pl\/wp-content\/uploads\/2022\/07\/Lezajsk-Poslancy-historii-pieczec-seal-petschaft-siegel-sceau-kafel-sigillarium-3.jpg\" alt=\"\" class=\"wp-image-21213\" srcset=\"https:\/\/sigillarium.pl\/wp-content\/uploads\/2022\/07\/Lezajsk-Poslancy-historii-pieczec-seal-petschaft-siegel-sceau-kafel-sigillarium-3.jpg 823w, https:\/\/sigillarium.pl\/wp-content\/uploads\/2022\/07\/Lezajsk-Poslancy-historii-pieczec-seal-petschaft-siegel-sceau-kafel-sigillarium-3-300x215.jpg 300w, https:\/\/sigillarium.pl\/wp-content\/uploads\/2022\/07\/Lezajsk-Poslancy-historii-pieczec-seal-petschaft-siegel-sceau-kafel-sigillarium-3-768x552.jpg 768w\" sizes=\"auto, (max-width: 823px) 100vw, 823px\" \/><\/a><\/figure>\n<\/div><\/div>\n\n\n\n<div class=\"wp-block-column is-layout-flow wp-block-column-is-layout-flow\"><div class=\"wp-block-image\">\n<figure class=\"aligncenter size-full\"><a href=\"https:\/\/sigillarium.pl\/index.php\/wyprawa-pulkownika-t-lapinskiego\/\"><img loading=\"lazy\" decoding=\"async\" width=\"955\" height=\"683\" src=\"https:\/\/sigillarium.pl\/wp-content\/uploads\/2020\/12\/Wyprawa-pulkownika-T.-Lapinskiego.jpg\" alt=\"\" class=\"wp-image-9935\" srcset=\"https:\/\/sigillarium.pl\/wp-content\/uploads\/2020\/12\/Wyprawa-pulkownika-T.-Lapinskiego.jpg 955w, https:\/\/sigillarium.pl\/wp-content\/uploads\/2020\/12\/Wyprawa-pulkownika-T.-Lapinskiego-300x215.jpg 300w, https:\/\/sigillarium.pl\/wp-content\/uploads\/2020\/12\/Wyprawa-pulkownika-T.-Lapinskiego-768x549.jpg 768w\" sizes=\"auto, (max-width: 955px) 100vw, 955px\" \/><\/a><\/figure>\n<\/div><\/div>\n\n\n\n<div class=\"wp-block-column is-layout-flow wp-block-column-is-layout-flow\"><div class=\"wp-block-image\">\n<figure class=\"aligncenter size-full\"><a href=\"https:\/\/sigillarium.pl\/index.php\/ocalona-pieczec-z-knurowa-2\/\"><img loading=\"lazy\" decoding=\"async\" width=\"853\" height=\"611\" src=\"https:\/\/sigillarium.pl\/wp-content\/uploads\/2021\/01\/Knurow-ocalona-pieczec.jpg\" alt=\"\" class=\"wp-image-10635\" srcset=\"https:\/\/sigillarium.pl\/wp-content\/uploads\/2021\/01\/Knurow-ocalona-pieczec.jpg 853w, https:\/\/sigillarium.pl\/wp-content\/uploads\/2021\/01\/Knurow-ocalona-pieczec-300x215.jpg 300w, https:\/\/sigillarium.pl\/wp-content\/uploads\/2021\/01\/Knurow-ocalona-pieczec-768x550.jpg 768w\" sizes=\"auto, (max-width: 853px) 100vw, 853px\" \/><\/a><\/figure>\n<\/div><\/div>\n\n\n\n<div class=\"wp-block-column is-layout-flow wp-block-column-is-layout-flow\"><div class=\"wp-block-image\">\n<figure class=\"aligncenter size-full\"><a href=\"https:\/\/sigillarium.pl\/index.php\/historia-jednego-eksponatu\/\"><img loading=\"lazy\" decoding=\"async\" width=\"825\" height=\"593\" src=\"https:\/\/sigillarium.pl\/wp-content\/uploads\/2021\/02\/Wadowice-pieczec-cechu-rzeznikow.jpg\" alt=\"\" class=\"wp-image-11538\" srcset=\"https:\/\/sigillarium.pl\/wp-content\/uploads\/2021\/02\/Wadowice-pieczec-cechu-rzeznikow.jpg 825w, https:\/\/sigillarium.pl\/wp-content\/uploads\/2021\/02\/Wadowice-pieczec-cechu-rzeznikow-300x216.jpg 300w, https:\/\/sigillarium.pl\/wp-content\/uploads\/2021\/02\/Wadowice-pieczec-cechu-rzeznikow-768x552.jpg 768w\" sizes=\"auto, (max-width: 825px) 100vw, 825px\" \/><\/a><\/figure>\n<\/div><\/div>\n<\/div>\n\n\n\n<div class=\"wp-block-columns is-layout-flex wp-container-core-columns-is-layout-9d6595d7 wp-block-columns-is-layout-flex\">\n<div class=\"wp-block-column is-layout-flow wp-block-column-is-layout-flow\"><div class=\"wp-block-image\">\n<figure class=\"aligncenter size-large\"><a href=\"https:\/\/sigillarium.pl\/index.php\/pan-tadeusz-z-objezierza\/\"><img loading=\"lazy\" decoding=\"async\" width=\"953\" height=\"684\" src=\"https:\/\/sigillarium.pl\/wp-content\/uploads\/2020\/11\/Objezierze-i-Pan-Tadeusz-kafel-2.jpg\" alt=\"\" class=\"wp-image-9895\" srcset=\"https:\/\/sigillarium.pl\/wp-content\/uploads\/2020\/11\/Objezierze-i-Pan-Tadeusz-kafel-2.jpg 953w, https:\/\/sigillarium.pl\/wp-content\/uploads\/2020\/11\/Objezierze-i-Pan-Tadeusz-kafel-2-300x215.jpg 300w, https:\/\/sigillarium.pl\/wp-content\/uploads\/2020\/11\/Objezierze-i-Pan-Tadeusz-kafel-2-768x551.jpg 768w\" sizes=\"auto, (max-width: 953px) 100vw, 953px\" \/><\/a><\/figure>\n<\/div><\/div>\n\n\n\n<div class=\"wp-block-column is-layout-flow wp-block-column-is-layout-flow\"><div class=\"wp-block-image\">\n<figure class=\"aligncenter size-large\"><a href=\"https:\/\/sigillarium.pl\/index.php\/kolekcjoner-i-filantrop\/\"><img loading=\"lazy\" decoding=\"async\" width=\"854\" height=\"610\" src=\"https:\/\/sigillarium.pl\/wp-content\/uploads\/2020\/10\/Kolekcjoner-i-filantrop-kafel.jpg\" alt=\"\" class=\"wp-image-9003\" srcset=\"https:\/\/sigillarium.pl\/wp-content\/uploads\/2020\/10\/Kolekcjoner-i-filantrop-kafel.jpg 854w, https:\/\/sigillarium.pl\/wp-content\/uploads\/2020\/10\/Kolekcjoner-i-filantrop-kafel-300x214.jpg 300w, https:\/\/sigillarium.pl\/wp-content\/uploads\/2020\/10\/Kolekcjoner-i-filantrop-kafel-768x549.jpg 768w\" sizes=\"auto, (max-width: 854px) 100vw, 854px\" \/><\/a><\/figure>\n<\/div><\/div>\n\n\n\n<div class=\"wp-block-column is-layout-flow wp-block-column-is-layout-flow\"><div class=\"wp-block-image\">\n<figure class=\"aligncenter size-large\"><a href=\"https:\/\/sigillarium.pl\/index.php\/jeniec-starobielska\/\"><img loading=\"lazy\" decoding=\"async\" width=\"851\" height=\"610\" src=\"https:\/\/sigillarium.pl\/wp-content\/uploads\/2020\/10\/Jeniec-Starobielska-kafel-wyc.jpg\" alt=\"\" class=\"wp-image-9353\" srcset=\"https:\/\/sigillarium.pl\/wp-content\/uploads\/2020\/10\/Jeniec-Starobielska-kafel-wyc.jpg 851w, https:\/\/sigillarium.pl\/wp-content\/uploads\/2020\/10\/Jeniec-Starobielska-kafel-wyc-300x215.jpg 300w, https:\/\/sigillarium.pl\/wp-content\/uploads\/2020\/10\/Jeniec-Starobielska-kafel-wyc-768x551.jpg 768w\" sizes=\"auto, (max-width: 851px) 100vw, 851px\" \/><\/a><\/figure>\n<\/div><\/div>\n\n\n\n<div class=\"wp-block-column is-layout-flow wp-block-column-is-layout-flow\"><div class=\"wp-block-image\">\n<figure class=\"aligncenter size-large\"><a href=\"https:\/\/sigillarium.pl\/index.php\/zapomniany-bohater-karol-sciegienny\/\"><img loading=\"lazy\" decoding=\"async\" width=\"1024\" height=\"742\" src=\"https:\/\/sigillarium.pl\/wp-content\/uploads\/2020\/02\/Zapomniany-bohater_kafel-1024x742.jpg\" alt=\"\" class=\"wp-image-732\" srcset=\"https:\/\/sigillarium.pl\/wp-content\/uploads\/2020\/02\/Zapomniany-bohater_kafel-1024x742.jpg 1024w, https:\/\/sigillarium.pl\/wp-content\/uploads\/2020\/02\/Zapomniany-bohater_kafel-300x217.jpg 300w, https:\/\/sigillarium.pl\/wp-content\/uploads\/2020\/02\/Zapomniany-bohater_kafel-768x556.jpg 768w, https:\/\/sigillarium.pl\/wp-content\/uploads\/2020\/02\/Zapomniany-bohater_kafel.jpg 1287w\" sizes=\"auto, (max-width: 1024px) 100vw, 1024px\" \/><\/a><\/figure>\n<\/div><\/div>\n<\/div>\n\n\n\n<div class=\"wp-block-columns is-layout-flex wp-container-core-columns-is-layout-9d6595d7 wp-block-columns-is-layout-flex\">\n<div class=\"wp-block-column is-layout-flow wp-block-column-is-layout-flow\"><div class=\"wp-block-image\">\n<figure class=\"aligncenter size-large\"><a href=\"https:\/\/sigillarium.pl\/index.php\/pieczec-powstanca\/\"><img loading=\"lazy\" decoding=\"async\" width=\"1024\" height=\"743\" src=\"https:\/\/sigillarium.pl\/wp-content\/uploads\/2020\/02\/20191027-Piecz\u0119\u0107-powsta\u0144ca-2-kafel-1024x743.jpg\" alt=\"\" class=\"wp-image-315\" srcset=\"https:\/\/sigillarium.pl\/wp-content\/uploads\/2020\/02\/20191027-Piecz\u0119\u0107-powsta\u0144ca-2-kafel-1024x743.jpg 1024w, https:\/\/sigillarium.pl\/wp-content\/uploads\/2020\/02\/20191027-Piecz\u0119\u0107-powsta\u0144ca-2-kafel-300x218.jpg 300w, https:\/\/sigillarium.pl\/wp-content\/uploads\/2020\/02\/20191027-Piecz\u0119\u0107-powsta\u0144ca-2-kafel-768x557.jpg 768w, https:\/\/sigillarium.pl\/wp-content\/uploads\/2020\/02\/20191027-Piecz\u0119\u0107-powsta\u0144ca-2-kafel.jpg 1279w\" sizes=\"auto, (max-width: 1024px) 100vw, 1024px\" \/><\/a><\/figure>\n<\/div><\/div>\n\n\n\n<div class=\"wp-block-column is-layout-flow wp-block-column-is-layout-flow\"><div class=\"wp-block-image\">\n<figure class=\"aligncenter size-large\"><a href=\"https:\/\/sigillarium.pl\/index.php\/wielkopolski-epizod\/\"><img loading=\"lazy\" decoding=\"async\" width=\"1024\" height=\"742\" src=\"https:\/\/sigillarium.pl\/wp-content\/uploads\/2020\/05\/Wielkopolski-epizod_kafel-1024x742.jpg\" alt=\"\" class=\"wp-image-4239\" srcset=\"https:\/\/sigillarium.pl\/wp-content\/uploads\/2020\/05\/Wielkopolski-epizod_kafel-1024x742.jpg 1024w, https:\/\/sigillarium.pl\/wp-content\/uploads\/2020\/05\/Wielkopolski-epizod_kafel-300x217.jpg 300w, https:\/\/sigillarium.pl\/wp-content\/uploads\/2020\/05\/Wielkopolski-epizod_kafel-768x557.jpg 768w, https:\/\/sigillarium.pl\/wp-content\/uploads\/2020\/05\/Wielkopolski-epizod_kafel.jpg 1286w\" sizes=\"auto, (max-width: 1024px) 100vw, 1024px\" \/><\/a><\/figure>\n<\/div><\/div>\n\n\n\n<div class=\"wp-block-column is-layout-flow wp-block-column-is-layout-flow\"><\/div>\n\n\n\n<div class=\"wp-block-column is-layout-flow wp-block-column-is-layout-flow\"><\/div>\n<\/div>\n\n\n\n<div class=\"wp-block-columns is-layout-flex wp-container-core-columns-is-layout-9d6595d7 wp-block-columns-is-layout-flex\">\n<div class=\"wp-block-column is-layout-flow wp-block-column-is-layout-flow\"><\/div>\n\n\n\n<div class=\"wp-block-column is-layout-flow wp-block-column-is-layout-flow\"><\/div>\n\n\n\n<div class=\"wp-block-column is-layout-flow wp-block-column-is-layout-flow\"><\/div>\n\n\n\n<div class=\"wp-block-column is-layout-flow wp-block-column-is-layout-flow\"><\/div>\n<\/div>\n","protected":false},"excerpt":{"rendered":"","protected":false},"author":1,"featured_media":0,"parent":0,"menu_order":0,"comment_status":"closed","ping_status":"closed","template":"","meta":{"footnotes":""},"class_list":["post-10139","page","type-page","status-publish","hentry"],"_links":{"self":[{"href":"https:\/\/sigillarium.pl\/index.php\/wp-json\/wp\/v2\/pages\/10139","targetHints":{"allow":["GET"]}}],"collection":[{"href":"https:\/\/sigillarium.pl\/index.php\/wp-json\/wp\/v2\/pages"}],"about":[{"href":"https:\/\/sigillarium.pl\/index.php\/wp-json\/wp\/v2\/types\/page"}],"author":[{"embeddable":true,"href":"https:\/\/sigillarium.pl\/index.php\/wp-json\/wp\/v2\/users\/1"}],"replies":[{"embeddable":true,"href":"https:\/\/sigillarium.pl\/index.php\/wp-json\/wp\/v2\/comments?post=10139"}],"version-history":[{"count":17,"href":"https:\/\/sigillarium.pl\/index.php\/wp-json\/wp\/v2\/pages\/10139\/revisions"}],"predecessor-version":[{"id":36703,"href":"https:\/\/sigillarium.pl\/index.php\/wp-json\/wp\/v2\/pages\/10139\/revisions\/36703"}],"wp:attachment":[{"href":"https:\/\/sigillarium.pl\/index.php\/wp-json\/wp\/v2\/media?parent=10139"}],"curies":[{"name":"wp","href":"https:\/\/api.w.org\/{rel}","templated":true}]}}