{"id":102,"date":"2020-01-24T23:13:30","date_gmt":"2020-01-24T22:13:30","guid":{"rendered":"http:\/\/sigillarium.pl\/?page_id=102"},"modified":"2020-12-04T20:52:01","modified_gmt":"2020-12-04T19:52:01","slug":"stefan-jakob-below","status":"publish","type":"page","link":"https:\/\/sigillarium.pl\/index.php\/wytworcy-pieczeci\/stefan-jakob-below\/","title":{"rendered":"Stefan Jakub Below (1857 &#8211; 1903)"},"content":{"rendered":"\n<hr class=\"wp-block-separator\"\/>\n\n\n\n<p><p style=\"text-align: justify\">&nbsp;&nbsp;&nbsp;&nbsp; Syn <a href=\"http:\/\/sigillarium.pl\/index.php\/wytworcy-pieczeci\/fryderyk-w-below\/\">Fryderyka Wilhelma Belowa<\/a>. Urodzi\u0142 si\u0119 w Poznaniu 25 lipca 1857 r. Kszta\u0142ci\u0142 si\u0119 w dziedzinie rze\u017aby i rytownictwa. Ucz\u0119szcza\u0142 do Akademii Sztuk Pi\u0119knych w Berlinie, gdzie dodatkowo, opr\u00f3cz rze\u017aby, studiowa\u0142 tak\u017ce malarstwo. Wykona\u0142 kilka obraz\u00f3w o tre\u015bci religijnej dla ko\u015bcio\u0142\u00f3w wielkopolskich. Po \u015bmierci swojego ojca obj\u0105\u0142 warsztat rytowniczy w Poznaniu, gdzie wykonywa\u0142 liczne prace piecz\u0119tarskie dla w\u0142adz ko\u015bcielnych, urz\u0119d\u00f3w parafialnych i os\u00f3b prywatnych. Zak\u0142ad sw\u00f3j reklamowa\u0142 jako \u201ejedyny polsko-katolicki\u201d w Poznaniu. W dniu 16 pa\u017adziernika 1888 r. Stefan Below zawar\u0142&nbsp; w ko\u015bciele kolegiackim pw. \u015bw. Marii Magdaleny zwi\u0105zek ma\u0142\u017ce\u0144ski z Waleri\u0105 Magdalen\u0105 Tokarsk\u0105, c\u00f3rk\u0105 w\u0142a\u015bciciela ziemskiego J\u00f3zefa i Teofilii z Kili\u0144skich. T\u0142oki piecz\u0119tne przez siebie sporz\u0105dzone sygnowa\u0142 b\u0105d\u017a napisem rytym na rancie (przy piecz\u0119ciach o du\u017cej \u015brednicy), b\u0105d\u017a stempelkiem dwuwierszowym, odbijanym na odwrocie matrycy STEFAN BELOW \/\/ POZNA\u0143. Stefan Below zmar\u0142 7 lutego 1903 r. w Poznaniu w wieku 46 lat. Trzyna\u015bcie lat p\u00f3\u017aniej zmar\u0142a w Poznaniu tak\u017ce jego \u017cona. Stefan Below mia\u0142 tylko jednego syna \u2013 Stanis\u0142awa.<\/p>\n\n\n\n<p><br>Opracowanie: Mariusz Kopniak<\/p>\n\n\n\n<p>\u0179r\u00f3d\u0142o:<br>E. Majkowski, Fryderyk Wilhelm Below, piecz\u0119tarz i medalier pozna\u0144ski, patriota polski, Biblioteka \u201eKroniki Miasta Poznania\u201d nr 6, Drukarnia Chojnackiego, Pozna\u0144 1936.  <\/p>\n","protected":false},"excerpt":{"rendered":"<p>&nbsp;&nbsp;&nbsp;&nbsp; Syn Fryderyka Wilhelma Belowa. Urodzi\u0142 si\u0119 w Poznaniu 25 lipca 1857 r. Kszta\u0142ci\u0142 si\u0119 w dziedzinie rze\u017aby i rytownictwa. Ucz\u0119szcza\u0142 do Akademii Sztuk Pi\u0119knych w Berlinie, gdzie dodatkowo, opr\u00f3cz&hellip; <\/p>\n","protected":false},"author":1,"featured_media":0,"parent":96,"menu_order":0,"comment_status":"closed","ping_status":"closed","template":"","meta":{"footnotes":""},"class_list":["post-102","page","type-page","status-publish","hentry"],"_links":{"self":[{"href":"https:\/\/sigillarium.pl\/index.php\/wp-json\/wp\/v2\/pages\/102","targetHints":{"allow":["GET"]}}],"collection":[{"href":"https:\/\/sigillarium.pl\/index.php\/wp-json\/wp\/v2\/pages"}],"about":[{"href":"https:\/\/sigillarium.pl\/index.php\/wp-json\/wp\/v2\/types\/page"}],"author":[{"embeddable":true,"href":"https:\/\/sigillarium.pl\/index.php\/wp-json\/wp\/v2\/users\/1"}],"replies":[{"embeddable":true,"href":"https:\/\/sigillarium.pl\/index.php\/wp-json\/wp\/v2\/comments?post=102"}],"version-history":[{"count":10,"href":"https:\/\/sigillarium.pl\/index.php\/wp-json\/wp\/v2\/pages\/102\/revisions"}],"predecessor-version":[{"id":10075,"href":"https:\/\/sigillarium.pl\/index.php\/wp-json\/wp\/v2\/pages\/102\/revisions\/10075"}],"up":[{"embeddable":true,"href":"https:\/\/sigillarium.pl\/index.php\/wp-json\/wp\/v2\/pages\/96"}],"wp:attachment":[{"href":"https:\/\/sigillarium.pl\/index.php\/wp-json\/wp\/v2\/media?parent=102"}],"curies":[{"name":"wp","href":"https:\/\/api.w.org\/{rel}","templated":true}]}}