{"id":107,"date":"2020-01-24T23:22:58","date_gmt":"2020-01-24T22:22:58","guid":{"rendered":"http:\/\/sigillarium.pl\/?page_id=107"},"modified":"2021-01-24T12:59:30","modified_gmt":"2021-01-24T11:59:30","slug":"ogolnopolski-rejestr-pieczeci-prl","status":"publish","type":"page","link":"https:\/\/sigillarium.pl\/index.php\/ogolnopolski-rejestr-pieczeci-prl\/","title":{"rendered":"Archiwum: Rejestr t\u0142ok\u00f3w piecz\u0119tnych z pierwszych lat powojennych i okresu PRL (1946 &#8211; 1989)"},"content":{"rendered":"\n<hr class=\"wp-block-separator\"\/>\n\n\n\n<p><p style=\"text-align: justify\">&nbsp;&nbsp;&nbsp;&nbsp;Rejestr t\u0142ok\u00f3w piecz\u0119tnych z wczesnego okresu powojennego i PRL wydaje si\u0119 by\u0107 jednolitym dla wszystkich rodzaj\u00f3w piecz\u0119ci wytwarzanych w Mennicy (tj. piecz\u0119ci pa\u0144stwowych i samorz\u0105dowych). \u015awiadcz\u0105 o tym wysokie numery inwentarzowe znajduj\u0105ce si\u0119 na znanych piecz\u0119ciach samorz\u0105dowych oraz wyst\u0119puj\u0105ce numery piecz\u0119ci samorz\u0105dowych w stosunkowo du\u017cej \u201eblisko\u015bci\u201d z numerami inwentarzowymi piecz\u0119ci okr\u0105g\u0142ych. W poni\u017cszym zestawieniu pieczecie samorz\u0105dowe (owalne) pojawiaj\u0105 si\u0119 do 1949 r. Najwy\u017cszy znany (potwierdzony) nr inwentarzowy piecz\u0119ci samorz\u0105dowej (owalnej) to\u00a0 <strong>62\u00a0181 &#8211; <\/strong>ZARZ\u0104D MIEJSKI W WA\u0141BRZYCHU. W 1950 r. zniesiono samorz\u0105d terytorialny, a ca\u0142a w\u0142adza (lokalna) przesz\u0142a w r\u0119ce rad narodowych. \u00a0Od tego czasu pojawiaj\u0105 si\u0119 pieczecie z legend\u0105 Rada Narodowa (miejska, gmina, powiatowa, wojew\u00f3dzka).<br><p style=\"text-align: justify\">Opracowanie powsta\u0142o na podstawie kwerend wykonanych w  wybranych muzeach,  archiwach pa\u0144stwowych, a tak\u017ce dzi\u0119ki uprzejmo\u015bci prywatnych kolekcjoner\u00f3w.<br \/><br>\nZg\u0142o\u015b t\u0142ok piecz\u0119tny do tego rejestru, przesy\u0142aj\u0105c jego fotografie i opis (w tym wymiary) na adres <b>sigillarium@gmail.com<\/b> <\/p>\n\n\n\n<hr class=\"wp-block-separator\"\/>\n\n\n\n<p>Legenda:<br>Nr t\u0142oka &#8211; numer fabryczny t\u0142oka umieszczony na rewersie matrycy<br>Legenda &#8211; dysponent piecz\u0119ci<br>\u00d8 (mm) &#8211; \u015brednica t\u0142oka w milimetrach<br>Rodzaj &#8211; &#8222;T&#8221; &#8211; t\u0142ok do tuszu (wypuk\u0142oryty), &#8222;L&#8221; &#8211; t\u0142ok do laku (wkl\u0119s\u0142oryty)<br>Sygn. &#8211; sygnatura: &#8222;K&#8221; &#8211; herb Ko\u015bciesza, &#8222;bs.&#8221; &#8211; brak sygnatury, &#8222;bi.&#8221; &#8211; brak informacji<br>Nr graw. &#8211; numer ewidencyjny grawera wykonuj\u0105cego t\u0142ok<br>Data wyk. &#8211; data wykonania t\u0142oka (uj\u0119ta w nawiasie oznacza szacowan\u0105 dat\u0119)<br>Uwagi &#8211; KP &#8211; kolekcja prywatna, PAA &#8211; portal aukcyjny, APWr. &#8211; Archiwum Pa\u0144stwowe we Wroc\u0142awiu, APCh. &#8211; Archiwum Pa\u0144stwowe w Che\u0142mie, APG &#8211; Archiwum Pa\u0144stwowe w Gorzowie, APPoz. &#8211; Archiwum Pa\u0144stwowe w Poznaniu, MZCH &#8211; Muzeum Ziemi Che\u0142mskiej, ZNiO &#8211; Zak\u0142ad Narodowy im. Ossoli\u0144skich, DN &#8211; Dzia\u0142 Numizmatyczny,<br>MCh. &#8211; Muzeum w Chorzowie<\/p>\n\n\n\n<hr class=\"wp-block-separator\"\/>\n\n\n\n<p class=\"has-vivid-red-color has-text-color\"><strong>Aktualizacja zestawienia: 18.10.2020<\/strong><\/p>\n\n\n\n<div class=\"wp-block-image\"><figure class=\"aligncenter size-large\"><img loading=\"lazy\" decoding=\"async\" width=\"1024\" height=\"635\" src=\"https:\/\/sigillarium.pl\/wp-content\/uploads\/2020\/10\/20201018-PRL-1-1024x635.jpg\" alt=\"\" class=\"wp-image-9127\" srcset=\"https:\/\/sigillarium.pl\/wp-content\/uploads\/2020\/10\/20201018-PRL-1-1024x635.jpg 1024w, https:\/\/sigillarium.pl\/wp-content\/uploads\/2020\/10\/20201018-PRL-1-300x186.jpg 300w, https:\/\/sigillarium.pl\/wp-content\/uploads\/2020\/10\/20201018-PRL-1-768x477.jpg 768w, https:\/\/sigillarium.pl\/wp-content\/uploads\/2020\/10\/20201018-PRL-1.jpg 1078w\" sizes=\"auto, (max-width: 1024px) 100vw, 1024px\" \/><\/figure><\/div>\n\n\n\n<div class=\"wp-block-image\"><figure class=\"aligncenter size-large\"><img loading=\"lazy\" decoding=\"async\" width=\"1024\" height=\"633\" src=\"https:\/\/sigillarium.pl\/wp-content\/uploads\/2020\/10\/20201018-PRL-2-1024x633.jpg\" alt=\"\" class=\"wp-image-9128\" srcset=\"https:\/\/sigillarium.pl\/wp-content\/uploads\/2020\/10\/20201018-PRL-2-1024x633.jpg 1024w, https:\/\/sigillarium.pl\/wp-content\/uploads\/2020\/10\/20201018-PRL-2-300x185.jpg 300w, https:\/\/sigillarium.pl\/wp-content\/uploads\/2020\/10\/20201018-PRL-2-768x475.jpg 768w, https:\/\/sigillarium.pl\/wp-content\/uploads\/2020\/10\/20201018-PRL-2.jpg 1081w\" sizes=\"auto, (max-width: 1024px) 100vw, 1024px\" \/><\/figure><\/div>\n\n\n\n<div class=\"wp-block-image\"><figure class=\"aligncenter size-large\"><img loading=\"lazy\" decoding=\"async\" width=\"1024\" height=\"633\" src=\"https:\/\/sigillarium.pl\/wp-content\/uploads\/2020\/10\/20201018-PRL-3-1024x633.jpg\" alt=\"\" class=\"wp-image-9129\" srcset=\"https:\/\/sigillarium.pl\/wp-content\/uploads\/2020\/10\/20201018-PRL-3-1024x633.jpg 1024w, https:\/\/sigillarium.pl\/wp-content\/uploads\/2020\/10\/20201018-PRL-3-300x186.jpg 300w, https:\/\/sigillarium.pl\/wp-content\/uploads\/2020\/10\/20201018-PRL-3-768x475.jpg 768w, https:\/\/sigillarium.pl\/wp-content\/uploads\/2020\/10\/20201018-PRL-3.jpg 1080w\" sizes=\"auto, (max-width: 1024px) 100vw, 1024px\" \/><\/figure><\/div>\n\n\n\n<div class=\"wp-block-image\"><figure class=\"aligncenter size-large\"><img loading=\"lazy\" decoding=\"async\" width=\"1024\" height=\"649\" src=\"https:\/\/sigillarium.pl\/wp-content\/uploads\/2020\/10\/20201018-PRL-4-1024x649.jpg\" alt=\"\" class=\"wp-image-9130\" srcset=\"https:\/\/sigillarium.pl\/wp-content\/uploads\/2020\/10\/20201018-PRL-4-1024x649.jpg 1024w, https:\/\/sigillarium.pl\/wp-content\/uploads\/2020\/10\/20201018-PRL-4-300x190.jpg 300w, https:\/\/sigillarium.pl\/wp-content\/uploads\/2020\/10\/20201018-PRL-4-768x487.jpg 768w, https:\/\/sigillarium.pl\/wp-content\/uploads\/2020\/10\/20201018-PRL-4.jpg 1080w\" sizes=\"auto, (max-width: 1024px) 100vw, 1024px\" \/><\/figure><\/div>\n\n\n\n<div class=\"wp-block-image\"><figure class=\"aligncenter size-large\"><img loading=\"lazy\" decoding=\"async\" width=\"1024\" height=\"573\" src=\"https:\/\/sigillarium.pl\/wp-content\/uploads\/2020\/10\/20201018-PRL-5-1024x573.jpg\" alt=\"\" class=\"wp-image-9131\" srcset=\"https:\/\/sigillarium.pl\/wp-content\/uploads\/2020\/10\/20201018-PRL-5-1024x573.jpg 1024w, https:\/\/sigillarium.pl\/wp-content\/uploads\/2020\/10\/20201018-PRL-5-300x168.jpg 300w, https:\/\/sigillarium.pl\/wp-content\/uploads\/2020\/10\/20201018-PRL-5-768x430.jpg 768w, https:\/\/sigillarium.pl\/wp-content\/uploads\/2020\/10\/20201018-PRL-5.jpg 1081w\" sizes=\"auto, (max-width: 1024px) 100vw, 1024px\" \/><\/figure><\/div>\n\n\n\n<div class=\"wp-block-image\"><figure class=\"aligncenter size-large\"><img loading=\"lazy\" decoding=\"async\" width=\"1024\" height=\"651\" src=\"https:\/\/sigillarium.pl\/wp-content\/uploads\/2020\/10\/20201018-PRL-6-1024x651.jpg\" alt=\"\" class=\"wp-image-9132\" srcset=\"https:\/\/sigillarium.pl\/wp-content\/uploads\/2020\/10\/20201018-PRL-6-1024x651.jpg 1024w, https:\/\/sigillarium.pl\/wp-content\/uploads\/2020\/10\/20201018-PRL-6-300x191.jpg 300w, https:\/\/sigillarium.pl\/wp-content\/uploads\/2020\/10\/20201018-PRL-6-768x488.jpg 768w, https:\/\/sigillarium.pl\/wp-content\/uploads\/2020\/10\/20201018-PRL-6.jpg 1081w\" sizes=\"auto, (max-width: 1024px) 100vw, 1024px\" \/><\/figure><\/div>\n\n\n\n<div class=\"wp-block-image\"><figure class=\"aligncenter size-large\"><img loading=\"lazy\" decoding=\"async\" width=\"1024\" height=\"628\" src=\"https:\/\/sigillarium.pl\/wp-content\/uploads\/2020\/10\/20201018-PRL-7-1024x628.jpg\" alt=\"\" class=\"wp-image-9133\" srcset=\"https:\/\/sigillarium.pl\/wp-content\/uploads\/2020\/10\/20201018-PRL-7-1024x628.jpg 1024w, https:\/\/sigillarium.pl\/wp-content\/uploads\/2020\/10\/20201018-PRL-7-300x184.jpg 300w, https:\/\/sigillarium.pl\/wp-content\/uploads\/2020\/10\/20201018-PRL-7-768x471.jpg 768w, https:\/\/sigillarium.pl\/wp-content\/uploads\/2020\/10\/20201018-PRL-7.jpg 1083w\" sizes=\"auto, (max-width: 1024px) 100vw, 1024px\" \/><\/figure><\/div>\n\n\n\n<div class=\"wp-block-image\"><figure class=\"aligncenter size-large\"><img loading=\"lazy\" decoding=\"async\" width=\"1024\" height=\"550\" src=\"https:\/\/sigillarium.pl\/wp-content\/uploads\/2020\/10\/20201018-PRL-8-1024x550.jpg\" alt=\"\" class=\"wp-image-9134\" srcset=\"https:\/\/sigillarium.pl\/wp-content\/uploads\/2020\/10\/20201018-PRL-8-1024x550.jpg 1024w, https:\/\/sigillarium.pl\/wp-content\/uploads\/2020\/10\/20201018-PRL-8-300x161.jpg 300w, https:\/\/sigillarium.pl\/wp-content\/uploads\/2020\/10\/20201018-PRL-8-768x413.jpg 768w, https:\/\/sigillarium.pl\/wp-content\/uploads\/2020\/10\/20201018-PRL-8.jpg 1081w\" sizes=\"auto, (max-width: 1024px) 100vw, 1024px\" \/><\/figure><\/div>\n\n\n\n<div class=\"wp-block-image\"><figure class=\"aligncenter size-large\"><img loading=\"lazy\" decoding=\"async\" width=\"1024\" height=\"590\" src=\"https:\/\/sigillarium.pl\/wp-content\/uploads\/2020\/10\/20201018-PRL-9-1024x590.jpg\" alt=\"\" class=\"wp-image-9135\" srcset=\"https:\/\/sigillarium.pl\/wp-content\/uploads\/2020\/10\/20201018-PRL-9-1024x590.jpg 1024w, https:\/\/sigillarium.pl\/wp-content\/uploads\/2020\/10\/20201018-PRL-9-300x173.jpg 300w, https:\/\/sigillarium.pl\/wp-content\/uploads\/2020\/10\/20201018-PRL-9-768x443.jpg 768w, https:\/\/sigillarium.pl\/wp-content\/uploads\/2020\/10\/20201018-PRL-9.jpg 1081w\" sizes=\"auto, (max-width: 1024px) 100vw, 1024px\" \/><\/figure><\/div>\n\n\n\n<div class=\"wp-block-image\"><figure class=\"aligncenter size-large\"><img loading=\"lazy\" decoding=\"async\" width=\"1024\" height=\"595\" src=\"https:\/\/sigillarium.pl\/wp-content\/uploads\/2020\/10\/20201018-PRL-10-1024x595.jpg\" alt=\"\" class=\"wp-image-9136\" srcset=\"https:\/\/sigillarium.pl\/wp-content\/uploads\/2020\/10\/20201018-PRL-10-1024x595.jpg 1024w, https:\/\/sigillarium.pl\/wp-content\/uploads\/2020\/10\/20201018-PRL-10-300x174.jpg 300w, https:\/\/sigillarium.pl\/wp-content\/uploads\/2020\/10\/20201018-PRL-10-768x447.jpg 768w, https:\/\/sigillarium.pl\/wp-content\/uploads\/2020\/10\/20201018-PRL-10.jpg 1080w\" sizes=\"auto, (max-width: 1024px) 100vw, 1024px\" \/><\/figure><\/div>\n\n\n\n<div class=\"wp-block-image\"><figure class=\"aligncenter size-large\"><img loading=\"lazy\" decoding=\"async\" width=\"1024\" height=\"569\" src=\"https:\/\/sigillarium.pl\/wp-content\/uploads\/2020\/10\/20201018-PRL-11-1024x569.jpg\" alt=\"\" class=\"wp-image-9137\" srcset=\"https:\/\/sigillarium.pl\/wp-content\/uploads\/2020\/10\/20201018-PRL-11-1024x569.jpg 1024w, https:\/\/sigillarium.pl\/wp-content\/uploads\/2020\/10\/20201018-PRL-11-300x167.jpg 300w, https:\/\/sigillarium.pl\/wp-content\/uploads\/2020\/10\/20201018-PRL-11-768x427.jpg 768w, https:\/\/sigillarium.pl\/wp-content\/uploads\/2020\/10\/20201018-PRL-11.jpg 1080w\" sizes=\"auto, (max-width: 1024px) 100vw, 1024px\" \/><\/figure><\/div>\n\n\n\n<div class=\"wp-block-image\"><figure class=\"aligncenter size-large\"><img loading=\"lazy\" decoding=\"async\" width=\"1024\" height=\"589\" src=\"https:\/\/sigillarium.pl\/wp-content\/uploads\/2020\/10\/20201018-PRL-12-1024x589.jpg\" alt=\"\" class=\"wp-image-9138\" srcset=\"https:\/\/sigillarium.pl\/wp-content\/uploads\/2020\/10\/20201018-PRL-12-1024x589.jpg 1024w, https:\/\/sigillarium.pl\/wp-content\/uploads\/2020\/10\/20201018-PRL-12-300x173.jpg 300w, https:\/\/sigillarium.pl\/wp-content\/uploads\/2020\/10\/20201018-PRL-12-768x442.jpg 768w, https:\/\/sigillarium.pl\/wp-content\/uploads\/2020\/10\/20201018-PRL-12.jpg 1080w\" sizes=\"auto, (max-width: 1024px) 100vw, 1024px\" \/><\/figure><\/div>\n\n\n\n<div class=\"wp-block-image\"><figure class=\"aligncenter size-large\"><img loading=\"lazy\" decoding=\"async\" width=\"1024\" height=\"587\" src=\"https:\/\/sigillarium.pl\/wp-content\/uploads\/2020\/10\/20201018-PRL-13-1024x587.jpg\" alt=\"\" class=\"wp-image-9139\" srcset=\"https:\/\/sigillarium.pl\/wp-content\/uploads\/2020\/10\/20201018-PRL-13-1024x587.jpg 1024w, https:\/\/sigillarium.pl\/wp-content\/uploads\/2020\/10\/20201018-PRL-13-300x172.jpg 300w, https:\/\/sigillarium.pl\/wp-content\/uploads\/2020\/10\/20201018-PRL-13-768x440.jpg 768w, https:\/\/sigillarium.pl\/wp-content\/uploads\/2020\/10\/20201018-PRL-13.jpg 1085w\" sizes=\"auto, (max-width: 1024px) 100vw, 1024px\" \/><\/figure><\/div>\n\n\n\n<div class=\"wp-block-image\"><figure class=\"aligncenter size-large\"><img loading=\"lazy\" decoding=\"async\" width=\"1024\" height=\"141\" src=\"https:\/\/sigillarium.pl\/wp-content\/uploads\/2020\/10\/20201018-PRL-14-1024x141.jpg\" alt=\"\" class=\"wp-image-9140\" srcset=\"https:\/\/sigillarium.pl\/wp-content\/uploads\/2020\/10\/20201018-PRL-14-1024x141.jpg 1024w, https:\/\/sigillarium.pl\/wp-content\/uploads\/2020\/10\/20201018-PRL-14-300x41.jpg 300w, https:\/\/sigillarium.pl\/wp-content\/uploads\/2020\/10\/20201018-PRL-14-768x106.jpg 768w, https:\/\/sigillarium.pl\/wp-content\/uploads\/2020\/10\/20201018-PRL-14.jpg 1081w\" sizes=\"auto, (max-width: 1024px) 100vw, 1024px\" \/><\/figure><\/div>\n","protected":false},"excerpt":{"rendered":"<p>&nbsp;&nbsp;&nbsp;&nbsp;Rejestr t\u0142ok\u00f3w piecz\u0119tnych z wczesnego okresu powojennego i PRL wydaje si\u0119 by\u0107 jednolitym dla wszystkich rodzaj\u00f3w piecz\u0119ci wytwarzanych w Mennicy (tj. piecz\u0119ci pa\u0144stwowych i samorz\u0105dowych). \u015awiadcz\u0105 o tym wysokie numery&hellip; <\/p>\n","protected":false},"author":1,"featured_media":0,"parent":0,"menu_order":0,"comment_status":"closed","ping_status":"closed","template":"","meta":{"footnotes":""},"class_list":["post-107","page","type-page","status-publish","hentry"],"_links":{"self":[{"href":"https:\/\/sigillarium.pl\/index.php\/wp-json\/wp\/v2\/pages\/107","targetHints":{"allow":["GET"]}}],"collection":[{"href":"https:\/\/sigillarium.pl\/index.php\/wp-json\/wp\/v2\/pages"}],"about":[{"href":"https:\/\/sigillarium.pl\/index.php\/wp-json\/wp\/v2\/types\/page"}],"author":[{"embeddable":true,"href":"https:\/\/sigillarium.pl\/index.php\/wp-json\/wp\/v2\/users\/1"}],"replies":[{"embeddable":true,"href":"https:\/\/sigillarium.pl\/index.php\/wp-json\/wp\/v2\/comments?post=107"}],"version-history":[{"count":76,"href":"https:\/\/sigillarium.pl\/index.php\/wp-json\/wp\/v2\/pages\/107\/revisions"}],"predecessor-version":[{"id":10852,"href":"https:\/\/sigillarium.pl\/index.php\/wp-json\/wp\/v2\/pages\/107\/revisions\/10852"}],"wp:attachment":[{"href":"https:\/\/sigillarium.pl\/index.php\/wp-json\/wp\/v2\/media?parent=107"}],"curies":[{"name":"wp","href":"https:\/\/api.w.org\/{rel}","templated":true}]}}