{"id":10761,"date":"2021-01-16T14:54:57","date_gmt":"2021-01-16T13:54:57","guid":{"rendered":"https:\/\/sigillarium.pl\/?page_id=10761"},"modified":"2021-03-11T19:57:25","modified_gmt":"2021-03-11T18:57:25","slug":"rejestr-tlokow-pieczetnych-z-pierwszych-lat-powojennych-i-okresu-prl-1946-1989","status":"publish","type":"page","link":"https:\/\/sigillarium.pl\/index.php\/rejestr-tlokow-pieczetnych-z-pierwszych-lat-powojennych-i-okresu-prl-1946-1989\/","title":{"rendered":"Rejestr t\u0142ok\u00f3w piecz\u0119tnych z pierwszych lat powojennych i okresu PRL (1946 &#8211; 1989)"},"content":{"rendered":"\n<hr class=\"wp-block-separator\"\/>\n\n\n\n<p><p style=\"text-align: justify\">&nbsp;&nbsp;&nbsp;&nbsp;Rejestr t\u0142ok\u00f3w piecz\u0119tnych z wczesnego okresu powojennego i PRL wydaje si\u0119 by\u0107 jednolitym dla wszystkich rodzaj\u00f3w piecz\u0119ci wytwarzanych w Mennicy (tj. piecz\u0119ci pa\u0144stwowych i samorz\u0105dowych). \u015awiadcz\u0105 o tym wysokie numery inwentarzowe znajduj\u0105ce si\u0119 na znanych piecz\u0119ciach samorz\u0105dowych oraz wyst\u0119puj\u0105ce numery piecz\u0119ci samorz\u0105dowych w stosunkowo du\u017cej \u201eblisko\u015bci\u201d z numerami inwentarzowymi piecz\u0119ci okr\u0105g\u0142ych. W poni\u017cszym zestawieniu pieczecie samorz\u0105dowe (owalne) pojawiaj\u0105 si\u0119 do 1949 r. Najwy\u017cszy znany (potwierdzony) nr inwentarzowy piecz\u0119ci samorz\u0105dowej (owalnej) to\u00a0 <strong>62\u00a0181 &#8211; <\/strong>ZARZ\u0104D MIEJSKI W WA\u0141BRZYCHU. W 1950 r. zniesiono samorz\u0105d terytorialny, a ca\u0142a w\u0142adza (lokalna) przesz\u0142a w r\u0119ce rad narodowych. \u00a0Od tego czasu pojawiaj\u0105 si\u0119 pieczecie z legend\u0105 Rada Narodowa (miejska, gmina, powiatowa, wojew\u00f3dzka).<br><p style=\"text-align: justify\">Opracowanie powsta\u0142o i jest aktualizowane na podstawie kwerend w wybranych muzeach oraz archiwach pa\u0144stwowych, a tak\u017ce dzi\u0119ki uprzejmo\u015bci prywatnych kolekcjoner\u00f3w.<br \/><br>\nSerdecznie dzi\u0119kujemy <b>p. Robertowi Forysiakowi &#8211; W\u00f3jci\u0144skiemu<\/b> za przekazane informacje o wybranych t\u0142okach piecz\u0119tnych znajduj\u0105cych si\u0119 w zbiorach Zak\u0142adu Narodowego im. Ossoli\u0144skich we Wroc\u0142awiu, a tak\u017ce <b>p. Dawidowi Kellerowi<\/b> za przekazanie informacji o t\u0142okach piecz\u0119tnych zgromadzonych w zbiorze Muzeum w Chorzowie. Podzi\u0119kowania kierujemy tak\u017ce do <b>p. Paw\u0142a Krajewskiego<\/b>, kt\u00f3ry udost\u0119pni\u0142 wyniki swoich kwerend wykonanych w Muzeum Ziemi Nadnoteckiej im. W. Stachowiaka w Trzciance.<br><br> \nZapraszamy kolejne osoby do przekazania informacji uzupe\u0142niaj\u0105cych ten  rejestr. Wystarczy przes\u0142a\u0107 fotografie matrycy t\u0142oka (z widoczn\u0105 legend\u0105, sygnaturami i numerami ewidencyjnymi) oraz jego wymiary na adres <b>sigillarium@gmail.com<\/b> <\/p>\n\n\n\n<hr class=\"wp-block-separator\"\/>\n\n\n\n<p>Legenda:<br><strong>Nr t\u0142oka<\/strong> &#8211; numer fabryczny t\u0142oka umieszczony na rewersie matrycy<br><strong>Legenda<\/strong> &#8211; dysponent piecz\u0119ci<br>\u00d8 (mm) &#8211; \u015brednica t\u0142oka w milimetrach<br><strong>Rodzaj <\/strong>&#8211; &#8222;T&#8221; &#8211; t\u0142ok do tuszu (wypuk\u0142oryty), &#8222;L&#8221; &#8211; t\u0142ok do laku (wkl\u0119s\u0142oryty)<br><strong>Sygn.<\/strong> &#8211; sygnatura: &#8222;K&#8221; &#8211; herb Ko\u015bciesza, &#8222;mw&#8221; &#8211; symbol graficzny (logotyp) Mennicy Warszawskiej, &#8222;bs.&#8221; &#8211; brak sygnatury, &#8222;bi.&#8221; &#8211; brak informacji<br><strong>Nr graw.<\/strong> &#8211; numer ewidencyjny grawera wykonuj\u0105cego t\u0142ok<br><strong>Data wyk. <\/strong>&#8211; data wykonania t\u0142oka (uj\u0119ta w nawiasie oznacza szacowan\u0105 dat\u0119)<br><strong>Uwagi<\/strong> &#8211; KP &#8211; kolekcja prywatna, PAA &#8211; portal aukcyjny, APWr. &#8211; Archiwum Pa\u0144stwowe we Wroc\u0142awiu, APCh. &#8211; Archiwum Pa\u0144stwowe w Che\u0142mie, APG &#8211; Archiwum Pa\u0144stwowe w Gorzowie, APPoz. &#8211; Archiwum Pa\u0144stwowe w Poznaniu, MZCH &#8211; Muzeum Ziemi Che\u0142mskiej, ZNiO (DN) &#8211; Zak\u0142ad Narodowy im. Ossoli\u0144skich &#8211; Dzia\u0142 Numizmatyczny, MCh. &#8211; Muzeum w Chorzowie, MZN &#8211; Muzeum Ziemi Nadnoteckiej im. Wiktora Stachowiaka w Trzciance<\/p>\n\n\n\n<hr class=\"wp-block-separator\"\/>\n\n\n\n<p class=\"has-vivid-red-color has-text-color\"><strong>Aktualizacja zestawienia: 06.02.2021<\/strong> [359 t\u0142ok\u00f3w piecz\u0119tnych]<\/p>\n\n\n\n<div class=\"wp-block-image\"><figure class=\"aligncenter size-large\"><img loading=\"lazy\" decoding=\"async\" width=\"1024\" height=\"539\" src=\"https:\/\/sigillarium.pl\/wp-content\/uploads\/2021\/02\/20210206-PRL-1-1024x539.jpg\" alt=\"\" class=\"wp-image-11074\" srcset=\"https:\/\/sigillarium.pl\/wp-content\/uploads\/2021\/02\/20210206-PRL-1-1024x539.jpg 1024w, https:\/\/sigillarium.pl\/wp-content\/uploads\/2021\/02\/20210206-PRL-1-300x158.jpg 300w, https:\/\/sigillarium.pl\/wp-content\/uploads\/2021\/02\/20210206-PRL-1-768x404.jpg 768w, https:\/\/sigillarium.pl\/wp-content\/uploads\/2021\/02\/20210206-PRL-1.jpg 1240w\" sizes=\"auto, (max-width: 1024px) 100vw, 1024px\" \/><\/figure><\/div>\n\n\n\n<div class=\"wp-block-image\"><figure class=\"aligncenter size-large\"><img loading=\"lazy\" decoding=\"async\" width=\"1024\" height=\"500\" src=\"https:\/\/sigillarium.pl\/wp-content\/uploads\/2021\/02\/20210206-PRL-2-1024x500.jpg\" alt=\"\" class=\"wp-image-11075\" srcset=\"https:\/\/sigillarium.pl\/wp-content\/uploads\/2021\/02\/20210206-PRL-2-1024x500.jpg 1024w, https:\/\/sigillarium.pl\/wp-content\/uploads\/2021\/02\/20210206-PRL-2-300x147.jpg 300w, https:\/\/sigillarium.pl\/wp-content\/uploads\/2021\/02\/20210206-PRL-2-768x375.jpg 768w, https:\/\/sigillarium.pl\/wp-content\/uploads\/2021\/02\/20210206-PRL-2.jpg 1238w\" sizes=\"auto, (max-width: 1024px) 100vw, 1024px\" \/><\/figure><\/div>\n\n\n\n<div class=\"wp-block-image\"><figure class=\"aligncenter size-large\"><img loading=\"lazy\" decoding=\"async\" width=\"1024\" height=\"558\" src=\"https:\/\/sigillarium.pl\/wp-content\/uploads\/2021\/02\/20210206-PRL-3-1024x558.jpg\" alt=\"\" class=\"wp-image-11076\" srcset=\"https:\/\/sigillarium.pl\/wp-content\/uploads\/2021\/02\/20210206-PRL-3-1024x558.jpg 1024w, https:\/\/sigillarium.pl\/wp-content\/uploads\/2021\/02\/20210206-PRL-3-300x164.jpg 300w, https:\/\/sigillarium.pl\/wp-content\/uploads\/2021\/02\/20210206-PRL-3-768x419.jpg 768w, https:\/\/sigillarium.pl\/wp-content\/uploads\/2021\/02\/20210206-PRL-3.jpg 1240w\" sizes=\"auto, (max-width: 1024px) 100vw, 1024px\" \/><\/figure><\/div>\n\n\n\n<div class=\"wp-block-image\"><figure class=\"aligncenter size-large\"><img loading=\"lazy\" decoding=\"async\" width=\"1024\" height=\"559\" src=\"https:\/\/sigillarium.pl\/wp-content\/uploads\/2021\/02\/20210206-PRL-4-1024x559.jpg\" alt=\"\" class=\"wp-image-11077\" srcset=\"https:\/\/sigillarium.pl\/wp-content\/uploads\/2021\/02\/20210206-PRL-4-1024x559.jpg 1024w, https:\/\/sigillarium.pl\/wp-content\/uploads\/2021\/02\/20210206-PRL-4-300x164.jpg 300w, https:\/\/sigillarium.pl\/wp-content\/uploads\/2021\/02\/20210206-PRL-4-768x419.jpg 768w, https:\/\/sigillarium.pl\/wp-content\/uploads\/2021\/02\/20210206-PRL-4.jpg 1239w\" sizes=\"auto, (max-width: 1024px) 100vw, 1024px\" \/><\/figure><\/div>\n\n\n\n<div class=\"wp-block-image\"><figure class=\"aligncenter size-large\"><img loading=\"lazy\" decoding=\"async\" width=\"1024\" height=\"540\" src=\"https:\/\/sigillarium.pl\/wp-content\/uploads\/2021\/02\/20210206-PRL-5-1024x540.jpg\" alt=\"\" class=\"wp-image-11078\" srcset=\"https:\/\/sigillarium.pl\/wp-content\/uploads\/2021\/02\/20210206-PRL-5-1024x540.jpg 1024w, https:\/\/sigillarium.pl\/wp-content\/uploads\/2021\/02\/20210206-PRL-5-300x158.jpg 300w, https:\/\/sigillarium.pl\/wp-content\/uploads\/2021\/02\/20210206-PRL-5-768x405.jpg 768w, https:\/\/sigillarium.pl\/wp-content\/uploads\/2021\/02\/20210206-PRL-5.jpg 1240w\" sizes=\"auto, (max-width: 1024px) 100vw, 1024px\" \/><\/figure><\/div>\n\n\n\n<div class=\"wp-block-image\"><figure class=\"aligncenter size-large\"><img loading=\"lazy\" decoding=\"async\" width=\"1024\" height=\"558\" src=\"https:\/\/sigillarium.pl\/wp-content\/uploads\/2021\/02\/20210206-PRL-6-1024x558.jpg\" alt=\"\" class=\"wp-image-11079\" srcset=\"https:\/\/sigillarium.pl\/wp-content\/uploads\/2021\/02\/20210206-PRL-6-1024x558.jpg 1024w, https:\/\/sigillarium.pl\/wp-content\/uploads\/2021\/02\/20210206-PRL-6-300x164.jpg 300w, https:\/\/sigillarium.pl\/wp-content\/uploads\/2021\/02\/20210206-PRL-6-768x419.jpg 768w, https:\/\/sigillarium.pl\/wp-content\/uploads\/2021\/02\/20210206-PRL-6.jpg 1240w\" sizes=\"auto, (max-width: 1024px) 100vw, 1024px\" \/><\/figure><\/div>\n\n\n\n<div class=\"wp-block-image\"><figure class=\"aligncenter size-large\"><img loading=\"lazy\" decoding=\"async\" width=\"1024\" height=\"540\" src=\"https:\/\/sigillarium.pl\/wp-content\/uploads\/2021\/02\/20210206-PRL-7-1024x540.jpg\" alt=\"\" class=\"wp-image-11080\" srcset=\"https:\/\/sigillarium.pl\/wp-content\/uploads\/2021\/02\/20210206-PRL-7-1024x540.jpg 1024w, https:\/\/sigillarium.pl\/wp-content\/uploads\/2021\/02\/20210206-PRL-7-300x158.jpg 300w, https:\/\/sigillarium.pl\/wp-content\/uploads\/2021\/02\/20210206-PRL-7-768x405.jpg 768w, https:\/\/sigillarium.pl\/wp-content\/uploads\/2021\/02\/20210206-PRL-7.jpg 1237w\" sizes=\"auto, (max-width: 1024px) 100vw, 1024px\" \/><\/figure><\/div>\n\n\n\n<div class=\"wp-block-image\"><figure class=\"aligncenter size-large\"><img loading=\"lazy\" decoding=\"async\" width=\"1024\" height=\"539\" src=\"https:\/\/sigillarium.pl\/wp-content\/uploads\/2021\/02\/20210206-PRL-8-1024x539.jpg\" alt=\"\" class=\"wp-image-11081\" srcset=\"https:\/\/sigillarium.pl\/wp-content\/uploads\/2021\/02\/20210206-PRL-8-1024x539.jpg 1024w, https:\/\/sigillarium.pl\/wp-content\/uploads\/2021\/02\/20210206-PRL-8-300x158.jpg 300w, https:\/\/sigillarium.pl\/wp-content\/uploads\/2021\/02\/20210206-PRL-8-768x404.jpg 768w, https:\/\/sigillarium.pl\/wp-content\/uploads\/2021\/02\/20210206-PRL-8.jpg 1238w\" sizes=\"auto, (max-width: 1024px) 100vw, 1024px\" \/><\/figure><\/div>\n\n\n\n<div class=\"wp-block-image\"><figure class=\"aligncenter size-large\"><img loading=\"lazy\" decoding=\"async\" width=\"1024\" height=\"519\" src=\"https:\/\/sigillarium.pl\/wp-content\/uploads\/2021\/02\/20210206-PRL-9-1024x519.jpg\" alt=\"\" class=\"wp-image-11082\" srcset=\"https:\/\/sigillarium.pl\/wp-content\/uploads\/2021\/02\/20210206-PRL-9-1024x519.jpg 1024w, https:\/\/sigillarium.pl\/wp-content\/uploads\/2021\/02\/20210206-PRL-9-300x152.jpg 300w, https:\/\/sigillarium.pl\/wp-content\/uploads\/2021\/02\/20210206-PRL-9-768x389.jpg 768w, https:\/\/sigillarium.pl\/wp-content\/uploads\/2021\/02\/20210206-PRL-9.jpg 1239w\" sizes=\"auto, (max-width: 1024px) 100vw, 1024px\" \/><\/figure><\/div>\n\n\n\n<div class=\"wp-block-image\"><figure class=\"aligncenter size-large\"><img loading=\"lazy\" decoding=\"async\" width=\"1024\" height=\"558\" src=\"https:\/\/sigillarium.pl\/wp-content\/uploads\/2021\/02\/20210206-PRL-10-1024x558.jpg\" alt=\"\" class=\"wp-image-11083\" srcset=\"https:\/\/sigillarium.pl\/wp-content\/uploads\/2021\/02\/20210206-PRL-10-1024x558.jpg 1024w, https:\/\/sigillarium.pl\/wp-content\/uploads\/2021\/02\/20210206-PRL-10-300x163.jpg 300w, https:\/\/sigillarium.pl\/wp-content\/uploads\/2021\/02\/20210206-PRL-10-768x418.jpg 768w, https:\/\/sigillarium.pl\/wp-content\/uploads\/2021\/02\/20210206-PRL-10.jpg 1239w\" sizes=\"auto, (max-width: 1024px) 100vw, 1024px\" \/><\/figure><\/div>\n\n\n\n<div class=\"wp-block-image\"><figure class=\"aligncenter size-large\"><img loading=\"lazy\" decoding=\"async\" width=\"1024\" height=\"540\" src=\"https:\/\/sigillarium.pl\/wp-content\/uploads\/2021\/02\/20210206-PRL-12-1024x540.jpg\" alt=\"\" class=\"wp-image-11085\" srcset=\"https:\/\/sigillarium.pl\/wp-content\/uploads\/2021\/02\/20210206-PRL-12-1024x540.jpg 1024w, https:\/\/sigillarium.pl\/wp-content\/uploads\/2021\/02\/20210206-PRL-12-300x158.jpg 300w, https:\/\/sigillarium.pl\/wp-content\/uploads\/2021\/02\/20210206-PRL-12-768x405.jpg 768w, https:\/\/sigillarium.pl\/wp-content\/uploads\/2021\/02\/20210206-PRL-12.jpg 1240w\" sizes=\"auto, (max-width: 1024px) 100vw, 1024px\" \/><\/figure><\/div>\n\n\n\n<div class=\"wp-block-image\"><figure class=\"aligncenter size-large\"><img loading=\"lazy\" decoding=\"async\" width=\"1024\" height=\"560\" src=\"https:\/\/sigillarium.pl\/wp-content\/uploads\/2021\/02\/20210206-PRL-13-1024x560.jpg\" alt=\"\" class=\"wp-image-11086\" srcset=\"https:\/\/sigillarium.pl\/wp-content\/uploads\/2021\/02\/20210206-PRL-13-1024x560.jpg 1024w, https:\/\/sigillarium.pl\/wp-content\/uploads\/2021\/02\/20210206-PRL-13-300x164.jpg 300w, https:\/\/sigillarium.pl\/wp-content\/uploads\/2021\/02\/20210206-PRL-13-768x420.jpg 768w, https:\/\/sigillarium.pl\/wp-content\/uploads\/2021\/02\/20210206-PRL-13.jpg 1238w\" sizes=\"auto, (max-width: 1024px) 100vw, 1024px\" \/><\/figure><\/div>\n\n\n\n<div class=\"wp-block-image\"><figure class=\"aligncenter size-large\"><img loading=\"lazy\" decoding=\"async\" width=\"1024\" height=\"520\" src=\"https:\/\/sigillarium.pl\/wp-content\/uploads\/2021\/02\/20210206-PRL-14-1024x520.jpg\" alt=\"\" class=\"wp-image-11087\" srcset=\"https:\/\/sigillarium.pl\/wp-content\/uploads\/2021\/02\/20210206-PRL-14-1024x520.jpg 1024w, https:\/\/sigillarium.pl\/wp-content\/uploads\/2021\/02\/20210206-PRL-14-300x152.jpg 300w, https:\/\/sigillarium.pl\/wp-content\/uploads\/2021\/02\/20210206-PRL-14-768x390.jpg 768w, https:\/\/sigillarium.pl\/wp-content\/uploads\/2021\/02\/20210206-PRL-14.jpg 1240w\" sizes=\"auto, (max-width: 1024px) 100vw, 1024px\" \/><\/figure><\/div>\n\n\n\n<div class=\"wp-block-image\"><figure class=\"aligncenter size-large\"><img loading=\"lazy\" decoding=\"async\" width=\"1024\" height=\"519\" src=\"https:\/\/sigillarium.pl\/wp-content\/uploads\/2021\/02\/20210206-PRL-15-1024x519.jpg\" alt=\"\" class=\"wp-image-11088\" srcset=\"https:\/\/sigillarium.pl\/wp-content\/uploads\/2021\/02\/20210206-PRL-15-1024x519.jpg 1024w, https:\/\/sigillarium.pl\/wp-content\/uploads\/2021\/02\/20210206-PRL-15-300x152.jpg 300w, https:\/\/sigillarium.pl\/wp-content\/uploads\/2021\/02\/20210206-PRL-15-768x389.jpg 768w, https:\/\/sigillarium.pl\/wp-content\/uploads\/2021\/02\/20210206-PRL-15.jpg 1240w\" sizes=\"auto, (max-width: 1024px) 100vw, 1024px\" \/><\/figure><\/div>\n\n\n\n<div class=\"wp-block-image\"><figure class=\"aligncenter size-large\"><img loading=\"lazy\" decoding=\"async\" width=\"1024\" height=\"519\" src=\"https:\/\/sigillarium.pl\/wp-content\/uploads\/2021\/02\/20210206-PRL-16-1024x519.jpg\" alt=\"\" class=\"wp-image-11089\" srcset=\"https:\/\/sigillarium.pl\/wp-content\/uploads\/2021\/02\/20210206-PRL-16-1024x519.jpg 1024w, https:\/\/sigillarium.pl\/wp-content\/uploads\/2021\/02\/20210206-PRL-16-300x152.jpg 300w, https:\/\/sigillarium.pl\/wp-content\/uploads\/2021\/02\/20210206-PRL-16-768x390.jpg 768w, https:\/\/sigillarium.pl\/wp-content\/uploads\/2021\/02\/20210206-PRL-16.jpg 1238w\" sizes=\"auto, (max-width: 1024px) 100vw, 1024px\" \/><\/figure><\/div>\n\n\n\n<div class=\"wp-block-image\"><figure class=\"aligncenter size-large\"><img loading=\"lazy\" decoding=\"async\" width=\"1024\" height=\"559\" src=\"https:\/\/sigillarium.pl\/wp-content\/uploads\/2021\/02\/20210206-PRL-17-1024x559.jpg\" alt=\"\" class=\"wp-image-11090\" srcset=\"https:\/\/sigillarium.pl\/wp-content\/uploads\/2021\/02\/20210206-PRL-17-1024x559.jpg 1024w, https:\/\/sigillarium.pl\/wp-content\/uploads\/2021\/02\/20210206-PRL-17-300x164.jpg 300w, https:\/\/sigillarium.pl\/wp-content\/uploads\/2021\/02\/20210206-PRL-17-768x419.jpg 768w, https:\/\/sigillarium.pl\/wp-content\/uploads\/2021\/02\/20210206-PRL-17.jpg 1239w\" sizes=\"auto, (max-width: 1024px) 100vw, 1024px\" \/><\/figure><\/div>\n\n\n\n<div class=\"wp-block-image\"><figure class=\"aligncenter size-large\"><img loading=\"lazy\" decoding=\"async\" width=\"1024\" height=\"557\" src=\"https:\/\/sigillarium.pl\/wp-content\/uploads\/2021\/02\/20210206-PRL-18-1024x557.jpg\" alt=\"\" class=\"wp-image-11091\" srcset=\"https:\/\/sigillarium.pl\/wp-content\/uploads\/2021\/02\/20210206-PRL-18-1024x557.jpg 1024w, https:\/\/sigillarium.pl\/wp-content\/uploads\/2021\/02\/20210206-PRL-18-300x163.jpg 300w, https:\/\/sigillarium.pl\/wp-content\/uploads\/2021\/02\/20210206-PRL-18-768x418.jpg 768w, https:\/\/sigillarium.pl\/wp-content\/uploads\/2021\/02\/20210206-PRL-18.jpg 1241w\" sizes=\"auto, (max-width: 1024px) 100vw, 1024px\" \/><\/figure><\/div>\n\n\n\n<div class=\"wp-block-image\"><figure class=\"aligncenter size-large\"><img loading=\"lazy\" decoding=\"async\" width=\"1024\" height=\"557\" src=\"https:\/\/sigillarium.pl\/wp-content\/uploads\/2021\/02\/20210206-PRL-19-1024x557.jpg\" alt=\"\" class=\"wp-image-11092\" srcset=\"https:\/\/sigillarium.pl\/wp-content\/uploads\/2021\/02\/20210206-PRL-19-1024x557.jpg 1024w, https:\/\/sigillarium.pl\/wp-content\/uploads\/2021\/02\/20210206-PRL-19-300x163.jpg 300w, https:\/\/sigillarium.pl\/wp-content\/uploads\/2021\/02\/20210206-PRL-19-768x417.jpg 768w, https:\/\/sigillarium.pl\/wp-content\/uploads\/2021\/02\/20210206-PRL-19.jpg 1238w\" sizes=\"auto, (max-width: 1024px) 100vw, 1024px\" \/><\/figure><\/div>\n\n\n\n<div class=\"wp-block-image\"><figure class=\"aligncenter size-large\"><img loading=\"lazy\" decoding=\"async\" width=\"1024\" height=\"558\" src=\"https:\/\/sigillarium.pl\/wp-content\/uploads\/2021\/02\/20210206-PRL-20-1024x558.jpg\" alt=\"\" class=\"wp-image-11093\" srcset=\"https:\/\/sigillarium.pl\/wp-content\/uploads\/2021\/02\/20210206-PRL-20-1024x558.jpg 1024w, https:\/\/sigillarium.pl\/wp-content\/uploads\/2021\/02\/20210206-PRL-20-300x164.jpg 300w, https:\/\/sigillarium.pl\/wp-content\/uploads\/2021\/02\/20210206-PRL-20-768x419.jpg 768w, https:\/\/sigillarium.pl\/wp-content\/uploads\/2021\/02\/20210206-PRL-20.jpg 1240w\" sizes=\"auto, (max-width: 1024px) 100vw, 1024px\" \/><\/figure><\/div>\n\n\n\n<div class=\"wp-block-image\"><figure class=\"aligncenter size-large\"><img loading=\"lazy\" decoding=\"async\" width=\"1024\" height=\"540\" src=\"https:\/\/sigillarium.pl\/wp-content\/uploads\/2021\/02\/20210206-PRL-21-1024x540.jpg\" alt=\"\" class=\"wp-image-11094\" srcset=\"https:\/\/sigillarium.pl\/wp-content\/uploads\/2021\/02\/20210206-PRL-21-1024x540.jpg 1024w, https:\/\/sigillarium.pl\/wp-content\/uploads\/2021\/02\/20210206-PRL-21-300x158.jpg 300w, https:\/\/sigillarium.pl\/wp-content\/uploads\/2021\/02\/20210206-PRL-21-768x405.jpg 768w, https:\/\/sigillarium.pl\/wp-content\/uploads\/2021\/02\/20210206-PRL-21.jpg 1238w\" sizes=\"auto, (max-width: 1024px) 100vw, 1024px\" \/><\/figure><\/div>\n\n\n\n<div class=\"wp-block-image\"><figure class=\"aligncenter size-large\"><img loading=\"lazy\" decoding=\"async\" width=\"1024\" height=\"520\" src=\"https:\/\/sigillarium.pl\/wp-content\/uploads\/2021\/02\/20210206-PRL-22-1024x520.jpg\" alt=\"\" class=\"wp-image-11095\" srcset=\"https:\/\/sigillarium.pl\/wp-content\/uploads\/2021\/02\/20210206-PRL-22-1024x520.jpg 1024w, https:\/\/sigillarium.pl\/wp-content\/uploads\/2021\/02\/20210206-PRL-22-300x152.jpg 300w, https:\/\/sigillarium.pl\/wp-content\/uploads\/2021\/02\/20210206-PRL-22-768x390.jpg 768w, https:\/\/sigillarium.pl\/wp-content\/uploads\/2021\/02\/20210206-PRL-22.jpg 1239w\" sizes=\"auto, (max-width: 1024px) 100vw, 1024px\" \/><\/figure><\/div>\n\n\n\n<div class=\"wp-block-image\"><figure class=\"aligncenter size-large\"><img loading=\"lazy\" decoding=\"async\" width=\"1024\" height=\"381\" src=\"https:\/\/sigillarium.pl\/wp-content\/uploads\/2021\/02\/20210206-PRL-23-1024x381.jpg\" alt=\"\" class=\"wp-image-11096\" srcset=\"https:\/\/sigillarium.pl\/wp-content\/uploads\/2021\/02\/20210206-PRL-23-1024x381.jpg 1024w, https:\/\/sigillarium.pl\/wp-content\/uploads\/2021\/02\/20210206-PRL-23-300x112.jpg 300w, https:\/\/sigillarium.pl\/wp-content\/uploads\/2021\/02\/20210206-PRL-23-768x286.jpg 768w, https:\/\/sigillarium.pl\/wp-content\/uploads\/2021\/02\/20210206-PRL-23.jpg 1240w\" sizes=\"auto, (max-width: 1024px) 100vw, 1024px\" \/><\/figure><\/div>\n","protected":false},"excerpt":{"rendered":"<p>&nbsp;&nbsp;&nbsp;&nbsp;Rejestr t\u0142ok\u00f3w piecz\u0119tnych z wczesnego okresu powojennego i PRL wydaje si\u0119 by\u0107 jednolitym dla wszystkich rodzaj\u00f3w piecz\u0119ci wytwarzanych w Mennicy (tj. piecz\u0119ci pa\u0144stwowych i samorz\u0105dowych). \u015awiadcz\u0105 o tym wysokie numery&hellip; <\/p>\n","protected":false},"author":1,"featured_media":0,"parent":0,"menu_order":0,"comment_status":"closed","ping_status":"closed","template":"","meta":{"footnotes":""},"class_list":["post-10761","page","type-page","status-publish","hentry"],"_links":{"self":[{"href":"https:\/\/sigillarium.pl\/index.php\/wp-json\/wp\/v2\/pages\/10761","targetHints":{"allow":["GET"]}}],"collection":[{"href":"https:\/\/sigillarium.pl\/index.php\/wp-json\/wp\/v2\/pages"}],"about":[{"href":"https:\/\/sigillarium.pl\/index.php\/wp-json\/wp\/v2\/types\/page"}],"author":[{"embeddable":true,"href":"https:\/\/sigillarium.pl\/index.php\/wp-json\/wp\/v2\/users\/1"}],"replies":[{"embeddable":true,"href":"https:\/\/sigillarium.pl\/index.php\/wp-json\/wp\/v2\/comments?post=10761"}],"version-history":[{"count":30,"href":"https:\/\/sigillarium.pl\/index.php\/wp-json\/wp\/v2\/pages\/10761\/revisions"}],"predecessor-version":[{"id":16492,"href":"https:\/\/sigillarium.pl\/index.php\/wp-json\/wp\/v2\/pages\/10761\/revisions\/16492"}],"wp:attachment":[{"href":"https:\/\/sigillarium.pl\/index.php\/wp-json\/wp\/v2\/media?parent=10761"}],"curies":[{"name":"wp","href":"https:\/\/api.w.org\/{rel}","templated":true}]}}