{"id":1302,"date":"2020-03-07T13:33:18","date_gmt":"2020-03-07T12:33:18","guid":{"rendered":"http:\/\/sigillarium.pl\/?page_id=1302"},"modified":"2021-09-14T20:07:48","modified_gmt":"2021-09-14T18:07:48","slug":"zrodla-rekopismienne","status":"publish","type":"page","link":"https:\/\/sigillarium.pl\/index.php\/zrodla-rekopismienne\/","title":{"rendered":"\u0179r\u00f3d\u0142a archiwalne"},"content":{"rendered":"\n<hr class=\"wp-block-separator\"\/>\n\n\n\n<p><strong>Archiwum Akt Nowych w Warszawie<\/strong><\/p>\n\n\n\n<ol class=\"wp-block-list\"><li>Konsulat Rzeczypospolitej w Kwidzynie, sygn. 120 Sprawy organizacyjne konsulatu. Fascimile podpis\u00f3w i piecz\u0119ci poszczeg\u00f3lnych starostw w Polsce 1925 r.<\/li><li>Ministerstwo Spraw Wewn\u0119trznych, sygn. 1009 Wzory podpis\u00f3w i piecz\u0119ci starostw i os\u00f3b upowa\u017cnionych do podpisywania dokument\u00f3w. 1922-1925.<\/li><li>Prezydium Rady Ministr\u00f3w IV Rektyfikaty 45, teczka 3 Korespondencja w sprawie u\u017cywania piecz\u0119ci urz\u0119dowych i w sprawie niew\u0142a\u015bciwych napis\u00f3w na lokalach w\u0142adzy administracyjnej I i II instancji oraz rozporz\u0105dzenie ministr\u00f3w: Spraw Wojskowych, Zagranicznych, Wewn\u0119trznych, Sprawiedliwo\u015bci w sprawie wykonania ustawy z dnia 1 VIII 1919 r. o god\u0142ach i barwach Rzeczypospolitej Polskiej. 1920-1921.<\/li><li>Prezydium Rady Ministr\u00f3w IV Rektyfikaty 45, teczka 4 Korespondencja w sprawie u\u017cywania piecz\u0119ci z herbem pa\u0144stwowym przez w\u0142adze i urz\u0119dy pa\u0144stwowe. 1922 r.<\/li><li>Prezydium Rady Ministr\u00f3w IV Rektyfikaty 45, teczka 6 Projekt ustawy o barwach, herbie i godle Rzeczypospolitej Polskiej oraz o god\u0142ach, znakach i piecz\u0119ciach urz\u0119dowych. Korespondencja w tej sprawie. 1924 r.<\/li><li>Prezydium Rady Ministr\u00f3w IV Rektyfikaty 45, teczka 7 Projekt ustawy o god\u0142ach i barwach pa\u0144stwowych oraz o znakach, chor\u0105gwiach i piecz\u0119ciach. Korespondencja 1925-1926.<\/li><\/ol>\n\n\n\n<p><strong>Archiwum Biblioteki Publicznej w Warszawie<\/strong><\/p>\n\n\n\n<ol class=\"wp-block-list\"><li>Projekt piecz\u0119ci Biblioteki Publicznej w Warszawie z 1928 r., sygn. 292.<\/li><li>List artysty plastyka J. Warunkiewicza w sprawie jako\u015bci&nbsp; piecz\u0119ci wykonanej przez firm\u0119 \u201eLipczy\u0144ski\u201d, sygn. 282. <\/li><li> Lu\u017any odcisk w laku piecz\u0119ci Biblioteki Publicznej z 4 maja 1940 r, sygn. 468. <\/li><\/ol>\n\n\n\n<p><strong>Archiwum G\u0142\u00f3wne Akt Dawnych w Warszawie<\/strong><\/p>\n\n\n\n<ol class=\"wp-block-list\"><li>Komisja Rz\u0105dowa Przychod\u00f3w i Skarbu, sygn. 1404 Akta tycz\u0105ce si\u0119 herbu Kr\u00f3lestwa Polskiego. 1830-1843.<\/li><li>W\u0142adze centralne powstania listopadowego. 1830-1831, sygn. 332 Wzgl\u0119dem stempla, piecz\u0119ci i pieni\u0119dzy.<\/li><\/ol>\n\n\n\n<p><strong>Archiwum Pa\u0144stwowe w Kaliszu<\/strong><\/p>\n\n\n\n<ol class=\"wp-block-list\"><li>Prezydium Powiatowej Rady Narodowej w K\u0119pnie. Wydzia\u0142 organizacyjny, sygn. 297 Barwy, god\u0142a, piecz\u0119cie i odznaki.<\/li><li>Naczelnik Powiatu Kaliskiego. 1914-1918\/1919, sygn. 4 Organizacja pracy urz\u0119du.<\/li><\/ol>\n\n\n\n<p><strong>Archiwum Pa\u0144stwowe w Katowicach<\/strong><br><br>Naczelna Rada Ludowa na G\u00f3rnym \u015al\u0105sku, sygn. 202 Zaopatrzenie wydzia\u0142\u00f3w Naczelnej Rady Ludowej w piecz\u0119cie. Odciski piecz\u0119ci. <\/p>\n\n\n\n<p><strong>Archiwum Pa\u0144stwowe w Kielcach<\/strong><\/p>\n\n\n\n<ol class=\"wp-block-list\"><li>C. i K. Komenda Powiatowa w Pi\u0144czowie. Oddzia\u0142 Wojskowy Adiutantura, sygn. 25 Wzory piecz\u0119ci oraz nadruk\u00f3w urz\u0119dowych. 1916 r.<\/li><li>Urz\u0105d Wojew\u00f3dzki Kielecki 1, sygn. 2272 Piecz\u0119cie dla Urz\u0119du Wojew\u00f3dzkiego i starostw. 1930-1939.<\/li><li>Urz\u0105d Wojew\u00f3dzki Kielecki 1, sygn. 6831 Instrukcje i zarz\u0105dzenia w sprawie piecz\u0119ci i oznak w\u0142adz organ\u00f3w samorz\u0105dowych. 1920-1935.<\/li><\/ol>\n\n\n\n<p><strong>Archiwum Pa\u0144stwowe w Koninie<\/strong><\/p>\n\n\n\n<ol class=\"wp-block-list\"><li>Akta miasta D\u0105bia, sygn. 549 Akta dotycz\u0105ce piecz\u0119ci rz\u0105dowych. 1809-1950.<\/li><\/ol>\n\n\n\n<p><strong>Archiwum Pa\u0144stwowe w Warszawie<\/strong><\/p>\n\n\n\n<ol class=\"wp-block-list\"><li>Akta miasta Warszawy, Zarz\u0105d Miejski m.st. Warszawy, zesp\u00f3\u0142 72\/3, sygnatura 1 do 23 &nbsp;t\u0142oki piecz\u0119tne.<\/li><li>Akta miasta Warszawy, Zarz\u0105d Miejski m.st. Warszawy, zesp\u00f3\u0142 72\/3, Biuro Prezydialne, Pisma ok\u00f3lne 1945,&nbsp; sygn. 1176, s. 136 Ok\u00f3lnik nr 10 dot. nale\u017cytego uruchomienia spraw piecz\u0119ci okr\u0105g\u0142ych i p\u0142askich oraz druk\u00f3w u\u017cywanych przez poszczeg\u00f3lne kom\u00f3rki organizacyjne Zarz\u0105du Miejskiego.<\/li><li>Akta miasta Warszawy Zarz\u0105d Miejski m. st. Warszawy, zesp\u00f3\u0142 72\/3, Biuro Prezydialne, Sprawy org. Wydzia\u0142u Wojskowego 1945-1949, sygn. 1067, s. 116 \u2013 121 dot. korespondencja pomi\u0119dzy Wydzia\u0142em Og\u00f3lnym a Wydzia\u0142em Wojskowym na temat poprawno\u015bci u\u017cywanej piecz\u0119ci.<\/li><li>Akta miasta Warszawy, Zarz\u0105d Miejski m. st. Warszawy, zesp\u00f3\u0142 72\/3, Biuro Prezydialne, Wydzia\u0142 Ewidencji Ludno\u015bci sygn. 1146, s. 1-2 dot. zam\u00f3wienia piecz\u0119ci okr\u0105g\u0142ej z syren\u0105, do stemplowania kart meldunkowych.<\/li><li>Rada Narodowa m.st. Warszawy, Korespondencja og\u00f3lna Prezydium Rady Narodowej m.st. Warszawy I,II 1946, sygn. 141, k. 373, wyja\u015bnienia w sprawie u\u017cywania piecz\u0119ci przez w\u0142adze miejskie.<\/li><\/ol>\n","protected":false},"excerpt":{"rendered":"<p>Archiwum Akt Nowych w Warszawie Konsulat Rzeczypospolitej w Kwidzynie, sygn. 120 Sprawy organizacyjne konsulatu. Fascimile podpis\u00f3w i piecz\u0119ci poszczeg\u00f3lnych starostw w Polsce 1925 r. Ministerstwo Spraw Wewn\u0119trznych, sygn. 1009 Wzory&hellip; <\/p>\n","protected":false},"author":1,"featured_media":0,"parent":0,"menu_order":0,"comment_status":"closed","ping_status":"closed","template":"","meta":{"footnotes":""},"class_list":["post-1302","page","type-page","status-publish","hentry"],"_links":{"self":[{"href":"https:\/\/sigillarium.pl\/index.php\/wp-json\/wp\/v2\/pages\/1302","targetHints":{"allow":["GET"]}}],"collection":[{"href":"https:\/\/sigillarium.pl\/index.php\/wp-json\/wp\/v2\/pages"}],"about":[{"href":"https:\/\/sigillarium.pl\/index.php\/wp-json\/wp\/v2\/types\/page"}],"author":[{"embeddable":true,"href":"https:\/\/sigillarium.pl\/index.php\/wp-json\/wp\/v2\/users\/1"}],"replies":[{"embeddable":true,"href":"https:\/\/sigillarium.pl\/index.php\/wp-json\/wp\/v2\/comments?post=1302"}],"version-history":[{"count":14,"href":"https:\/\/sigillarium.pl\/index.php\/wp-json\/wp\/v2\/pages\/1302\/revisions"}],"predecessor-version":[{"id":8513,"href":"https:\/\/sigillarium.pl\/index.php\/wp-json\/wp\/v2\/pages\/1302\/revisions\/8513"}],"wp:attachment":[{"href":"https:\/\/sigillarium.pl\/index.php\/wp-json\/wp\/v2\/media?parent=1302"}],"curies":[{"name":"wp","href":"https:\/\/api.w.org\/{rel}","templated":true}]}}