{"id":137,"date":"2020-01-25T00:21:56","date_gmt":"2020-01-24T23:21:56","guid":{"rendered":"http:\/\/sigillarium.pl\/?page_id=137"},"modified":"2023-11-08T22:49:24","modified_gmt":"2023-11-08T21:49:24","slug":"pieczecie-urzednikow-do-1772-roku","status":"publish","type":"page","link":"https:\/\/sigillarium.pl\/index.php\/pieczecie-urzednikow-do-1772-roku\/","title":{"rendered":"Piecz\u0119cie urz\u0119dnik\u00f3w do 1795 roku"},"content":{"rendered":"\n<hr class=\"wp-block-separator has-css-opacity\"\/>\n\n\n\n<p>Zapraszamy do zaprezentowania w tej sekcji obiekt\u00f3w z Pa\u0144stwa kolekcji (zbior\u00f3w).<\/p>\n\n\n\n<hr class=\"wp-block-separator has-css-opacity\"\/>\n","protected":false},"excerpt":{"rendered":"<p>Zapraszamy do zaprezentowania w tej sekcji obiekt\u00f3w z Pa\u0144stwa kolekcji (zbior\u00f3w).<\/p>\n","protected":false},"author":1,"featured_media":0,"parent":0,"menu_order":0,"comment_status":"closed","ping_status":"closed","template":"","meta":{"footnotes":""},"class_list":["post-137","page","type-page","status-publish","hentry"],"_links":{"self":[{"href":"https:\/\/sigillarium.pl\/index.php\/wp-json\/wp\/v2\/pages\/137","targetHints":{"allow":["GET"]}}],"collection":[{"href":"https:\/\/sigillarium.pl\/index.php\/wp-json\/wp\/v2\/pages"}],"about":[{"href":"https:\/\/sigillarium.pl\/index.php\/wp-json\/wp\/v2\/types\/page"}],"author":[{"embeddable":true,"href":"https:\/\/sigillarium.pl\/index.php\/wp-json\/wp\/v2\/users\/1"}],"replies":[{"embeddable":true,"href":"https:\/\/sigillarium.pl\/index.php\/wp-json\/wp\/v2\/comments?post=137"}],"version-history":[{"count":11,"href":"https:\/\/sigillarium.pl\/index.php\/wp-json\/wp\/v2\/pages\/137\/revisions"}],"predecessor-version":[{"id":29332,"href":"https:\/\/sigillarium.pl\/index.php\/wp-json\/wp\/v2\/pages\/137\/revisions\/29332"}],"wp:attachment":[{"href":"https:\/\/sigillarium.pl\/index.php\/wp-json\/wp\/v2\/media?parent=137"}],"curies":[{"name":"wp","href":"https:\/\/api.w.org\/{rel}","templated":true}]}}