{"id":146,"date":"2020-01-25T00:31:57","date_gmt":"2020-01-24T23:31:57","guid":{"rendered":"http:\/\/sigillarium.pl\/?page_id=146"},"modified":"2020-08-31T22:35:21","modified_gmt":"2020-08-31T20:35:21","slug":"pieczecie-urzednikow-powstanczych-zabor-rosyjski","status":"publish","type":"page","link":"https:\/\/sigillarium.pl\/index.php\/pieczecie-urzednikow-powstanczych-zabor-rosyjski\/","title":{"rendered":"Pieczecie urz\u0119dnik\u00f3w powsta\u0144czych (zab\u00f3r rosyjski)"},"content":{"rendered":"\n<hr class=\"wp-block-separator\"\/>\n\n\n\n<p>Zapraszamy do zaprezentowania w tej sekcji obiekt\u00f3w z Pa\u0144stwa kolekcji (zbior\u00f3w).<br><\/p>\n\n\n\n<hr class=\"wp-block-separator\"\/>\n","protected":false},"excerpt":{"rendered":"<p>Zapraszamy do zaprezentowania w tej sekcji obiekt\u00f3w z Pa\u0144stwa kolekcji (zbior\u00f3w).<\/p>\n","protected":false},"author":1,"featured_media":0,"parent":0,"menu_order":0,"comment_status":"closed","ping_status":"closed","template":"","meta":{"footnotes":""},"class_list":["post-146","page","type-page","status-publish","hentry"],"_links":{"self":[{"href":"https:\/\/sigillarium.pl\/index.php\/wp-json\/wp\/v2\/pages\/146","targetHints":{"allow":["GET"]}}],"collection":[{"href":"https:\/\/sigillarium.pl\/index.php\/wp-json\/wp\/v2\/pages"}],"about":[{"href":"https:\/\/sigillarium.pl\/index.php\/wp-json\/wp\/v2\/types\/page"}],"author":[{"embeddable":true,"href":"https:\/\/sigillarium.pl\/index.php\/wp-json\/wp\/v2\/users\/1"}],"replies":[{"embeddable":true,"href":"https:\/\/sigillarium.pl\/index.php\/wp-json\/wp\/v2\/comments?post=146"}],"version-history":[{"count":3,"href":"https:\/\/sigillarium.pl\/index.php\/wp-json\/wp\/v2\/pages\/146\/revisions"}],"predecessor-version":[{"id":8603,"href":"https:\/\/sigillarium.pl\/index.php\/wp-json\/wp\/v2\/pages\/146\/revisions\/8603"}],"wp:attachment":[{"href":"https:\/\/sigillarium.pl\/index.php\/wp-json\/wp\/v2\/media?parent=146"}],"curies":[{"name":"wp","href":"https:\/\/api.w.org\/{rel}","templated":true}]}}