{"id":16373,"date":"2021-10-07T21:52:21","date_gmt":"2021-10-07T19:52:21","guid":{"rendered":"https:\/\/sigillarium.pl\/?page_id=16373"},"modified":"2021-10-07T22:34:02","modified_gmt":"2021-10-07T20:34:02","slug":"zaproszenie-konferencja-pt-archiwalne-zbiory-pieczeci","status":"publish","type":"page","link":"https:\/\/sigillarium.pl\/index.php\/zaproszenie-konferencja-pt-archiwalne-zbiory-pieczeci\/","title":{"rendered":"Zaproszenie \/ Konferencja pt. Archiwalne zbiory piecz\u0119ci"},"content":{"rendered":"\n<hr class=\"wp-block-separator\"\/>\n\n\n\n<p>Szanowni Pa\u0144stwo,<br><p style=\"text-align: justify\">&nbsp;&nbsp;&nbsp;&nbsp;przypadaj\u0105ca w bie\u017c\u0105cym roku sze\u015b\u0107dziesi\u0105ta rocznica publikacji pierwszych wytycznych metodycznych do opracowania archiwalnych zbior\u00f3w piecz\u0119ci to dobry czas na podj\u0119cie refleksji nad szeroko rozumian\u0105 problematyk\u0105 zasobu sfragistycznego. Wskazania osi\u0105gni\u0119\u0107 i pora\u017cek na tym polu, ale te\u017c podj\u0119cia pr\u00f3by zdiagnozowania przyczyn i jednych i drugich. Ukazania nowych mo\u017cliwo\u015bci, jakie daje wykorzystanie w metodyce archiwalnej, te\u017c na gruncie publikacji piecz\u0119ci, technologii cyfrowych. Zastanowienie si\u0119 nad problemami zwi\u0105zanymi z konserwacj\u0105 i restauracj\u0105 dawnych piecz\u0119ci oraz wp\u0142ywem, jaki powinny one mie\u0107 na metodyk\u0119 opracowania tej cz\u0119\u015bci zasobu.<\/p>\n\n\n\n<p><p style=\"text-align: justify\">&nbsp;&nbsp;&nbsp;&nbsp;Chcieliby\u015bmy, \u017ceby miejscem refleksji nad tym problemami sta\u0142a si\u0119 konferencja pt.<em> ARCHIWALNE ZBIORY PIECZ\u0118CI. CHARAKTERYSTYKA ZBIOR\u00d3W, METODY OPRACOWANIA, KONSERWACJA<\/em>, zorganizowana przez Wydzia\u0142 Nauk Historycznych UMK pod patronatem Naczelnej Dyrekcji Archiw\u00f3w Pa\u0144stwowych. Dlatego te\u017c zapraszamy do udzia\u0142u w niej wszystkich zainteresowanych tak wys\u0142uchaniem referat\u00f3w jak i udzia\u0142em w dyskusji. Program spotkania publikujemy poni\u017cej. Konferencja odb\u0119dzie si\u0119 zdalnie w dniach 25-26 pa\u017adziernika 2021 r. przy wykorzystaniu platformy wideokonferencyjnej BigBlueButton. Osoby zainteresowane udzia\u0142em w spotkaniu prosimy o wcze\u015bniejszy kontakt mailowy na adres <a href=\"https:\/\/poczta.o2.pl\/d\/\">archiwaipieczecie@gmail.com<\/a>, co umo\u017cliwi organizatorom udost\u0119pnienie linku do platformy, na kt\u00f3rej b\u0119dzie odbywa\u0142a si\u0119 transmisja wyst\u0105pie\u0144.<br><br>Marcin Hlebionek<br><br>Pawe\u0142 Gut<\/p>\n\n\n\n<hr class=\"wp-block-separator\"\/>\n\n\n\n<div class=\"wp-block-image\"><figure class=\"aligncenter size-full\"><img loading=\"lazy\" decoding=\"async\" width=\"1234\" height=\"1425\" src=\"https:\/\/sigillarium.pl\/wp-content\/uploads\/2021\/10\/Program-konferencji_Archiwalne-zbiory-pieczeci-25_26.10.2021-s1-sigillarium-1.jpg\" alt=\"\" class=\"wp-image-16382\" srcset=\"https:\/\/sigillarium.pl\/wp-content\/uploads\/2021\/10\/Program-konferencji_Archiwalne-zbiory-pieczeci-25_26.10.2021-s1-sigillarium-1.jpg 1234w, https:\/\/sigillarium.pl\/wp-content\/uploads\/2021\/10\/Program-konferencji_Archiwalne-zbiory-pieczeci-25_26.10.2021-s1-sigillarium-1-260x300.jpg 260w, https:\/\/sigillarium.pl\/wp-content\/uploads\/2021\/10\/Program-konferencji_Archiwalne-zbiory-pieczeci-25_26.10.2021-s1-sigillarium-1-887x1024.jpg 887w, https:\/\/sigillarium.pl\/wp-content\/uploads\/2021\/10\/Program-konferencji_Archiwalne-zbiory-pieczeci-25_26.10.2021-s1-sigillarium-1-768x887.jpg 768w\" sizes=\"auto, (max-width: 1234px) 100vw, 1234px\" \/><\/figure><\/div>\n\n\n\n<div class=\"wp-block-image\"><figure class=\"aligncenter size-full\"><img loading=\"lazy\" decoding=\"async\" width=\"1234\" height=\"1473\" src=\"https:\/\/sigillarium.pl\/wp-content\/uploads\/2021\/10\/Program-konferencji_Archiwalne-zbiory-pieczeci-25_26.10.2021-s2-sigillarium-1.jpg\" alt=\"\" class=\"wp-image-16383\" srcset=\"https:\/\/sigillarium.pl\/wp-content\/uploads\/2021\/10\/Program-konferencji_Archiwalne-zbiory-pieczeci-25_26.10.2021-s2-sigillarium-1.jpg 1234w, https:\/\/sigillarium.pl\/wp-content\/uploads\/2021\/10\/Program-konferencji_Archiwalne-zbiory-pieczeci-25_26.10.2021-s2-sigillarium-1-251x300.jpg 251w, https:\/\/sigillarium.pl\/wp-content\/uploads\/2021\/10\/Program-konferencji_Archiwalne-zbiory-pieczeci-25_26.10.2021-s2-sigillarium-1-858x1024.jpg 858w, https:\/\/sigillarium.pl\/wp-content\/uploads\/2021\/10\/Program-konferencji_Archiwalne-zbiory-pieczeci-25_26.10.2021-s2-sigillarium-1-768x917.jpg 768w\" sizes=\"auto, (max-width: 1234px) 100vw, 1234px\" \/><\/figure><\/div>\n\n\n\n<div class=\"wp-block-image\"><figure class=\"aligncenter size-full\"><img loading=\"lazy\" decoding=\"async\" width=\"1199\" height=\"637\" src=\"https:\/\/sigillarium.pl\/wp-content\/uploads\/2021\/10\/Program-konferencji_Archiwalne-zbiory-pieczeci-25_26.10.2021-s3-sigillarium-1.jpg\" alt=\"\" class=\"wp-image-16385\" srcset=\"https:\/\/sigillarium.pl\/wp-content\/uploads\/2021\/10\/Program-konferencji_Archiwalne-zbiory-pieczeci-25_26.10.2021-s3-sigillarium-1.jpg 1199w, https:\/\/sigillarium.pl\/wp-content\/uploads\/2021\/10\/Program-konferencji_Archiwalne-zbiory-pieczeci-25_26.10.2021-s3-sigillarium-1-300x159.jpg 300w, https:\/\/sigillarium.pl\/wp-content\/uploads\/2021\/10\/Program-konferencji_Archiwalne-zbiory-pieczeci-25_26.10.2021-s3-sigillarium-1-1024x544.jpg 1024w, https:\/\/sigillarium.pl\/wp-content\/uploads\/2021\/10\/Program-konferencji_Archiwalne-zbiory-pieczeci-25_26.10.2021-s3-sigillarium-1-768x408.jpg 768w\" sizes=\"auto, (max-width: 1199px) 100vw, 1199px\" \/><\/figure><\/div>\n","protected":false},"excerpt":{"rendered":"<p>Szanowni Pa\u0144stwo, &nbsp;&nbsp;&nbsp;&nbsp;przypadaj\u0105ca w bie\u017c\u0105cym roku sze\u015b\u0107dziesi\u0105ta rocznica publikacji pierwszych wytycznych metodycznych do opracowania archiwalnych zbior\u00f3w piecz\u0119ci to dobry czas na podj\u0119cie refleksji nad szeroko rozumian\u0105 problematyk\u0105 zasobu sfragistycznego. Wskazania&hellip; <\/p>\n","protected":false},"author":1,"featured_media":0,"parent":0,"menu_order":0,"comment_status":"closed","ping_status":"closed","template":"","meta":{"footnotes":""},"class_list":["post-16373","page","type-page","status-publish","hentry"],"_links":{"self":[{"href":"https:\/\/sigillarium.pl\/index.php\/wp-json\/wp\/v2\/pages\/16373","targetHints":{"allow":["GET"]}}],"collection":[{"href":"https:\/\/sigillarium.pl\/index.php\/wp-json\/wp\/v2\/pages"}],"about":[{"href":"https:\/\/sigillarium.pl\/index.php\/wp-json\/wp\/v2\/types\/page"}],"author":[{"embeddable":true,"href":"https:\/\/sigillarium.pl\/index.php\/wp-json\/wp\/v2\/users\/1"}],"replies":[{"embeddable":true,"href":"https:\/\/sigillarium.pl\/index.php\/wp-json\/wp\/v2\/comments?post=16373"}],"version-history":[{"count":7,"href":"https:\/\/sigillarium.pl\/index.php\/wp-json\/wp\/v2\/pages\/16373\/revisions"}],"predecessor-version":[{"id":16390,"href":"https:\/\/sigillarium.pl\/index.php\/wp-json\/wp\/v2\/pages\/16373\/revisions\/16390"}],"wp:attachment":[{"href":"https:\/\/sigillarium.pl\/index.php\/wp-json\/wp\/v2\/media?parent=16373"}],"curies":[{"name":"wp","href":"https:\/\/api.w.org\/{rel}","templated":true}]}}