{"id":16533,"date":"2021-10-24T18:50:49","date_gmt":"2021-10-24T16:50:49","guid":{"rendered":"https:\/\/sigillarium.pl\/?page_id=16533"},"modified":"2021-10-24T18:50:49","modified_gmt":"2021-10-24T16:50:49","slug":"stanislaw-teodor-chrzanski-tablice-odmian-herbowych","status":"publish","type":"page","link":"https:\/\/sigillarium.pl\/index.php\/stanislaw-teodor-chrzanski-tablice-odmian-herbowych\/","title":{"rendered":"Stanis\u0142aw Teodor Chrz\u0105\u0144ski \/ Tablice odmian herbowych"},"content":{"rendered":"\n<hr class=\"wp-block-separator\"\/>\n\n\n\n<div class=\"wp-block-image\"><figure class=\"aligncenter size-full\"><img loading=\"lazy\" decoding=\"async\" width=\"681\" height=\"899\" src=\"https:\/\/sigillarium.pl\/wp-content\/uploads\/2021\/10\/PL_Stanislaw_Teodor_Chrzanski-Tablice_odmian_herbowych-1.jpg\" alt=\"\" class=\"wp-image-16534\" srcset=\"https:\/\/sigillarium.pl\/wp-content\/uploads\/2021\/10\/PL_Stanislaw_Teodor_Chrzanski-Tablice_odmian_herbowych-1.jpg 681w, https:\/\/sigillarium.pl\/wp-content\/uploads\/2021\/10\/PL_Stanislaw_Teodor_Chrzanski-Tablice_odmian_herbowych-1-227x300.jpg 227w\" sizes=\"auto, (max-width: 681px) 100vw, 681px\" \/><\/figure><\/div>\n\n\n\n<div class=\"wp-block-image\"><figure class=\"aligncenter size-full\"><img loading=\"lazy\" decoding=\"async\" width=\"684\" height=\"899\" src=\"https:\/\/sigillarium.pl\/wp-content\/uploads\/2021\/10\/PL_Stanislaw_Teodor_Chrzanski-Tablice_odmian_herbowych-2.jpg\" alt=\"\" class=\"wp-image-16535\" srcset=\"https:\/\/sigillarium.pl\/wp-content\/uploads\/2021\/10\/PL_Stanislaw_Teodor_Chrzanski-Tablice_odmian_herbowych-2.jpg 684w, https:\/\/sigillarium.pl\/wp-content\/uploads\/2021\/10\/PL_Stanislaw_Teodor_Chrzanski-Tablice_odmian_herbowych-2-228x300.jpg 228w\" sizes=\"auto, (max-width: 684px) 100vw, 684px\" \/><\/figure><\/div>\n\n\n\n<div class=\"wp-block-image\"><figure class=\"aligncenter size-full\"><img loading=\"lazy\" decoding=\"async\" width=\"654\" height=\"899\" src=\"https:\/\/sigillarium.pl\/wp-content\/uploads\/2021\/10\/PL_Stanislaw_Teodor_Chrzanski-Tablice_odmian_herbowych-3.jpg\" alt=\"\" class=\"wp-image-16536\" srcset=\"https:\/\/sigillarium.pl\/wp-content\/uploads\/2021\/10\/PL_Stanislaw_Teodor_Chrzanski-Tablice_odmian_herbowych-3.jpg 654w, https:\/\/sigillarium.pl\/wp-content\/uploads\/2021\/10\/PL_Stanislaw_Teodor_Chrzanski-Tablice_odmian_herbowych-3-218x300.jpg 218w\" sizes=\"auto, (max-width: 654px) 100vw, 654px\" \/><\/figure><\/div>\n\n\n\n<div class=\"wp-block-image\"><figure class=\"aligncenter size-full\"><img loading=\"lazy\" decoding=\"async\" width=\"662\" height=\"899\" src=\"https:\/\/sigillarium.pl\/wp-content\/uploads\/2021\/10\/PL_Stanislaw_Teodor_Chrzanski-Tablice_odmian_herbowych-4.jpg\" alt=\"\" class=\"wp-image-16537\" srcset=\"https:\/\/sigillarium.pl\/wp-content\/uploads\/2021\/10\/PL_Stanislaw_Teodor_Chrzanski-Tablice_odmian_herbowych-4.jpg 662w, https:\/\/sigillarium.pl\/wp-content\/uploads\/2021\/10\/PL_Stanislaw_Teodor_Chrzanski-Tablice_odmian_herbowych-4-221x300.jpg 221w\" sizes=\"auto, (max-width: 662px) 100vw, 662px\" \/><\/figure><\/div>\n\n\n\n<div class=\"wp-block-image\"><figure class=\"aligncenter size-full\"><img loading=\"lazy\" decoding=\"async\" width=\"666\" height=\"898\" src=\"https:\/\/sigillarium.pl\/wp-content\/uploads\/2021\/10\/PL_Stanislaw_Teodor_Chrzanski-Tablice_odmian_herbowych-5.jpg\" alt=\"\" class=\"wp-image-16538\" srcset=\"https:\/\/sigillarium.pl\/wp-content\/uploads\/2021\/10\/PL_Stanislaw_Teodor_Chrzanski-Tablice_odmian_herbowych-5.jpg 666w, https:\/\/sigillarium.pl\/wp-content\/uploads\/2021\/10\/PL_Stanislaw_Teodor_Chrzanski-Tablice_odmian_herbowych-5-222x300.jpg 222w\" sizes=\"auto, (max-width: 666px) 100vw, 666px\" \/><\/figure><\/div>\n\n\n\n<div class=\"wp-block-image\"><figure class=\"aligncenter size-full\"><img loading=\"lazy\" decoding=\"async\" width=\"660\" height=\"898\" src=\"https:\/\/sigillarium.pl\/wp-content\/uploads\/2021\/10\/PL_Stanislaw_Teodor_Chrzanski-Tablice_odmian_herbowych-6.jpg\" alt=\"\" class=\"wp-image-16539\" srcset=\"https:\/\/sigillarium.pl\/wp-content\/uploads\/2021\/10\/PL_Stanislaw_Teodor_Chrzanski-Tablice_odmian_herbowych-6.jpg 660w, https:\/\/sigillarium.pl\/wp-content\/uploads\/2021\/10\/PL_Stanislaw_Teodor_Chrzanski-Tablice_odmian_herbowych-6-220x300.jpg 220w\" sizes=\"auto, (max-width: 660px) 100vw, 660px\" \/><\/figure><\/div>\n\n\n\n<div class=\"wp-block-image\"><figure class=\"aligncenter size-full\"><img loading=\"lazy\" decoding=\"async\" width=\"654\" height=\"898\" src=\"https:\/\/sigillarium.pl\/wp-content\/uploads\/2021\/10\/PL_Stanislaw_Teodor_Chrzanski-Tablice_odmian_herbowych-7.jpg\" alt=\"\" class=\"wp-image-16540\" srcset=\"https:\/\/sigillarium.pl\/wp-content\/uploads\/2021\/10\/PL_Stanislaw_Teodor_Chrzanski-Tablice_odmian_herbowych-7.jpg 654w, https:\/\/sigillarium.pl\/wp-content\/uploads\/2021\/10\/PL_Stanislaw_Teodor_Chrzanski-Tablice_odmian_herbowych-7-218x300.jpg 218w\" sizes=\"auto, (max-width: 654px) 100vw, 654px\" \/><\/figure><\/div>\n\n\n\n<div class=\"wp-block-image\"><figure class=\"aligncenter size-full\"><img loading=\"lazy\" decoding=\"async\" width=\"669\" height=\"898\" src=\"https:\/\/sigillarium.pl\/wp-content\/uploads\/2021\/10\/PL_Stanislaw_Teodor_Chrzanski-Tablice_odmian_herbowych-8.jpg\" alt=\"\" class=\"wp-image-16541\" srcset=\"https:\/\/sigillarium.pl\/wp-content\/uploads\/2021\/10\/PL_Stanislaw_Teodor_Chrzanski-Tablice_odmian_herbowych-8.jpg 669w, https:\/\/sigillarium.pl\/wp-content\/uploads\/2021\/10\/PL_Stanislaw_Teodor_Chrzanski-Tablice_odmian_herbowych-8-223x300.jpg 223w\" sizes=\"auto, (max-width: 669px) 100vw, 669px\" \/><\/figure><\/div>\n\n\n\n<div class=\"wp-block-image\"><figure class=\"aligncenter size-full\"><img loading=\"lazy\" decoding=\"async\" width=\"658\" height=\"900\" src=\"https:\/\/sigillarium.pl\/wp-content\/uploads\/2021\/10\/PL_Stanislaw_Teodor_Chrzanski-Tablice_odmian_herbowych-9.jpg\" alt=\"\" class=\"wp-image-16542\" srcset=\"https:\/\/sigillarium.pl\/wp-content\/uploads\/2021\/10\/PL_Stanislaw_Teodor_Chrzanski-Tablice_odmian_herbowych-9.jpg 658w, https:\/\/sigillarium.pl\/wp-content\/uploads\/2021\/10\/PL_Stanislaw_Teodor_Chrzanski-Tablice_odmian_herbowych-9-219x300.jpg 219w\" sizes=\"auto, (max-width: 658px) 100vw, 658px\" \/><\/figure><\/div>\n\n\n\n<div class=\"wp-block-image\"><figure class=\"aligncenter size-full\"><img loading=\"lazy\" decoding=\"async\" width=\"668\" height=\"898\" src=\"https:\/\/sigillarium.pl\/wp-content\/uploads\/2021\/10\/PL_Stanislaw_Teodor_Chrzanski-Tablice_odmian_herbowych-10.jpg\" alt=\"\" class=\"wp-image-16543\" srcset=\"https:\/\/sigillarium.pl\/wp-content\/uploads\/2021\/10\/PL_Stanislaw_Teodor_Chrzanski-Tablice_odmian_herbowych-10.jpg 668w, https:\/\/sigillarium.pl\/wp-content\/uploads\/2021\/10\/PL_Stanislaw_Teodor_Chrzanski-Tablice_odmian_herbowych-10-223x300.jpg 223w\" sizes=\"auto, (max-width: 668px) 100vw, 668px\" \/><\/figure><\/div>\n\n\n\n<div class=\"wp-block-image\"><figure class=\"aligncenter size-full\"><img loading=\"lazy\" decoding=\"async\" width=\"674\" height=\"898\" src=\"https:\/\/sigillarium.pl\/wp-content\/uploads\/2021\/10\/PL_Stanislaw_Teodor_Chrzanski-Tablice_odmian_herbowych-11.jpg\" alt=\"\" class=\"wp-image-16544\" srcset=\"https:\/\/sigillarium.pl\/wp-content\/uploads\/2021\/10\/PL_Stanislaw_Teodor_Chrzanski-Tablice_odmian_herbowych-11.jpg 674w, https:\/\/sigillarium.pl\/wp-content\/uploads\/2021\/10\/PL_Stanislaw_Teodor_Chrzanski-Tablice_odmian_herbowych-11-225x300.jpg 225w\" sizes=\"auto, (max-width: 674px) 100vw, 674px\" \/><\/figure><\/div>\n\n\n\n<div class=\"wp-block-image\"><figure class=\"aligncenter size-full\"><img loading=\"lazy\" decoding=\"async\" width=\"670\" height=\"899\" src=\"https:\/\/sigillarium.pl\/wp-content\/uploads\/2021\/10\/PL_Stanislaw_Teodor_Chrzanski-Tablice_odmian_herbowych-12.jpg\" alt=\"\" class=\"wp-image-16545\" srcset=\"https:\/\/sigillarium.pl\/wp-content\/uploads\/2021\/10\/PL_Stanislaw_Teodor_Chrzanski-Tablice_odmian_herbowych-12.jpg 670w, https:\/\/sigillarium.pl\/wp-content\/uploads\/2021\/10\/PL_Stanislaw_Teodor_Chrzanski-Tablice_odmian_herbowych-12-224x300.jpg 224w\" sizes=\"auto, (max-width: 670px) 100vw, 670px\" \/><\/figure><\/div>\n\n\n\n<div class=\"wp-block-image\"><figure class=\"aligncenter size-full\"><img loading=\"lazy\" decoding=\"async\" width=\"678\" height=\"898\" src=\"https:\/\/sigillarium.pl\/wp-content\/uploads\/2021\/10\/PL_Stanislaw_Teodor_Chrzanski-Tablice_odmian_herbowych-13.jpg\" alt=\"\" class=\"wp-image-16546\" srcset=\"https:\/\/sigillarium.pl\/wp-content\/uploads\/2021\/10\/PL_Stanislaw_Teodor_Chrzanski-Tablice_odmian_herbowych-13.jpg 678w, https:\/\/sigillarium.pl\/wp-content\/uploads\/2021\/10\/PL_Stanislaw_Teodor_Chrzanski-Tablice_odmian_herbowych-13-227x300.jpg 227w\" sizes=\"auto, (max-width: 678px) 100vw, 678px\" \/><\/figure><\/div>\n\n\n\n<div class=\"wp-block-image\"><figure class=\"aligncenter size-full\"><img loading=\"lazy\" decoding=\"async\" width=\"680\" height=\"899\" src=\"https:\/\/sigillarium.pl\/wp-content\/uploads\/2021\/10\/PL_Stanislaw_Teodor_Chrzanski-Tablice_odmian_herbowych-14.jpg\" alt=\"\" class=\"wp-image-16547\" srcset=\"https:\/\/sigillarium.pl\/wp-content\/uploads\/2021\/10\/PL_Stanislaw_Teodor_Chrzanski-Tablice_odmian_herbowych-14.jpg 680w, https:\/\/sigillarium.pl\/wp-content\/uploads\/2021\/10\/PL_Stanislaw_Teodor_Chrzanski-Tablice_odmian_herbowych-14-227x300.jpg 227w\" sizes=\"auto, (max-width: 680px) 100vw, 680px\" \/><\/figure><\/div>\n\n\n\n<div class=\"wp-block-image\"><figure class=\"aligncenter size-full\"><img loading=\"lazy\" decoding=\"async\" width=\"663\" height=\"898\" src=\"https:\/\/sigillarium.pl\/wp-content\/uploads\/2021\/10\/PL_Stanislaw_Teodor_Chrzanski-Tablice_odmian_herbowych-15.jpg\" alt=\"\" class=\"wp-image-16548\" srcset=\"https:\/\/sigillarium.pl\/wp-content\/uploads\/2021\/10\/PL_Stanislaw_Teodor_Chrzanski-Tablice_odmian_herbowych-15.jpg 663w, https:\/\/sigillarium.pl\/wp-content\/uploads\/2021\/10\/PL_Stanislaw_Teodor_Chrzanski-Tablice_odmian_herbowych-15-221x300.jpg 221w\" sizes=\"auto, (max-width: 663px) 100vw, 663px\" \/><\/figure><\/div>\n\n\n\n<div class=\"wp-block-image\"><figure class=\"aligncenter size-full\"><img loading=\"lazy\" decoding=\"async\" width=\"661\" height=\"898\" src=\"https:\/\/sigillarium.pl\/wp-content\/uploads\/2021\/10\/PL_Stanislaw_Teodor_Chrzanski-Tablice_odmian_herbowych-16.jpg\" alt=\"\" class=\"wp-image-16549\" srcset=\"https:\/\/sigillarium.pl\/wp-content\/uploads\/2021\/10\/PL_Stanislaw_Teodor_Chrzanski-Tablice_odmian_herbowych-16.jpg 661w, https:\/\/sigillarium.pl\/wp-content\/uploads\/2021\/10\/PL_Stanislaw_Teodor_Chrzanski-Tablice_odmian_herbowych-16-221x300.jpg 221w\" sizes=\"auto, (max-width: 661px) 100vw, 661px\" \/><\/figure><\/div>\n\n\n\n<div class=\"wp-block-image\"><figure class=\"aligncenter size-full\"><img loading=\"lazy\" decoding=\"async\" width=\"656\" height=\"898\" src=\"https:\/\/sigillarium.pl\/wp-content\/uploads\/2021\/10\/PL_Stanislaw_Teodor_Chrzanski-Tablice_odmian_herbowych-17.jpg\" alt=\"\" class=\"wp-image-16550\" srcset=\"https:\/\/sigillarium.pl\/wp-content\/uploads\/2021\/10\/PL_Stanislaw_Teodor_Chrzanski-Tablice_odmian_herbowych-17.jpg 656w, https:\/\/sigillarium.pl\/wp-content\/uploads\/2021\/10\/PL_Stanislaw_Teodor_Chrzanski-Tablice_odmian_herbowych-17-219x300.jpg 219w\" sizes=\"auto, (max-width: 656px) 100vw, 656px\" \/><\/figure><\/div>\n\n\n\n<div class=\"wp-block-image\"><figure class=\"aligncenter size-full\"><img loading=\"lazy\" decoding=\"async\" width=\"665\" height=\"899\" src=\"https:\/\/sigillarium.pl\/wp-content\/uploads\/2021\/10\/PL_Stanislaw_Teodor_Chrzanski-Tablice_odmian_herbowych-18.jpg\" alt=\"\" class=\"wp-image-16551\" srcset=\"https:\/\/sigillarium.pl\/wp-content\/uploads\/2021\/10\/PL_Stanislaw_Teodor_Chrzanski-Tablice_odmian_herbowych-18.jpg 665w, https:\/\/sigillarium.pl\/wp-content\/uploads\/2021\/10\/PL_Stanislaw_Teodor_Chrzanski-Tablice_odmian_herbowych-18-222x300.jpg 222w\" sizes=\"auto, (max-width: 665px) 100vw, 665px\" \/><\/figure><\/div>\n\n\n\n<div class=\"wp-block-image\"><figure class=\"aligncenter size-full\"><img loading=\"lazy\" decoding=\"async\" width=\"686\" height=\"898\" src=\"https:\/\/sigillarium.pl\/wp-content\/uploads\/2021\/10\/PL_Stanislaw_Teodor_Chrzanski-Tablice_odmian_herbowych-19.jpg\" alt=\"\" class=\"wp-image-16552\" srcset=\"https:\/\/sigillarium.pl\/wp-content\/uploads\/2021\/10\/PL_Stanislaw_Teodor_Chrzanski-Tablice_odmian_herbowych-19.jpg 686w, https:\/\/sigillarium.pl\/wp-content\/uploads\/2021\/10\/PL_Stanislaw_Teodor_Chrzanski-Tablice_odmian_herbowych-19-229x300.jpg 229w\" sizes=\"auto, (max-width: 686px) 100vw, 686px\" \/><\/figure><\/div>\n\n\n\n<div class=\"wp-block-image\"><figure class=\"aligncenter size-full\"><img loading=\"lazy\" decoding=\"async\" width=\"669\" height=\"898\" src=\"https:\/\/sigillarium.pl\/wp-content\/uploads\/2021\/10\/PL_Stanislaw_Teodor_Chrzanski-Tablice_odmian_herbowych-20.jpg\" alt=\"\" class=\"wp-image-16553\" srcset=\"https:\/\/sigillarium.pl\/wp-content\/uploads\/2021\/10\/PL_Stanislaw_Teodor_Chrzanski-Tablice_odmian_herbowych-20.jpg 669w, https:\/\/sigillarium.pl\/wp-content\/uploads\/2021\/10\/PL_Stanislaw_Teodor_Chrzanski-Tablice_odmian_herbowych-20-223x300.jpg 223w\" sizes=\"auto, (max-width: 669px) 100vw, 669px\" \/><\/figure><\/div>\n\n\n\n<div class=\"wp-block-image\"><figure class=\"aligncenter size-full\"><img loading=\"lazy\" decoding=\"async\" width=\"664\" height=\"900\" src=\"https:\/\/sigillarium.pl\/wp-content\/uploads\/2021\/10\/PL_Stanislaw_Teodor_Chrzanski-Tablice_odmian_herbowych-21.jpg\" alt=\"\" class=\"wp-image-16554\" srcset=\"https:\/\/sigillarium.pl\/wp-content\/uploads\/2021\/10\/PL_Stanislaw_Teodor_Chrzanski-Tablice_odmian_herbowych-21.jpg 664w, https:\/\/sigillarium.pl\/wp-content\/uploads\/2021\/10\/PL_Stanislaw_Teodor_Chrzanski-Tablice_odmian_herbowych-21-221x300.jpg 221w\" sizes=\"auto, (max-width: 664px) 100vw, 664px\" \/><\/figure><\/div>\n\n\n\n<div class=\"wp-block-image\"><figure class=\"aligncenter size-full\"><img loading=\"lazy\" decoding=\"async\" width=\"665\" height=\"898\" src=\"https:\/\/sigillarium.pl\/wp-content\/uploads\/2021\/10\/PL_Stanislaw_Teodor_Chrzanski-Tablice_odmian_herbowych-22.jpg\" alt=\"\" class=\"wp-image-16555\" srcset=\"https:\/\/sigillarium.pl\/wp-content\/uploads\/2021\/10\/PL_Stanislaw_Teodor_Chrzanski-Tablice_odmian_herbowych-22.jpg 665w, https:\/\/sigillarium.pl\/wp-content\/uploads\/2021\/10\/PL_Stanislaw_Teodor_Chrzanski-Tablice_odmian_herbowych-22-222x300.jpg 222w\" sizes=\"auto, (max-width: 665px) 100vw, 665px\" \/><\/figure><\/div>\n\n\n\n<div class=\"wp-block-image\"><figure class=\"aligncenter size-full\"><img loading=\"lazy\" decoding=\"async\" width=\"663\" height=\"898\" src=\"https:\/\/sigillarium.pl\/wp-content\/uploads\/2021\/10\/PL_Stanislaw_Teodor_Chrzanski-Tablice_odmian_herbowych-23.jpg\" alt=\"\" class=\"wp-image-16556\" srcset=\"https:\/\/sigillarium.pl\/wp-content\/uploads\/2021\/10\/PL_Stanislaw_Teodor_Chrzanski-Tablice_odmian_herbowych-23.jpg 663w, https:\/\/sigillarium.pl\/wp-content\/uploads\/2021\/10\/PL_Stanislaw_Teodor_Chrzanski-Tablice_odmian_herbowych-23-221x300.jpg 221w\" sizes=\"auto, (max-width: 663px) 100vw, 663px\" \/><\/figure><\/div>\n\n\n\n<div class=\"wp-block-image\"><figure class=\"aligncenter size-full\"><img loading=\"lazy\" decoding=\"async\" width=\"657\" height=\"899\" src=\"https:\/\/sigillarium.pl\/wp-content\/uploads\/2021\/10\/PL_Stanislaw_Teodor_Chrzanski-Tablice_odmian_herbowych-24.jpg\" alt=\"\" class=\"wp-image-16557\" srcset=\"https:\/\/sigillarium.pl\/wp-content\/uploads\/2021\/10\/PL_Stanislaw_Teodor_Chrzanski-Tablice_odmian_herbowych-24.jpg 657w, https:\/\/sigillarium.pl\/wp-content\/uploads\/2021\/10\/PL_Stanislaw_Teodor_Chrzanski-Tablice_odmian_herbowych-24-219x300.jpg 219w\" sizes=\"auto, (max-width: 657px) 100vw, 657px\" \/><\/figure><\/div>\n\n\n\n<div class=\"wp-block-image\"><figure class=\"aligncenter size-full\"><img loading=\"lazy\" decoding=\"async\" width=\"664\" height=\"900\" src=\"https:\/\/sigillarium.pl\/wp-content\/uploads\/2021\/10\/PL_Stanislaw_Teodor_Chrzanski-Tablice_odmian_herbowych-25.jpg\" alt=\"\" class=\"wp-image-16558\" srcset=\"https:\/\/sigillarium.pl\/wp-content\/uploads\/2021\/10\/PL_Stanislaw_Teodor_Chrzanski-Tablice_odmian_herbowych-25.jpg 664w, https:\/\/sigillarium.pl\/wp-content\/uploads\/2021\/10\/PL_Stanislaw_Teodor_Chrzanski-Tablice_odmian_herbowych-25-221x300.jpg 221w\" sizes=\"auto, (max-width: 664px) 100vw, 664px\" \/><\/figure><\/div>\n\n\n\n<div class=\"wp-block-image\"><figure class=\"aligncenter size-full\"><img loading=\"lazy\" decoding=\"async\" width=\"666\" height=\"898\" src=\"https:\/\/sigillarium.pl\/wp-content\/uploads\/2021\/10\/PL_Stanislaw_Teodor_Chrzanski-Tablice_odmian_herbowych-26.jpg\" alt=\"\" class=\"wp-image-16559\" srcset=\"https:\/\/sigillarium.pl\/wp-content\/uploads\/2021\/10\/PL_Stanislaw_Teodor_Chrzanski-Tablice_odmian_herbowych-26.jpg 666w, https:\/\/sigillarium.pl\/wp-content\/uploads\/2021\/10\/PL_Stanislaw_Teodor_Chrzanski-Tablice_odmian_herbowych-26-222x300.jpg 222w\" sizes=\"auto, (max-width: 666px) 100vw, 666px\" \/><\/figure><\/div>\n\n\n\n<div class=\"wp-block-image\"><figure class=\"aligncenter size-full\"><img loading=\"lazy\" decoding=\"async\" width=\"659\" height=\"898\" src=\"https:\/\/sigillarium.pl\/wp-content\/uploads\/2021\/10\/PL_Stanislaw_Teodor_Chrzanski-Tablice_odmian_herbowych-27.jpg\" alt=\"\" class=\"wp-image-16560\" srcset=\"https:\/\/sigillarium.pl\/wp-content\/uploads\/2021\/10\/PL_Stanislaw_Teodor_Chrzanski-Tablice_odmian_herbowych-27.jpg 659w, https:\/\/sigillarium.pl\/wp-content\/uploads\/2021\/10\/PL_Stanislaw_Teodor_Chrzanski-Tablice_odmian_herbowych-27-220x300.jpg 220w\" sizes=\"auto, (max-width: 659px) 100vw, 659px\" \/><\/figure><\/div>\n","protected":false},"excerpt":{"rendered":"","protected":false},"author":1,"featured_media":0,"parent":0,"menu_order":0,"comment_status":"closed","ping_status":"closed","template":"","meta":{"footnotes":""},"class_list":["post-16533","page","type-page","status-publish","hentry"],"_links":{"self":[{"href":"https:\/\/sigillarium.pl\/index.php\/wp-json\/wp\/v2\/pages\/16533","targetHints":{"allow":["GET"]}}],"collection":[{"href":"https:\/\/sigillarium.pl\/index.php\/wp-json\/wp\/v2\/pages"}],"about":[{"href":"https:\/\/sigillarium.pl\/index.php\/wp-json\/wp\/v2\/types\/page"}],"author":[{"embeddable":true,"href":"https:\/\/sigillarium.pl\/index.php\/wp-json\/wp\/v2\/users\/1"}],"replies":[{"embeddable":true,"href":"https:\/\/sigillarium.pl\/index.php\/wp-json\/wp\/v2\/comments?post=16533"}],"version-history":[{"count":1,"href":"https:\/\/sigillarium.pl\/index.php\/wp-json\/wp\/v2\/pages\/16533\/revisions"}],"predecessor-version":[{"id":16561,"href":"https:\/\/sigillarium.pl\/index.php\/wp-json\/wp\/v2\/pages\/16533\/revisions\/16561"}],"wp:attachment":[{"href":"https:\/\/sigillarium.pl\/index.php\/wp-json\/wp\/v2\/media?parent=16533"}],"curies":[{"name":"wp","href":"https:\/\/api.w.org\/{rel}","templated":true}]}}