{"id":437,"date":"2020-02-15T14:35:18","date_gmt":"2020-02-15T13:35:18","guid":{"rendered":"http:\/\/sigillarium.pl\/?page_id=437"},"modified":"2024-06-08T18:18:00","modified_gmt":"2024-06-08T16:18:00","slug":"pieczecie-urzednikow-samorzadowych-po-1915-r","status":"publish","type":"page","link":"https:\/\/sigillarium.pl\/index.php\/pieczecie-urzednikow-samorzadowych-po-1915-r\/","title":{"rendered":"Piecz\u0119cie urz\u0119dnik\u00f3w samorz\u0105dowych (1915 &#8211; 1917)"},"content":{"rendered":"\n<hr class=\"wp-block-separator has-css-opacity\"\/>\n\n\n\n<p>T\u0142oki zaprezentowano w kolejno\u015bci alfabetycznej wzgl\u0119dem nazwy miejscowo\u015bci przywo\u0142anej w legendzie t\u0142oka lub odtworzonej ze \u017ar\u00f3de\u0142 historycznych. <\/p>\n\n\n\n<hr class=\"wp-block-separator has-css-opacity\"\/>\n\n\n\n<div class=\"wp-block-columns is-layout-flex wp-container-core-columns-is-layout-9d6595d7 wp-block-columns-is-layout-flex\">\n<div class=\"wp-block-column is-layout-flow wp-block-column-is-layout-flow\" style=\"flex-basis:5%\"><\/div>\n\n\n\n<div class=\"wp-block-column is-vertically-aligned-center is-layout-flow wp-block-column-is-layout-flow\" style=\"flex-basis:23%\">\n<figure class=\"wp-block-gallery aligncenter has-nested-images columns-default is-cropped wp-block-gallery-1 is-layout-flex wp-block-gallery-is-layout-flex\">\n<figure class=\"wp-block-image size-full is-style-default\"><a href=\"https:\/\/sigillarium.pl\/wp-content\/uploads\/2020\/04\/Piaski-So\u0142tys-t\u0142ok.jpg\"><img loading=\"lazy\" decoding=\"async\" width=\"1181\" height=\"1386\" data-id=\"2335\" src=\"https:\/\/sigillarium.pl\/wp-content\/uploads\/2020\/04\/Piaski-So\u0142tys-t\u0142ok.jpg\" alt=\"\" class=\"wp-image-2335\" srcset=\"https:\/\/sigillarium.pl\/wp-content\/uploads\/2020\/04\/Piaski-So\u0142tys-t\u0142ok.jpg 1181w, https:\/\/sigillarium.pl\/wp-content\/uploads\/2020\/04\/Piaski-So\u0142tys-t\u0142ok-256x300.jpg 256w, https:\/\/sigillarium.pl\/wp-content\/uploads\/2020\/04\/Piaski-So\u0142tys-t\u0142ok-873x1024.jpg 873w, https:\/\/sigillarium.pl\/wp-content\/uploads\/2020\/04\/Piaski-So\u0142tys-t\u0142ok-768x901.jpg 768w\" sizes=\"auto, (max-width: 1181px) 100vw, 1181px\" \/><\/a><\/figure>\n<\/figure>\n<\/div>\n\n\n\n<div class=\"wp-block-column is-layout-flow wp-block-column-is-layout-flow\" style=\"flex-basis:1%\"><\/div>\n\n\n\n<div class=\"wp-block-column is-vertically-aligned-center is-layout-flow wp-block-column-is-layout-flow\" style=\"flex-basis:22%\"><div class=\"wp-block-image\">\n<figure class=\"aligncenter size-large is-resized\"><img loading=\"lazy\" decoding=\"async\" width=\"331\" height=\"753\" src=\"http:\/\/sigillarium.pl\/wp-content\/uploads\/2020\/04\/Piaski-So\u0142tys-uchwyt.jpg\" alt=\"\" class=\"wp-image-2336\" style=\"width:146px;height:329px\" srcset=\"https:\/\/sigillarium.pl\/wp-content\/uploads\/2020\/04\/Piaski-So\u0142tys-uchwyt.jpg 331w, https:\/\/sigillarium.pl\/wp-content\/uploads\/2020\/04\/Piaski-So\u0142tys-uchwyt-132x300.jpg 132w\" sizes=\"auto, (max-width: 331px) 100vw, 331px\" \/><\/figure>\n<\/div><\/div>\n\n\n\n<div class=\"wp-block-column is-layout-flow wp-block-column-is-layout-flow\" style=\"flex-basis:1%\"><\/div>\n\n\n\n<div class=\"wp-block-column is-layout-flow wp-block-column-is-layout-flow\" style=\"flex-basis:48%\">\n<style> td {font-size: 11px; color: black; font-family: Arial;} <\/style>\n<table style=\"width: 500px; height: 150px;\">\n\t<tbody><tr>\n\t\t<td style=\"background-color: #DDDDDD; width:6%; text-align: center; \"><b>1<\/b><\/td>\n\t\t<td style=\"padding-left: 8px;\">kolekcja prywatna<\/td>\n\t<\/tr>\n\t<tr>\n\t\t<td style=\"background-color: #DDDDDD; text-align: center; \"><b>2<\/b><\/td>\n<td style=\"background-color: #FFFF99; white-space: nowrap; padding-left: 8px;\"><b><big><big> PIASKI<\/big><\/big><big> <\/big><br><big>So\u0142tys<\/big><\/b><\/td>\n\t<\/tr>\n\t<tr>\n\t\t<td style=\"background-color: #DDDDDD; text-align: center; \"><b>3a<\/b><\/td>\n\t\t<td style=\"padding-left: 8px;\">stop o\u0142owiu i cynku<\/td>\n\t<\/tr>\n\t<tr>\n\t\t<td style=\"background-color: #DDDDDD; text-align: center; \"><b>3b<\/b><\/td>\n\t\t<td style=\"padding-left: 8px;\"> drewno <\/td>\n\t<\/tr>\n\t<tr>\n\t\t<td style=\"background-color: #DDDDDD; text-align: center; \"><b>4<\/b><\/td>\n\t\t<td style=\"padding-left: 8px;\"> okr\u0105g\u0142a \u00d8 33 mm z wypustk\u0105 ponad kraw\u0119d\u017a <\/td>\n\t<\/tr>\n\t<tr>\n\t\t<td style=\"background-color: #DDDDDD; text-align: center; \"><b>5<\/b><\/td>\n\t\t<td style=\"padding-left: 8px;\">wypuk\u0142oryty<\/td>\n\t<\/tr>\n\t<tr>\n\t\t<td style=\"background-color: #DDDDDD; text-align: center; \"><b>6<\/b><\/td>\n<td style=\"padding-left: 8px;\">&#8211;<\/td>\n\t<\/tr>\n<tr>\n\t\t<td style=\"background-color: #DDDDDD; text-align: center; \"><b>7<\/b><\/td>\n<td style=\"padding-left: 8px;\"> uchwyt toczony o kulistej sp\u0142aszczonej ga\u0142ce<\/td>\n\t<\/tr>\n\t<tr>\n\t\t<td style=\"background-color: #DDDDDD; text-align: center; \"><b>7a<\/b><\/td>\n\t\t<td style=\"padding-left: 8px;\">87 mm<\/td>\n\t<\/tr>\n\t<tr>\n\t\t<td style=\"background-color: #DDDDDD; text-align: center; \"><b>7b<\/b><\/td>\n\t\t<td style=\"padding-left: 8px;\"> 80 mm, bez skuwki <\/td>\n\t<\/tr>\n\t<tr>\n\t\t<td style=\"background-color: #DDDDDD; text-align: center; \"><b>7c<\/b><\/td>\n\t\t<td style=\"padding-left: 8px;\"> 7 mm<\/td>\n\t<\/tr>\n\t<tr>\n\t\t<td style=\"background-color: #DDDDDD; text-align: center; \"><b>8<\/b><\/td>\n<td style=\"padding-left: 8px;\">&#8211;<\/td>\n\t<\/tr>\n\t<tr>\n\t\t<td style=\"background-color: #DDDDDD; text-align: center; \"><b>9a<\/b><\/td>\n\t\t<td style=\"padding-left: 8px;\">majusku\u0142a<\/td>\n\t<\/tr>\n\t<tr>\n\t\t<td style=\"background-color: #DDDDDD; text-align: center; \"><b>9b<\/b><\/td>\n<td style=\"padding-left: 8px;\"><br>w polu:<b> SO\u0141TYS \/\/ WSI PIASKI \/\/ gm <i> (ina) <\/i> DOBRZYK\u00d3W *<\/b><br> w p\u00f3\u0142otoku dolnym: <b> pow. <i> (iat)<\/i> GOSTY\u0143SKI<\/b><br><br><\/td> \n\n\t<\/tr><tr>\n\t\t<td style=\"background-color: #DDDDDD; text-align: center; \"><b>10<\/b><\/td>\n<td style=\"padding-left: 8px;\"><br><br> w polu piecz\u0119ci, w g\u00f3rnej cz\u0119\u015bci, wizerunek or\u0142a wystaj\u0105cy poza obrys okr\u0119gu wpisanego w pole matrycy. Na zewn\u0105trz, wok\u00f3\u0142 pola piecz\u0119ci, pojedyncze obrze\u017cenie ci\u0105g\u0142e.<\/td>\n<\/tr>\n\t<tr>\n\t\t<td style=\"background-color: #DDDDDD; text-align: center; \"><b>11<\/b><\/td>\n<td style=\"padding-left: 8px;\">Podobna piecz\u0119\u0107 w zbiorach Muzeum Mazowieckiego w P\u0142ocku.<\/td>\n\t<\/tr>\n\t<tr>\n\t\t<td style=\"background-color: #DDDDDD; text-align: center; \"><b>12<\/b><\/td>\n<td style=\"padding-left: 8px;\">niska jako\u015b\u0107 wykonania<\/td>\n\t<\/tr>\n<\/tbody><\/table>\n\n\n\n<p class=\"has-small-font-size\"> <a rel=\"noreferrer noopener\" href=\"http:\/\/sigillarium.pl\/index.php\/legenda-do-opisu-tloka-pieczetnego\/\" target=\"_blank\">Legenda<\/a> <\/p>\n<\/div>\n<\/div>\n\n\n\n<hr class=\"wp-block-separator has-alpha-channel-opacity\"\/>\n\n\n\n<div class=\"wp-block-columns is-layout-flex wp-container-core-columns-is-layout-9d6595d7 wp-block-columns-is-layout-flex\">\n<div class=\"wp-block-column is-layout-flow wp-block-column-is-layout-flow\" style=\"flex-basis:5%\"><\/div>\n\n\n\n<div class=\"wp-block-column is-vertically-aligned-center is-layout-flow wp-block-column-is-layout-flow\" style=\"flex-basis:23%\">\n<figure class=\"wp-block-gallery aligncenter has-nested-images columns-default is-cropped wp-block-gallery-2 is-layout-flex wp-block-gallery-is-layout-flex\">\n<figure class=\"wp-block-image size-full is-style-default\"><a href=\"https:\/\/sigillarium.pl\/wp-content\/uploads\/2023\/03\/Radycza-Soltys-pieczec-seal-petschaft-siegel-sceau-sigillarium.-1jpg..jpg\"><img loading=\"lazy\" decoding=\"async\" width=\"897\" height=\"960\" data-id=\"24733\" src=\"https:\/\/sigillarium.pl\/wp-content\/uploads\/2023\/03\/Radycza-Soltys-pieczec-seal-petschaft-siegel-sceau-sigillarium.-1jpg..jpg\" alt=\"\" class=\"wp-image-24733\" srcset=\"https:\/\/sigillarium.pl\/wp-content\/uploads\/2023\/03\/Radycza-Soltys-pieczec-seal-petschaft-siegel-sceau-sigillarium.-1jpg..jpg 897w, https:\/\/sigillarium.pl\/wp-content\/uploads\/2023\/03\/Radycza-Soltys-pieczec-seal-petschaft-siegel-sceau-sigillarium.-1jpg.-280x300.jpg 280w, https:\/\/sigillarium.pl\/wp-content\/uploads\/2023\/03\/Radycza-Soltys-pieczec-seal-petschaft-siegel-sceau-sigillarium.-1jpg.-768x822.jpg 768w\" sizes=\"auto, (max-width: 897px) 100vw, 897px\" \/><\/a><\/figure>\n<\/figure>\n<\/div>\n\n\n\n<div class=\"wp-block-column is-layout-flow wp-block-column-is-layout-flow\" style=\"flex-basis:1%\"><\/div>\n\n\n\n<div class=\"wp-block-column is-vertically-aligned-center is-layout-flow wp-block-column-is-layout-flow\" style=\"flex-basis:22%\"><div class=\"wp-block-image\">\n<figure class=\"aligncenter size-large is-resized\"><img loading=\"lazy\" decoding=\"async\" width=\"515\" height=\"1024\" src=\"https:\/\/sigillarium.pl\/wp-content\/uploads\/2023\/03\/Radycza-Soltys-uchwyt-pieczec-seal-petschaft-siegel-sceau-sigillarium.-1jpg.-515x1024.jpg\" alt=\"\" class=\"wp-image-24734\" style=\"width:170px;height:339px\" srcset=\"https:\/\/sigillarium.pl\/wp-content\/uploads\/2023\/03\/Radycza-Soltys-uchwyt-pieczec-seal-petschaft-siegel-sceau-sigillarium.-1jpg.-515x1024.jpg 515w, https:\/\/sigillarium.pl\/wp-content\/uploads\/2023\/03\/Radycza-Soltys-uchwyt-pieczec-seal-petschaft-siegel-sceau-sigillarium.-1jpg.-151x300.jpg 151w, https:\/\/sigillarium.pl\/wp-content\/uploads\/2023\/03\/Radycza-Soltys-uchwyt-pieczec-seal-petschaft-siegel-sceau-sigillarium.-1jpg..jpg 566w\" sizes=\"auto, (max-width: 515px) 100vw, 515px\" \/><\/figure>\n<\/div><\/div>\n\n\n\n<div class=\"wp-block-column is-layout-flow wp-block-column-is-layout-flow\" style=\"flex-basis:1%\"><\/div>\n\n\n\n<div class=\"wp-block-column is-layout-flow wp-block-column-is-layout-flow\" style=\"flex-basis:48%\">\n<style> td {font-size: 11px; color: black; font-family: Arial;} <\/style>\n<table style=\"width: 500px; height: 150px;\">\n\t<tbody><tr>\n\t\t<td style=\"background-color: #DDDDDD; width:6%; text-align: center; \"><b>1<\/b><\/td>\n\t\t<td style=\"padding-left: 8px;\">kolekcja prywatna<\/td>\n\t<\/tr>\n\t<tr>\n\t\t<td style=\"background-color: #DDDDDD; text-align: center; \"><b>2<\/b><\/td>\n<td style=\"background-color: #FFFF99; white-space: nowrap; padding-left: 8px;\"><b><big><big> <a href=\" https:\/\/pl.wikipedia.org\/wiki\/Radycza\"> RADYCZA<\/a><a> <\/a><\/big><\/big><a><br><big> So\u0142tys<\/big><\/a><\/b><\/td>\n\t<\/tr>\n\t<tr>\n\t\t<td style=\"background-color: #DDDDDD; text-align: center; \"><b>3a<\/b><\/td>\n\t\t<td style=\"padding-left: 8px;\">stop o\u0142owiu i cynku<\/td>\n\t<\/tr>\n\t<tr>\n\t\t<td style=\"background-color: #DDDDDD; text-align: center; \"><b>3b<\/b><\/td>\n\t\t<td style=\"padding-left: 8px;\"> drewno <\/td>\n\t<\/tr>\n\t<tr>\n\t\t<td style=\"background-color: #DDDDDD; text-align: center; \"><b>4<\/b><\/td>\n\t\t<td style=\"padding-left: 8px;\"> okr\u0105g\u0142a \u00d8 33 mm z wypustk\u0105 ponad kraw\u0119d\u017a <\/td>\n\t<\/tr>\n\t<tr>\n\t\t<td style=\"background-color: #DDDDDD; text-align: center; \"><b>5<\/b><\/td>\n\t\t<td style=\"padding-left: 8px;\">wypuk\u0142oryty<\/td>\n\t<\/tr>\n\t<tr>\n\t\t<td style=\"background-color: #DDDDDD; text-align: center; \"><b>6<\/b><\/td>\n<td style=\"padding-left: 8px;\">&#8211;<\/td>\n\t<\/tr>\n<tr>\n\t\t<td style=\"background-color: #DDDDDD; text-align: center; \"><b>7<\/b><\/td>\n<td style=\"padding-left: 8px;\"> uchwyt toczony o sp\u0142aszczonej ga\u0142ce<\/td>\n\t<\/tr>\n\t<tr>\n\t\t<td style=\"background-color: #DDDDDD; text-align: center; \"><b>7a<\/b><\/td>\n\t\t<td style=\"padding-left: 8px;\">87 mm<\/td>\n\t<\/tr>\n\t<tr>\n\t\t<td style=\"background-color: #DDDDDD; text-align: center; \"><b>7b<\/b><\/td>\n\t\t<td style=\"padding-left: 8px;\"> 80 mm, bez skuwki <\/td>\n\t<\/tr>\n\t<tr>\n\t\t<td style=\"background-color: #DDDDDD; text-align: center; \"><b>7c<\/b><\/td>\n\t\t<td style=\"padding-left: 8px;\"> 7 mm<\/td>\n\t<\/tr>\n\t<tr>\n\t\t<td style=\"background-color: #DDDDDD; text-align: center; \"><b>8<\/b><\/td>\n<td style=\"padding-left: 8px;\">&#8211;<\/td>\n\t<\/tr>\n\t<tr>\n\t\t<td style=\"background-color: #DDDDDD; text-align: center; \"><b>9a<\/b><\/td>\n\t\t<td style=\"padding-left: 8px;\">majusku\u0142a<\/td>\n\t<\/tr>\n\t<tr>\n\t\t<td style=\"background-color: #DDDDDD; text-align: center; \"><b>9b<\/b><\/td>\n<td style=\"padding-left: 8px;\"><br>w polu:<b> SO\u0141TYS \/\/ WSI RADYCZA \/\/ gm <i> (ina). <\/i> PACYNA *<\/b><br> w p\u00f3\u0142otoku dolnym: <b> pow <i> (iat).<\/i> GOSTY\u0143SKI<\/b><br><\/td> \n\t<\/tr><tr>\n\t\t<td style=\"background-color: #DDDDDD; text-align: center; \"><b>10<\/b><\/td>\n<td style=\"padding-left: 8px;\"><br><br> w polu piecz\u0119ci, w g\u00f3rnej cz\u0119\u015bci, wizerunek or\u0142a wystaj\u0105cy poza obrys okr\u0119gu wpisanego w pole matrycy, poni\u017cej napis w dw\u00f3ch wierszach. Na zewn\u0105trz, wok\u00f3\u0142 pola piecz\u0119ci, pojedyncze obrze\u017cenie ci\u0105g\u0142e.<\/td>\n<\/tr>\n\t<tr>\n\t\t<td style=\"background-color: #DDDDDD; text-align: center; \"><b>11<\/b><\/td>\n<td style=\"padding-left: 8px;\">podobna piecz\u0119\u0107 znajduje si\u0119 w zbiorach Muzeum Mazowieckiego w P\u0142ocku.<\/td>\n\t<\/tr>\n\t<tr>\n\t\t<td style=\"background-color: #DDDDDD; text-align: center; \"><b>12<\/b><\/td>\n<td style=\"padding-left: 8px;\">niska jako\u015b\u0107 wykonania matrycy<\/td>\n\t<\/tr>\n<\/tbody><\/table>\n\n\n\n<p class=\"has-small-font-size\"> <a rel=\"noreferrer noopener\" href=\"http:\/\/sigillarium.pl\/index.php\/legenda-do-opisu-tloka-pieczetnego\/\" target=\"_blank\">Legenda<\/a> <\/p>\n<\/div>\n<\/div>\n\n\n\n<hr class=\"wp-block-separator has-alpha-channel-opacity\"\/>\n\n\n\n<div class=\"wp-block-columns is-layout-flex wp-container-core-columns-is-layout-9d6595d7 wp-block-columns-is-layout-flex\">\n<div class=\"wp-block-column is-layout-flow wp-block-column-is-layout-flow\" style=\"flex-basis:5%\"><\/div>\n\n\n\n<div class=\"wp-block-column is-vertically-aligned-center is-layout-flow wp-block-column-is-layout-flow\" style=\"flex-basis:23%\">\n<figure class=\"wp-block-gallery aligncenter has-nested-images columns-default is-cropped wp-block-gallery-3 is-layout-flex wp-block-gallery-is-layout-flex\">\n<figure class=\"wp-block-image size-full is-style-default\"><a href=\"https:\/\/sigillarium.pl\/wp-content\/uploads\/2024\/05\/Sielce-Soltys-pieczec-2-seal-petschaft-siegel-sceau-cachet-sigillo-sigillarium.jpg\"><img loading=\"lazy\" decoding=\"async\" width=\"847\" height=\"972\" data-id=\"31519\" src=\"https:\/\/sigillarium.pl\/wp-content\/uploads\/2024\/05\/Sielce-Soltys-pieczec-2-seal-petschaft-siegel-sceau-cachet-sigillo-sigillarium.jpg\" alt=\"\" class=\"wp-image-31519\" srcset=\"https:\/\/sigillarium.pl\/wp-content\/uploads\/2024\/05\/Sielce-Soltys-pieczec-2-seal-petschaft-siegel-sceau-cachet-sigillo-sigillarium.jpg 847w, https:\/\/sigillarium.pl\/wp-content\/uploads\/2024\/05\/Sielce-Soltys-pieczec-2-seal-petschaft-siegel-sceau-cachet-sigillo-sigillarium-261x300.jpg 261w, https:\/\/sigillarium.pl\/wp-content\/uploads\/2024\/05\/Sielce-Soltys-pieczec-2-seal-petschaft-siegel-sceau-cachet-sigillo-sigillarium-768x881.jpg 768w\" sizes=\"auto, (max-width: 847px) 100vw, 847px\" \/><\/a><\/figure>\n<\/figure>\n<\/div>\n\n\n\n<div class=\"wp-block-column is-layout-flow wp-block-column-is-layout-flow\" style=\"flex-basis:1%\"><\/div>\n\n\n\n<div class=\"wp-block-column is-vertically-aligned-center is-layout-flow wp-block-column-is-layout-flow\" style=\"flex-basis:22%\"><div class=\"wp-block-image\">\n<figure class=\"aligncenter size-full is-resized\"><img loading=\"lazy\" decoding=\"async\" width=\"423\" height=\"921\" src=\"https:\/\/sigillarium.pl\/wp-content\/uploads\/2024\/05\/Sielce-Soltys-pieczec-uchwyt-seal-petschaft-siegel-sceau-cachet-sigillo-sigillarium.jpg\" alt=\"\" class=\"wp-image-31520\" style=\"aspect-ratio:0.5014749262536873;width:175px;height:auto\" srcset=\"https:\/\/sigillarium.pl\/wp-content\/uploads\/2024\/05\/Sielce-Soltys-pieczec-uchwyt-seal-petschaft-siegel-sceau-cachet-sigillo-sigillarium.jpg 423w, https:\/\/sigillarium.pl\/wp-content\/uploads\/2024\/05\/Sielce-Soltys-pieczec-uchwyt-seal-petschaft-siegel-sceau-cachet-sigillo-sigillarium-138x300.jpg 138w\" sizes=\"auto, (max-width: 423px) 100vw, 423px\" \/><\/figure>\n<\/div><\/div>\n\n\n\n<div class=\"wp-block-column is-layout-flow wp-block-column-is-layout-flow\" style=\"flex-basis:1%\"><\/div>\n\n\n\n<div class=\"wp-block-column is-layout-flow wp-block-column-is-layout-flow\" style=\"flex-basis:48%\">\n<style> td {font-size: 11px; color: black; font-family: Arial;} <\/style>\n<table style=\"width: 500px; height: 150px;\">\n\t<tbody><tr>\n\t\t<td style=\"background-color: #DDDDDD; width:6%; text-align: center; \"><b>1<\/b><\/td>\n\t\t<td style=\"padding-left: 8px;\">kolekcja prywatna<\/td>\n\t<\/tr>\n\t<tr>\n\t\t<td style=\"background-color: #DDDDDD; text-align: center; \"><b>2<\/b><\/td>\n<td style=\"background-color: #FFFF99; white-space: nowrap; padding-left: 8px;\"><b><big><big> <a href=\" https:\/\/pl.wikipedia.org\/wiki\/Sielce_(powiat_gostyni%C5%84ski)\">SIELCE<\/a><a> <\/a><\/big><\/big><a><br><big> So\u0142tys<\/big><\/a><\/b><\/td>\n\t<\/tr>\n\t<tr>\n\t\t<td style=\"background-color: #DDDDDD; text-align: center; \"><b>3a<\/b><\/td>\n\t\t<td style=\"padding-left: 8px;\">stop o\u0142owiu i cynku<\/td>\n\t<\/tr>\n\t<tr>\n\t\t<td style=\"background-color: #DDDDDD; text-align: center; \"><b>3b<\/b><\/td>\n\t\t<td style=\"padding-left: 8px;\"> drewno <\/td>\n\t<\/tr>\n\t<tr>\n\t\t<td style=\"background-color: #DDDDDD; text-align: center; \"><b>4<\/b><\/td>\n\t\t<td style=\"padding-left: 8px;\"> okr\u0105g\u0142a \u00d8 34 mm z wypustk\u0105 ponad kraw\u0119d\u017a <\/td>\n\t<\/tr>\n\t<tr>\n\t\t<td style=\"background-color: #DDDDDD; text-align: center; \"><b>5<\/b><\/td>\n\t\t<td style=\"padding-left: 8px;\">wypuk\u0142oryty<\/td>\n\t<\/tr>\n\t<tr>\n\t\t<td style=\"background-color: #DDDDDD; text-align: center; \"><b>6<\/b><\/td>\n<td style=\"padding-left: 8px;\">&#8211;<\/td>\n\t<\/tr>\n<tr>\n\t\t<td style=\"background-color: #DDDDDD; text-align: center; \"><b>7<\/b><\/td>\n<td style=\"padding-left: 8px;\"> uchwyt toczony o sp\u0142aszczonej ga\u0142ce<\/td>\n\t<\/tr>\n\t<tr>\n\t\t<td style=\"background-color: #DDDDDD; text-align: center; \"><b>7a<\/b><\/td>\n\t\t<td style=\"padding-left: 8px;\">87 mm<\/td>\n\t<\/tr>\n\t<tr>\n\t\t<td style=\"background-color: #DDDDDD; text-align: center; \"><b>7b<\/b><\/td>\n\t\t<td style=\"padding-left: 8px;\"> 80 mm, bez skuwki <\/td>\n\t<\/tr>\n\t<tr>\n\t\t<td style=\"background-color: #DDDDDD; text-align: center; \"><b>7c<\/b><\/td>\n\t\t<td style=\"padding-left: 8px;\"> 7 mm<\/td>\n\t<\/tr>\n\t<tr>\n\t\t<td style=\"background-color: #DDDDDD; text-align: center; \"><b>8<\/b><\/td>\n<td style=\"padding-left: 8px;\">&#8211;<\/td>\n\t<\/tr>\n\t<tr>\n\t\t<td style=\"background-color: #DDDDDD; text-align: center; \"><b>9a<\/b><\/td>\n\t\t<td style=\"padding-left: 8px;\">majusku\u0142a, minusku\u0142a<\/td>\n\t<\/tr>\n\t<tr>\n\t\t<td style=\"background-color: #DDDDDD; text-align: center; \"><b>9b<\/b><\/td>\n<td style=\"padding-left: 8px;\"><br>w polu:<b> SO\u0141TYS \/\/ wsi SIELCE \/\/ gm <i> (ina). <\/i> S\u0141UBICE *<\/b><br> w p\u00f3\u0142otoku dolnym: <b> pow <i> (iat).<\/i> GOSTY\u0143SKI<\/b><br><\/td> \n\t<\/tr><tr>\n\t\t<td style=\"background-color: #DDDDDD; text-align: center; \"><b>10<\/b><\/td>\n<td style=\"padding-left: 8px;\"><br><br> W polu piecz\u0119ci, w g\u00f3rnej cz\u0119\u015bci, wizerunek or\u0142a wystaj\u0105cy poza obrys okr\u0119gu wpisanego w pole matrycy, poni\u017cej napis w dw\u00f3ch wierszach. Na zewn\u0105trz, wok\u00f3\u0142 pola piecz\u0119ci, pojedyncze obrze\u017cenie ci\u0105g\u0142e.<\/td>\n<\/tr>\n\t<tr>\n\t\t<td style=\"background-color: #DDDDDD; text-align: center; \"><b>11<\/b><\/td>\n<td style=\"padding-left: 8px;\">podobna piecz\u0119\u0107 znajduje si\u0119 w zbiorach Muzeum Mazowieckiego w P\u0142ocku.<\/td>\n\t<\/tr>\n\t<tr>\n\t\t<td style=\"background-color: #DDDDDD; text-align: center; \"><b>12<\/b><\/td>\n<td style=\"padding-left: 8px;\">niska jako\u015b\u0107 wykonania matrycy<\/td>\n\t<\/tr>\n<\/tbody><\/table>\n\n\n\n<p class=\"has-small-font-size\"> <a rel=\"noreferrer noopener\" href=\"http:\/\/sigillarium.pl\/index.php\/legenda-do-opisu-tloka-pieczetnego\/\" target=\"_blank\">Legenda<\/a> <\/p>\n<\/div>\n<\/div>\n\n\n\n<hr class=\"wp-block-separator has-css-opacity\"\/>\n","protected":false},"excerpt":{"rendered":"<p>T\u0142oki zaprezentowano w kolejno\u015bci alfabetycznej wzgl\u0119dem nazwy miejscowo\u015bci przywo\u0142anej w legendzie t\u0142oka lub odtworzonej ze \u017ar\u00f3de\u0142 historycznych. 1 kolekcja prywatna 2 PIASKI So\u0142tys 3a stop o\u0142owiu i cynku 3b drewno&hellip; <\/p>\n","protected":false},"author":1,"featured_media":0,"parent":0,"menu_order":0,"comment_status":"closed","ping_status":"closed","template":"","meta":{"footnotes":""},"class_list":["post-437","page","type-page","status-publish","hentry"],"_links":{"self":[{"href":"https:\/\/sigillarium.pl\/index.php\/wp-json\/wp\/v2\/pages\/437","targetHints":{"allow":["GET"]}}],"collection":[{"href":"https:\/\/sigillarium.pl\/index.php\/wp-json\/wp\/v2\/pages"}],"about":[{"href":"https:\/\/sigillarium.pl\/index.php\/wp-json\/wp\/v2\/types\/page"}],"author":[{"embeddable":true,"href":"https:\/\/sigillarium.pl\/index.php\/wp-json\/wp\/v2\/users\/1"}],"replies":[{"embeddable":true,"href":"https:\/\/sigillarium.pl\/index.php\/wp-json\/wp\/v2\/comments?post=437"}],"version-history":[{"count":27,"href":"https:\/\/sigillarium.pl\/index.php\/wp-json\/wp\/v2\/pages\/437\/revisions"}],"predecessor-version":[{"id":31975,"href":"https:\/\/sigillarium.pl\/index.php\/wp-json\/wp\/v2\/pages\/437\/revisions\/31975"}],"wp:attachment":[{"href":"https:\/\/sigillarium.pl\/index.php\/wp-json\/wp\/v2\/media?parent=437"}],"curies":[{"name":"wp","href":"https:\/\/api.w.org\/{rel}","templated":true}]}}