{"id":458,"date":"2020-02-15T15:00:41","date_gmt":"2020-02-15T14:00:41","guid":{"rendered":"http:\/\/sigillarium.pl\/?page_id=458"},"modified":"2020-08-31T22:30:06","modified_gmt":"2020-08-31T20:30:06","slug":"pieczecie-urzednikow-panstwowych-polskiego-panstwa-podziemnego-1939-1944","status":"publish","type":"page","link":"https:\/\/sigillarium.pl\/index.php\/pieczecie-urzednikow-panstwowych-polskiego-panstwa-podziemnego-1939-1944\/","title":{"rendered":"Piecz\u0119cie urz\u0119dnik\u00f3w pa\u0144stwowych polskiego pa\u0144stwa podziemnego X 1939 &#8211; 1944"},"content":{"rendered":"\n<hr class=\"wp-block-separator\"\/>\n\n\n\n<p>Zapraszamy do zaprezentowania w tej sekcji obiekt\u00f3w z Pa\u0144stwa kolekcji (zbior\u00f3w).<br><\/p>\n\n\n\n<hr class=\"wp-block-separator\"\/>\n","protected":false},"excerpt":{"rendered":"<p>Zapraszamy do zaprezentowania w tej sekcji obiekt\u00f3w z Pa\u0144stwa kolekcji (zbior\u00f3w).<\/p>\n","protected":false},"author":1,"featured_media":0,"parent":0,"menu_order":0,"comment_status":"closed","ping_status":"closed","template":"","meta":{"footnotes":""},"class_list":["post-458","page","type-page","status-publish","hentry"],"_links":{"self":[{"href":"https:\/\/sigillarium.pl\/index.php\/wp-json\/wp\/v2\/pages\/458","targetHints":{"allow":["GET"]}}],"collection":[{"href":"https:\/\/sigillarium.pl\/index.php\/wp-json\/wp\/v2\/pages"}],"about":[{"href":"https:\/\/sigillarium.pl\/index.php\/wp-json\/wp\/v2\/types\/page"}],"author":[{"embeddable":true,"href":"https:\/\/sigillarium.pl\/index.php\/wp-json\/wp\/v2\/users\/1"}],"replies":[{"embeddable":true,"href":"https:\/\/sigillarium.pl\/index.php\/wp-json\/wp\/v2\/comments?post=458"}],"version-history":[{"count":6,"href":"https:\/\/sigillarium.pl\/index.php\/wp-json\/wp\/v2\/pages\/458\/revisions"}],"predecessor-version":[{"id":8600,"href":"https:\/\/sigillarium.pl\/index.php\/wp-json\/wp\/v2\/pages\/458\/revisions\/8600"}],"wp:attachment":[{"href":"https:\/\/sigillarium.pl\/index.php\/wp-json\/wp\/v2\/media?parent=458"}],"curies":[{"name":"wp","href":"https:\/\/api.w.org\/{rel}","templated":true}]}}