{"id":466,"date":"2020-02-15T15:10:51","date_gmt":"2020-02-15T14:10:51","guid":{"rendered":"http:\/\/sigillarium.pl\/?page_id=466"},"modified":"2021-10-19T18:52:47","modified_gmt":"2021-10-19T16:52:47","slug":"pieczecie-urzednikow-samorzadowych-1945-1989","status":"publish","type":"page","link":"https:\/\/sigillarium.pl\/index.php\/pieczecie-urzednikow-samorzadowych-1945-1989\/","title":{"rendered":"Piecz\u0119cie urz\u0119dnik\u00f3w samorz\u0105dowych (1945 &#8211; 1950)"},"content":{"rendered":"\n<hr class=\"wp-block-separator\"\/>\n\n\n\n<p>T\u0142oki zaprezentowano w kolejno\u015bci alfabetycznej wzgl\u0119dem nazwy miejscowo\u015bci przywo\u0142anej w legendzie t\u0142oka lub odtworzonej ze \u017ar\u00f3de\u0142 historycznych. <\/p>\n\n\n\n<hr class=\"wp-block-separator\"\/>\n\n\n\n<div class=\"wp-block-columns is-layout-flex wp-container-core-columns-is-layout-9d6595d7 wp-block-columns-is-layout-flex\">\n<div class=\"wp-block-column is-layout-flow wp-block-column-is-layout-flow\" style=\"flex-basis:5%\"><\/div>\n\n\n\n<div class=\"wp-block-column is-vertically-aligned-center is-layout-flow wp-block-column-is-layout-flow\" style=\"flex-basis:23%\">\n<figure class=\"wp-block-gallery aligncenter columns-1 is-cropped wp-block-gallery-1 is-layout-flex wp-block-gallery-is-layout-flex\"><ul class=\"blocks-gallery-grid\"><li class=\"blocks-gallery-item\"><figure><a href=\"http:\/\/sigillarium.pl\/wp-content\/uploads\/2020\/04\/P\u0142o\u0144sk-Pow-Lek-t\u0142ok.jpg\"><img loading=\"lazy\" decoding=\"async\" width=\"785\" height=\"774\" src=\"http:\/\/sigillarium.pl\/wp-content\/uploads\/2020\/04\/P\u0142o\u0144sk-Pow-Lek-t\u0142ok.jpg\" alt=\"\" data-id=\"3131\" class=\"wp-image-3131\" srcset=\"https:\/\/sigillarium.pl\/wp-content\/uploads\/2020\/04\/P\u0142o\u0144sk-Pow-Lek-t\u0142ok.jpg 785w, https:\/\/sigillarium.pl\/wp-content\/uploads\/2020\/04\/P\u0142o\u0144sk-Pow-Lek-t\u0142ok-300x296.jpg 300w, https:\/\/sigillarium.pl\/wp-content\/uploads\/2020\/04\/P\u0142o\u0144sk-Pow-Lek-t\u0142ok-768x757.jpg 768w\" sizes=\"auto, (max-width: 785px) 100vw, 785px\" \/><\/a><\/figure><\/li><\/ul><\/figure>\n<\/div>\n\n\n\n<div class=\"wp-block-column is-layout-flow wp-block-column-is-layout-flow\" style=\"flex-basis:1%\"><\/div>\n\n\n\n<div class=\"wp-block-column is-vertically-aligned-center is-layout-flow wp-block-column-is-layout-flow\" style=\"flex-basis:22%\">\n<div class=\"wp-block-image\"><figure class=\"aligncenter size-large is-resized\"><img loading=\"lazy\" decoding=\"async\" src=\"http:\/\/sigillarium.pl\/wp-content\/uploads\/2020\/04\/P\u0142o\u0144sk-Pow-Lek-uchwyt.jpg\" alt=\"\" class=\"wp-image-3128\" width=\"163\" height=\"378\"\/><\/figure><\/div>\n<\/div>\n\n\n\n<div class=\"wp-block-column is-layout-flow wp-block-column-is-layout-flow\" style=\"flex-basis:1%\"><\/div>\n\n\n\n<div class=\"wp-block-column is-layout-flow wp-block-column-is-layout-flow\" style=\"flex-basis:48%\">\n<style> td {font-size: 11px; color: black; font-family: Arial;} <\/style>\n<table style=\"width: 500px; height: 150px;\">\n\t<tbody><tr>\n\t\t<td style=\"background-color: #DDDDDD; width:6%; text-align: center; \"><b>1<\/b><\/td>\n\t\t<td style=\"padding-left: 8px;\">kolekcja prywatna<\/td>\n\t<\/tr>\n\t<tr>\n\t\t<td style=\"background-color: #DDDDDD; text-align: center; \"><b>2<\/b><\/td>\n<td style=\"background-color: #FFFF99; white-space: nowrap; padding-left: 8px;\"><b><big><big><a href=\"https:\/\/pl.wikipedia.org\/wiki\/P%C5%82o%C5%84sk\"> P\u0141O\u0143SK<\/a><\/big><\/big><\/b><br><b><big>Powiatowy lekarz weterynarii<\/big><\/b><\/td>\n\t<\/tr>\n\t<tr>\n\t\t<td style=\"background-color: #DDDDDD; text-align: center; \"><b>3a<\/b><\/td>\n\t\t<td style=\"padding-left: 8px;\">mosi\u0105dz<\/td>\n\t<\/tr>\n\t<tr>\n\t\t<td style=\"background-color: #DDDDDD; text-align: center; \"><b>3b<\/b><\/td>\n\t\t<td style=\"padding-left: 8px;\"> drewno <\/td>\n\t<\/tr>\n\t<tr>\n\t\t<td style=\"background-color: #DDDDDD; text-align: center; \"><b>4<\/b><\/td>\n\t\t<td style=\"padding-left: 8px;\">okr\u0105g\u0142a \u00d8 36 mm<\/td>\n\t<\/tr>\n\t<tr>\n\t\t<td style=\"background-color: #DDDDDD; text-align: center; \"><b>5<\/b><\/td>\n\t\t<td style=\"padding-left: 8px;\">wypuk\u0142oryty<\/td>\n\t<\/tr>\n\t<tr>\n\t\t<td style=\"background-color: #DDDDDD; text-align: center; \"><b>6<\/b><\/td>\n<td style=\"padding-left: 8px;\"> na rancie numer grawera 4 <\/td>\n\t<\/tr>\n<tr>\n\t\t<td style=\"background-color: #DDDDDD; text-align: center; \"><b>7<\/b><\/td>\n<td style=\"padding-left: 8px;\"> uchwyt toczony o kulistej ga\u0142ce<\/td>\n\t<\/tr>\n\t<tr>\n\t\t<td style=\"background-color: #DDDDDD; text-align: center; \"><b>7a<\/b><\/td>\n\t\t<td style=\"padding-left: 8px;\">100 mm<\/td>\n\t<\/tr>\n\t<tr>\n\t\t<td style=\"background-color: #DDDDDD; text-align: center; \"><b>7b<\/b><\/td>\n\t\t<td style=\"padding-left: 8px;\">89 mm, w tym skuwka 7,5 mm <\/td>\n\t<\/tr>\n\t<tr>\n\t\t<td style=\"background-color: #DDDDDD; text-align: center; \"><b>7c<\/b><\/td>\n\t\t<td style=\"padding-left: 8px;\">11 mm<\/td>\n\t<\/tr>\n\t<tr>\n\t\t<td style=\"background-color: #DDDDDD; text-align: center; \"><b>8<\/b><\/td>\n<td style=\"padding-left: 8px;\">na ga\u0142ce uchwytu znacznik prawid\u0142owego ustawienia t\u0142oka (pineska)<\/td>\n\t<\/tr>\n\t<tr>\n\t\t<td style=\"background-color: #DDDDDD; text-align: center; \"><b>9a<\/b><\/td>\n\t\t<td style=\"padding-left: 8px;\">majusku\u0142a<\/td>\n\t<\/tr>\n\t<tr>\n\t\t<td style=\"background-color: #DDDDDD; text-align: center; \"><b>9b<\/b><\/td>\n<td style=\"padding-left: 8px;\"><br> w p\u00f3\u0142otoku g\u00f3rnym:  <b><big>*<\/big>  STAROSTWO  POW.  <i>(iatowe)<\/i>  P\u0141O\u0143SKIE <big>*<\/big> <br><\/b> w p\u00f3\u0142otoku dolnym:<b> POW.  <i>(iatowy)<\/i>  LEKARZ  WETERYNARII<\/b><br><br><\/td> \n\t<\/tr>\n\t<tr>\n\t\t<td style=\"background-color: #DDDDDD; text-align: center; \"><b>10<\/b><\/td>\n<td style=\"padding-left: 8px;\"> W polu piecz\u0119ci, oddzielonym od pola legendy obrze\u017ceniem ci\u0105g\u0142ym, wizerunek or\u0142a w koronie, ustalony dla god\u0142a herbu Rzeczypospolitej Polskiej w grudniu 1927 r. , uszczerbiony w Mennicy przez odj\u0119cie korony. Na zewn\u0105trz, wok\u00f3\u0142 pola legendy, pojedyncze obrze\u017cenie ci\u0105g\u0142e. <\/td>\n<\/tr>\n\t<tr>\n\t\t<td style=\"background-color: #DDDDDD; text-align: center; \"><b>11<\/b><\/td>\n<td style=\"padding-left: 8px;\">&#8211;<\/td>\n\t<\/tr>\n\t<tr>\n<td style=\"background-color: #DDDDDD; text-align: center; \"><b>12<\/b><\/td>\n<td style=\"padding-left: 8px;\">Na odwrocie matrycy nr ewidencyjny 24 784, sygnatura wytw\u00f3rcy: orze\u0142 i herb Ko\u015bciesza, mi\u0119dzy nimi napis: MENNICA \/\/ PA\u0143STWOWA <\/td>\n\t<\/tr>\n<\/tbody><\/table>\n\n\n\n<p class=\"has-small-font-size\"> <a rel=\"noreferrer noopener\" href=\"http:\/\/sigillarium.pl\/index.php\/legenda-do-opisu-tloka-pieczetnego\/\" target=\"_blank\">Legenda<\/a>  <\/p>\n<\/div>\n<\/div>\n\n\n\n<hr class=\"wp-block-separator\"\/>\n","protected":false},"excerpt":{"rendered":"<p>T\u0142oki zaprezentowano w kolejno\u015bci alfabetycznej wzgl\u0119dem nazwy miejscowo\u015bci przywo\u0142anej w legendzie t\u0142oka lub odtworzonej ze \u017ar\u00f3de\u0142 historycznych. 1 kolekcja prywatna 2 P\u0141O\u0143SKPowiatowy lekarz weterynarii 3a mosi\u0105dz 3b drewno 4 okr\u0105g\u0142a&hellip; <\/p>\n","protected":false},"author":1,"featured_media":0,"parent":0,"menu_order":0,"comment_status":"closed","ping_status":"closed","template":"","meta":{"footnotes":""},"class_list":["post-466","page","type-page","status-publish","hentry"],"_links":{"self":[{"href":"https:\/\/sigillarium.pl\/index.php\/wp-json\/wp\/v2\/pages\/466","targetHints":{"allow":["GET"]}}],"collection":[{"href":"https:\/\/sigillarium.pl\/index.php\/wp-json\/wp\/v2\/pages"}],"about":[{"href":"https:\/\/sigillarium.pl\/index.php\/wp-json\/wp\/v2\/types\/page"}],"author":[{"embeddable":true,"href":"https:\/\/sigillarium.pl\/index.php\/wp-json\/wp\/v2\/users\/1"}],"replies":[{"embeddable":true,"href":"https:\/\/sigillarium.pl\/index.php\/wp-json\/wp\/v2\/comments?post=466"}],"version-history":[{"count":24,"href":"https:\/\/sigillarium.pl\/index.php\/wp-json\/wp\/v2\/pages\/466\/revisions"}],"predecessor-version":[{"id":16452,"href":"https:\/\/sigillarium.pl\/index.php\/wp-json\/wp\/v2\/pages\/466\/revisions\/16452"}],"wp:attachment":[{"href":"https:\/\/sigillarium.pl\/index.php\/wp-json\/wp\/v2\/media?parent=466"}],"curies":[{"name":"wp","href":"https:\/\/api.w.org\/{rel}","templated":true}]}}