{"id":4721,"date":"2020-06-11T14:47:31","date_gmt":"2020-06-11T12:47:31","guid":{"rendered":"http:\/\/sigillarium.pl\/?page_id=4721"},"modified":"2023-10-15T19:40:33","modified_gmt":"2023-10-15T17:40:33","slug":"w-kotlinie-klodzkiej","status":"publish","type":"page","link":"https:\/\/sigillarium.pl\/index.php\/w-kotlinie-klodzkiej\/","title":{"rendered":"K\u0142odzko i jego piecz\u0119cie"},"content":{"rendered":"\n<hr class=\"wp-block-separator has-css-opacity\"\/>\n\n\n\n<p><p style=\"text-align: justify\">&nbsp;&nbsp;&nbsp;&nbsp;Wje\u017cd\u017caj\u0105c do K\u0142odzka, dostrzega si\u0119 w pierwszym momencie g\u00f3ruj\u0105c\u0105 nad miastem pot\u0119\u017cn\u0105 twierdz\u0119 i le\u017c\u0105ce przy jej stokach stare miasto. Wiele budynk\u00f3w ozdobionych jest renesansowymi detalami i co krok mo\u017cna natrafi\u0107 na ma\u0142e arcydzie\u0142a kunsztu dawnych mistrz\u00f3w kamieniarskich: gryfy, personifikacje cn\u00f3t, portale strze\u017cone przez smoki, czy postacie \u015bw. Katarzyny albo \u015bw. Barbary. Ciekawostk\u0105 jest pochodz\u0105cy z XIV w. kamienny tr\u00f3jprz\u0119s\u0142owy most gotycki, b\u0119d\u0105cy miniaturow\u0105 kopi\u0105 praskiego mostu Karola. Znajdziemy w\u015br\u00f3d ozdabiaj\u0105cych go element\u00f3w XVII &#8211; wieczne figury \u015bwi\u0119tych, w sze\u015bciu grupach, z Janem Nepomucenem i Wac\u0142awem. W tysi\u0105cletnim K\u0142odzku skupia si\u0119 wi\u0119c charakter ca\u0142ego regionu.<\/p>\n\n\n\n<div style=\"height:32px\" aria-hidden=\"true\" class=\"wp-block-spacer\"><\/div>\n\n\n\n<div class=\"wp-block-columns is-layout-flex wp-container-core-columns-is-layout-9d6595d7 wp-block-columns-is-layout-flex\">\n<div class=\"wp-block-column is-layout-flow wp-block-column-is-layout-flow\" style=\"flex-basis:5%\"><\/div>\n\n\n\n<div class=\"wp-block-column is-layout-flow wp-block-column-is-layout-flow\"><div class=\"wp-block-image\">\n<figure class=\"aligncenter size-large\"><img loading=\"lazy\" decoding=\"async\" width=\"1024\" height=\"678\" src=\"http:\/\/sigillarium.pl\/wp-content\/uploads\/2020\/06\/DSC_9625-1024x678.jpg\" alt=\"\" class=\"wp-image-5224\" srcset=\"https:\/\/sigillarium.pl\/wp-content\/uploads\/2020\/06\/DSC_9625-1024x678.jpg 1024w, https:\/\/sigillarium.pl\/wp-content\/uploads\/2020\/06\/DSC_9625-300x199.jpg 300w, https:\/\/sigillarium.pl\/wp-content\/uploads\/2020\/06\/DSC_9625-768x509.jpg 768w, https:\/\/sigillarium.pl\/wp-content\/uploads\/2020\/06\/DSC_9625-1536x1017.jpg 1536w, https:\/\/sigillarium.pl\/wp-content\/uploads\/2020\/06\/DSC_9625-2048x1356.jpg 2048w\" sizes=\"auto, (max-width: 1024px) 100vw, 1024px\" \/><\/figure>\n<\/div>\n\n\n<p class=\"has-text-align-center\">Il. 1. Fragment panoramy miasta widocznej z twierdzy<br>(fot. M. Kopniak)<\/p>\n<\/div>\n\n\n\n<div class=\"wp-block-column is-layout-flow wp-block-column-is-layout-flow\" style=\"flex-basis:5%\"><\/div>\n\n\n\n<div class=\"wp-block-column is-layout-flow wp-block-column-is-layout-flow\"><div class=\"wp-block-image\">\n<figure class=\"aligncenter size-large\"><img loading=\"lazy\" decoding=\"async\" width=\"1024\" height=\"678\" src=\"http:\/\/sigillarium.pl\/wp-content\/uploads\/2020\/06\/K\u0142odzko-widok-na-twierdze-i-miasto-1024x678.jpg\" alt=\"\" class=\"wp-image-5225\" srcset=\"https:\/\/sigillarium.pl\/wp-content\/uploads\/2020\/06\/K\u0142odzko-widok-na-twierdze-i-miasto-1024x678.jpg 1024w, https:\/\/sigillarium.pl\/wp-content\/uploads\/2020\/06\/K\u0142odzko-widok-na-twierdze-i-miasto-300x199.jpg 300w, https:\/\/sigillarium.pl\/wp-content\/uploads\/2020\/06\/K\u0142odzko-widok-na-twierdze-i-miasto-768x508.jpg 768w, https:\/\/sigillarium.pl\/wp-content\/uploads\/2020\/06\/K\u0142odzko-widok-na-twierdze-i-miasto-1536x1017.jpg 1536w, https:\/\/sigillarium.pl\/wp-content\/uploads\/2020\/06\/K\u0142odzko-widok-na-twierdze-i-miasto.jpg 1737w\" sizes=\"auto, (max-width: 1024px) 100vw, 1024px\" \/><\/figure>\n<\/div>\n\n\n<p class=\"has-text-align-center\">Il. 2. Mury twierdzy wybudowanej w latach (1680 &#8211; 1702) i cz\u0119\u015b\u0107 miasta (fot. M. Kopniak)<\/p>\n<\/div>\n\n\n\n<div class=\"wp-block-column is-layout-flow wp-block-column-is-layout-flow\" style=\"flex-basis:5%\"><\/div>\n<\/div>\n\n\n\n<div class=\"wp-block-columns is-layout-flex wp-container-core-columns-is-layout-9d6595d7 wp-block-columns-is-layout-flex\">\n<div class=\"wp-block-column is-layout-flow wp-block-column-is-layout-flow\" style=\"flex-basis:5%\"><\/div>\n\n\n\n<div class=\"wp-block-column is-layout-flow wp-block-column-is-layout-flow\"><div class=\"wp-block-image\">\n<figure class=\"aligncenter size-large is-resized\"><img loading=\"lazy\" decoding=\"async\" width=\"1024\" height=\"767\" src=\"http:\/\/sigillarium.pl\/wp-content\/uploads\/2020\/06\/K\u0142odzko-detale-architektoniczne-1024x767.jpg\" alt=\"\" class=\"wp-image-5226\" style=\"width:441px;height:329px\" srcset=\"https:\/\/sigillarium.pl\/wp-content\/uploads\/2020\/06\/K\u0142odzko-detale-architektoniczne-1024x767.jpg 1024w, https:\/\/sigillarium.pl\/wp-content\/uploads\/2020\/06\/K\u0142odzko-detale-architektoniczne-300x225.jpg 300w, https:\/\/sigillarium.pl\/wp-content\/uploads\/2020\/06\/K\u0142odzko-detale-architektoniczne-768x575.jpg 768w, https:\/\/sigillarium.pl\/wp-content\/uploads\/2020\/06\/K\u0142odzko-detale-architektoniczne-1536x1150.jpg 1536w, https:\/\/sigillarium.pl\/wp-content\/uploads\/2020\/06\/K\u0142odzko-detale-architektoniczne.jpg 1633w\" sizes=\"auto, (max-width: 1024px) 100vw, 1024px\" \/><\/figure>\n<\/div>\n\n\n<p class=\"has-text-align-center\">Il. 3. Elementy dekoracyjne fasad budynk\u00f3w<br>(fot. M. Kopniak)<\/p>\n<\/div>\n\n\n\n<div class=\"wp-block-column is-layout-flow wp-block-column-is-layout-flow\" style=\"flex-basis:5%\"><\/div>\n\n\n\n<div class=\"wp-block-column is-layout-flow wp-block-column-is-layout-flow\"><div class=\"wp-block-image\">\n<figure class=\"aligncenter size-large is-resized\"><img loading=\"lazy\" decoding=\"async\" width=\"1024\" height=\"679\" src=\"http:\/\/sigillarium.pl\/wp-content\/uploads\/2020\/06\/K\u0142odzko-most-1024x679.jpg\" alt=\"\" class=\"wp-image-5227\" style=\"width:497px;height:329px\" srcset=\"https:\/\/sigillarium.pl\/wp-content\/uploads\/2020\/06\/K\u0142odzko-most-1024x679.jpg 1024w, https:\/\/sigillarium.pl\/wp-content\/uploads\/2020\/06\/K\u0142odzko-most-300x199.jpg 300w, https:\/\/sigillarium.pl\/wp-content\/uploads\/2020\/06\/K\u0142odzko-most-768x509.jpg 768w, https:\/\/sigillarium.pl\/wp-content\/uploads\/2020\/06\/K\u0142odzko-most-1536x1018.jpg 1536w, https:\/\/sigillarium.pl\/wp-content\/uploads\/2020\/06\/K\u0142odzko-most.jpg 1736w\" sizes=\"auto, (max-width: 1024px) 100vw, 1024px\" \/><\/figure>\n<\/div>\n\n\n<p class=\"has-text-align-center\">Il. 4. Fragment tr\u00f3jprz\u0119s\u0142owego mostu gotyckiego z XIV w.<br>(fot. M. Kopniak)<\/p>\n<\/div>\n\n\n\n<div class=\"wp-block-column is-layout-flow wp-block-column-is-layout-flow\" style=\"flex-basis:5%\"><\/div>\n<\/div>\n\n\n\n<p><p style=\"text-align: justify\">&nbsp;&nbsp;&nbsp;&nbsp;Kiedy dok\u0142adnie miasto zosta\u0142o lokowane nie wiadomo, poniewa\u017c nie zachowa\u0142 si\u0119 \u017caden dokument w tym zakresie. Niekt\u00f3rzy historycy uwa\u017caj\u0105 jednak, \u017ce mog\u0142o to nast\u0105pi\u0107 ju\u017c w 1223 r. Herb przedstawiaj\u0105cy lwa z dwoma ogonami zosta\u0142 nadany miastu dopiero za panowania Przemys\u0142awa Ottokara (1253&nbsp; &#8211; 1278). Warto dodatkowo wspomnie\u0107, \u017ce pierwszy gr\u00f3d istnia\u0142 tutaj ju\u017c pod koniec X wieku i nale\u017ca\u0142 do suwerennego pa\u0144stwa libickiego, kt\u00f3rego w\u0142adc\u0105 by\u0142 S\u0142awnik, ojciec \u015bw. Wojciecha. Natomiast od 1310 r. w mie\u015bcie szko\u0142\u0119 parafialn\u0105 prowadzili joannici, a jej najwybitniejszym uczniem by\u0142 Arnoszt z Pardubic, p\u00f3\u017aniejszy pierwszy arcybiskup praski i pierwszy kanclerz Uniwersytetu w Pradze. To on w 1349, pe\u0142ni\u0105c ju\u017c funkcj\u0119 arcybiskupa, sprowadzi\u0142 do K\u0142odzka augustian\u00f3w i ufundowa\u0142 klasztor oraz kolegiat\u0119 na G\u00f3rze Zamkowej. W jego skryptorium powsta\u0142 prawdopodobnie Psa\u0142terz floria\u0144ski.<\/p>\n\n\n\n<div style=\"height:40px\" aria-hidden=\"true\" class=\"wp-block-spacer\"><\/div>\n\n\n\n<div class=\"wp-block-columns is-layout-flex wp-container-core-columns-is-layout-9d6595d7 wp-block-columns-is-layout-flex\">\n<div class=\"wp-block-column is-layout-flow wp-block-column-is-layout-flow\" style=\"flex-basis:5%\"><\/div>\n\n\n\n<div class=\"wp-block-column is-layout-flow wp-block-column-is-layout-flow\" style=\"flex-basis:35%\"><div class=\"wp-block-image\">\n<figure class=\"aligncenter size-large is-resized\"><img loading=\"lazy\" decoding=\"async\" width=\"584\" height=\"815\" src=\"http:\/\/sigillarium.pl\/wp-content\/uploads\/2020\/06\/K\u0142odzko-Arnoszt-z-Pardubic-2.jpg\" alt=\"\" class=\"wp-image-5231\" style=\"width:268px;height:371px\" srcset=\"https:\/\/sigillarium.pl\/wp-content\/uploads\/2020\/06\/K\u0142odzko-Arnoszt-z-Pardubic-2.jpg 584w, https:\/\/sigillarium.pl\/wp-content\/uploads\/2020\/06\/K\u0142odzko-Arnoszt-z-Pardubic-2-215x300.jpg 215w\" sizes=\"auto, (max-width: 584px) 100vw, 584px\" \/><\/figure>\n<\/div>\n\n\n<p class=\"has-text-align-center\">Il. 5. Piecz\u0119\u0107 Arnoszta z Pardubic (1297 &#8211; 1364)<br>(fot. M. Kopniak)<\/p>\n<\/div>\n\n\n\n<div class=\"wp-block-column is-layout-flow wp-block-column-is-layout-flow\" style=\"flex-basis:7%\"><\/div>\n\n\n\n<div class=\"wp-block-column is-layout-flow wp-block-column-is-layout-flow\" style=\"flex-basis:45%\"><div class=\"wp-block-image\">\n<figure class=\"aligncenter size-large is-resized\"><img loading=\"lazy\" decoding=\"async\" width=\"1024\" height=\"699\" src=\"http:\/\/sigillarium.pl\/wp-content\/uploads\/2020\/06\/K\u0142odzko-ko\u015bci\u00f3\u0142-1024x699.jpg\" alt=\"\" class=\"wp-image-5262\" style=\"width:652px;height:445px\" srcset=\"https:\/\/sigillarium.pl\/wp-content\/uploads\/2020\/06\/K\u0142odzko-ko\u015bci\u00f3\u0142-1024x699.jpg 1024w, https:\/\/sigillarium.pl\/wp-content\/uploads\/2020\/06\/K\u0142odzko-ko\u015bci\u00f3\u0142-300x205.jpg 300w, https:\/\/sigillarium.pl\/wp-content\/uploads\/2020\/06\/K\u0142odzko-ko\u015bci\u00f3\u0142-768x524.jpg 768w, https:\/\/sigillarium.pl\/wp-content\/uploads\/2020\/06\/K\u0142odzko-ko\u015bci\u00f3\u0142-1536x1049.jpg 1536w, https:\/\/sigillarium.pl\/wp-content\/uploads\/2020\/06\/K\u0142odzko-ko\u015bci\u00f3\u0142.jpg 1711w\" sizes=\"auto, (max-width: 1024px) 100vw, 1024px\" \/><\/figure>\n<\/div>\n\n\n<p class=\"has-text-align-center\">Il. 6. Brama z grup\u0105 rze\u017abiarsk\u0105 z XVIII w. prowadz\u0105ca do ko\u015bcio\u0142a Wniebowzi\u0119cia NMP, ufundowanego testamentem bp. Arnoszta z Pardubic (fot. M. Kopniak)<\/p>\n<\/div>\n\n\n\n<div class=\"wp-block-column is-layout-flow wp-block-column-is-layout-flow\" style=\"flex-basis:5%\"><\/div>\n<\/div>\n\n\n\n<p><p style=\"text-align: justify\">&nbsp;&nbsp;&nbsp;&nbsp;Nieopodal podn\u00f3\u017ca twierdzy, kt\u00f3ra by\u0142a ostatni raz oblegana podczas wojen napoleo\u0144skich w 1807 r., przy ul. \u0141ukasiewicza 4, w budynku dawnego konwiktu jezuickiego, swoj\u0105 siedzib\u0119 ma Muzeum Ziemi K\u0142odzkiej. Na ekspozycji po\u015br\u00f3d wielu interesuj\u0105cych zabytk\u00f3w z r\u00f3\u017cnych okres\u00f3w znajduje si\u0119 tak\u017ce kilka t\u0142ok\u00f3w piecz\u0119tnych, w tym t\u0142ok wielkiej piecz\u0119ci miasta K\u0142odzka z XIII w. wykonany z br\u0105zu. W grupie pozosta\u0142ych eksponat\u00f3w nale\u017cy wymieni\u0107 t\u0142oki: cechu rze\u017anik\u00f3w z dat\u0105 1574 (wykonany w srebrze), cechu gwo\u017adziarzy i igielnik\u00f3w z XVI w., cechu bia\u0142osk\u00f3rnik\u00f3w z dat\u0105 1622, a tak\u017ce t\u0142ok s\u0105du z dat\u0105 1550.<\/p>\n\n\n\n<div style=\"height:43px\" aria-hidden=\"true\" class=\"wp-block-spacer\"><\/div>\n\n\n\n<div class=\"wp-block-columns is-layout-flex wp-container-core-columns-is-layout-9d6595d7 wp-block-columns-is-layout-flex\">\n<div class=\"wp-block-column is-layout-flow wp-block-column-is-layout-flow\" style=\"flex-basis:7%\"><\/div>\n\n\n\n<div class=\"wp-block-column is-layout-flow wp-block-column-is-layout-flow\">\n<div class=\"wp-block-columns is-layout-flex wp-container-core-columns-is-layout-9d6595d7 wp-block-columns-is-layout-flex\">\n<div class=\"wp-block-column is-layout-flow wp-block-column-is-layout-flow\">\n<figure class=\"wp-block-gallery aligncenter has-nested-images columns-default is-cropped wp-block-gallery-1 is-layout-flex wp-block-gallery-is-layout-flex\">\n<figure class=\"wp-block-image size-full\"><a href=\"https:\/\/sigillarium.pl\/wp-content\/uploads\/2020\/06\/K\u0142odzko-piecz\u0119\u0107-1.jpg\"><img loading=\"lazy\" decoding=\"async\" width=\"489\" height=\"493\" data-id=\"5236\" src=\"https:\/\/sigillarium.pl\/wp-content\/uploads\/2020\/06\/K\u0142odzko-piecz\u0119\u0107-1.jpg\" alt=\"\" class=\"wp-image-5236\" srcset=\"https:\/\/sigillarium.pl\/wp-content\/uploads\/2020\/06\/K\u0142odzko-piecz\u0119\u0107-1.jpg 489w, https:\/\/sigillarium.pl\/wp-content\/uploads\/2020\/06\/K\u0142odzko-piecz\u0119\u0107-1-298x300.jpg 298w, https:\/\/sigillarium.pl\/wp-content\/uploads\/2020\/06\/K\u0142odzko-piecz\u0119\u0107-1-150x150.jpg 150w\" sizes=\"auto, (max-width: 489px) 100vw, 489px\" \/><\/a><\/figure>\n<\/figure>\n\n\n\n<p class=\"has-text-align-center\">Il. 7. T\u0142ok piecz\u0119tny s\u0105du, 1550 r.<br>(fot. M. Kopniak)<\/p>\n<\/div>\n\n\n\n<div class=\"wp-block-column is-layout-flow wp-block-column-is-layout-flow\" style=\"flex-basis:7%\"><\/div>\n\n\n\n<div class=\"wp-block-column is-layout-flow wp-block-column-is-layout-flow\">\n<figure class=\"wp-block-gallery has-nested-images columns-default is-cropped wp-block-gallery-2 is-layout-flex wp-block-gallery-is-layout-flex\">\n<figure class=\"wp-block-image size-full\"><a href=\"https:\/\/sigillarium.pl\/wp-content\/uploads\/2020\/06\/K\u0142odzko-piecz\u0119\u0107-8.jpg\"><img loading=\"lazy\" decoding=\"async\" width=\"981\" height=\"986\" data-id=\"5235\" src=\"https:\/\/sigillarium.pl\/wp-content\/uploads\/2020\/06\/K\u0142odzko-piecz\u0119\u0107-8.jpg\" alt=\"\" class=\"wp-image-5235\" srcset=\"https:\/\/sigillarium.pl\/wp-content\/uploads\/2020\/06\/K\u0142odzko-piecz\u0119\u0107-8.jpg 981w, https:\/\/sigillarium.pl\/wp-content\/uploads\/2020\/06\/K\u0142odzko-piecz\u0119\u0107-8-298x300.jpg 298w, https:\/\/sigillarium.pl\/wp-content\/uploads\/2020\/06\/K\u0142odzko-piecz\u0119\u0107-8-150x150.jpg 150w, https:\/\/sigillarium.pl\/wp-content\/uploads\/2020\/06\/K\u0142odzko-piecz\u0119\u0107-8-768x772.jpg 768w\" sizes=\"auto, (max-width: 981px) 100vw, 981px\" \/><\/a><\/figure>\n<\/figure>\n\n\n\n<p class=\"has-text-align-center\">Il. 8. T\u0142ok piecz\u0119tny wielkiej piecz\u0119ci miasta K\u0142odzka, XIII w. <br>(fot. M. Kopniak)<\/p>\n<\/div>\n\n\n\n<div class=\"wp-block-column is-layout-flow wp-block-column-is-layout-flow\" style=\"flex-basis:7%\"><\/div>\n\n\n\n<div class=\"wp-block-column is-layout-flow wp-block-column-is-layout-flow\">\n<figure class=\"wp-block-gallery aligncenter has-nested-images columns-default is-cropped wp-block-gallery-3 is-layout-flex wp-block-gallery-is-layout-flex\">\n<figure class=\"wp-block-image size-full\"><a href=\"https:\/\/sigillarium.pl\/wp-content\/uploads\/2020\/06\/K\u0142odzko-piecz\u0119\u0107-3.jpg\"><img loading=\"lazy\" decoding=\"async\" width=\"500\" height=\"493\" data-id=\"5237\" src=\"https:\/\/sigillarium.pl\/wp-content\/uploads\/2020\/06\/K\u0142odzko-piecz\u0119\u0107-3.jpg\" alt=\"\" class=\"wp-image-5237\" srcset=\"https:\/\/sigillarium.pl\/wp-content\/uploads\/2020\/06\/K\u0142odzko-piecz\u0119\u0107-3.jpg 500w, https:\/\/sigillarium.pl\/wp-content\/uploads\/2020\/06\/K\u0142odzko-piecz\u0119\u0107-3-300x296.jpg 300w\" sizes=\"auto, (max-width: 500px) 100vw, 500px\" \/><\/a><\/figure>\n<\/figure>\n\n\n\n<p class=\"has-text-align-center\">Il. 9. T\u0142ok piecz\u0119tny cechu gwo\u017adziarzy i igielnik\u00f3w, XVI w. <br>(fot. M. Kopniak)<\/p>\n<\/div>\n<\/div>\n\n\n\n<p><\/p>\n<\/div>\n\n\n\n<div class=\"wp-block-column is-layout-flow wp-block-column-is-layout-flow\" style=\"flex-basis:7%\"><\/div>\n<\/div>\n\n\n\n<div class=\"wp-block-columns is-layout-flex wp-container-core-columns-is-layout-9d6595d7 wp-block-columns-is-layout-flex\">\n<div class=\"wp-block-column is-layout-flow wp-block-column-is-layout-flow\" style=\"flex-basis:7%\"><\/div>\n\n\n\n<div class=\"wp-block-column is-layout-flow wp-block-column-is-layout-flow\">\n<div class=\"wp-block-columns is-layout-flex wp-container-core-columns-is-layout-9d6595d7 wp-block-columns-is-layout-flex\">\n<div class=\"wp-block-column is-layout-flow wp-block-column-is-layout-flow\">\n<figure class=\"wp-block-gallery aligncenter has-nested-images columns-default is-cropped wp-block-gallery-4 is-layout-flex wp-block-gallery-is-layout-flex\">\n<figure class=\"wp-block-image size-full\"><a href=\"https:\/\/sigillarium.pl\/wp-content\/uploads\/2020\/06\/K\u0142odzko-piecz\u0119\u0107-4.jpg\"><img loading=\"lazy\" decoding=\"async\" width=\"569\" height=\"580\" data-id=\"5238\" src=\"https:\/\/sigillarium.pl\/wp-content\/uploads\/2020\/06\/K\u0142odzko-piecz\u0119\u0107-4.jpg\" alt=\"\" class=\"wp-image-5238\" srcset=\"https:\/\/sigillarium.pl\/wp-content\/uploads\/2020\/06\/K\u0142odzko-piecz\u0119\u0107-4.jpg 569w, https:\/\/sigillarium.pl\/wp-content\/uploads\/2020\/06\/K\u0142odzko-piecz\u0119\u0107-4-294x300.jpg 294w\" sizes=\"auto, (max-width: 569px) 100vw, 569px\" \/><\/a><\/figure>\n<\/figure>\n\n\n\n<p class=\"has-text-align-center\">Il. 10. T\u0142ok piecz\u0119tny cechu rze\u017anik\u00f3w, 1574 <br>(fot. M. Kopniak)<\/p>\n<\/div>\n\n\n\n<div class=\"wp-block-column is-layout-flow wp-block-column-is-layout-flow\" style=\"flex-basis:7%\"><\/div>\n\n\n\n<div class=\"wp-block-column is-layout-flow wp-block-column-is-layout-flow\">\n<figure class=\"wp-block-gallery aligncenter has-nested-images columns-default is-cropped wp-block-gallery-5 is-layout-flex wp-block-gallery-is-layout-flex\">\n<figure class=\"wp-block-image size-full\"><a href=\"https:\/\/sigillarium.pl\/wp-content\/uploads\/2020\/06\/K\u0142odzko-piecz\u0119\u0107-2.jpg\"><img loading=\"lazy\" decoding=\"async\" width=\"506\" height=\"503\" data-id=\"5239\" src=\"https:\/\/sigillarium.pl\/wp-content\/uploads\/2020\/06\/K\u0142odzko-piecz\u0119\u0107-2.jpg\" alt=\"\" class=\"wp-image-5239\" srcset=\"https:\/\/sigillarium.pl\/wp-content\/uploads\/2020\/06\/K\u0142odzko-piecz\u0119\u0107-2.jpg 506w, https:\/\/sigillarium.pl\/wp-content\/uploads\/2020\/06\/K\u0142odzko-piecz\u0119\u0107-2-300x298.jpg 300w, https:\/\/sigillarium.pl\/wp-content\/uploads\/2020\/06\/K\u0142odzko-piecz\u0119\u0107-2-150x150.jpg 150w\" sizes=\"auto, (max-width: 506px) 100vw, 506px\" \/><\/a><\/figure>\n<\/figure>\n\n\n\n<p class=\"has-text-align-center\">Il. 11. T\u0142ok piecz\u0119tny cechu bia\u0142osk\u00f3rnik\u00f3w, 1622<br> (fot. M. Kopniak)<\/p>\n<\/div>\n\n\n\n<div class=\"wp-block-column is-layout-flow wp-block-column-is-layout-flow\" style=\"flex-basis:7%\"><\/div>\n\n\n\n<div class=\"wp-block-column is-layout-flow wp-block-column-is-layout-flow\">\n<figure class=\"wp-block-gallery aligncenter has-nested-images columns-default is-cropped wp-block-gallery-6 is-layout-flex wp-block-gallery-is-layout-flex\">\n<figure class=\"wp-block-image size-full\"><a href=\"https:\/\/sigillarium.pl\/wp-content\/uploads\/2020\/06\/K\u0142odzko-piecz\u0119\u0107-6.jpg\"><img loading=\"lazy\" decoding=\"async\" width=\"774\" height=\"749\" data-id=\"5240\" src=\"https:\/\/sigillarium.pl\/wp-content\/uploads\/2020\/06\/K\u0142odzko-piecz\u0119\u0107-6.jpg\" alt=\"\" class=\"wp-image-5240\" srcset=\"https:\/\/sigillarium.pl\/wp-content\/uploads\/2020\/06\/K\u0142odzko-piecz\u0119\u0107-6.jpg 774w, https:\/\/sigillarium.pl\/wp-content\/uploads\/2020\/06\/K\u0142odzko-piecz\u0119\u0107-6-300x290.jpg 300w, https:\/\/sigillarium.pl\/wp-content\/uploads\/2020\/06\/K\u0142odzko-piecz\u0119\u0107-6-768x743.jpg 768w\" sizes=\"auto, (max-width: 774px) 100vw, 774px\" \/><\/a><\/figure>\n<\/figure>\n\n\n\n<p class=\"has-text-align-center\">Il. 12. T\u0142ok piecz\u0119tny miasta K\u0142odzka<br>(fot. M. Kopniak)<\/p>\n<\/div>\n<\/div>\n<\/div>\n\n\n\n<div class=\"wp-block-column is-layout-flow wp-block-column-is-layout-flow\" style=\"flex-basis:7%\"><\/div>\n<\/div>\n\n\n\n<p>Opracowanie: Mariusz Kopniak<\/p>\n\n\n\n<p>\u017br\u00f3d\u0142a:<\/p>\n\n\n\n<ol class=\"wp-block-list\">\n<li><a href=\"https:\/\/www.muzeum.klodzko.pl\/new\/\">Muzeum Ziemi K\u0142odzkiej<\/a>.<\/li>\n\n\n\n<li>Bartkiewicz K., Dzieje ziemi k\u0142odzkiej w wiekach \u015brednich, Wroc\u0142aw: Ossolineum, 1977.<\/li>\n\n\n\n<li>Polska na weekend \u2013 przewodnik turystyczny, red. Hetna\u0142 A., Niemirowska-Kaczy\u0144ska M., Rusin W., Wydawnictwo Pascal, Bielsko-Bia\u0142a 1999.<\/li>\n\n\n\n<li>G\u0142adkiewicz R. (red.), K\u0142odzko. Dzieje miasta, K\u0142odzko: Muzeum Ziemi K\u0142odzkiej, 1998.<\/li>\n\n\n\n<li>Galas&nbsp;A.,&nbsp;Dzieje \u015al\u0105ska w datach, Wroc\u0142aw 2001.<\/li>\n<\/ol>\n\n\n\n<p><\/p>\n","protected":false},"excerpt":{"rendered":"<p>&nbsp;&nbsp;&nbsp;&nbsp;Wje\u017cd\u017caj\u0105c do K\u0142odzka, dostrzega si\u0119 w pierwszym momencie g\u00f3ruj\u0105c\u0105 nad miastem pot\u0119\u017cn\u0105 twierdz\u0119 i le\u017c\u0105ce przy jej stokach stare miasto. Wiele budynk\u00f3w ozdobionych jest renesansowymi detalami i co krok mo\u017cna&hellip; <\/p>\n","protected":false},"author":1,"featured_media":0,"parent":0,"menu_order":0,"comment_status":"closed","ping_status":"closed","template":"","meta":{"footnotes":""},"class_list":["post-4721","page","type-page","status-publish","hentry"],"_links":{"self":[{"href":"https:\/\/sigillarium.pl\/index.php\/wp-json\/wp\/v2\/pages\/4721","targetHints":{"allow":["GET"]}}],"collection":[{"href":"https:\/\/sigillarium.pl\/index.php\/wp-json\/wp\/v2\/pages"}],"about":[{"href":"https:\/\/sigillarium.pl\/index.php\/wp-json\/wp\/v2\/types\/page"}],"author":[{"embeddable":true,"href":"https:\/\/sigillarium.pl\/index.php\/wp-json\/wp\/v2\/users\/1"}],"replies":[{"embeddable":true,"href":"https:\/\/sigillarium.pl\/index.php\/wp-json\/wp\/v2\/comments?post=4721"}],"version-history":[{"count":68,"href":"https:\/\/sigillarium.pl\/index.php\/wp-json\/wp\/v2\/pages\/4721\/revisions"}],"predecessor-version":[{"id":28458,"href":"https:\/\/sigillarium.pl\/index.php\/wp-json\/wp\/v2\/pages\/4721\/revisions\/28458"}],"wp:attachment":[{"href":"https:\/\/sigillarium.pl\/index.php\/wp-json\/wp\/v2\/media?parent=4721"}],"curies":[{"name":"wp","href":"https:\/\/api.w.org\/{rel}","templated":true}]}}