{"id":4863,"date":"2020-06-13T08:56:40","date_gmt":"2020-06-13T06:56:40","guid":{"rendered":"http:\/\/sigillarium.pl\/?page_id=4863"},"modified":"2020-06-13T08:56:41","modified_gmt":"2020-06-13T06:56:41","slug":"pieczecie-gmin-jednostkowych-z-okresu-galicyjskiego","status":"publish","type":"page","link":"https:\/\/sigillarium.pl\/index.php\/pieczecie-gmin-jednostkowych-z-okresu-galicyjskiego\/","title":{"rendered":"Piecz\u0119cie gmin jednostkowych z okresu galicyjskiego"},"content":{"rendered":"\n<hr class=\"wp-block-separator\"\/>\n\n\n\n<p>Ksi\u0105\u017cka nie zawiera klasycznego spisu tre\u015bci. <br><br>Uk\u0142ad informacji w publikacji jest nast\u0119puj\u0105cy:<br><br>Wst\u0119p<br><br>Katalog piecz\u0119ci<br><br>Bibliografia<br><br>Motywy wyst\u0119puj\u0105ce na piecz\u0119ciach<\/p>\n","protected":false},"excerpt":{"rendered":"<p>Ksi\u0105\u017cka nie zawiera klasycznego spisu tre\u015bci. Uk\u0142ad informacji w publikacji jest nast\u0119puj\u0105cy: Wst\u0119p Katalog piecz\u0119ci Bibliografia Motywy wyst\u0119puj\u0105ce na piecz\u0119ciach<\/p>\n","protected":false},"author":1,"featured_media":0,"parent":0,"menu_order":0,"comment_status":"closed","ping_status":"closed","template":"","meta":{"footnotes":""},"class_list":["post-4863","page","type-page","status-publish","hentry"],"_links":{"self":[{"href":"https:\/\/sigillarium.pl\/index.php\/wp-json\/wp\/v2\/pages\/4863","targetHints":{"allow":["GET"]}}],"collection":[{"href":"https:\/\/sigillarium.pl\/index.php\/wp-json\/wp\/v2\/pages"}],"about":[{"href":"https:\/\/sigillarium.pl\/index.php\/wp-json\/wp\/v2\/types\/page"}],"author":[{"embeddable":true,"href":"https:\/\/sigillarium.pl\/index.php\/wp-json\/wp\/v2\/users\/1"}],"replies":[{"embeddable":true,"href":"https:\/\/sigillarium.pl\/index.php\/wp-json\/wp\/v2\/comments?post=4863"}],"version-history":[{"count":1,"href":"https:\/\/sigillarium.pl\/index.php\/wp-json\/wp\/v2\/pages\/4863\/revisions"}],"predecessor-version":[{"id":4864,"href":"https:\/\/sigillarium.pl\/index.php\/wp-json\/wp\/v2\/pages\/4863\/revisions\/4864"}],"wp:attachment":[{"href":"https:\/\/sigillarium.pl\/index.php\/wp-json\/wp\/v2\/media?parent=4863"}],"curies":[{"name":"wp","href":"https:\/\/api.w.org\/{rel}","templated":true}]}}