{"id":5298,"date":"2020-06-21T12:25:47","date_gmt":"2020-06-21T10:25:47","guid":{"rendered":"http:\/\/sigillarium.pl\/?page_id=5298"},"modified":"2022-02-21T21:35:10","modified_gmt":"2022-02-21T20:35:10","slug":"rejestr-tlokow-pieczetnych-ii-rp","status":"publish","type":"page","link":"https:\/\/sigillarium.pl\/index.php\/rejestr-tlokow-pieczetnych-ii-rp\/","title":{"rendered":"Rejestry t\u0142ok\u00f3w piecz\u0119ci II RP (1928-1939)"},"content":{"rendered":"\n<hr class=\"wp-block-separator\"\/>\n\n\n<p style=\"text-align: justify;\">Analizuj\u0105c zbiory t\u0142ok\u00f3w piecz\u0119tnych wytworzonych przez Mennic\u0119 w okresie II RP zgromadzone m.in. w archiwach, muzeach oraz prywatnych kolekcjach, zauwa\u017cyli\u015bmy pewne fakty i prawid\u0142owo\u015bci, w oparciu o kt\u00f3re doszli\u015bmy do nast\u0119puj\u0105cych wniosk\u00f3w:<\/p>\n<ol>\n<li style=\"list-style-type: none;\">\n<ol>\n<li>Mennica w tamtym okresie musia\u0142a prowadzi\u0107 r\u00f3wnolegle co najmniej trzy r\u00f3\u017cne rejestry dotycz\u0105ce wytwarzanych t\u0142ok\u00f3w piecz\u0119tnych:\n<ul>\n<li>t\u0142ok\u00f3w okr\u0105g\u0142ych &#8211; dla w\u0142adz i urz\u0119d\u00f3w pa\u0144stwowych,<\/li>\n<li>tlok\u00f3w o\u015bmiok\u0105tnych \u2013 dla instytucji pa\u0144stwowych,<\/li>\n<li>t\u0142ok\u00f3w owalnych \u2013 dla w\u0142adz i urz\u0119d\u00f3w samorz\u0105dowych.<\/li>\n<\/ul>\n<\/li>\n<li>\n<p style=\"text-align: justify;\">Na rynku kolekcjonerskim spotka si\u0119 t\u0142oki piecz\u0119tne pa\u0144stwowe i samorz\u0105dowe z wizerunekiem or\u0142a w koronie, ustalonym dla god\u0142a herbu Rzeczypospolitej Polskiej w 1927 r., wed\u0142ug identycznego menniczego wzoru, jednak bez sygnatury Mennicy Pa\u0144stwowej. Niekt\u00f3re z nich posiadaj\u0105 numer inwentarzowy oraz numer grawera na rancie matrycy, a inne nie posiadaj\u0105 takich oznacze\u0144. Dlatego w oparciu o zgromadzon\u0105 dotychczas wiedz\u0119 wydaje si\u0119, \u017ce nale\u017cy je traktowa\u0107 jako tzw. p\u00f3\u0142produkty wykonane przez Mennic\u0119 (wybity orze\u0142), ale finalnie doko\u0144czone przez prywatnych grawer\u00f3w spoza Mennicy. Dlatego na tym etapie budowy rejestr\u00f3w t\u0142oki te zosta\u0142y w nich uwzgl\u0119dnione z zaznaczeniem braku sygnatury Mennicy.<\/p>\n<\/li>\n<li>\n<p style=\"text-align: justify;\">Sumuj\u0105c znane najwy\u017csze numery inwentarzowe t\u0142ok\u00f3w pieczetnych z sygnatur\u0105 Mennicy z poszczeg\u00f3lnych grup, tj. okr\u0105g\u0142ych &#8211; <strong>58&nbsp;857, <\/strong>o\u015bmiok\u0105tnych \u2013 <strong>1&nbsp;183, <\/strong>i owalnych \u2013<strong> 4&nbsp;049<\/strong>, mo\u017cna stwierdzi\u0107, ze w okresie II RP (1928 \u2013 1939) w Mennicy powsta\u0142o co najmniej <strong>64&nbsp;089<\/strong> t\u0142ok\u00f3w piecz\u0119tnych wykonanych z metalu (bez uwzgl\u0119dniania p\u00f3\u0142produkt\u00f3w, tj. t\u0142ok\u00f3w z wybitym tylko or\u0142em).<\/p>\n<\/li>\n<\/ol>\n<\/li>\n<\/ol>\n\n\n<hr class=\"wp-block-separator\"\/>\n\n\n\n<p>Przejd\u017a do:<\/p>\n\n\n\n<div class=\"wp-block-columns is-layout-flex wp-container-core-columns-is-layout-9d6595d7 wp-block-columns-is-layout-flex\">\n<div class=\"wp-block-column is-layout-flow wp-block-column-is-layout-flow\" style=\"flex-basis:5%\"><\/div>\n\n\n\n<div class=\"wp-block-column is-layout-flow wp-block-column-is-layout-flow\">\n<div class=\"wp-block-buttons is-layout-flex wp-block-buttons-is-layout-flex\">\n<div class=\"wp-block-button\"><a class=\"wp-block-button__link has-background\" href=\"https:\/\/sigillarium.pl\/index.php\/rejestr-tlokow-pieczetnych-ii-rp-okraglych-dla-wladz-i-urzedow-panstwowych\/\" style=\"border-radius:8px;background-color:#aa0b0b\">Rejestr t\u0142ok\u00f3w piecz\u0119ci (okr\u0105g\u0142ych) <br>dla w\u0142adz i urz\u0119d\u00f3w pa\u0144stwowych<\/a><\/div>\n<\/div>\n<\/div>\n\n\n\n<div class=\"wp-block-column is-layout-flow wp-block-column-is-layout-flow\">\n<div class=\"wp-block-buttons is-layout-flex wp-block-buttons-is-layout-flex\">\n<div class=\"wp-block-button\"><a class=\"wp-block-button__link has-background\" href=\"https:\/\/sigillarium.pl\/index.php\/rejestr-tlokow-pieczeci-ii-rp-osmiokatnych-dla-instytucji-panstwowych\/\" style=\"border-radius:8px;background-color:#aa0b0b\">Rejestr t\u0142ok\u00f3w piecz\u0119ci (o\u015bmiok\u0105tnych) <br>dla instytucji pa\u0144stwowych<\/a><\/div>\n<\/div>\n<\/div>\n\n\n\n<div class=\"wp-block-column is-layout-flow wp-block-column-is-layout-flow\">\n<div class=\"wp-block-buttons is-layout-flex wp-block-buttons-is-layout-flex\">\n<div class=\"wp-block-button\"><a class=\"wp-block-button__link has-background\" href=\"https:\/\/sigillarium.pl\/index.php\/rejestr-tlokow-pieczeci-ii-rp-owalnych-dla-wladz-i-instytucji-samorzadowych\/\" style=\"border-radius:9px;background-color:#aa0b0b\">Rejestr t\u0142ok\u00f3w piecz\u0119ci (owalnych) <br>dla w\u0142adz i urz\u0119d\u00f3w samorz\u0105dowych<\/a><\/div>\n<\/div>\n<\/div>\n\n\n\n<div class=\"wp-block-column is-layout-flow wp-block-column-is-layout-flow\" style=\"flex-basis:5%\"><\/div>\n<\/div>\n\n\n\n<hr class=\"wp-block-separator\"\/>\n","protected":false},"excerpt":{"rendered":"<p>Analizuj\u0105c zbiory t\u0142ok\u00f3w piecz\u0119tnych wytworzonych przez Mennic\u0119 w okresie II RP zgromadzone m.in. w archiwach, muzeach oraz prywatnych kolekcjach, zauwa\u017cyli\u015bmy pewne fakty i prawid\u0142owo\u015bci, w oparciu o kt\u00f3re doszli\u015bmy do&hellip; <\/p>\n","protected":false},"author":1,"featured_media":0,"parent":0,"menu_order":0,"comment_status":"closed","ping_status":"closed","template":"","meta":{"footnotes":""},"class_list":["post-5298","page","type-page","status-publish","hentry"],"_links":{"self":[{"href":"https:\/\/sigillarium.pl\/index.php\/wp-json\/wp\/v2\/pages\/5298","targetHints":{"allow":["GET"]}}],"collection":[{"href":"https:\/\/sigillarium.pl\/index.php\/wp-json\/wp\/v2\/pages"}],"about":[{"href":"https:\/\/sigillarium.pl\/index.php\/wp-json\/wp\/v2\/types\/page"}],"author":[{"embeddable":true,"href":"https:\/\/sigillarium.pl\/index.php\/wp-json\/wp\/v2\/users\/1"}],"replies":[{"embeddable":true,"href":"https:\/\/sigillarium.pl\/index.php\/wp-json\/wp\/v2\/comments?post=5298"}],"version-history":[{"count":41,"href":"https:\/\/sigillarium.pl\/index.php\/wp-json\/wp\/v2\/pages\/5298\/revisions"}],"predecessor-version":[{"id":19335,"href":"https:\/\/sigillarium.pl\/index.php\/wp-json\/wp\/v2\/pages\/5298\/revisions\/19335"}],"wp:attachment":[{"href":"https:\/\/sigillarium.pl\/index.php\/wp-json\/wp\/v2\/media?parent=5298"}],"curies":[{"name":"wp","href":"https:\/\/api.w.org\/{rel}","templated":true}]}}