{"id":564,"date":"2020-02-15T20:08:22","date_gmt":"2020-02-15T19:08:22","guid":{"rendered":"http:\/\/sigillarium.pl\/?page_id=564"},"modified":"2021-10-24T12:56:08","modified_gmt":"2021-10-24T10:56:08","slug":"rejestr-pieczeci-z-okresu-okupacji-hitlerowskiej","status":"publish","type":"page","link":"https:\/\/sigillarium.pl\/index.php\/rejestr-pieczeci-z-okresu-okupacji-hitlerowskiej\/","title":{"rendered":"Rejestr t\u0142ok\u00f3w piecz\u0119ci z okresu okupacji (1939-1945)"},"content":{"rendered":"\n<hr class=\"wp-block-separator\"\/>\n\n\n\n<p>Zbi\u00f3r t\u0142ok\u00f3w piecz\u0119tnych z okresu okupacji wytworzonych w Mennicy Pa\u0144stwowej jest stosunkowo skromny, dlatego na tym etapie trudno stawi\u0107 nawet jakie\u015b hipotezy odno\u015bnie jego struktury. Aktualnie naszym g\u0142\u00f3wnym celem jest pozyskanie informacji o kolejnych t\u0142okach z tego okresu wytworzonych w Mennicy.<br><br>Opracowanie powsta\u0142o na podstawie kwerend wykonanych w wybranych muzeach, archiwach pa\u0144stwowych, a tak\u017ce dzi\u0119ki uprzejmo\u015bci prywatnych kolekcjoner\u00f3w.<br><br>Zg\u0142o\u015b t\u0142ok piecz\u0119tny do tego rejestru, przesy\u0142aj\u0105c jego fotografie i opis (w tym wymiary) na adres <strong>sigillarium@gmail.com<\/strong><\/p>\n\n\n\n<hr class=\"wp-block-separator\"\/>\n\n\n\n<p>Legenda:<br><strong>Nr t\u0142oka<\/strong>&nbsp;\u2013 numer fabryczny t\u0142oka umieszczony na rewersie matrycy<br><strong>Legenda<\/strong>&nbsp;\u2013 dysponent piecz\u0119ci<br><strong>\u00d8 (mm)<\/strong>&nbsp;\u2013 \u015brednica t\u0142oka w milimetrach<br><strong>Rodzaj<\/strong>&nbsp;\u2013 \u201eT\u201d \u2013 t\u0142ok do tuszu (wypuk\u0142oryty), \u201eL\u201d \u2013 t\u0142ok do laku (wkl\u0119s\u0142oryty)<br><strong>Sygn.<\/strong>&nbsp;\u2013 sygnatura: \u201eK\u201d \u2013 herb Ko\u015bciesza, \u201ebs.\u201d \u2013 brak sygnatury, \u201ebi.\u201d \u2013 brak informacji<br><strong>Nr graw.<\/strong>&nbsp;\u2013 numer ewidencyjny grawera wykonuj\u0105cego t\u0142ok<br><strong>Data wyk.<\/strong>&nbsp;\u2013 data wykonania t\u0142oka (uj\u0119ta w nawiasie oznacza szacowan\u0105 dat\u0119)<br><strong>Uwagi&nbsp;<\/strong>\u2013 KP \u2013 kolekcja prywatna, PAA \u2013 portal aukcyjny<\/p>\n\n\n\n<hr class=\"wp-block-separator\"\/>\n\n\n\n<div class=\"wp-block-image\"><figure class=\"aligncenter size-large\"><img loading=\"lazy\" decoding=\"async\" width=\"941\" height=\"187\" src=\"http:\/\/sigillarium.pl\/wp-content\/uploads\/2020\/07\/Okupacja-tabela.jpg\" alt=\"\" class=\"wp-image-6783\" srcset=\"https:\/\/sigillarium.pl\/wp-content\/uploads\/2020\/07\/Okupacja-tabela.jpg 941w, https:\/\/sigillarium.pl\/wp-content\/uploads\/2020\/07\/Okupacja-tabela-300x60.jpg 300w, https:\/\/sigillarium.pl\/wp-content\/uploads\/2020\/07\/Okupacja-tabela-768x153.jpg 768w\" sizes=\"auto, (max-width: 941px) 100vw, 941px\" \/><\/figure><\/div>\n","protected":false},"excerpt":{"rendered":"<p>Zbi\u00f3r t\u0142ok\u00f3w piecz\u0119tnych z okresu okupacji wytworzonych w Mennicy Pa\u0144stwowej jest stosunkowo skromny, dlatego na tym etapie trudno stawi\u0107 nawet jakie\u015b hipotezy odno\u015bnie jego struktury. Aktualnie naszym g\u0142\u00f3wnym celem jest&hellip; <\/p>\n","protected":false},"author":1,"featured_media":0,"parent":0,"menu_order":0,"comment_status":"closed","ping_status":"closed","template":"","meta":{"footnotes":""},"class_list":["post-564","page","type-page","status-publish","hentry"],"_links":{"self":[{"href":"https:\/\/sigillarium.pl\/index.php\/wp-json\/wp\/v2\/pages\/564","targetHints":{"allow":["GET"]}}],"collection":[{"href":"https:\/\/sigillarium.pl\/index.php\/wp-json\/wp\/v2\/pages"}],"about":[{"href":"https:\/\/sigillarium.pl\/index.php\/wp-json\/wp\/v2\/types\/page"}],"author":[{"embeddable":true,"href":"https:\/\/sigillarium.pl\/index.php\/wp-json\/wp\/v2\/users\/1"}],"replies":[{"embeddable":true,"href":"https:\/\/sigillarium.pl\/index.php\/wp-json\/wp\/v2\/comments?post=564"}],"version-history":[{"count":21,"href":"https:\/\/sigillarium.pl\/index.php\/wp-json\/wp\/v2\/pages\/564\/revisions"}],"predecessor-version":[{"id":16507,"href":"https:\/\/sigillarium.pl\/index.php\/wp-json\/wp\/v2\/pages\/564\/revisions\/16507"}],"wp:attachment":[{"href":"https:\/\/sigillarium.pl\/index.php\/wp-json\/wp\/v2\/media?parent=564"}],"curies":[{"name":"wp","href":"https:\/\/api.w.org\/{rel}","templated":true}]}}