{"id":640,"date":"2020-02-16T19:11:03","date_gmt":"2020-02-16T18:11:03","guid":{"rendered":"http:\/\/sigillarium.pl\/?page_id=640"},"modified":"2020-08-27T19:57:01","modified_gmt":"2020-08-27T17:57:01","slug":"orzel-bialy-na-pieczeciach-urzedowych","status":"publish","type":"page","link":"https:\/\/sigillarium.pl\/index.php\/orzel-bialy-na-pieczeciach-urzedowych\/","title":{"rendered":"Orze\u0142 bia\u0142y na piecz\u0119ciach urz\u0119dowych"},"content":{"rendered":"\n<hr class=\"wp-block-separator\"\/>\n\n\n\n<p><strong>Janusz Giersz<\/strong><br>Tekekst zamieszczony w ODKRYWCY nr 5, 2019. Link do portalu <a href=\"https:\/\/odkrywca.pl\/\">ODKRYWCY<\/a><\/p>\n\n\n\n<div class=\"wp-block-image\"><figure class=\"aligncenter size-large is-resized\"><img loading=\"lazy\" decoding=\"async\" src=\"http:\/\/sigillarium.pl\/wp-content\/uploads\/2020\/02\/Orze\u0142_1-764x1024.jpg\" alt=\"\" class=\"wp-image-642\" width=\"919\" height=\"1229\"\/><\/figure><\/div>\n\n\n\n<div class=\"wp-block-image\"><figure class=\"aligncenter size-large is-resized\"><img loading=\"lazy\" decoding=\"async\" src=\"http:\/\/sigillarium.pl\/wp-content\/uploads\/2020\/02\/Orze\u0142_2-766x1024.jpg\" alt=\"\" class=\"wp-image-643\" width=\"919\" height=\"1229\" srcset=\"https:\/\/sigillarium.pl\/wp-content\/uploads\/2020\/02\/Orze\u0142_2-766x1024.jpg 766w, https:\/\/sigillarium.pl\/wp-content\/uploads\/2020\/02\/Orze\u0142_2-225x300.jpg 225w, https:\/\/sigillarium.pl\/wp-content\/uploads\/2020\/02\/Orze\u0142_2-768x1026.jpg 768w, https:\/\/sigillarium.pl\/wp-content\/uploads\/2020\/02\/Orze\u0142_2.jpg 1128w\" sizes=\"auto, (max-width: 919px) 100vw, 919px\" \/><\/figure><\/div>\n\n\n\n<div class=\"wp-block-image\"><figure class=\"aligncenter size-large is-resized\"><img loading=\"lazy\" decoding=\"async\" src=\"http:\/\/sigillarium.pl\/wp-content\/uploads\/2020\/02\/Orze\u0142_3-752x1024.jpg\" alt=\"\" class=\"wp-image-644\" width=\"919\" height=\"1229\"\/><\/figure><\/div>\n\n\n\n<div class=\"wp-block-image\"><figure class=\"aligncenter size-large is-resized\"><img loading=\"lazy\" decoding=\"async\" src=\"http:\/\/sigillarium.pl\/wp-content\/uploads\/2020\/02\/Orze\u0142_4-736x1024.jpg\" alt=\"\" class=\"wp-image-645\" width=\"919\" height=\"1229\"\/><\/figure><\/div>\n\n\n\n<div class=\"wp-block-image\"><figure class=\"aligncenter size-large is-resized\"><img loading=\"lazy\" decoding=\"async\" src=\"http:\/\/sigillarium.pl\/wp-content\/uploads\/2020\/02\/Orze\u0142_5-750x1024.jpg\" alt=\"\" class=\"wp-image-646\" width=\"919\" height=\"1229\"\/><\/figure><\/div>\n\n\n\n<div class=\"wp-block-image\"><figure class=\"aligncenter size-large is-resized\"><img loading=\"lazy\" decoding=\"async\" src=\"http:\/\/sigillarium.pl\/wp-content\/uploads\/2020\/02\/Orze\u0142_6-733x1024.jpg\" alt=\"\" class=\"wp-image-647\" width=\"919\" height=\"1229\"\/><\/figure><\/div>\n\n\n\n<div class=\"wp-block-image\"><figure class=\"aligncenter size-large is-resized\"><img loading=\"lazy\" decoding=\"async\" src=\"http:\/\/sigillarium.pl\/wp-content\/uploads\/2020\/02\/Orze\u0142_7-737x1024.jpg\" alt=\"\" class=\"wp-image-648\" width=\"919\" height=\"1229\"\/><\/figure><\/div>\n\n\n\n<div class=\"wp-block-image\"><figure class=\"aligncenter size-large is-resized\"><img loading=\"lazy\" decoding=\"async\" src=\"http:\/\/sigillarium.pl\/wp-content\/uploads\/2020\/02\/Orze\u0142_8-1024x532.jpg\" alt=\"\" class=\"wp-image-649\" width=\"919\" height=\"1229\"\/><\/figure><\/div>\n","protected":false},"excerpt":{"rendered":"<p>Janusz GierszTekekst zamieszczony w ODKRYWCY nr 5, 2019. Link do portalu ODKRYWCY<\/p>\n","protected":false},"author":1,"featured_media":0,"parent":0,"menu_order":0,"comment_status":"closed","ping_status":"closed","template":"","meta":{"footnotes":""},"class_list":["post-640","page","type-page","status-publish","hentry"],"_links":{"self":[{"href":"https:\/\/sigillarium.pl\/index.php\/wp-json\/wp\/v2\/pages\/640","targetHints":{"allow":["GET"]}}],"collection":[{"href":"https:\/\/sigillarium.pl\/index.php\/wp-json\/wp\/v2\/pages"}],"about":[{"href":"https:\/\/sigillarium.pl\/index.php\/wp-json\/wp\/v2\/types\/page"}],"author":[{"embeddable":true,"href":"https:\/\/sigillarium.pl\/index.php\/wp-json\/wp\/v2\/users\/1"}],"replies":[{"embeddable":true,"href":"https:\/\/sigillarium.pl\/index.php\/wp-json\/wp\/v2\/comments?post=640"}],"version-history":[{"count":17,"href":"https:\/\/sigillarium.pl\/index.php\/wp-json\/wp\/v2\/pages\/640\/revisions"}],"predecessor-version":[{"id":8272,"href":"https:\/\/sigillarium.pl\/index.php\/wp-json\/wp\/v2\/pages\/640\/revisions\/8272"}],"wp:attachment":[{"href":"https:\/\/sigillarium.pl\/index.php\/wp-json\/wp\/v2\/media?parent=640"}],"curies":[{"name":"wp","href":"https:\/\/api.w.org\/{rel}","templated":true}]}}