{"id":66,"date":"2020-01-24T21:54:49","date_gmt":"2020-01-24T20:54:49","guid":{"rendered":"http:\/\/sigillarium.pl\/?page_id=66"},"modified":"2022-09-12T14:27:42","modified_gmt":"2022-09-12T12:27:42","slug":"zglos-pieczec","status":"publish","type":"page","link":"https:\/\/sigillarium.pl\/index.php\/zglos-pieczec\/","title":{"rendered":"Piecz\u0119\u0107 zg\u0142o\u015b"},"content":{"rendered":"\n<hr class=\"wp-block-separator has-css-opacity\"\/>\n\n\n\n<p><p style=\"text-align: justify\">&nbsp;&nbsp;&nbsp;&nbsp;Dla kolekcjoner\u00f3w piecz\u0119ci wa\u017cn\u0105 kwesti\u0105 jest okre\u015blenie czasu ich powstania\/u\u017cytkowania. O ile w przypadku odcisk\u00f3w piecz\u0119ci<a> <\/a>znajduj\u0105cych si\u0119 na dokumentach jest to stosunkowo \u0142atwe, poniewa\u017c dokumenty te s\u0105 zazwyczaj datowane, o tyle w przypadku samoistnych t\u0142ok\u00f3w piecz\u0119tnych okre\u015blenie tego okresu nie jest ju\u017c takie proste. <br \/><br \/ >&nbsp;&nbsp;&nbsp;&nbsp;Zagadnienie to dotyczy nie tylko najstarszych artefakt\u00f3w, ale tak\u017ce piecz\u0119ci z czasu II RP, okupacji niemieckiej, czy te\u017c pierwszych lat powojennych \u0142\u0105cznie z okresem PRL. Jednak w ka\u017cdym z tych przypadk\u00f3w, dotycz\u0105cych XX w., problem daty wykonania mo\u017ce by\u0107 w znacznym stopniu rozs\u0105dzony. Wynika to z faktu, \u017ce t\u0142oki piecz\u0119tne wytwarzane przez Mennic\u0119 Pa\u0144stwow\u0105 by\u0142y ewidencjonowanie (numerowane) w specjalnych rejestrach. Pomimo podj\u0119tych pr\u00f3b nie uda\u0142o nam si\u0119 jednak dotrze\u0107 do przywo\u0142anych archiwalnych rejestr\u00f3w. Prawdopodobnie w przypadku rejestr\u00f3w z okresu II RP i okupacji zosta\u0142y one zniszczone w czasie powstania warszawskiego (12.09.1944 r. budynki, maszyny i urz\u0105dzenia Mennicy zosta\u0142y wysadzone w powietrze), dlatego te\u017c postanowili\u015bmy podj\u0105\u0107 pr\u00f3b\u0119 wsp\u00f3lnego, internetowego odtworzenia tych rejestr\u00f3w piecz\u0119ci urz\u0119dowych. Zak\u0142adamy, \u017ce rejestry te b\u0119d\u0105 sukcesywnie uzupe\u0142niane informacjami pozyskiwanymi od innych kolekcjoner\u00f3w, archiwist\u00f3w oraz pracownik\u00f3w muze\u00f3w, kt\u00f3rzy posiadaj\u0105 w zbiorach t\u0142oki piecz\u0119tne z tych okres\u00f3w, albo te\u017c wiedz\u0119 ze \u017ar\u00f3de\u0142 archiwalnych.<br><br>&nbsp;&nbsp;&nbsp;&nbsp;W przypadku piecz\u0119ci z pierwszych lat powojennych, \u0142\u0105cznie z okresem PRL, tak\u017ce proponujemy zbudowanie podobnego zestawienia, kt\u00f3re mo\u017ce istotnie u\u0142atwi\u0107 pozycjonowanie w czasie t\u0142ok\u00f3w piecz\u0119tnych z tego okresu. W odniesieniu do tej grupy t\u0142ok\u00f3w szansa na odnalezienie w przysz\u0142o\u015bci dokumentacji archiwalnej (lub przynajmniej jej cz\u0119\u015bci) jest na tyle du\u017ca, \u017ce uzasadnia prowadzenie dalszych poszukiwa\u0144 w tym zakresie.<\/p>\n\n\n\n<p class=\"has-text-align-center has-vivid-red-color has-text-color\" style=\"font-size:17px\"><strong><em>Zapraszamy serdecznie<\/em><\/strong> <strong><em>do wsp\u00f3\u0142pracy<\/em><\/strong><br><strong><em>w zakresie odtwarzania rejestr\u00f3w t\u0142ok\u00f3w piecz\u0119tnych wyprodukowanych w Mennicy Pa\u0144stwowej<\/em><\/strong><\/p>\n\n\n\n<p><p style=\"text-align: justify\">&nbsp;&nbsp;&nbsp;&nbsp;Reasumuj\u0105c, im wi\u0119cej uda si\u0119 pozyska\u0107 przyk\u0142ad\u00f3w t\u0142ok\u00f3w piecz\u0119tnych z numerami i znanymi historiami ich dysponent\u00f3w, tym datowanie b\u0119dzie precyzyjniejsze, a weryfikacja przyj\u0119tych za\u0142o\u017ce\u0144 b\u0119dzie skuteczniejsza. Dlatego warto wsp\u00f3lnie podj\u0105\u0107 pr\u00f3b\u0119 zbudowania opisanych Rejestr\u00f3w, kt\u00f3re umo\u017cliwi\u0105 okre\u015blenie dok\u0142adnej lub przybli\u017conej daty powstania danej piecz\u0119ci, przy posiadaniu jedynie jej numeru inwentarzowego.<br><br>&nbsp;&nbsp;&nbsp;&nbsp;W pierwszym etapie naszej wsp\u00f3\u0142pracy proponujemy osobom zainteresowanym przesy\u0142anie mailem \u00a0informacji o piecz\u0119ciach wytworzonych w Mennicy w okresie \u00a0II RP, okupacji czy te\u017c pierwszych lat powojennych \u0142\u0105cznie z okresem PRL na adres <strong>sigillarium@gmail.com<\/strong>. Informacje te nast\u0119pnie b\u0119d\u0105 wprowadzane do Rejestru. Rejestr publikowany na portalu jest anonimowy, zaznaczane jest tylko \u017ar\u00f3d\u0142o pochodzenia obiektu, np. kolekcja prywatna (KP), Archiwum Pa\u0144stwowe we Wroc\u0142awiu (APWr), czy portal aukcyjny Allegro (PAA).<br><br><\/p>\n\n\n\n<p><strong><em>&nbsp;<\/em><\/strong>Janusz Giersz &amp; Mariusz Kopniak<\/p>\n\n\n\n<hr class=\"wp-block-separator has-css-opacity\"\/>\n\n\n\n<p>Przejd\u017a do:<\/p>\n\n\n\n<div class=\"wp-block-columns is-layout-flex wp-container-core-columns-is-layout-9d6595d7 wp-block-columns-is-layout-flex\">\n<div class=\"wp-block-column is-layout-flow wp-block-column-is-layout-flow\">\n<div class=\"wp-block-button aligncenter\"><a class=\"wp-block-button__link has-background\" href=\"http:\/\/sigillarium.pl\/index.php\/rejestr-tlokow-pieczetnych-ii-rp\/\" style=\"border-radius:8px;background-color:#aa0b0b\" rel=\"\">Rejestr t\u0142ok\u00f3w piecz\u0119ci  <br>II RP<br>(1928-1939)<\/a><\/div>\n<\/div>\n\n\n\n<div class=\"wp-block-column is-layout-flow wp-block-column-is-layout-flow\">\n<div class=\"wp-block-button aligncenter\"><a class=\"wp-block-button__link has-background\" href=\"http:\/\/sigillarium.pl\/index.php\/rejestr-pieczeci-z-okresu-okupacji-hitlerowskiej\/\" style=\"border-radius:8px;background-color:#aa0b0b\">Rejestr t\u0142ok\u00f3w piecz\u0119ci <br>z okresu okupacji <br>(1939-1945)<\/a><\/div>\n<\/div>\n\n\n\n<div class=\"wp-block-column is-layout-flow wp-block-column-is-layout-flow\">\n<div class=\"wp-block-button aligncenter\"><a class=\"wp-block-button__link has-background\" href=\"https:\/\/sigillarium.pl\/index.php\/rejestr-tlokow-1946-1989\/\" style=\"border-radius:8px;background-color:#aa0b0b\">Rejestr t\u0142ok\u00f3w piecz\u0119ci <br>z pierwszych lat powojennych i okresu PRL (1946 \u2013 1989)<\/a><\/div>\n\n\n\n<p><\/p>\n<\/div>\n<\/div>\n\n\n\n<hr class=\"wp-block-separator has-css-opacity\"\/>\n","protected":false},"excerpt":{"rendered":"<p>&nbsp;&nbsp;&nbsp;&nbsp;Dla kolekcjoner\u00f3w piecz\u0119ci wa\u017cn\u0105 kwesti\u0105 jest okre\u015blenie czasu ich powstania\/u\u017cytkowania. O ile w przypadku odcisk\u00f3w piecz\u0119ci znajduj\u0105cych si\u0119 na dokumentach jest to stosunkowo \u0142atwe, poniewa\u017c dokumenty te s\u0105 zazwyczaj datowane,&hellip; <\/p>\n","protected":false},"author":1,"featured_media":0,"parent":0,"menu_order":0,"comment_status":"closed","ping_status":"closed","template":"","meta":{"footnotes":""},"class_list":["post-66","page","type-page","status-publish","hentry"],"_links":{"self":[{"href":"https:\/\/sigillarium.pl\/index.php\/wp-json\/wp\/v2\/pages\/66","targetHints":{"allow":["GET"]}}],"collection":[{"href":"https:\/\/sigillarium.pl\/index.php\/wp-json\/wp\/v2\/pages"}],"about":[{"href":"https:\/\/sigillarium.pl\/index.php\/wp-json\/wp\/v2\/types\/page"}],"author":[{"embeddable":true,"href":"https:\/\/sigillarium.pl\/index.php\/wp-json\/wp\/v2\/users\/1"}],"replies":[{"embeddable":true,"href":"https:\/\/sigillarium.pl\/index.php\/wp-json\/wp\/v2\/comments?post=66"}],"version-history":[{"count":54,"href":"https:\/\/sigillarium.pl\/index.php\/wp-json\/wp\/v2\/pages\/66\/revisions"}],"predecessor-version":[{"id":21913,"href":"https:\/\/sigillarium.pl\/index.php\/wp-json\/wp\/v2\/pages\/66\/revisions\/21913"}],"wp:attachment":[{"href":"https:\/\/sigillarium.pl\/index.php\/wp-json\/wp\/v2\/media?parent=66"}],"curies":[{"name":"wp","href":"https:\/\/api.w.org\/{rel}","templated":true}]}}