{"id":6900,"date":"2020-08-01T21:33:07","date_gmt":"2020-08-01T19:33:07","guid":{"rendered":"http:\/\/sigillarium.pl\/?page_id=6900"},"modified":"2020-08-29T18:28:35","modified_gmt":"2020-08-29T16:28:35","slug":"regulamin-korzystania-z-portalu-sigillarium-pl","status":"publish","type":"page","link":"https:\/\/sigillarium.pl\/index.php\/regulamin-korzystania-z-portalu-sigillarium-pl\/","title":{"rendered":"Regulamin korzystania z Portalu \u201eSigillarium.pl\u201d"},"content":{"rendered":"\n<hr class=\"wp-block-separator\"\/>\n\n\n<p style=\"text-align: center;\"><strong>\u00a7 1.<br \/>Postanowienia og\u00f3lne<\/strong><\/p>\n<ol>\n<li>Regulamin okre\u015bla zasady korzystania z Portalu Internetowego \u201eSigillarium.pl\u201d (zwanego dalej Portalem), znajduj\u0105cego si\u0119 pod adresem www.sigillarium.pl, kt\u00f3rego w\u0142a\u015bcicielem jest osoba fizyczna Mariusz Kopniak <br \/>(zwany dalej Wydawc\u0105).<\/li>\n<li>Tre\u015bci zamieszczone w Portalu maj\u0105 charakter naukowo-informacyjny. Celem ich publikacji jest upowszechnianie wiedzy z zakresu sfragistyki, a tak\u017ce stworzenie miejsca do dyskusji i wymiany informacji zar\u00f3wno dla pasjonat\u00f3w sfragistyki, jak i profesjonalist\u00f3w, w tym \u015brodowisk akademickich, archiwist\u00f3w oraz muzealnik\u00f3w.<\/li>\n<li>Integraln\u0105 cz\u0119\u015bci Regulaminu jest <a href=\"https:\/\/sigillarium.pl\/index.php\/polityka-prywatnosci-rodo\/\"><strong>Polityka prywatno\u015bci RODO<\/strong>.<\/a><\/li>\n<\/ol>\n<p style=\"text-align: center;\"><strong>\u00a7 2.<br \/>Definicje<\/strong><\/p>\n<p>Stosowane w Regulaminie okre\u015blenia, maj\u0105 nast\u0119puj\u0105ce znaczenie:<\/p>\n<p style=\"padding-left: 40px;\">a) <strong>Administrator Portalu<\/strong> &#8211; U\u017cytkownik o specjalnych uprawnieniach, nadzoruj\u0105cy funkcjonowanie Portalu,<br \/>b)<strong> Autor<\/strong> \u2013 osoba, kt\u00f3ra tworzy\u0142a lub wsp\u00f3\u0142tworzy\u0142a dzie\u0142o (utw\u00f3r w rozumieniu prawa autorskiego), <br \/>c)<strong> Regulamin<\/strong> &#8211; niniejszy dokument, <br \/>d)<strong> Utw\u00f3r<\/strong> \u2013 dobro niematerialne istniej\u0105ce niezale\u017cnie od rzeczy, na kt\u00f3rej zosta\u0142o utrwalone; rezultat tw\u00f3rczej pracy cz\u0142owieka b\u0119d\u0105cy przedmiotem prawa autorskiego, <br \/>e)<strong> U\u017cytkownik<\/strong> &#8211; ka\u017cda osoba, kt\u00f3ra korzysta z Portalu.<\/p>\n<p style=\"text-align: center;\"><strong>\u00a7 3.<br \/>Korzystanie z Portalu<\/strong><\/p>\n<ol>\n<li>Korzystanie z Portalu jest nieodp\u0142atne, a Portal dost\u0119pny jest dla ka\u017cdego U\u017cytkownika Internetu.<\/li>\n<li>Podczas korzystania z Portalu gromadzone s\u0105 automatycznie informacje informatyczne dotycz\u0105ce po\u0142\u0105czenia ko\u0144cowego U\u017cytkownika z serwerem Portalu. S\u0105 to takie informacje jak logi systemowe, kt\u00f3re zawieraj\u0105 m.in. dat\u0119, czas wizyty i numer IP urz\u0105dzenia, z kt\u00f3rego nast\u0105pi\u0142o po\u0142\u0105czenie. Gromadzone s\u0105 tak\u017ce informacje statystyczne takie jak ogl\u0105dalno\u015b\u0107 Portalu i jego poszczeg\u00f3lnych stron.<\/li>\n<li>Portal u\u017cywa mechanizmu \u201ecookies\u201d, kt\u00f3ry poprzez zapisywanie kr\u00f3tkich informacji tekstowych na urz\u0105dzeniu U\u017cytkownika pozwala na jego identyfikacj\u0119. U\u017cytkownik mo\u017ce poprzez dost\u0119pn\u0105 opcj\u0119 w swojej przegl\u0105darce internetowej wy\u0142\u0105czy\u0107 opcj\u0119 \u201ecookies\u201d.<\/li>\n<li>Portal gromadzi zanonimizowane statystyki Google Analytics.<\/li>\n<\/ol>\n<p style=\"text-align: center;\"><strong>\u00a7 4.<br \/>Zobowi\u0105zania U\u017cytkownik\u00f3w<\/strong><\/p>\n<ol>\n<li>U\u017cytkownicy korzystaj\u0105c z Portalu zobowi\u0105zani s\u0105 do przestrzegania postanowie\u0144 niniejszego Regulaminu, przepis\u00f3w prawa polskiego oraz zwyczaj\u00f3w przyj\u0119tych w zakresie pos\u0142ugiwania si\u0119 sieci\u0105 Internet, w tym do niedostarczania tre\u015bci zabronionych (np. tre\u015bci propaguj\u0105cych przemoc, ustr\u00f3j totalitarny, znies\u0142awiaj\u0105cych lub naruszaj\u0105cych dobra osobiste i inne prawa os\u00f3b trzecich).<\/li>\n<li>U\u017cytkownicy ponosz\u0105 ca\u0142kowit\u0105 odpowiedzialno\u015b\u0107 za jakiekolwiek szkody powsta\u0142e w wyniku ich zachowania niezgodnego z zasadami, o kt\u00f3rych mowa w ust. 1.<\/li>\n<li>Korzystanie z Portalu odbywa si\u0119 wy\u0142\u0105cznie na ryzyko U\u017cytkownika.<\/li>\n<\/ol>\n<p style=\"text-align: center;\"><strong> \u00a7 5.<br \/>Prawa autorskie<\/strong><\/p>\n<ol>\n<li>Posiadaczem autorskich praw maj\u0105tkowych do Portalu i jego cz\u0119\u015bci sk\u0142adowych zamieszczonych w ramach Portalu jest jego Wydawca, z wy\u0142\u0105czeniem materia\u0142\u00f3w, o kt\u00f3rych mowa w ust. 5 pkt b) &#8211; d), dla kt\u00f3rych autorskie prawa maj\u0105tkowe s\u0105 okre\u015blone w przywo\u0142anych \u017ar\u00f3d\u0142ach lub stosuj\u0105 si\u0119 do nich og\u00f3lne zasady w zakresie prawa autorskiego.<\/li>\n<li>Utwory s\u0105 zamieszczane na portalu przez Wydawc\u0119.<\/li>\n<li>U\u017cytkownik zainteresowany opublikowaniem na Portalu Utworu powinien by\u0107 jego Autorem lub posiada\u0107 prawo do jego publikacji.<\/li>\n<li>Utw\u00f3r, o kt\u00f3rym mowa w ust. 3, powinien by\u0107 przes\u0142any w postaci elektronicznej na adres sigillarium@gmail.com, wraz z podaniem imienia i nazwiska Autora lub jego pseudonimu, w celu oznaczenia Utworu ze wzgl\u0119du na uzasadniony interes prawny Portalu.<\/li>\n<li>Umieszczane na Portalu Utwory s\u0105:<br \/>a) autorstwa lub wsp\u00f3\u0142autorstwa Wydawcy,<br \/>b) pozyskane z powszechnie dost\u0119pnych \u017ar\u00f3de\u0142 internetowych, za zgod\u0105 ich Autor\u00f3w i wydawc\u00f3w,<br \/>c) pozyskane z innych \u017ar\u00f3de\u0142, za zgod\u0105 ich Autor\u00f3w i wydawc\u00f3w,<br \/>d) pozyskane bezpo\u015brednio od Autor\u00f3w.<\/li>\n<li>U\u017cytkownik przesy\u0142aj\u0105c Utw\u00f3r do Wydawcy w celu publikacji na Portalu, potwierdza \u017ce jest Autorem Utworu lub osob\u0105 uprawnion\u0105 do jego publikacji oraz udzielenia licencji, o kt\u00f3rej mowa w ust. 7.<\/li>\n<li>Z chwil\u0105 przes\u0142ania utworu do Wydawcy do publikacji na Portalu U\u017cytkownik udziela &#8211; bez odr\u0119bnego wynagrodzenia &#8211; Wydawcy licencji na korzystanie z Utworu w zakresie p\u00f3l eksploatacji, o kt\u00f3rych mowa w art. 50 ustawy z dnia 4 lutego 1994 r. o prawie autorskim i prawach pokrewnych. Wydawca jest upowa\u017cniony do udzielania dalszych licencji oraz przeniesienia jej na inny podmiot.<\/li>\n<li>Wydawca jest upowa\u017cniony do wykonywania praw zale\u017cnych do Utworu oraz udzielanie zg\u00f3d na ich wykonywanie.<\/li>\n<li>Za publikowanie na Portalu nie s\u0105 pobierane od Autor\u00f3w \u017cadne op\u0142aty na jakimkolwiek z etap\u00f3w przygotowywania i publikowania.<\/li>\n<li>Wydawca zezwala na nieodp\u0142atne kopiowanie i przetwarzanie oraz drukowanie tre\u015bci z Portalu wy\u0142\u0105cznie w celach niekomercyjnych na w\u0142asny niepubliczny u\u017cytek, pod warunkiem nienaruszania praw autorskich.<\/li>\n<li>U\u017cytkownicy korzystaj\u0105cy z Utwor\u00f3w lub kopiuj\u0105cy fragmenty Utwor\u00f3w umieszczonych na Portalu w przypadku:\n<p>a) Utwor\u00f3w okre\u015blonych w ust. 5 pkt b) i c), zobowi\u0105zani s\u0105 poda\u0107 pierwotne \u017ar\u00f3d\u0142o publikacji danego Utworu,<br \/>b) Utwor\u00f3w okre\u015blonych w ust. 5 pkt a) i d), zobowi\u0105zani s\u0105 poda\u0107 informacj\u0119, \u017ce Utwory te pochodz\u0105 z Portalu Sigillarium.pl.<\/p>\n<\/li>\n<li>\n<p>Utwory publikowane na Portalu, o kt\u00f3rych mowa w ust. 5 pkt a) i d) mog\u0105 by\u0107 dla cel\u00f3w naukowych kopiowane z Portalu lub udost\u0119pniane w postaci plik\u00f3w przez Wydawc\u0119 bezp\u0142atnie. Natomiast w przypadku utwor\u00f3w wykorzystywanych do cel\u00f3w komercyjnych, zasady i warunki ich wykorzystania wymagaj\u0105 ka\u017cdorazowo uzgodnienia z Wydawc\u0105.\u00a0 \u00a0 \u00a0<\/p>\n<\/li>\n<\/ol>\n<p style=\"text-align: center;\"><strong>\u00a7 6.<br \/>Tre\u015bci i komentarze<\/strong><\/p>\n<ol>\n<li>Na wybranych stronach Portalu istnieje mo\u017cliwo\u015b\u0107 zamieszczenia komentarzy przez U\u017cytkownik\u00f3w.\u00a0<\/li>\n<li>W celu zamieszczenia komentarza mo\u017cna poda\u0107 swoje imi\u0119 lub imi\u0119 i nazwisko lub pseudonim. W przypadku braku podania przez U\u017cytkownika takich informacji, komentarz nie b\u0119dzie opublikowany. Przed opublikowaniem komentarze s\u0105 zatwierdzane przez Wydawc\u0119.\u00a0<\/li>\n<li>U\u017cytkownicy publikuj\u0105c na Portalu tre\u015b\u0107 lub komentarz bior\u0105 na siebie odpowiedzialno\u015b\u0107 za ewentualne roszczenia prawne wynikaj\u0105ce z jego publikacji.\u00a0<\/li>\n<li>Niedopuszczalne jest publikowanie tre\u015bci i komentarzy uznawanych powszechnie za obra\u017aliwe, niezgodne z polskim prawem lub zawieraj\u0105ce wulgaryzmy, wzywaj\u0105cych do jakiejkolwiek nienawi\u015bci, czy te\u017c propaguj\u0105cych przemoc oraz przekraczaj\u0105cych og\u00f3lnie uznawane granice dobrego smaku, uznawane za naganne moralnie, naruszaj\u0105ce zasady wsp\u00f3\u0142\u017cycia spo\u0142ecznego.\u00a0<\/li>\n<li>Ka\u017cdy U\u017cytkownik Portalu ma prawo zg\u0142oszenia komentarza, kt\u00f3ry uwa\u017ca za niezgodny z polskim porz\u0105dkiem prawnym. Informacj\u0119 tak\u0105 nale\u017cy przekaza\u0107 do Administratora Portalu na adres <a href=\"mailto:admin@sigillarium.com\">admin@sigillarium.com<\/a>.\u00a0<\/li>\n<li>Portal zastrzega sobie prawo do usuni\u0119cia tre\u015bci i komentarzy pojawiaj\u0105cych si\u0119 w Portalu oraz blokowania mo\u017cliwo\u015bci ich publikacji.<\/li>\n<\/ol>\n<p style=\"text-align: center;\"><strong>\u00a7 7.<br \/>Wy\u0142\u0105czenie odpowiedzialno\u015bci<\/strong><\/p>\n<ol>\n<li>Tre\u015bci zawarte w Portalu maj\u0105 charakter naukowo-informacyjny. Portal nie ponosi odpowiedzialno\u015bci za ich warto\u015b\u0107 merytoryczn\u0105, aktualno\u015b\u0107, dok\u0142adno\u015b\u0107 i kompletno\u015b\u0107,\u00a0 jak r\u00f3wnie\u017c za ich przydatno\u015b\u0107 dla U\u017cytkownik\u00f3w oraz spos\u00f3b ich wykorzystania.<\/li>\n<li>Portal nie odpowiada za szkody poniesione w zwi\u0105zku z wykorzystaniem informacji prezentowanych w ramach Portalu w jakichkolwiek okoliczno\u015bciach, jak i za skutki z tego wynik\u0142e.\u00a0<\/li>\n<li>Portal nie gwarantuje niewadliwego i nieprzerwanego dost\u0119pu do Portalu.\u00a0<\/li>\n<li>Portal jednostronnie decyduje o tre\u015bciach zawartych w Portalu, dokonywanych w nich zmianach (np. korekta dostrze\u017conych b\u0142\u0119d\u00f3w, nadawanie lub zmiana tytu\u0142\u00f3w etc.), a tak\u017ce o ich usuni\u0119ciu.\u00a0<\/li>\n<li>Portal nie ponosi odpowiedzialno\u015bci za:<br \/>a) tre\u015bci rozpowszechniane przez U\u017cytkownik\u00f3w na stronach Portalu oraz za szkody z tego wynik\u0142e, w szczeg\u00f3lno\u015bci naruszenie przez U\u017cytkownik\u00f3w praw os\u00f3b trzecich, jak i przepis\u00f3w powszechnie obowi\u0105zuj\u0105cych,<br \/>b) zawarto\u015b\u0107 innych stron, do kt\u00f3rych linki znajduj\u0105 si\u0119 w Portalu,<br \/>c) prawdziwo\u015b\u0107, rzetelno\u015b\u0107, aktualno\u015b\u0107 tre\u015bci dost\u0119pnych w Portalu,<br \/>d) wykorzystanie tre\u015bci uzyskanych w trakcie przegl\u0105dania Portalu,<br \/>e) spos\u00f3b, w jaki przegl\u0105daj\u0105cy korzystaj\u0105 z Portalu, ani za skutki z tego wynik\u0142e, <br \/>f) utrat\u0119 danych,\u00a0<br \/>g) dzia\u0142ania os\u00f3b trzecich, kt\u00f3re \u0142ami\u0105 prawo.<\/li>\n<\/ol>\n<ol start=\"6\">\n<li>U\u017cytkownicy przyst\u0119puj\u0105c do korzystania z Portalu ponosz\u0105 ca\u0142kowit\u0105 odpowiedzialno\u015b\u0107 za zachowania naruszaj\u0105ce prawo oraz za jakiekolwiek szkody powsta\u0142e w wyniku takiego zachowania, r\u00f3wnie\u017c wobec os\u00f3b trzecich.\u00a0<\/li>\n<li>Znajduj\u0105ce si\u0119 w portalu artyku\u0142y nie zawsze prezentuj\u0105 opinie zgodne ze stanowiskiem Wydawcy.<\/li>\n<\/ol>\n<p style=\"text-align: center;\"><strong> \u00a7 8.<br \/>Postanowienia ko\u0144cowe<\/strong><\/p>\n<ol>\n<li>Regulamin niniejszy obowi\u0105zuje od momentu jego opublikowania.<\/li>\n<li>Portal zastrzega sobie prawo do wprowadzania zmian w niniejszym Regulaminie. Zmiany Regulaminu s\u0105 wi\u0105\u017c\u0105ce od momentu ich zamieszczenia na Portalu.<\/li>\n<\/ol>","protected":false},"excerpt":{"rendered":"<p>\u00a7 1.Postanowienia og\u00f3lne Regulamin okre\u015bla zasady korzystania z Portalu Internetowego \u201eSigillarium.pl\u201d (zwanego dalej Portalem), znajduj\u0105cego si\u0119 pod adresem www.sigillarium.pl, kt\u00f3rego w\u0142a\u015bcicielem jest osoba fizyczna Mariusz Kopniak (zwany dalej Wydawc\u0105). Tre\u015bci&hellip; <\/p>\n","protected":false},"author":1,"featured_media":0,"parent":0,"menu_order":0,"comment_status":"closed","ping_status":"closed","template":"","meta":{"footnotes":""},"class_list":["post-6900","page","type-page","status-publish","hentry"],"_links":{"self":[{"href":"https:\/\/sigillarium.pl\/index.php\/wp-json\/wp\/v2\/pages\/6900","targetHints":{"allow":["GET"]}}],"collection":[{"href":"https:\/\/sigillarium.pl\/index.php\/wp-json\/wp\/v2\/pages"}],"about":[{"href":"https:\/\/sigillarium.pl\/index.php\/wp-json\/wp\/v2\/types\/page"}],"author":[{"embeddable":true,"href":"https:\/\/sigillarium.pl\/index.php\/wp-json\/wp\/v2\/users\/1"}],"replies":[{"embeddable":true,"href":"https:\/\/sigillarium.pl\/index.php\/wp-json\/wp\/v2\/comments?post=6900"}],"version-history":[{"count":22,"href":"https:\/\/sigillarium.pl\/index.php\/wp-json\/wp\/v2\/pages\/6900\/revisions"}],"predecessor-version":[{"id":8351,"href":"https:\/\/sigillarium.pl\/index.php\/wp-json\/wp\/v2\/pages\/6900\/revisions\/8351"}],"wp:attachment":[{"href":"https:\/\/sigillarium.pl\/index.php\/wp-json\/wp\/v2\/media?parent=6900"}],"curies":[{"name":"wp","href":"https:\/\/api.w.org\/{rel}","templated":true}]}}