{"id":6970,"date":"2020-08-04T22:47:59","date_gmt":"2020-08-04T20:47:59","guid":{"rendered":"http:\/\/sigillarium.pl\/?page_id=6970"},"modified":"2020-08-30T11:20:43","modified_gmt":"2020-08-30T09:20:43","slug":"archiwum-panstwowe-we-wroclawiu","status":"publish","type":"page","link":"https:\/\/sigillarium.pl\/index.php\/archiwum-panstwowe-we-wroclawiu\/","title":{"rendered":"Archiwum Pa\u0144stwowe we Wroc\u0142awiu"},"content":{"rendered":"\n<hr class=\"wp-block-separator\"\/>\n\n\n\n<p><p style=\"text-align: justify\">&nbsp;&nbsp;&nbsp;&nbsp;Kolekcja sfragistyczna Archiwum Pa\u0144stwowego we Wroc\u0142awiu podzielona jest na kilka osobnych zbior\u00f3w. Najwa\u017cniejsz\u0105 jej cz\u0119\u015b\u0107 stanowi\u0105 piecz\u0119cie zachowane przy dokumentach, zgromadzonych w r\u00f3\u017cnych zasobach archiwalnych. Do 2007 roku uda\u0142o si\u0119 opracowa\u0107 rejestr oko\u0142o 18 000 sztuk takich piecz\u0119ci, co stanowi jedynie cz\u0119\u015b\u0107 ca\u0142ego zbioru. Przyjmuj\u0105c, \u017ce liczba zgromadzonych w Archiwum dokument\u00f3w obejmuje oko\u0142o 65 000 jednostek archiwalnych, to wed\u0142ug M. L. W\u00f3jcika nale\u017cy za\u0142o\u017cy\u0107, \u017ce zesp\u00f3\u0142 piecz\u0119ci zachowanych przy dokumentach mo\u017ce by\u0107 szacowany na kilkadziesi\u0105t tysi\u0119cy odcisk\u00f3w.<br><br>&nbsp;&nbsp;&nbsp;&nbsp;Kolejn\u0105 cz\u0119\u015bci\u0105 kolekcji jest zbi\u00f3r piecz\u0119ci lu\u017anych, oderwanych od dokument\u00f3w pergaminowych, obejmuj\u0105cy okres od XIII do XVII w. Liczy on 564 egzemplarze. Znajduj\u0105 si\u0119 w nim 233 piecz\u0119cie znanej i 331 nieznanej proweniencji. Cz\u0119\u015b\u0107 tej kolekcji stanowi\u0105 o\u0142owiane bulle papieskie.<br><br>&nbsp;&nbsp;&nbsp;&nbsp;W ramach kolekcji znajduj\u0105cej si\u0119 w Archiwum zgromadzono tak\u017ce 116 egzemplarzy t\u0142ok\u00f3w i stempli. W zespole tym znajduj\u0105 si\u0119 t\u0142oki piecz\u0119tne i stemple wykonane w mosi\u0105dzu (61), gumie (39), stali (9), miedzi (4) oraz w o\u0142owiu, drewnie i kamieniu \u2013 po jednym egzemplarzu. S\u0105 to przede wszystkim t\u0142oki i stemple samorz\u0105dowe, korporacyjne, urz\u0119dowe i instytucjonalne, a w\u015br\u00f3d nich: miejskie, burmistrzowskie, radzieckie, gminne, cechowe, brackie, s\u0105dowe, zwi\u0105zk\u00f3w, stowarzysze\u0144, urz\u0119d\u00f3w policji i inne. Niewielk\u0105 cz\u0119\u015b\u0107 zespo\u0142u stanowi\u0105 piecz\u0119cie os\u00f3b prywatnych, w \u015br\u00f3d kt\u00f3rych znajduje si\u0119 1 mosi\u0119\u017cny t\u0142ok piecz\u0119ci herbowej i pi\u0119\u0107 gumowych stempli napisowych. W ca\u0142ym zespole a\u017c 81 jednostek reprezentuje typ herbowy (do kategorii tej w\u0142\u0105czono tak\u017ce god\u0142a cechowe). W zespole znajduj\u0105 si\u0119 tak\u017ce 33 jednostki reprezentuj\u0105ce typ napisowy oraz po jednej \u2013 gmerkowy i obrazowy. Legendy piecz\u0119ci i stempli w zdecydowanej wi\u0119kszo\u015bci przypadk\u00f3w \u2013 co jest zrozumia\u0142e &#8211; s\u0105 w j\u0119zyku niemieckim, aczkolwiek wyst\u0119puj\u0105 tak\u017ce nieliczne w j\u0119zyku polskim.<br><br>&nbsp;&nbsp;&nbsp;&nbsp;Archiwum Pa\u0144stwowe we Wroc\u0142awiu dysponuje tak\u017ce zbiorem odlew\u00f3w piecz\u0119ci. Pierwsze odlewy sporz\u0105dzono z inicjatywy profesora Mariana Heisiga w latach 60. XX w. i by\u0142y to odlewy gipsowe. Wykonane zosta\u0142y dla cel\u00f3w ekspozycyjnych. Jak podaje M. L W\u00f3jcik wed\u0142ug szacunkowych danych zbi\u00f3r odlew\u00f3w w 2007 roku liczy\u0142 oko\u0142o 550-600 jednostek. Na bie\u017c\u0105co w Archiwum s\u0105 sporz\u0105dzane nowe egzemplarze odlew\u00f3w, g\u0142\u00f3wnie na potrzeby r\u00f3\u017cnych wystaw i ekspozycji, a tak\u017ce ekspertyz dotycz\u0105cych herb\u00f3w miast, powiat\u00f3w i gmin.<br><br>Wybrane t\u0142oki piecz\u0119tne znajduj\u0105ce si\u0119 w kolekcji Archiwum prezentuj\u0105 poni\u017csze fotografie.<\/p>\n\n\n\n<hr class=\"wp-block-separator\"\/>\n\n\n\n<div style=\"height:46px\" aria-hidden=\"true\" class=\"wp-block-spacer\"><\/div>\n\n\n\n<div class=\"wp-block-columns is-layout-flex wp-container-core-columns-is-layout-9d6595d7 wp-block-columns-is-layout-flex\">\n<div class=\"wp-block-column is-layout-flow wp-block-column-is-layout-flow\" style=\"flex-basis:5%\"><\/div>\n\n\n\n<div class=\"wp-block-column is-layout-flow wp-block-column-is-layout-flow\">\n<figure class=\"wp-block-gallery aligncenter columns-1 is-cropped wp-block-gallery-1 is-layout-flex wp-block-gallery-is-layout-flex\"><ul class=\"blocks-gallery-grid\"><li class=\"blocks-gallery-item\"><figure><a href=\"http:\/\/sigillarium.pl\/wp-content\/uploads\/2020\/08\/Hatzfeld-Franciszek-Filip.jpg\"><img loading=\"lazy\" decoding=\"async\" width=\"812\" height=\"810\" src=\"http:\/\/sigillarium.pl\/wp-content\/uploads\/2020\/08\/Hatzfeld-Franciszek-Filip.jpg\" alt=\"\" data-id=\"6997\" class=\"wp-image-6997\" srcset=\"https:\/\/sigillarium.pl\/wp-content\/uploads\/2020\/08\/Hatzfeld-Franciszek-Filip.jpg 812w, https:\/\/sigillarium.pl\/wp-content\/uploads\/2020\/08\/Hatzfeld-Franciszek-Filip-300x300.jpg 300w, https:\/\/sigillarium.pl\/wp-content\/uploads\/2020\/08\/Hatzfeld-Franciszek-Filip-150x150.jpg 150w, https:\/\/sigillarium.pl\/wp-content\/uploads\/2020\/08\/Hatzfeld-Franciszek-Filip-768x766.jpg 768w\" sizes=\"auto, (max-width: 812px) 100vw, 812px\" \/><\/a><\/figure><\/li><\/ul><\/figure>\n\n\n\n<p class=\"has-text-align-center\"><br><br>Il. 1. T\u0142ok piecz\u0119tny Franciszka Filipa Hatzfeld<br> (fot. M. Kopniak)<\/p>\n<\/div>\n\n\n\n<div class=\"wp-block-column is-layout-flow wp-block-column-is-layout-flow\">\n<figure class=\"wp-block-gallery aligncenter columns-1 is-cropped wp-block-gallery-2 is-layout-flex wp-block-gallery-is-layout-flex\"><ul class=\"blocks-gallery-grid\"><li class=\"blocks-gallery-item\"><figure><a href=\"http:\/\/sigillarium.pl\/wp-content\/uploads\/2020\/08\/Walbrzych-cech-sukiennikow.jpg\"><img loading=\"lazy\" decoding=\"async\" width=\"828\" height=\"830\" src=\"http:\/\/sigillarium.pl\/wp-content\/uploads\/2020\/08\/Walbrzych-cech-sukiennikow.jpg\" alt=\"\" data-id=\"6998\" class=\"wp-image-6998\" srcset=\"https:\/\/sigillarium.pl\/wp-content\/uploads\/2020\/08\/Walbrzych-cech-sukiennikow.jpg 828w, https:\/\/sigillarium.pl\/wp-content\/uploads\/2020\/08\/Walbrzych-cech-sukiennikow-300x300.jpg 300w, https:\/\/sigillarium.pl\/wp-content\/uploads\/2020\/08\/Walbrzych-cech-sukiennikow-150x150.jpg 150w, https:\/\/sigillarium.pl\/wp-content\/uploads\/2020\/08\/Walbrzych-cech-sukiennikow-768x770.jpg 768w\" sizes=\"auto, (max-width: 828px) 100vw, 828px\" \/><\/a><\/figure><\/li><\/ul><\/figure>\n\n\n\n<p class=\"has-text-align-center\"><br><br>Il. 2. T\u0142ok piecz\u0119tny  cechu sukiennik\u00f3w w Wa\u0142brzychu <br>(fot. M. Kopniak)<\/p>\n<\/div>\n\n\n\n<div class=\"wp-block-column is-layout-flow wp-block-column-is-layout-flow\">\n<figure class=\"wp-block-gallery aligncenter columns-1 is-cropped wp-block-gallery-3 is-layout-flex wp-block-gallery-is-layout-flex\"><ul class=\"blocks-gallery-grid\"><li class=\"blocks-gallery-item\"><figure><a href=\"http:\/\/sigillarium.pl\/wp-content\/uploads\/2020\/08\/Walbrzych-cech-stolarzy.jpg\"><img loading=\"lazy\" decoding=\"async\" width=\"763\" height=\"900\" src=\"http:\/\/sigillarium.pl\/wp-content\/uploads\/2020\/08\/Walbrzych-cech-stolarzy.jpg\" alt=\"\" data-id=\"6999\" class=\"wp-image-6999\" srcset=\"https:\/\/sigillarium.pl\/wp-content\/uploads\/2020\/08\/Walbrzych-cech-stolarzy.jpg 763w, https:\/\/sigillarium.pl\/wp-content\/uploads\/2020\/08\/Walbrzych-cech-stolarzy-254x300.jpg 254w\" sizes=\"auto, (max-width: 763px) 100vw, 763px\" \/><\/a><\/figure><\/li><\/ul><\/figure>\n\n\n\n<p class=\"has-text-align-center\">Il. 3. T\u0142ok piecz\u0119tny  cechu stolarzy <br>w Wa\u0142brzychu <br>(fot. M. Kopniak)<\/p>\n<\/div>\n\n\n\n<div class=\"wp-block-column is-layout-flow wp-block-column-is-layout-flow\">\n<figure class=\"wp-block-gallery aligncenter columns-1 is-cropped wp-block-gallery-4 is-layout-flex wp-block-gallery-is-layout-flex\"><ul class=\"blocks-gallery-grid\"><li class=\"blocks-gallery-item\"><figure><a href=\"http:\/\/sigillarium.pl\/wp-content\/uploads\/2020\/08\/Walbrzych-cech-szewcow.jpg\"><img loading=\"lazy\" decoding=\"async\" width=\"838\" height=\"845\" src=\"http:\/\/sigillarium.pl\/wp-content\/uploads\/2020\/08\/Walbrzych-cech-szewcow.jpg\" alt=\"\" data-id=\"7000\" class=\"wp-image-7000\" srcset=\"https:\/\/sigillarium.pl\/wp-content\/uploads\/2020\/08\/Walbrzych-cech-szewcow.jpg 838w, https:\/\/sigillarium.pl\/wp-content\/uploads\/2020\/08\/Walbrzych-cech-szewcow-298x300.jpg 298w, https:\/\/sigillarium.pl\/wp-content\/uploads\/2020\/08\/Walbrzych-cech-szewcow-150x150.jpg 150w, https:\/\/sigillarium.pl\/wp-content\/uploads\/2020\/08\/Walbrzych-cech-szewcow-768x774.jpg 768w\" sizes=\"auto, (max-width: 838px) 100vw, 838px\" \/><\/a><\/figure><\/li><\/ul><\/figure>\n\n\n\n<p class=\"has-text-align-center\"><br><br>Il. 4. T\u0142ok piecz\u0119tny  cechu szewc\u00f3w <br>w Wa\u0142brzychu <br>(fot. M. Kopniak)<\/p>\n<\/div>\n\n\n\n<div class=\"wp-block-column is-layout-flow wp-block-column-is-layout-flow\" style=\"flex-basis:5%\"><\/div>\n<\/div>\n\n\n\n<div class=\"wp-block-columns is-layout-flex wp-container-core-columns-is-layout-9d6595d7 wp-block-columns-is-layout-flex\">\n<div class=\"wp-block-column is-layout-flow wp-block-column-is-layout-flow\" style=\"flex-basis:5%\"><\/div>\n\n\n\n<div class=\"wp-block-column is-layout-flow wp-block-column-is-layout-flow\">\n<figure class=\"wp-block-gallery aligncenter columns-1 is-cropped wp-block-gallery-5 is-layout-flex wp-block-gallery-is-layout-flex\"><ul class=\"blocks-gallery-grid\"><li class=\"blocks-gallery-item\"><figure><a href=\"http:\/\/sigillarium.pl\/wp-content\/uploads\/2020\/08\/Mieroszow-rada-miasta.jpg\"><img loading=\"lazy\" decoding=\"async\" width=\"849\" height=\"852\" src=\"http:\/\/sigillarium.pl\/wp-content\/uploads\/2020\/08\/Mieroszow-rada-miasta.jpg\" alt=\"\" data-id=\"7001\" class=\"wp-image-7001\" srcset=\"https:\/\/sigillarium.pl\/wp-content\/uploads\/2020\/08\/Mieroszow-rada-miasta.jpg 849w, https:\/\/sigillarium.pl\/wp-content\/uploads\/2020\/08\/Mieroszow-rada-miasta-300x300.jpg 300w, https:\/\/sigillarium.pl\/wp-content\/uploads\/2020\/08\/Mieroszow-rada-miasta-150x150.jpg 150w, https:\/\/sigillarium.pl\/wp-content\/uploads\/2020\/08\/Mieroszow-rada-miasta-768x771.jpg 768w\" sizes=\"auto, (max-width: 849px) 100vw, 849px\" \/><\/a><\/figure><\/li><\/ul><\/figure>\n\n\n\n<p class=\"has-text-align-center\"><br>Il. 5. T\u0142ok piecz\u0119tny rady miasta Mierosz\u00f3w<br> (fot. M. Kopniak)<\/p>\n<\/div>\n\n\n\n<div class=\"wp-block-column is-layout-flow wp-block-column-is-layout-flow\">\n<figure class=\"wp-block-gallery aligncenter columns-1 is-cropped wp-block-gallery-6 is-layout-flex wp-block-gallery-is-layout-flex\"><ul class=\"blocks-gallery-grid\"><li class=\"blocks-gallery-item\"><figure><a href=\"http:\/\/sigillarium.pl\/wp-content\/uploads\/2020\/08\/Duszniki-bractwo-strzeleckie.jpg\"><img loading=\"lazy\" decoding=\"async\" width=\"684\" height=\"707\" src=\"http:\/\/sigillarium.pl\/wp-content\/uploads\/2020\/08\/Duszniki-bractwo-strzeleckie.jpg\" alt=\"\" data-id=\"7002\" class=\"wp-image-7002\" srcset=\"https:\/\/sigillarium.pl\/wp-content\/uploads\/2020\/08\/Duszniki-bractwo-strzeleckie.jpg 684w, https:\/\/sigillarium.pl\/wp-content\/uploads\/2020\/08\/Duszniki-bractwo-strzeleckie-290x300.jpg 290w\" sizes=\"auto, (max-width: 684px) 100vw, 684px\" \/><\/a><\/figure><\/li><\/ul><\/figure>\n\n\n\n<p class=\"has-text-align-center\"><br>Il. 6. T\u0142ok piecz\u0119tny  bractwa strzeleckiego w Dusznikach <br>(fot. M. Kopniak)<\/p>\n<\/div>\n\n\n\n<div class=\"wp-block-column is-layout-flow wp-block-column-is-layout-flow\">\n<figure class=\"wp-block-gallery aligncenter columns-1 is-cropped wp-block-gallery-7 is-layout-flex wp-block-gallery-is-layout-flex\"><ul class=\"blocks-gallery-grid\"><li class=\"blocks-gallery-item\"><figure><a href=\"http:\/\/sigillarium.pl\/wp-content\/uploads\/2020\/08\/Zabkowice-Slaskie-cech-krawcow-pierwszy.jpg\"><img loading=\"lazy\" decoding=\"async\" width=\"681\" height=\"686\" src=\"http:\/\/sigillarium.pl\/wp-content\/uploads\/2020\/08\/Zabkowice-Slaskie-cech-krawcow-pierwszy.jpg\" alt=\"\" data-id=\"7003\" class=\"wp-image-7003\" srcset=\"https:\/\/sigillarium.pl\/wp-content\/uploads\/2020\/08\/Zabkowice-Slaskie-cech-krawcow-pierwszy.jpg 681w, https:\/\/sigillarium.pl\/wp-content\/uploads\/2020\/08\/Zabkowice-Slaskie-cech-krawcow-pierwszy-298x300.jpg 298w, https:\/\/sigillarium.pl\/wp-content\/uploads\/2020\/08\/Zabkowice-Slaskie-cech-krawcow-pierwszy-150x150.jpg 150w\" sizes=\"auto, (max-width: 681px) 100vw, 681px\" \/><\/a><\/figure><\/li><\/ul><\/figure>\n\n\n\n<p class=\"has-text-align-center\"><br>Il. 7. T\u0142ok piecz\u0119tny cechu krawc\u00f3w <br>w Z\u0105bkowicach \u015al\u0105skich <br>(fot. M. Kopniak)<\/p>\n<\/div>\n\n\n\n<div class=\"wp-block-column is-layout-flow wp-block-column-is-layout-flow\">\n<figure class=\"wp-block-gallery aligncenter columns-1 is-cropped wp-block-gallery-8 is-layout-flex wp-block-gallery-is-layout-flex\"><ul class=\"blocks-gallery-grid\"><li class=\"blocks-gallery-item\"><figure><a href=\"http:\/\/sigillarium.pl\/wp-content\/uploads\/2020\/08\/Zabkowice-Slaskie-cech-krawcow-drugi.jpg\"><img loading=\"lazy\" decoding=\"async\" width=\"782\" height=\"861\" src=\"http:\/\/sigillarium.pl\/wp-content\/uploads\/2020\/08\/Zabkowice-Slaskie-cech-krawcow-drugi.jpg\" alt=\"\" data-id=\"7004\" class=\"wp-image-7004\" srcset=\"https:\/\/sigillarium.pl\/wp-content\/uploads\/2020\/08\/Zabkowice-Slaskie-cech-krawcow-drugi.jpg 782w, https:\/\/sigillarium.pl\/wp-content\/uploads\/2020\/08\/Zabkowice-Slaskie-cech-krawcow-drugi-272x300.jpg 272w, https:\/\/sigillarium.pl\/wp-content\/uploads\/2020\/08\/Zabkowice-Slaskie-cech-krawcow-drugi-768x846.jpg 768w\" sizes=\"auto, (max-width: 782px) 100vw, 782px\" \/><\/a><\/figure><\/li><\/ul><\/figure>\n\n\n\n<p class=\"has-text-align-center\">Il. 8. T\u0142ok piecz\u0119tny cechu krawc\u00f3w <br>w Z\u0105bkowicach \u015al\u0105skich <br>(fot. M. Kopniak)<\/p>\n<\/div>\n\n\n\n<div class=\"wp-block-column is-layout-flow wp-block-column-is-layout-flow\" style=\"flex-basis:5%\"><\/div>\n<\/div>\n\n\n\n<p>Opracowanie: Mariusz Kopniak<br> <br>\u0179r\u00f3d\u0142a: <br>1.<a href=\"https:\/\/www.ap.wroc.pl\/\"> Archiwum Pa\u0144stwowe we Wroc\u0142awiu<\/a><br>2. W\u00f3jcik M. L., Zbiory sfragistyczne Archiwum Pa\u0144stwowego we Wroc\u0142awiu,  Zbiory piecz\u0119ci w Polsce, pod red. Z. Piecha i W. Strzy\u017cewskiego, Wyd. DiG, Warszawa 2009.<\/p>\n","protected":false},"excerpt":{"rendered":"<p>&nbsp;&nbsp;&nbsp;&nbsp;Kolekcja sfragistyczna Archiwum Pa\u0144stwowego we Wroc\u0142awiu podzielona jest na kilka osobnych zbior\u00f3w. Najwa\u017cniejsz\u0105 jej cz\u0119\u015b\u0107 stanowi\u0105 piecz\u0119cie zachowane przy dokumentach, zgromadzonych w r\u00f3\u017cnych zasobach archiwalnych. Do 2007 roku uda\u0142o si\u0119&hellip; <\/p>\n","protected":false},"author":1,"featured_media":0,"parent":0,"menu_order":0,"comment_status":"closed","ping_status":"closed","template":"","meta":{"footnotes":""},"class_list":["post-6970","page","type-page","status-publish","hentry"],"_links":{"self":[{"href":"https:\/\/sigillarium.pl\/index.php\/wp-json\/wp\/v2\/pages\/6970","targetHints":{"allow":["GET"]}}],"collection":[{"href":"https:\/\/sigillarium.pl\/index.php\/wp-json\/wp\/v2\/pages"}],"about":[{"href":"https:\/\/sigillarium.pl\/index.php\/wp-json\/wp\/v2\/types\/page"}],"author":[{"embeddable":true,"href":"https:\/\/sigillarium.pl\/index.php\/wp-json\/wp\/v2\/users\/1"}],"replies":[{"embeddable":true,"href":"https:\/\/sigillarium.pl\/index.php\/wp-json\/wp\/v2\/comments?post=6970"}],"version-history":[{"count":36,"href":"https:\/\/sigillarium.pl\/index.php\/wp-json\/wp\/v2\/pages\/6970\/revisions"}],"predecessor-version":[{"id":8455,"href":"https:\/\/sigillarium.pl\/index.php\/wp-json\/wp\/v2\/pages\/6970\/revisions\/8455"}],"wp:attachment":[{"href":"https:\/\/sigillarium.pl\/index.php\/wp-json\/wp\/v2\/media?parent=6970"}],"curies":[{"name":"wp","href":"https:\/\/api.w.org\/{rel}","templated":true}]}}