{"id":6973,"date":"2020-08-04T22:50:35","date_gmt":"2020-08-04T20:50:35","guid":{"rendered":"http:\/\/sigillarium.pl\/?page_id=6973"},"modified":"2020-08-30T11:18:51","modified_gmt":"2020-08-30T09:18:51","slug":"archiwum-panstwowe-w-warszawie","status":"publish","type":"page","link":"https:\/\/sigillarium.pl\/index.php\/archiwum-panstwowe-w-warszawie\/","title":{"rendered":"Archiwum Pa\u0144stwowe w Warszawie"},"content":{"rendered":"\n<hr class=\"wp-block-separator\"\/>\n\n\n\n<p><p style=\"text-align: justify\">Archiwum Pa\u0144stwowe w Warszawie posiada w swoich zbiorach 23 t\u0142oki piecz\u0119tne, w tym 22 zwi\u0105zane z w\u0142adzami i instytucjami miejskimi.  S\u0105 to piecz\u0119cie nie tylko z okresu mi\u0119dzywojennego i wojennego, ale te\u017c wczesnego powojennego. T\u0142oki te, wed\u0142ug pozyskanych informacji, zosta\u0142y odnalezione w archiwum i zinwentaryzowane w 2009 roku. Dzi\u0119ki temu powsta\u0142 bogaty i ciekawszy zbi\u00f3r piecz\u0119ci w\u0142adz miasta Warszawy, urz\u0119d\u00f3w, instytucji oraz przedsi\u0119biorstw miejskich. <br><br>Kompleksowe opracowanie przywo\u0142anego zboru oraz kilku dodatkowych piecz\u0119ci ze zbior\u00f3w prywatnych, znajduje si\u0119 w artykule:<br><a href=\"http:\/\/sigillarium.pl\/wp-content\/uploads\/2020\/06\/Piecz%C4%99cie-Warszawy-BN_2020_1_GIERSZ_WWW.pdf\">Janusz Giersz: Piecz\u0119cie w\u0142adz, urz\u0119d\u00f3w, zak\u0142ad\u00f3w, instytucji i przedsi\u0119biorstw miejskich Warszawy z lat 1917\u00a0 \u2013\u00a0 1950 (na wybranych przyk\u0142adach), Biuletyn Numizmatyczny, Nr 1, 2020.<\/a><\/p>\n\n\n\n<hr class=\"wp-block-separator\"\/>\n\n\n\n<div class=\"wp-block-columns is-layout-flex wp-container-core-columns-is-layout-9d6595d7 wp-block-columns-is-layout-flex\">\n<div class=\"wp-block-column is-layout-flow wp-block-column-is-layout-flow\" style=\"flex-basis:6%\"><\/div>\n\n\n\n<div class=\"wp-block-column is-layout-flow wp-block-column-is-layout-flow\">\n<figure class=\"wp-block-gallery aligncenter columns-1 is-cropped wp-block-gallery-1 is-layout-flex wp-block-gallery-is-layout-flex\"><ul class=\"blocks-gallery-grid\"><li class=\"blocks-gallery-item\"><figure><a href=\"https:\/\/sigillarium.pl\/wp-content\/uploads\/2020\/08\/Warszawa-Tow-Trzez.jpg\"><img loading=\"lazy\" decoding=\"async\" width=\"845\" height=\"845\" src=\"https:\/\/sigillarium.pl\/wp-content\/uploads\/2020\/08\/Warszawa-Tow-Trzez.jpg\" alt=\"\" data-id=\"7126\" data-full-url=\"https:\/\/sigillarium.pl\/wp-content\/uploads\/2020\/08\/Warszawa-Tow-Trzez.jpg\" data-link=\"https:\/\/sigillarium.pl\/index.php\/archiwum-panstwowe-w-warszawie\/warszawa-tow-trzez\/\" class=\"wp-image-7126\" srcset=\"https:\/\/sigillarium.pl\/wp-content\/uploads\/2020\/08\/Warszawa-Tow-Trzez.jpg 845w, https:\/\/sigillarium.pl\/wp-content\/uploads\/2020\/08\/Warszawa-Tow-Trzez-300x300.jpg 300w, https:\/\/sigillarium.pl\/wp-content\/uploads\/2020\/08\/Warszawa-Tow-Trzez-150x150.jpg 150w, https:\/\/sigillarium.pl\/wp-content\/uploads\/2020\/08\/Warszawa-Tow-Trzez-768x768.jpg 768w\" sizes=\"auto, (max-width: 845px) 100vw, 845px\" \/><\/a><\/figure><\/li><\/ul><\/figure>\n\n\n\n<p class=\"has-text-align-center\"><br>Il. 1. T\u0142ok piecz\u0119tny Kuratora 14 Plac\u00f3wki  B\u0142o\u0144skiego<br>Powiatowego  Komitetu Kurateli Trze\u017awo\u015bci (fot. M. Kopniak)<\/p>\n<\/div>\n\n\n\n<div class=\"wp-block-column is-layout-flow wp-block-column-is-layout-flow\">\n<figure class=\"wp-block-gallery aligncenter columns-1 is-cropped wp-block-gallery-2 is-layout-flex wp-block-gallery-is-layout-flex\"><ul class=\"blocks-gallery-grid\"><li class=\"blocks-gallery-item\"><figure><a href=\"https:\/\/sigillarium.pl\/wp-content\/uploads\/2020\/08\/Warszawa-Orzel-2.jpg\"><img loading=\"lazy\" decoding=\"async\" width=\"864\" height=\"871\" src=\"https:\/\/sigillarium.pl\/wp-content\/uploads\/2020\/08\/Warszawa-Orzel-2.jpg\" alt=\"\" data-id=\"7124\" data-full-url=\"https:\/\/sigillarium.pl\/wp-content\/uploads\/2020\/08\/Warszawa-Orzel-2.jpg\" data-link=\"https:\/\/sigillarium.pl\/index.php\/archiwum-panstwowe-w-warszawie\/warszawa-orzel-2\/\" class=\"wp-image-7124\" srcset=\"https:\/\/sigillarium.pl\/wp-content\/uploads\/2020\/08\/Warszawa-Orzel-2.jpg 864w, https:\/\/sigillarium.pl\/wp-content\/uploads\/2020\/08\/Warszawa-Orzel-2-298x300.jpg 298w, https:\/\/sigillarium.pl\/wp-content\/uploads\/2020\/08\/Warszawa-Orzel-2-150x150.jpg 150w, https:\/\/sigillarium.pl\/wp-content\/uploads\/2020\/08\/Warszawa-Orzel-2-768x774.jpg 768w\" sizes=\"auto, (max-width: 864px) 100vw, 864px\" \/><\/a><\/figure><\/li><\/ul><\/figure>\n\n\n\n<p class=\"has-text-align-center\"><br>Il. 2.  T\u0142ok piecz\u0119tny Zarz\u0105du Miejskiego w m. st. Warszawie <br>(fot. J. Giersz)<\/p>\n<\/div>\n\n\n\n<div class=\"wp-block-column is-layout-flow wp-block-column-is-layout-flow\">\n<figure class=\"wp-block-gallery aligncenter columns-1 is-cropped wp-block-gallery-3 is-layout-flex wp-block-gallery-is-layout-flex\"><ul class=\"blocks-gallery-grid\"><li class=\"blocks-gallery-item\"><figure><a href=\"https:\/\/sigillarium.pl\/wp-content\/uploads\/2020\/08\/Warszawa-Orzel-3.jpg\"><img loading=\"lazy\" decoding=\"async\" width=\"833\" height=\"832\" src=\"https:\/\/sigillarium.pl\/wp-content\/uploads\/2020\/08\/Warszawa-Orzel-3.jpg\" alt=\"\" data-id=\"7125\" data-full-url=\"https:\/\/sigillarium.pl\/wp-content\/uploads\/2020\/08\/Warszawa-Orzel-3.jpg\" data-link=\"https:\/\/sigillarium.pl\/index.php\/archiwum-panstwowe-w-warszawie\/warszawa-orzel-3\/\" class=\"wp-image-7125\" srcset=\"https:\/\/sigillarium.pl\/wp-content\/uploads\/2020\/08\/Warszawa-Orzel-3.jpg 833w, https:\/\/sigillarium.pl\/wp-content\/uploads\/2020\/08\/Warszawa-Orzel-3-300x300.jpg 300w, https:\/\/sigillarium.pl\/wp-content\/uploads\/2020\/08\/Warszawa-Orzel-3-150x150.jpg 150w, https:\/\/sigillarium.pl\/wp-content\/uploads\/2020\/08\/Warszawa-Orzel-3-768x767.jpg 768w\" sizes=\"auto, (max-width: 833px) 100vw, 833px\" \/><\/a><\/figure><\/li><\/ul><\/figure>\n\n\n\n<p class=\"has-text-align-center\"><br>Il. 3. T\u0142ok piecz\u0119tny Starostwa Grodzkiego Warszawa-Praga <br>(fot. M. Kopniak)<\/p>\n<\/div>\n\n\n\n<div class=\"wp-block-column is-layout-flow wp-block-column-is-layout-flow\">\n<figure class=\"wp-block-gallery columns-1 is-cropped wp-block-gallery-4 is-layout-flex wp-block-gallery-is-layout-flex\"><ul class=\"blocks-gallery-grid\"><li class=\"blocks-gallery-item\"><figure><a href=\"https:\/\/sigillarium.pl\/wp-content\/uploads\/2020\/08\/Warszawa-Orzel-1.jpg\"><img loading=\"lazy\" decoding=\"async\" width=\"669\" height=\"672\" src=\"https:\/\/sigillarium.pl\/wp-content\/uploads\/2020\/08\/Warszawa-Orzel-1.jpg\" alt=\"\" data-id=\"7123\" data-full-url=\"https:\/\/sigillarium.pl\/wp-content\/uploads\/2020\/08\/Warszawa-Orzel-1.jpg\" data-link=\"https:\/\/sigillarium.pl\/index.php\/archiwum-panstwowe-w-warszawie\/warszawa-orzel-1\/\" class=\"wp-image-7123\" srcset=\"https:\/\/sigillarium.pl\/wp-content\/uploads\/2020\/08\/Warszawa-Orzel-1.jpg 669w, https:\/\/sigillarium.pl\/wp-content\/uploads\/2020\/08\/Warszawa-Orzel-1-300x300.jpg 300w, https:\/\/sigillarium.pl\/wp-content\/uploads\/2020\/08\/Warszawa-Orzel-1-150x150.jpg 150w\" sizes=\"auto, (max-width: 669px) 100vw, 669px\" \/><\/a><\/figure><\/li><\/ul><\/figure>\n\n\n\n<p class=\"has-text-align-center\"><br>Il. 4. Tlok piecz\u0119tny Zarz\u0105du Miejskiego w m. st. Warszawie <br>(fot. J. Giersz)<\/p>\n<\/div>\n\n\n\n<div class=\"wp-block-column is-layout-flow wp-block-column-is-layout-flow\" style=\"flex-basis:6%\"><\/div>\n<\/div>\n\n\n\n<div class=\"wp-block-columns is-layout-flex wp-container-core-columns-is-layout-9d6595d7 wp-block-columns-is-layout-flex\">\n<div class=\"wp-block-column is-layout-flow wp-block-column-is-layout-flow\" style=\"flex-basis:5%\"><\/div>\n\n\n\n<div class=\"wp-block-column is-layout-flow wp-block-column-is-layout-flow\">\n<figure class=\"wp-block-gallery aligncenter columns-1 is-cropped wp-block-gallery-5 is-layout-flex wp-block-gallery-is-layout-flex\"><ul class=\"blocks-gallery-grid\"><li class=\"blocks-gallery-item\"><figure><a href=\"https:\/\/sigillarium.pl\/wp-content\/uploads\/2020\/08\/Warszawa-Syrenka-5a.jpg\"><img loading=\"lazy\" decoding=\"async\" width=\"906\" height=\"825\" src=\"https:\/\/sigillarium.pl\/wp-content\/uploads\/2020\/08\/Warszawa-Syrenka-5a.jpg\" alt=\"\" data-id=\"7039\" data-full-url=\"https:\/\/sigillarium.pl\/wp-content\/uploads\/2020\/08\/Warszawa-Syrenka-5a.jpg\" data-link=\"https:\/\/sigillarium.pl\/index.php\/archiwum-panstwowe-w-warszawie\/warszawa-syrenka-5a\/\" class=\"wp-image-7039\" srcset=\"https:\/\/sigillarium.pl\/wp-content\/uploads\/2020\/08\/Warszawa-Syrenka-5a.jpg 906w, https:\/\/sigillarium.pl\/wp-content\/uploads\/2020\/08\/Warszawa-Syrenka-5a-300x273.jpg 300w, https:\/\/sigillarium.pl\/wp-content\/uploads\/2020\/08\/Warszawa-Syrenka-5a-768x699.jpg 768w\" sizes=\"auto, (max-width: 906px) 100vw, 906px\" \/><\/a><\/figure><\/li><\/ul><\/figure>\n\n\n\n<p class=\"has-text-align-center\"><br>Il. 5. T\u0142ok piecz\u0119tny Zarz\u0105du Miejskiego w m. sto\u0142. Warszawie <br>(fot. J. Giersz)<\/p>\n<\/div>\n\n\n\n<div class=\"wp-block-column is-layout-flow wp-block-column-is-layout-flow\">\n<figure class=\"wp-block-gallery aligncenter columns-1 is-cropped wp-block-gallery-6 is-layout-flex wp-block-gallery-is-layout-flex\"><ul class=\"blocks-gallery-grid\"><li class=\"blocks-gallery-item\"><figure><a href=\"http:\/\/sigillarium.pl\/wp-content\/uploads\/2020\/08\/Warszawa-Syrenka-3a.jpg\"><img loading=\"lazy\" decoding=\"async\" width=\"659\" height=\"660\" src=\"http:\/\/sigillarium.pl\/wp-content\/uploads\/2020\/08\/Warszawa-Syrenka-3a.jpg\" alt=\"\" data-id=\"7046\" data-full-url=\"http:\/\/sigillarium.pl\/wp-content\/uploads\/2020\/08\/Warszawa-Syrenka-3a.jpg\" data-link=\"http:\/\/sigillarium.pl\/index.php\/archiwum-panstwowe-w-warszawie\/warszawa-syrenka-3a\/\" class=\"wp-image-7046\" srcset=\"https:\/\/sigillarium.pl\/wp-content\/uploads\/2020\/08\/Warszawa-Syrenka-3a.jpg 659w, https:\/\/sigillarium.pl\/wp-content\/uploads\/2020\/08\/Warszawa-Syrenka-3a-300x300.jpg 300w, https:\/\/sigillarium.pl\/wp-content\/uploads\/2020\/08\/Warszawa-Syrenka-3a-150x150.jpg 150w\" sizes=\"auto, (max-width: 659px) 100vw, 659px\" \/><\/a><\/figure><\/li><\/ul><\/figure>\n\n\n\n<p class=\"has-text-align-center\">Il. 6. T\u0142ok piecz\u0119tny Zarz\u0105du Miejskiego m. st. Warszawy, Dyrekcja Hoteli Miejskich <br>(fot. J. Giersz)<\/p>\n<\/div>\n\n\n\n<div class=\"wp-block-column is-layout-flow wp-block-column-is-layout-flow\">\n<figure class=\"wp-block-gallery aligncenter columns-1 is-cropped wp-block-gallery-7 is-layout-flex wp-block-gallery-is-layout-flex\"><ul class=\"blocks-gallery-grid\"><li class=\"blocks-gallery-item\"><figure><a href=\"http:\/\/sigillarium.pl\/wp-content\/uploads\/2020\/08\/Warszawa-Syrenka-8a.jpg\"><img loading=\"lazy\" decoding=\"async\" width=\"822\" height=\"815\" src=\"http:\/\/sigillarium.pl\/wp-content\/uploads\/2020\/08\/Warszawa-Syrenka-8a.jpg\" alt=\"\" data-id=\"7047\" data-full-url=\"http:\/\/sigillarium.pl\/wp-content\/uploads\/2020\/08\/Warszawa-Syrenka-8a.jpg\" data-link=\"http:\/\/sigillarium.pl\/index.php\/archiwum-panstwowe-w-warszawie\/warszawa-syrenka-8a\/\" class=\"wp-image-7047\" srcset=\"https:\/\/sigillarium.pl\/wp-content\/uploads\/2020\/08\/Warszawa-Syrenka-8a.jpg 822w, https:\/\/sigillarium.pl\/wp-content\/uploads\/2020\/08\/Warszawa-Syrenka-8a-300x297.jpg 300w, https:\/\/sigillarium.pl\/wp-content\/uploads\/2020\/08\/Warszawa-Syrenka-8a-150x150.jpg 150w, https:\/\/sigillarium.pl\/wp-content\/uploads\/2020\/08\/Warszawa-Syrenka-8a-768x761.jpg 768w\" sizes=\"auto, (max-width: 822px) 100vw, 822px\" \/><\/a><\/figure><\/li><\/ul><\/figure>\n\n\n\n<p class=\"has-text-align-center\">Il. 7.  T\u0142ok piecz\u0119tny Zarz\u0105du Miejskiego m. st. Warszawy,  Wydzia\u0142 Budowlany (fot. J. Giersz)<\/p>\n<\/div>\n\n\n\n<div class=\"wp-block-column is-layout-flow wp-block-column-is-layout-flow\">\n<figure class=\"wp-block-gallery aligncenter columns-1 is-cropped wp-block-gallery-8 is-layout-flex wp-block-gallery-is-layout-flex\"><ul class=\"blocks-gallery-grid\"><li class=\"blocks-gallery-item\"><figure><a href=\"http:\/\/sigillarium.pl\/wp-content\/uploads\/2020\/08\/Warszawa-1a.jpg\"><img loading=\"lazy\" decoding=\"async\" width=\"824\" height=\"787\" src=\"http:\/\/sigillarium.pl\/wp-content\/uploads\/2020\/08\/Warszawa-1a.jpg\" alt=\"\" data-id=\"7048\" data-full-url=\"http:\/\/sigillarium.pl\/wp-content\/uploads\/2020\/08\/Warszawa-1a.jpg\" data-link=\"http:\/\/sigillarium.pl\/index.php\/archiwum-panstwowe-w-warszawie\/warszawa-1a\/\" class=\"wp-image-7048\" srcset=\"https:\/\/sigillarium.pl\/wp-content\/uploads\/2020\/08\/Warszawa-1a.jpg 824w, https:\/\/sigillarium.pl\/wp-content\/uploads\/2020\/08\/Warszawa-1a-300x287.jpg 300w, https:\/\/sigillarium.pl\/wp-content\/uploads\/2020\/08\/Warszawa-1a-768x734.jpg 768w\" sizes=\"auto, (max-width: 824px) 100vw, 824px\" \/><\/a><\/figure><\/li><\/ul><\/figure>\n\n\n\n<p class=\"has-text-align-center\">Il. 8. T\u0142ok piecz\u0119tny Rady Narodowej <br>m. st. Warszawy (fot. J. Giersz)<\/p>\n<\/div>\n\n\n\n<div class=\"wp-block-column is-layout-flow wp-block-column-is-layout-flow\" style=\"flex-basis:5%\"><\/div>\n<\/div>\n\n\n\n<p>\u0179r\u00f3d\u0142o: <a href=\"https:\/\/www.warszawa.ap.gov.pl\/\">Archiwum Pa\u0144stwowe w Warszawie<\/a><\/p>\n","protected":false},"excerpt":{"rendered":"<p>Archiwum Pa\u0144stwowe w Warszawie posiada w swoich zbiorach 23 t\u0142oki piecz\u0119tne, w tym 22 zwi\u0105zane z w\u0142adzami i instytucjami miejskimi. S\u0105 to piecz\u0119cie nie tylko z okresu mi\u0119dzywojennego i wojennego,&hellip; <\/p>\n","protected":false},"author":1,"featured_media":0,"parent":0,"menu_order":0,"comment_status":"closed","ping_status":"closed","template":"","meta":{"footnotes":""},"class_list":["post-6973","page","type-page","status-publish","hentry"],"_links":{"self":[{"href":"https:\/\/sigillarium.pl\/index.php\/wp-json\/wp\/v2\/pages\/6973","targetHints":{"allow":["GET"]}}],"collection":[{"href":"https:\/\/sigillarium.pl\/index.php\/wp-json\/wp\/v2\/pages"}],"about":[{"href":"https:\/\/sigillarium.pl\/index.php\/wp-json\/wp\/v2\/types\/page"}],"author":[{"embeddable":true,"href":"https:\/\/sigillarium.pl\/index.php\/wp-json\/wp\/v2\/users\/1"}],"replies":[{"embeddable":true,"href":"https:\/\/sigillarium.pl\/index.php\/wp-json\/wp\/v2\/comments?post=6973"}],"version-history":[{"count":73,"href":"https:\/\/sigillarium.pl\/index.php\/wp-json\/wp\/v2\/pages\/6973\/revisions"}],"predecessor-version":[{"id":8454,"href":"https:\/\/sigillarium.pl\/index.php\/wp-json\/wp\/v2\/pages\/6973\/revisions\/8454"}],"wp:attachment":[{"href":"https:\/\/sigillarium.pl\/index.php\/wp-json\/wp\/v2\/media?parent=6973"}],"curies":[{"name":"wp","href":"https:\/\/api.w.org\/{rel}","templated":true}]}}