{"id":721,"date":"2020-02-18T09:20:34","date_gmt":"2020-02-18T08:20:34","guid":{"rendered":"http:\/\/sigillarium.pl\/?page_id=721"},"modified":"2024-04-08T19:53:28","modified_gmt":"2024-04-08T17:53:28","slug":"pieczec-powstanca","status":"publish","type":"page","link":"https:\/\/sigillarium.pl\/index.php\/pieczec-powstanca\/","title":{"rendered":"Piecz\u0119\u0107 powsta\u0144ca"},"content":{"rendered":"\n<hr class=\"wp-block-separator has-css-opacity\"\/>\n\n\n\n<h2 class=\"wp-block-heading has-text-align-center has-vivid-red-color has-text-color\" style=\"font-size:22px\"><strong>J\u00f3zef Obr\u0119bowicz<\/strong><br><strong>(1842 &#8211; 1922)<\/strong><\/h2>\n\n\n\n<div style=\"height:13px\" aria-hidden=\"true\" class=\"wp-block-spacer\"><\/div>\n\n\n\n<p><p style=\"text-align: justify\">\u2003\u2003Urodzi\u0142 si\u0119 31 marca 1842 r. w miejscowo\u015bci Dolsk w Wielkopolsce. Bra\u0142 czynny udzia\u0142 w powstaniu styczniowym 1863 r. W 1882 roku o\u017ceni\u0142 si\u0119 ze Stanis\u0142aw\u0105 Walig\u00f3rsk\u0105 h. Odrow\u0105\u017c i zamieszkali w jej rodzinnym maj\u0105tku Sk\u00f3rzewo, po\u0142o\u017conym w powiecie pozna\u0144skim. W 1897 r. w Sk\u00f3rzewie sp\u0142on\u0105\u0142 pa\u0142ac, co spowodowa\u0142o, \u017ce J\u00f3zef Obr\u0119bowicz musia\u0142 z rodzin\u0105 przenie\u015b\u0107 si\u0119 do mieszkania wynaj\u0119tego na probostwie, po zmar\u0142ym niedawno ksi\u0119dzu proboszczu Landsbergu. Nast\u0119pnie zamieszkali w St\u0119szewie. W 1913 r. J\u00f3zef Obr\u0119bowicz przeni\u00f3s\u0142 si\u0119 do przytuliska dla weteran\u00f3w powstania w Poznaniu. Mia\u0142 dwie c\u00f3rki Janin\u0119 i Mariann\u0119 oraz dw\u00f3ch syn\u00f3w Tadeusza i Mieczys\u0142awa. J\u00f3zef Obr\u0119bowicz zmar\u0142 w Poznaniu 4 grudnia 1922 r.<\/p>\n\n\n\n<div style=\"height:35px\" aria-hidden=\"true\" class=\"wp-block-spacer\"><\/div>\n\n\n\n<div class=\"wp-block-columns are-vertically-aligned-center is-layout-flex wp-container-core-columns-is-layout-9d6595d7 wp-block-columns-is-layout-flex\">\n<div class=\"wp-block-column is-vertically-aligned-center is-layout-flow wp-block-column-is-layout-flow\" style=\"flex-basis:32.06%\"><\/div>\n\n\n\n<div class=\"wp-block-column is-vertically-aligned-center is-layout-flow wp-block-column-is-layout-flow\" style=\"flex-basis:32.94%\">\n<figure class=\"wp-block-gallery aligncenter has-nested-images columns-default is-cropped wp-block-gallery-1 is-layout-flex wp-block-gallery-is-layout-flex\">\n<figure class=\"wp-block-image size-large\"><a href=\"https:\/\/sigillarium.pl\/wp-content\/uploads\/2024\/04\/Steszew-Jozef-Obrebowicz-pieczec-seal-petschaft-siegel-sceau-cachet-sigillarium-2.jpg\"><img loading=\"lazy\" decoding=\"async\" width=\"1024\" height=\"550\" data-id=\"31141\" src=\"https:\/\/sigillarium.pl\/wp-content\/uploads\/2024\/04\/Steszew-Jozef-Obrebowicz-pieczec-seal-petschaft-siegel-sceau-cachet-sigillarium-2-1024x550.jpg\" alt=\"\" class=\"wp-image-31141\" srcset=\"https:\/\/sigillarium.pl\/wp-content\/uploads\/2024\/04\/Steszew-Jozef-Obrebowicz-pieczec-seal-petschaft-siegel-sceau-cachet-sigillarium-2-1024x550.jpg 1024w, https:\/\/sigillarium.pl\/wp-content\/uploads\/2024\/04\/Steszew-Jozef-Obrebowicz-pieczec-seal-petschaft-siegel-sceau-cachet-sigillarium-2-300x161.jpg 300w, https:\/\/sigillarium.pl\/wp-content\/uploads\/2024\/04\/Steszew-Jozef-Obrebowicz-pieczec-seal-petschaft-siegel-sceau-cachet-sigillarium-2-768x413.jpg 768w, https:\/\/sigillarium.pl\/wp-content\/uploads\/2024\/04\/Steszew-Jozef-Obrebowicz-pieczec-seal-petschaft-siegel-sceau-cachet-sigillarium-2.jpg 1269w\" sizes=\"auto, (max-width: 1024px) 100vw, 1024px\" \/><\/a><\/figure>\n<\/figure>\n<\/div>\n\n\n\n<div class=\"wp-block-column is-vertically-aligned-center is-layout-flow wp-block-column-is-layout-flow\" style=\"flex-basis:35%\"><\/div>\n<\/div>\n\n\n\n<div class=\"wp-block-columns is-layout-flex wp-container-core-columns-is-layout-9d6595d7 wp-block-columns-is-layout-flex\">\n<div class=\"wp-block-column is-layout-flow wp-block-column-is-layout-flow\" style=\"flex-basis:26.18%\"><\/div>\n\n\n\n<div class=\"wp-block-column is-layout-flow wp-block-column-is-layout-flow\" style=\"flex-basis:48.81%\">\n<p class=\"has-text-align-center\">T\u0142ok piecz\u0119tny J\u00f3zefa Obr\u0119bowicza<br>[miejscowo\u015b\u0107 obecnie nosi nazw\u0119 St\u0119szew]<br>(fot. M. Kopniak)<\/p>\n<\/div>\n\n\n\n<div class=\"wp-block-column is-layout-flow wp-block-column-is-layout-flow\" style=\"flex-basis:26%\"><\/div>\n<\/div>\n\n\n\n<figure class=\"wp-block-image size-large\"><img loading=\"lazy\" decoding=\"async\" width=\"1024\" height=\"793\" src=\"http:\/\/sigillarium.pl\/wp-content\/uploads\/2020\/02\/20191006-J\u00f3zef-Obr\u0119bowicz-Pozna\u0144-zdj\u0119cie-1024x793.jpg\" alt=\"\" class=\"wp-image-956\" srcset=\"https:\/\/sigillarium.pl\/wp-content\/uploads\/2020\/02\/20191006-J\u00f3zef-Obr\u0119bowicz-Pozna\u0144-zdj\u0119cie-1024x793.jpg 1024w, https:\/\/sigillarium.pl\/wp-content\/uploads\/2020\/02\/20191006-J\u00f3zef-Obr\u0119bowicz-Pozna\u0144-zdj\u0119cie-300x232.jpg 300w, https:\/\/sigillarium.pl\/wp-content\/uploads\/2020\/02\/20191006-J\u00f3zef-Obr\u0119bowicz-Pozna\u0144-zdj\u0119cie-768x595.jpg 768w, https:\/\/sigillarium.pl\/wp-content\/uploads\/2020\/02\/20191006-J\u00f3zef-Obr\u0119bowicz-Pozna\u0144-zdj\u0119cie.jpg 1194w\" sizes=\"auto, (max-width: 1024px) 100vw, 1024px\" \/><\/figure>\n\n\n\n<p class=\"has-text-align-center\">Il. 1. Weterani z 1863\/4 roku mieszkaj\u0105cy w Poznaniu. J\u00f3zef Obr\u0119bowicz siedzi jako trzeci od lewej.<\/p>\n\n\n\n<p><p style=\"text-align: justify\"> \u2003\u2003Starszy syn J\u00f3zefa Obr\u0119bowicza &#8211; Tadeusz &#8211; urodzi\u0142 si\u0119 4 pa\u017adziernika 1885 r. w Sk\u00f3rzewie. By\u0142 absolwentem Gimnazjum Humanistycznego w Poznaniu i pruskiej szko\u0142y oficerskiej. Podczas I wojny \u015bwiatowej s\u0142u\u017cy\u0142 w armii niemieckiej a nast\u0119pnie od 1918 r. w Wojsku Polskim w 10 Pu\u0142ku Strzelc\u00f3w Wielkopolskich (do 1919 r.). Kolejn\u0105 jego jednostk\u0105 by\u0142 3 Pu\u0142ku U\u0142an\u00f3w (1919), a nast\u0119pnie 17 Pu\u0142ku U\u0142an\u00f3w (1919-1921), gdzie pe\u0142ni\u0142 funkcj\u0119 dow\u00f3dcy szwadronu i dyonu. W dniu 18 listopada 1921 r. zosta\u0142 przeniesiony do rezerwy. Odby\u0142 \u0107wiczenia rezerwist\u00f3w w 17 Pu\u0142ku U\u0142an\u00f3w w latach: 1923, 1924, 1925, 1927 i 1929. W dniu 1 kwietnia 1919 awansowany na stopie\u0144 majora kawalerii. Nale\u017ca\u0142 do kadry oficerskiej Okr\u0119gu Korpusu VII. We wrze\u015bniu 1939 r. jako oficer rezerwy 17 Pu\u0142ku U\u0142an\u00f3w zosta\u0142 powo\u0142any do wojska i skierowany do O\u015brodka Zapasowego Wielkopolskiej Brygady Kawalerii w Kra\u015bniku. W nieznanych okoliczno\u015bciach dosta\u0142 si\u0119 do niewoli sowieckiej. By\u0142 wi\u0119ziony w Starobielsku. Zamordowany na prze\u0142omie kwietnia i maja 1940 r.<br> \u2003\u2003<br> \u2003\u2003M\u0142odszy syn Mieczys\u0142aw urodzi\u0142 si\u0119 1 czerwca 1889 w&nbsp;St\u0119szewie. By\u0142 absolwentem \u015bredniej szko\u0142y rolniczej w Szamotu\u0142ach i cz\u0142onkiem POW. Pracowa\u0142 w firmie Brzeski-Auto w Poznaniu, nast\u0119pnie rok praktykowa\u0142 w Pary\u017cu. W czasie I wojny \u015bwiatowej s\u0142u\u017cy\u0142 w jednostce lotnictwa niemieckiego na lotnisku \u0141awica. Bra\u0142 udzia\u0142 w wielu walkach powietrznych. W dniu 28 grudnia 1918, po wybuchu powstania wielkopolskiego wraz z bratem Tadeuszem zg\u0142osi\u0142 si\u0119 do oddzia\u0142u pp\u0142k.&nbsp;Andrzeja Kopy&nbsp;w&nbsp;Dopiewie. W nocy z 4 na 5 stycznia 1919 uczestniczy\u0142 w zdobyciu lotniska na \u0141awicy. Jego do\u015bwiadczenie i umiej\u0119tno\u015bci pilota\u017cu r\u00f3\u017cnych typ\u00f3w samolot\u00f3w zostaj\u0105 wykorzystane. Zosta\u0142 jednym z pierwszych instruktor\u00f3w pilot\u00f3w. W czasie wojny z bolszewikami walczy\u0142 w&nbsp;4 Eskadrze Wywiadowczej&nbsp;w stopniu sier\u017canta. W dniu 31 lipca 1920 zg\u0142osi\u0142 si\u0119 na ochotnika do wykonania odleg\u0142ego lotu wywiadowczego (wraz z ppor. obs. Stanis\u0142awem Czerwi\u0144skim). Samolot LVG C V, kt\u00f3ry mieli do dyspozycji, sta\u0142 pod go\u0142ym niebem od d\u0142u\u017cszego czasu, p\u0142atowiec by\u0142 przemokni\u0119ty i rozregulowany. Ponadto, w samolocie znajdowa\u0142y si\u0119 trzy osoby (kpt. Stanis\u0142aw Rybka chcia\u0142 zainicjowa\u0107 loty eskadry osobi\u015bcie i wraz z sier\u017c. Obr\u0119bowiczem i plut. Czerwi\u0144skim uczestniczy\u0142 w locie), co spowodowa\u0142o jego przeci\u0105\u017cenie. W trakcie lotu w trudnych warunkach atmosferycznych silnik maszyny odm\u00f3wi\u0142 pos\u0142usze\u0144stwa i samolot run\u0105\u0142 na ziemi\u0119 z wysoko\u015bci oko\u0142o 150 m w okolicach Hrubieszowa. Wypadek prze\u017cy\u0142 tylko obserwator, pchor. Stanis\u0142aw Czerwi\u0144ski. Po\u015bmiertnie Mieczys\u0142aw Obr\u0119bowicz zosta\u0142 odznaczony Krzy\u017cem Srebrnym Orderu Wojennego Virtuti Militari (nr 8138) a tak\u017ce Polow\u0105 Odznak\u0105 Pilota (11 XI 1928).<\/p>\n\n\n\n<p>\u017br\u00f3d\u0142a:<\/p>\n\n\n\n<ol class=\"wp-block-list\">\n<li>Jan Grabiec, &#8222;Rok 1863&#8221;, wyd. Pozna\u0144 1913 &#8211; w pi\u0119\u0107dziesi\u0105t\u0105 rocznic\u0119 powstania.&nbsp;<\/li>\n\n\n\n<li>Rocznik oficerski 1923, Oficerowie \u2013 weterani powstania styczniowego.<\/li>\n\n\n\n<li>Malwina i Eligiusz Tomkowiak, Powsta\u0144cy wielkopolscy cd., Goniec Dopiewski Nr 2 (35), Dopiewo luty 2009.<\/li>\n\n\n\n<li>Piotr Maciej Dziembowski, Gmina Dopiewo. Miejsce z histori\u0105, Dopiewo 2014, IPN.<\/li>\n\n\n\n<li>Czas Dopielewa nr 27, pa\u017adziernik 2015.<\/li>\n\n\n\n<li>Ku czci poleg\u0142ych lotnik\u00f3w. Ksi\u0119ga pami\u0105tkowa, pod red. M. Romeyko, Warszawa 1933. <\/li>\n\n\n\n<li>G. \u0141ukomski, B. Polak, A. Suchcitz, Kawalerowie Virtuti Militari 1792-1945. Wykazy odznaczonych za czyny z lat 1863-1864, 1914-1945, Koszalin 1997. <\/li>\n\n\n\n<li>J. Pawlak, Polskie eskadry w latach 1918-1939, Warszawa 1989. <\/li>\n\n\n\n<li>K. S\u0142awi\u0144ski, Lotnisko toru\u0144skie 1920-1945, Biblioteczka Skrzydlatej Polski, Warszawa 1983. <\/li>\n\n\n\n<li>K. A. Tarkowski, Lotnictwo polskie w wojnie z Rosj\u0105 Sowieck\u0105 1919-1920, Warszawa 1991. <\/li>\n\n\n\n<li>E. Tomkowiak, Obr\u0119bowicz Mieczys\u0142aw, [w:] Kawalerowie Virtuti Militari 1792-1945. S\u0142ownik biograficzny, t. II (1914-1921), cz. I, red. B. Polak, Koszalin 1991. <\/li>\n\n\n\n<li>J. Zieli\u0144ski, W. W\u00f3jcik, Lotnicy-kawalerowie Orderu Wojennego Virtuti Militari, t. I. Wojna polsko-bolszewicka 1919-1920 r., Warszawa-Toru\u0144 2005. <\/li>\n\n\n\n<li>Dziennik Personalny M.S.Wojsk., Nr 41 z dn. 27.10.1922 r. <\/li>\n\n\n\n<li>M. Tomkowiak, Obr\u0119bowicz Tadeusz (1885 \u2013 1940), [w:] Powsta\u0144cy Wielkopolscy. Biogramy uczestnik\u00f3w Powstania Wielkopolskiego 1918-1919, red. B. Polak, T. I, Pozna\u0144 2015. <\/li>\n\n\n\n<li>M. Tomkowiak, Obr\u0119bowicz Mieczys\u0142aw (1889 \u2013 1920), [w:] Powsta\u0144cy Wielkopolscy. Biogramy uczestnik\u00f3w Powstania Wielkopolskiego 1918-1919, red. B. Polak, T. I, Pozna\u0144 2015. <br><br>Opracowanie: Mariusz Kopniak<\/li>\n<\/ol>\n","protected":false},"excerpt":{"rendered":"<p>J\u00f3zef Obr\u0119bowicz(1842 &#8211; 1922) \u2003\u2003Urodzi\u0142 si\u0119 31 marca 1842 r. w miejscowo\u015bci Dolsk w Wielkopolsce. Bra\u0142 czynny udzia\u0142 w powstaniu styczniowym 1863 r. W 1882 roku o\u017ceni\u0142 si\u0119 ze Stanis\u0142aw\u0105&hellip; <\/p>\n","protected":false},"author":1,"featured_media":0,"parent":0,"menu_order":0,"comment_status":"closed","ping_status":"closed","template":"","meta":{"footnotes":""},"class_list":["post-721","page","type-page","status-publish","hentry"],"_links":{"self":[{"href":"https:\/\/sigillarium.pl\/index.php\/wp-json\/wp\/v2\/pages\/721","targetHints":{"allow":["GET"]}}],"collection":[{"href":"https:\/\/sigillarium.pl\/index.php\/wp-json\/wp\/v2\/pages"}],"about":[{"href":"https:\/\/sigillarium.pl\/index.php\/wp-json\/wp\/v2\/types\/page"}],"author":[{"embeddable":true,"href":"https:\/\/sigillarium.pl\/index.php\/wp-json\/wp\/v2\/users\/1"}],"replies":[{"embeddable":true,"href":"https:\/\/sigillarium.pl\/index.php\/wp-json\/wp\/v2\/comments?post=721"}],"version-history":[{"count":38,"href":"https:\/\/sigillarium.pl\/index.php\/wp-json\/wp\/v2\/pages\/721\/revisions"}],"predecessor-version":[{"id":31145,"href":"https:\/\/sigillarium.pl\/index.php\/wp-json\/wp\/v2\/pages\/721\/revisions\/31145"}],"wp:attachment":[{"href":"https:\/\/sigillarium.pl\/index.php\/wp-json\/wp\/v2\/media?parent=721"}],"curies":[{"name":"wp","href":"https:\/\/api.w.org\/{rel}","templated":true}]}}