{"id":8084,"date":"2020-08-23T20:56:05","date_gmt":"2020-08-23T18:56:05","guid":{"rendered":"https:\/\/sigillarium.pl\/?page_id=8084"},"modified":"2023-04-26T21:04:18","modified_gmt":"2023-04-26T19:04:18","slug":"portal-sigillum-com-ua","status":"publish","type":"page","link":"https:\/\/sigillarium.pl\/index.php\/portal-sigillum-com-ua\/","title":{"rendered":"Portal sigillum.com.ua"},"content":{"rendered":"\n<hr class=\"wp-block-separator has-css-opacity\"\/>\n\n\n\n<p><p style=\"text-align: justify\">&nbsp;&nbsp;&nbsp;&nbsp;Na portalu znajduj\u0105cycm si\u0119 pod adresem <strong><a href=\"https:\/\/sigillum.com.ua\">https:\/\/sigillum.com.ua<\/a><\/strong> pasjonaci sfragistyki mog\u0105&nbsp; zapozna\u0107 si\u0119 z du\u017c\u0105 dawk\u0105 wiedzy dotycz\u0105cej tej dziedziny. Portal zosta\u0142 uruchomiony przez Instytut Specjalnych Dyscyplin Historycznych Muzeum Szeremietiewych w Kijowie, kt\u00f3ry jest plac\u00f3wk\u0105 naukow\u0105 powo\u0142an\u0105 w 2011 r., w celu wspierania rozwoju sfragistyki, heraldyki, genealogii, paleografii, numizmatyki, geografii historycznej, kartografii, uniformologii, historii uzbrojenia i dyscyplin pokrewnych.<br><br>&nbsp;&nbsp;&nbsp;&nbsp;Za\u0142o\u017cycielem Instytutu jest <b>Oleksiej Szeremietiew<\/b>, biznesmen, mecenas sztuki oraz kolekcjoner. Warto podkre\u015bli\u0107, \u017ce zbiory sfragistyczne zgromadzone w Muzeum Szermietiewych przekraczaj\u0105 10 000 obiekt\u00f3w. W prace Instytutu zaanga\u017cowani s\u0105 czo\u0142owi naukowcy z kilku kraj\u00f3w, kt\u00f3rzy aktywnie anga\u017cuj\u0105 si\u0119 zar\u00f3wno w badania stosowane, jak i rozw\u00f3j teoretycznych podstaw tych dziedzin nauk historycznych. Instytut organizuje mi\u0119dzynarodowe konferencje, zajmuje si\u0119 dzia\u0142alno\u015bci\u0105 wydawnicz\u0105 i wystawiennicz\u0105.<\/p>\n\n\n\n<div style=\"height:20px\" aria-hidden=\"true\" class=\"wp-block-spacer\"><\/div>\n\n\n\n<div class=\"wp-block-columns is-layout-flex wp-container-core-columns-is-layout-9d6595d7 wp-block-columns-is-layout-flex\">\n<div class=\"wp-block-column is-layout-flow wp-block-column-is-layout-flow\" style=\"flex-basis:1%\"><\/div>\n\n\n\n<div class=\"wp-block-column is-layout-flow wp-block-column-is-layout-flow\" style=\"flex-basis:24%\">\n<div style=\"height:22px\" aria-hidden=\"true\" class=\"wp-block-spacer\"><\/div>\n\n\n\n<figure class=\"wp-block-gallery aligncenter has-nested-images columns-default is-cropped wp-block-gallery-1 is-layout-flex wp-block-gallery-is-layout-flex\">\n<figure class=\"wp-block-image size-full\"><a href=\"https:\/\/sigillarium.pl\/wp-content\/uploads\/2020\/08\/1000-lat-piec\u017ceci-ua.jpg\"><img loading=\"lazy\" decoding=\"async\" width=\"816\" height=\"1125\" data-id=\"8387\" src=\"https:\/\/sigillarium.pl\/wp-content\/uploads\/2020\/08\/1000-lat-piec\u017ceci-ua.jpg\" alt=\"\" class=\"wp-image-8387\" srcset=\"https:\/\/sigillarium.pl\/wp-content\/uploads\/2020\/08\/1000-lat-piec\u017ceci-ua.jpg 816w, https:\/\/sigillarium.pl\/wp-content\/uploads\/2020\/08\/1000-lat-piec\u017ceci-ua-218x300.jpg 218w, https:\/\/sigillarium.pl\/wp-content\/uploads\/2020\/08\/1000-lat-piec\u017ceci-ua-743x1024.jpg 743w, https:\/\/sigillarium.pl\/wp-content\/uploads\/2020\/08\/1000-lat-piec\u017ceci-ua-768x1059.jpg 768w\" sizes=\"auto, (max-width: 816px) 100vw, 816px\" \/><\/a><\/figure>\n<\/figure>\n\n\n\n<p class=\"has-text-align-center\">Il. 1. Katalog \u201e1000 lat piecz\u0119ci ukrai\u0144skiej\u201d <br>(fot. Muzeum Szermietiewych)<\/p>\n<\/div>\n\n\n\n<div class=\"wp-block-column is-layout-flow wp-block-column-is-layout-flow\">\n<p><p style=\"text-align: justify\">Dorobkiem przywo\u0142anych konferencji jest publikowany od 2011 r. <strong>\u201eRocznik sfragistyczny<\/strong>\u201d. Priorytetem rocznika jest prezentacja nieznanych dot\u0105d zabytk\u00f3w sfragistycznych, publikacja materia\u0142\u00f3w z konferencji i seminari\u00f3w sfragistycznych, dokument\u00f3w archiwalnych, przegl\u0105d\u00f3w i recenzji, a tak\u017ce promocja sfragistyki jako dyscypliny historycznej o du\u017cym potencjale naukowym. Od 2017 roku ukaza\u0142o si\u0119 sze\u015b\u0107 edycji, z kt\u00f3rych ka\u017cda po\u015bwi\u0119cona jest odr\u0119bnemu tematowi. Istotn\u0105 rol\u0119 w rozwoju sfragistyki odegra\u0142 czwarty numer Rocznika, poniewa\u017c jego wydanie zbieg\u0142o si\u0119 z wa\u017cnymi wydarzeniami dla ukrai\u0144skiej sfragistyki, czyli otwarciem wystawy <strong>\u201e1000 lat piecz\u0119ci ukrai\u0144skiej\u201d <\/strong>w Narodowym Muzeum Historii Ukrainy w Kijowie. Na wystawie zorganizowanej przez pracownik\u00f3w Muzeum Szeremietiewych znalaz\u0142o si\u0119 ponad 400 piecz\u0119ci z r\u00f3\u017cnych epok, kt\u00f3re w wyj\u0105tkowy spos\u00f3b przedstawia\u0142y r\u00f3\u017cne etapy kulturowego i historycznego rozwoju Ukrainy. Organizacja tego przedsi\u0119wzi\u0119cia zaj\u0119\u0142a prawie 4 lata. Przy tej okazji zosta\u0142 wydany bogaty katalog zbior\u00f3w, zatytu\u0142owany analogicznie jak ca\u0142a wystawa, czyli \u201e1000 lat piecz\u0119ci ukrai\u0144skiej\u201d. <br \/><br \/>W konferencjach organizowanych przez Instytut bior\u0105 udzia\u0142 tak\u017ce naukowcy z Polski w tym m.in. prof. Z. Piech oraz  prof. M. Hlebionek. Zobacz prelekcje tych os\u00f3b z konferencji pt. \u201eSymbole narodowe na piecz\u0119ciach nowo powsta\u0142ych pa\u0144stw Europy \u015arodkowo-Wschodniej w latach 1917\u20131920\u201d zorganizowanej w dniach 16-17.03.2018 w Kijowie:<\/p>\n\n\n\n<p><a href=\"https:\/\/sigillum.com.ua\/proekty\/vii-sfragistychna-konferentsiya\/\"><strong>Z. Piech<\/strong>, Piecz\u0119cie XX wieku jako \u017ar\u00f3d\u0142o historyczne. W poszukiwaniu kwestionariusza badawczego.<\/a><br><a href=\"https:\/\/sigillum.com.ua\/proekty\/vii-sfragistychna-konferentsiya\/\"><strong>M. Hlebionek<\/strong>, Formowanie si\u0119 polskiej sfragistyki na terenach nale\u017c\u0105cych do Prus.<\/a><br><br><a href=\"https:\/\/drive.google.com\/file\/d\/1aXtwyHVY4aqrzwCFdvsNBcV6G11vtw18\/view\">Zobacz wi\u0119cej informacji o tej konferencji.<\/a><\/p>\n<\/div>\n<\/div>\n\n\n\n<p><p style=\"text-align: justify\">&nbsp;&nbsp;&nbsp;&nbsp;Zas\u00f3b informacji dost\u0119pnych na portalu <strong>sigillum.com.ua<\/strong> zosta\u0142 zaprojektowany tak, aby ka\u017cdy, kto jest zainteresowany tym tematem, m\u00f3g\u0142 \u0142atwo uzyska\u0107 dost\u0119p do niezb\u0119dnych informacji, bez prze\u0142\u0105czania si\u0119 na inne zasoby. Portal podzielony jest na nast\u0119puj\u0105ce sekcje:<\/p>\n\n\n\n<div class=\"wp-block-columns is-layout-flex wp-container-core-columns-is-layout-9d6595d7 wp-block-columns-is-layout-flex\">\n<div class=\"wp-block-column is-layout-flow wp-block-column-is-layout-flow\" style=\"flex-basis:15%\">\n<p><strong>O instytucie<\/strong><\/p>\n\n\n\n<p><strong>Przewodnik po witrynie<\/strong><\/p>\n\n\n\n<p><strong>Pracownicy<\/strong><\/p>\n\n\n\n<p class=\"has-vivid-cyan-blue-color has-text-color has-normal-font-size\"><br><strong>Historiografia<\/strong><\/p>\n\n\n\n<p><br><strong>\u0179r\u00f3d\u0142a<\/strong><\/p>\n\n\n\n<p><br><strong>Wydawnictwo \/ Sklep<\/strong><\/p>\n\n\n\n<p><strong>Oferta wsp\u00f3\u0142pracy<\/strong><\/p>\n\n\n\n<p class=\"has-vivid-cyan-blue-color has-text-color has-normal-font-size\"><strong>Genealogia<\/strong><\/p>\n\n\n\n<p><br><strong>Poradnik genealogiczny<\/strong><\/p>\n\n\n\n<p><strong>\u0179r\u00f3d\u0142a i literatura<\/strong><\/p>\n\n\n\n<p class=\"has-vivid-cyan-blue-color has-text-color has-normal-font-size\"><strong>Heraldyka<\/strong><\/p>\n\n\n\n<p><br><strong>Katalog herb\u00f3w<\/strong><\/p>\n\n\n\n<p><strong>\u0179r\u00f3d\u0142a i literatura<\/strong><\/p>\n\n\n\n<p class=\"has-vivid-cyan-blue-color has-text-color has-normal-font-size\"><br><strong>Sfragistyka<\/strong><\/p>\n\n\n\n<p><br><strong>Sfragistyczne zabytki<\/strong><\/p>\n\n\n\n<p><strong>Katalog &#8222;1000 lat piecz\u0119ci ukrai\u0144skiej&#8221;<\/strong><\/p>\n\n\n\n<p><strong>\u0179r\u00f3d\u0142a i literatura<\/strong><\/p>\n\n\n\n<p><br><strong>Konserwacja<\/strong><\/p>\n\n\n\n<p class=\"has-vivid-cyan-blue-color has-text-color has-normal-font-size\"><br><strong>Projekty<\/strong><\/p>\n\n\n\n<p><br><strong>Warsztaty<\/strong><\/p>\n\n\n\n<p><strong>Konferencja sfragistyczna<\/strong><\/p>\n\n\n\n<p><strong>Wystawy i prezentacje<\/strong><\/p>\n\n\n\n<p><strong>Wikipedia<\/strong><\/p>\n<\/div>\n\n\n\n<div class=\"wp-block-column is-layout-flow wp-block-column-is-layout-flow\" style=\"flex-basis:1%\"><\/div>\n\n\n\n<div class=\"wp-block-column is-layout-flow wp-block-column-is-layout-flow\" style=\"flex-basis:90%\">\n<p>Sekcja opisuje histori\u0119 i dzia\u0142alno\u015b\u0107 Instytutu, a szczeg\u00f3lnie jego wk\u0142ad w rozw\u00f3j i promocj\u0119 historii.<\/p>\n\n\n\n<p>Sekcja zosta\u0142a stworzona w celu mo\u017cliwo\u015bci wst\u0119pnego zapoznania si\u0119 z nawigacj\u0105 na portalu.<\/p>\n\n\n\n<p>Sekcja prezentuje informacje o zespole naukowc\u00f3w, kt\u00f3rych materia\u0142y s\u0105 wykorzystywane w zasobie portalu. Zawiera r\u00f3wnie\u017c e-maile ka\u017cdego z wsp\u00f3\u0142autor\u00f3w portalu.<\/p>\n\n\n\n<p>Sekcja ta zawiera baz\u0119 danych ca\u0142ej literatury historycznej zawartej na stronie. Literatura jest podzielona na odr\u0119bne dzia\u0142y, takie jak genealogia, heraldyka i sfragistyka.<\/p>\n\n\n\n<p>Sekcja ta b\u0119dzie zawiera\u0107 baz\u0119 danych wszystkich historycznych \u017ar\u00f3de\u0142 portalu, kt\u00f3re mo\u017cna wykorzysta\u0107 w badaniach. Zgodnie z tematami, \u017ar\u00f3d\u0142a podzielono na osobne dzia\u0142y, takie jak genealogia, heraldyka i sfragistyka.<\/p>\n\n\n\n<p>W tej sekcji istniej mo\u017cliwo\u015b\u0107 przejrzenia katalogu ksi\u0105\u017cek oraz nawi\u0105zania kontaktu w celu zakupienia interesuj\u0105cej literatury.<\/p>\n\n\n\n<p>Sekcja zawiera opis zasad wsp\u00f3\u0142pracy pomi\u0119dzy Instytutem oraz zainteresowanymi naukowcami, wydawcami i ksi\u0119garniami.<\/p>\n\n\n\n<p>W ramach tej sekcji umieszczony zosta\u0142 artyku\u0142 wprowadzaj\u0105cy \u201eWarsztat genealogii\u201d, w kt\u00f3rym czytelnik mo\u017ce zapozna\u0107 si\u0119 z genealogi\u0105 jako jedn\u0105 ze szczeg\u00f3lnych dyscyplin historycznych.<\/p>\n\n\n\n<p>Sekcja ta jest oparta na zasadzie alfabetu, kt\u00f3ry zawiera informacje o rodzajach drzew genealogicznych. Obecnie w fazie rozwoju.<\/p>\n\n\n\n<p>W tej sekcji wymieniono ca\u0142\u0105 literatur\u0119 i \u017ar\u00f3d\u0142a historyczne potrzebne do studiowania genealogii.<\/p>\n\n\n\n<p>W ramach tej sekcji umieszczony zosta\u0142 artyku\u0142 wprowadzaj\u0105cy \u201eWarsztat heraldyczny\u201d, w kt\u00f3rym czytelnik mo\u017ce zapozna\u0107 si\u0119 z heraldyk\u0105 jako jedn\u0105 ze szczeg\u00f3lnych dyscyplin historycznych zajmuj\u0105cych si\u0119 badaniem herb\u00f3w.<\/p>\n\n\n\n<p>Sekcja ta jest wykonana na zasadzie alfabetu, kt\u00f3ry zawiera informacje o herbach.<\/p>\n\n\n\n<p>Sekcja ta zawiera list\u0119 ca\u0142ej literatury i \u017ar\u00f3de\u0142 historycznych niezb\u0119dnych do studiowania heraldyki. Elementy zaznaczone na czerwono mo\u017cna bezp\u0142atnie przegl\u0105da\u0107 i pobiera\u0107.<\/p>\n\n\n\n<p>W ramach tej sekcji umieszczony zosta\u0142 artyku\u0142 wprowadzaj\u0105cy \u201eWarsztat sfragistyki\u201d, w kt\u00f3rym czytelnik mo\u017ce zapozna\u0107 si\u0119 ze sfragistyk\u0105 jako jedn\u0105 ze specjalnych dyscyplin historycznych zajmuj\u0105cych si\u0119 badaniem piecz\u0119ci.<\/p>\n\n\n\n<p>Sekcja ta jest wykonana na zasadzie alfabetu, kt\u00f3ry zawiera informacje o piecz\u0119ciach.<\/p>\n\n\n\n<p>Sekcja po\u015bwi\u0119cona unikalnemu katalogowi z wystawy \u201e1000 lat piecz\u0119ci ukrai\u0144skiej\u201d.<\/p>\n\n\n\n<p><br>W tej sekcji wymieniono ca\u0142\u0105 literatur\u0119 i \u017ar\u00f3d\u0142a historyczne potrzebne do studiowania sfragistyki. Elementy zaznaczone na czerwono mo\u017cna bezp\u0142atnie przegl\u0105da\u0107 i pobiera\u0107.<\/p>\n\n\n\n<p>W tej sekcji mo\u017cna dowiedzie\u0107 si\u0119 wi\u0119cej o dzia\u0142aniach konserwatorskich i przeczyta\u0107 przydatne informacje na temat restauracji i konserwacji antyk\u00f3w. Jednym z dzia\u0142a\u0144 Instytutu jest renowacja staro\u017cytnej broni, odzie\u017cy i piecz\u0119ci.<\/p>\n\n\n\n<p>W ramach tej sekcji zosta\u0142 umieszczony obszerny artyku\u0142 \u201eMuzeum Szeremietiewych\u201d, informuj\u0105cy o historii i dzia\u0142alno\u015bci Muzeum, kt\u00f3rego jednym z projekt\u00f3w jest Instytut.<\/p>\n\n\n\n<p>Sekcja obejmuje comiesi\u0119czne seminaria naukowe organizowane przez Instytut.<\/p>\n\n\n\n<p>Sekcja ta jest po\u015bwi\u0119cona mi\u0119dzynarodowej konferencji sfragistycznej. Mo\u017cna w niej dok\u0142adniej zapozna\u0107 si\u0119 z programami i materia\u0142ami konferencji, kt\u00f3re ju\u017c si\u0119 odby\u0142y.<\/p>\n\n\n\n<p>Sekcja ta zawiera informacje o wystawach i prezentacjach zorganizowanymi przez Instytut.<\/p>\n\n\n\n<p>Sekcja zawiera informacje o materia\u0142ach z portalu, kt\u00f3re pos\u0142u\u017c\u0105 do tworzenia artyku\u0142\u00f3w w Wikipedii.<\/p>\n<\/div>\n<\/div>\n\n\n\n<hr class=\"wp-block-separator has-css-opacity\"\/>\n\n\n\n<p>Opracowanie: Mariusz Kopniak<br><br>\u0179r\u00f3d\u0142o: <a href=\"https:\/\/sigillum.com.ua\">https:\/\/sigillum.com.ua<\/a><\/p>\n","protected":false},"excerpt":{"rendered":"<p>&nbsp;&nbsp;&nbsp;&nbsp;Na portalu znajduj\u0105cycm si\u0119 pod adresem https:\/\/sigillum.com.ua pasjonaci sfragistyki mog\u0105&nbsp; zapozna\u0107 si\u0119 z du\u017c\u0105 dawk\u0105 wiedzy dotycz\u0105cej tej dziedziny. Portal zosta\u0142 uruchomiony przez Instytut Specjalnych Dyscyplin Historycznych Muzeum Szeremietiewych w&hellip; <\/p>\n","protected":false},"author":1,"featured_media":0,"parent":0,"menu_order":0,"comment_status":"closed","ping_status":"closed","template":"","meta":{"footnotes":""},"class_list":["post-8084","page","type-page","status-publish","hentry"],"_links":{"self":[{"href":"https:\/\/sigillarium.pl\/index.php\/wp-json\/wp\/v2\/pages\/8084","targetHints":{"allow":["GET"]}}],"collection":[{"href":"https:\/\/sigillarium.pl\/index.php\/wp-json\/wp\/v2\/pages"}],"about":[{"href":"https:\/\/sigillarium.pl\/index.php\/wp-json\/wp\/v2\/types\/page"}],"author":[{"embeddable":true,"href":"https:\/\/sigillarium.pl\/index.php\/wp-json\/wp\/v2\/users\/1"}],"replies":[{"embeddable":true,"href":"https:\/\/sigillarium.pl\/index.php\/wp-json\/wp\/v2\/comments?post=8084"}],"version-history":[{"count":65,"href":"https:\/\/sigillarium.pl\/index.php\/wp-json\/wp\/v2\/pages\/8084\/revisions"}],"predecessor-version":[{"id":24967,"href":"https:\/\/sigillarium.pl\/index.php\/wp-json\/wp\/v2\/pages\/8084\/revisions\/24967"}],"wp:attachment":[{"href":"https:\/\/sigillarium.pl\/index.php\/wp-json\/wp\/v2\/media?parent=8084"}],"curies":[{"name":"wp","href":"https:\/\/api.w.org\/{rel}","templated":true}]}}