{"id":8587,"date":"2020-08-31T22:18:13","date_gmt":"2020-08-31T20:18:13","guid":{"rendered":"https:\/\/sigillarium.pl\/?page_id=8587"},"modified":"2021-12-28T18:18:38","modified_gmt":"2021-12-28T17:18:38","slug":"pieczecie-urzednikow-panstwowych-okupacyjnych-1939-1944","status":"publish","type":"page","link":"https:\/\/sigillarium.pl\/index.php\/pieczecie-urzednikow-panstwowych-okupacyjnych-1939-1944\/","title":{"rendered":"Piecz\u0119cie urz\u0119dnik\u00f3w pa\u0144stwowych &#8211; okupacyjnych (X 1939 &#8211; 1944)"},"content":{"rendered":"\n<hr class=\"wp-block-separator\"\/>\n\n\n\n<p> T\u0142oki zaprezentowano w kolejno\u015bci alfabetycznej wzgl\u0119dem nazwy miejscowo\u015bci przywo\u0142anej w legendzie t\u0142oka lub odtworzonej ze \u017ar\u00f3de\u0142 historycznych.  <\/p>\n\n\n\n<hr class=\"wp-block-separator\"\/>\n\n\n\n<div class=\"wp-block-columns is-layout-flex wp-container-core-columns-is-layout-9d6595d7 wp-block-columns-is-layout-flex\">\n<div class=\"wp-block-column is-layout-flow wp-block-column-is-layout-flow\" style=\"flex-basis:1%\"><\/div>\n\n\n\n<div class=\"wp-block-column is-vertically-aligned-center is-layout-flow wp-block-column-is-layout-flow\" style=\"flex-basis:23%\">\n<figure class=\"wp-block-gallery aligncenter columns-1 is-cropped wp-block-gallery-1 is-layout-flex wp-block-gallery-is-layout-flex\"><ul class=\"blocks-gallery-grid\"><li class=\"blocks-gallery-item\"><figure><a href=\"https:\/\/sigillarium.pl\/wp-content\/uploads\/2021\/11\/Tczew-Dirschau-Notariusz-dr-Walter-Friedrich-pieczec-seal-petschaft-siegel-sceau-cachet-sigillarium.jpg\"><img loading=\"lazy\" decoding=\"async\" width=\"1037\" height=\"1037\" src=\"https:\/\/sigillarium.pl\/wp-content\/uploads\/2021\/11\/Tczew-Dirschau-Notariusz-dr-Walter-Friedrich-pieczec-seal-petschaft-siegel-sceau-cachet-sigillarium.jpg\" alt=\"\" data-id=\"17080\" class=\"wp-image-17080\" srcset=\"https:\/\/sigillarium.pl\/wp-content\/uploads\/2021\/11\/Tczew-Dirschau-Notariusz-dr-Walter-Friedrich-pieczec-seal-petschaft-siegel-sceau-cachet-sigillarium.jpg 1037w, https:\/\/sigillarium.pl\/wp-content\/uploads\/2021\/11\/Tczew-Dirschau-Notariusz-dr-Walter-Friedrich-pieczec-seal-petschaft-siegel-sceau-cachet-sigillarium-300x300.jpg 300w, https:\/\/sigillarium.pl\/wp-content\/uploads\/2021\/11\/Tczew-Dirschau-Notariusz-dr-Walter-Friedrich-pieczec-seal-petschaft-siegel-sceau-cachet-sigillarium-1024x1024.jpg 1024w, https:\/\/sigillarium.pl\/wp-content\/uploads\/2021\/11\/Tczew-Dirschau-Notariusz-dr-Walter-Friedrich-pieczec-seal-petschaft-siegel-sceau-cachet-sigillarium-150x150.jpg 150w, https:\/\/sigillarium.pl\/wp-content\/uploads\/2021\/11\/Tczew-Dirschau-Notariusz-dr-Walter-Friedrich-pieczec-seal-petschaft-siegel-sceau-cachet-sigillarium-768x768.jpg 768w\" sizes=\"auto, (max-width: 1037px) 100vw, 1037px\" \/><\/a><\/figure><\/li><\/ul><\/figure>\n<\/div>\n\n\n\n<div class=\"wp-block-column is-layout-flow wp-block-column-is-layout-flow\" style=\"flex-basis:1%\"><\/div>\n\n\n\n<div class=\"wp-block-column is-vertically-aligned-center is-layout-flow wp-block-column-is-layout-flow\" style=\"flex-basis:22%\">\n<div class=\"wp-block-image\"><figure class=\"aligncenter size-large is-resized\"><img loading=\"lazy\" decoding=\"async\" src=\"https:\/\/sigillarium.pl\/wp-content\/uploads\/2021\/11\/Tczew-Dirschau-Notariusz-dr-Walter-Friedrich-pieczec-rewers-seal-petschaft-siegel-sceau-cachet-sigillarium-1024x695.jpg\" alt=\"\" class=\"wp-image-17081\" width=\"191\" height=\"129\" srcset=\"https:\/\/sigillarium.pl\/wp-content\/uploads\/2021\/11\/Tczew-Dirschau-Notariusz-dr-Walter-Friedrich-pieczec-rewers-seal-petschaft-siegel-sceau-cachet-sigillarium-1024x695.jpg 1024w, https:\/\/sigillarium.pl\/wp-content\/uploads\/2021\/11\/Tczew-Dirschau-Notariusz-dr-Walter-Friedrich-pieczec-rewers-seal-petschaft-siegel-sceau-cachet-sigillarium-300x204.jpg 300w, https:\/\/sigillarium.pl\/wp-content\/uploads\/2021\/11\/Tczew-Dirschau-Notariusz-dr-Walter-Friedrich-pieczec-rewers-seal-petschaft-siegel-sceau-cachet-sigillarium-768x521.jpg 768w, https:\/\/sigillarium.pl\/wp-content\/uploads\/2021\/11\/Tczew-Dirschau-Notariusz-dr-Walter-Friedrich-pieczec-rewers-seal-petschaft-siegel-sceau-cachet-sigillarium.jpg 1317w\" sizes=\"auto, (max-width: 191px) 100vw, 191px\" \/><\/figure><\/div>\n<\/div>\n\n\n\n<div class=\"wp-block-column is-layout-flow wp-block-column-is-layout-flow\" style=\"flex-basis:1%\"><\/div>\n\n\n\n<div class=\"wp-block-column is-layout-flow wp-block-column-is-layout-flow\" style=\"flex-basis:48%\">\n<style> td {font-size: 11px; color: black; font-family: Arial;} <\/style>\n<table style=\"width: 500px; height: 150px;\">\n\t<tbody><tr>\n\t\t<td style=\"background-color: #DDDDDD; width:6%; text-align: center; \"><b>1<\/b><\/td>\n\t\t<td style=\"padding-left: 8px;\">kolekcja prywatna<\/td>\n\t<\/tr>\n\t<tr>\n\t\t<td style=\"background-color: #DDDDDD; text-align: center; \"><b>2<\/b><\/td>\n<td style=\"background-color: #FFFF99; white-space: nowrap; padding-left: 8px;\"><b><big><big><a href=\" https:\/\/pl.wikipedia.org\/wiki\/Tczew\"> TCZEW <\/a> <\/big><\/big><\/b><br><b><big>Dr Walter Friedrich notariusz<\/big><\/b><\/td>\n\t<\/tr>\n\t<tr>\n\t\t<td style=\"background-color: #DDDDDD; text-align: center; \"><b>3a<\/b><\/td>\n\t\t<td style=\"padding-left: 8px;\">stal<\/td>\n\t<\/tr>\n\t<tr>\n\t\t<td style=\"background-color: #DDDDDD; text-align: center; \"><b>3b<\/b><\/td>\n\t\t<td style=\"padding-left: 8px;\">&#8211;<\/td>\n\t<\/tr>\n\t<tr>\n\t\t<td style=\"background-color: #DDDDDD; text-align: center; \"><b>4<\/b><\/td>\n\t\t<td style=\"padding-left: 8px;\">okr\u0105g\u0142a \u00d8 40 mm<\/td>\n\t<\/tr>\n\t<tr>\n\t\t<td style=\"background-color: #DDDDDD; text-align: center; \"><b>5<\/b><\/td>\n\t\t<td style=\"padding-left: 8px;\">wkl\u0119s\u0142oryty<\/td>\n\t<\/tr>\n\t<tr>\n\t\t<td style=\"background-color: #DDDDDD; text-align: center; \"><b>6<\/b><\/td>\n<td style=\"padding-left: 8px;\"> &#8211;<\/td>\n\t<\/tr>\n<tr>\n\t\t<td style=\"background-color: #DDDDDD; text-align: center; \"><b>7<\/b><\/td>\n<td style=\"padding-left: 8px;\">brak, gwintowany trzpie\u0144 do jego zamocowania <\/td>\n\t<\/tr>\n\t<tr>\n\t\t<td style=\"background-color: #DDDDDD; text-align: center; \"><b>7a<\/b><\/td>\n\t\t<td style=\"padding-left: 8px;\">22 mm<\/td>\n\t<\/tr>\n\t<tr>\n\t\t<td style=\"background-color: #DDDDDD; text-align: center; \"><b>7b<\/b><\/td>\n\t\t<td style=\"padding-left: 8px;\">8 mm <\/td>\n\t<\/tr>\n\t<tr>\n\t\t<td style=\"background-color: #DDDDDD; text-align: center; \"><b>7c<\/b><\/td>\n\t\t<td style=\"padding-left: 8px;\">14 mm<\/td>\n\t<\/tr>\n\t<tr>\n\t\t<td style=\"background-color: #DDDDDD; text-align: center; \"><b>8<\/b><\/td>\n<td style=\"padding-left: 8px;\"> &#8211;<\/td>\n\t<\/tr>\n\t<tr>\n\t\t<td style=\"background-color: #DDDDDD; text-align: center; \"><b>9a<\/b><\/td>\n\t\t<td style=\"padding-left: 8px;\">majusku\u0142a, minusku\u0142a <\/td>\n\t<\/tr>\n\t<tr>\n\t\t<td style=\"background-color: #DDDDDD; text-align: center; \"><b>9b<\/b><\/td>\n<td style=\"padding-left: 8px;\"><br> w p\u00f3\u0142otoku g\u00f3rnym: <b> \u2022 Dr. Walter Friedrich \u2022 <\/b><br>w p\u00f3\u0142otoku dolnym: <b> Notarin Dirschau <\/b><br><br><\/td>\n\t<\/tr>\n\t<tr>\n\t\t<td style=\"background-color: #DDDDDD; text-align: center; \"><b>10<\/b><\/td>\n<td style=\"padding-left: 8px;\"> W polu piecz\u0119ci god\u0142o III Rzeszy &#8211; orze\u0142 trzymaj\u0105cy w szponach wieniec, wewn\u0105trz kt\u00f3rego znajduje si\u0119 swastyka. Na zewn\u0105trz, wok\u00f3\u0142 pola piecz\u0119ci, pojedyncze obrze\u017cenie ci\u0105g\u0142e.<\/td><\/tr>\n\t<tr>\n\t\t<td style=\"background-color: #DDDDDD; text-align: center; \"><b>11<\/b><\/td>\n<td style=\"padding-left: 8px;\">&#8211;<\/td>\n\t<\/tr>\n\t<tr>\n\t\t<td style=\"background-color: #DDDDDD; text-align: center; \"><b>12<\/b><\/td>\n\t\t<td style=\"padding-left: 8px;\">&#8211;<\/td>\n\t<\/tr>\n<\/tbody><\/table>\n<\/div>\n<\/div>\n\n\n\n<hr class=\"wp-block-separator\"\/>\n","protected":false},"excerpt":{"rendered":"<p>T\u0142oki zaprezentowano w kolejno\u015bci alfabetycznej wzgl\u0119dem nazwy miejscowo\u015bci przywo\u0142anej w legendzie t\u0142oka lub odtworzonej ze \u017ar\u00f3de\u0142 historycznych. 1 kolekcja prywatna 2 TCZEW Dr Walter Friedrich notariusz 3a stal 3b &#8211;&hellip; <\/p>\n","protected":false},"author":1,"featured_media":0,"parent":0,"menu_order":0,"comment_status":"closed","ping_status":"closed","template":"","meta":{"footnotes":""},"class_list":["post-8587","page","type-page","status-publish","hentry"],"_links":{"self":[{"href":"https:\/\/sigillarium.pl\/index.php\/wp-json\/wp\/v2\/pages\/8587","targetHints":{"allow":["GET"]}}],"collection":[{"href":"https:\/\/sigillarium.pl\/index.php\/wp-json\/wp\/v2\/pages"}],"about":[{"href":"https:\/\/sigillarium.pl\/index.php\/wp-json\/wp\/v2\/types\/page"}],"author":[{"embeddable":true,"href":"https:\/\/sigillarium.pl\/index.php\/wp-json\/wp\/v2\/users\/1"}],"replies":[{"embeddable":true,"href":"https:\/\/sigillarium.pl\/index.php\/wp-json\/wp\/v2\/comments?post=8587"}],"version-history":[{"count":15,"href":"https:\/\/sigillarium.pl\/index.php\/wp-json\/wp\/v2\/pages\/8587\/revisions"}],"predecessor-version":[{"id":17914,"href":"https:\/\/sigillarium.pl\/index.php\/wp-json\/wp\/v2\/pages\/8587\/revisions\/17914"}],"wp:attachment":[{"href":"https:\/\/sigillarium.pl\/index.php\/wp-json\/wp\/v2\/media?parent=8587"}],"curies":[{"name":"wp","href":"https:\/\/api.w.org\/{rel}","templated":true}]}}