{"id":8617,"date":"2020-08-31T22:46:28","date_gmt":"2020-08-31T20:46:28","guid":{"rendered":"https:\/\/sigillarium.pl\/?page_id=8617"},"modified":"2020-08-31T22:48:32","modified_gmt":"2020-08-31T20:48:32","slug":"pieczecie-urzednikow-powstanczych-zabor-pruski","status":"publish","type":"page","link":"https:\/\/sigillarium.pl\/index.php\/pieczecie-urzednikow-powstanczych-zabor-pruski\/","title":{"rendered":"Piecz\u0119cie urz\u0119dnik\u00f3w powsta\u0144czych (zab\u00f3r pruski)"},"content":{"rendered":"\n<hr class=\"wp-block-separator\"\/>\n\n\n\n<p>Zapraszamy do zaprezentowania w tej sekcji obiekt\u00f3w z Pa\u0144stwa kolekcji (zbior\u00f3w).<\/p>\n\n\n\n<hr class=\"wp-block-separator\"\/>\n\n\n\n<p><\/p>\n","protected":false},"excerpt":{"rendered":"<p>Zapraszamy do zaprezentowania w tej sekcji obiekt\u00f3w z Pa\u0144stwa kolekcji (zbior\u00f3w).<\/p>\n","protected":false},"author":1,"featured_media":0,"parent":0,"menu_order":0,"comment_status":"closed","ping_status":"closed","template":"","meta":{"footnotes":""},"class_list":["post-8617","page","type-page","status-publish","hentry"],"_links":{"self":[{"href":"https:\/\/sigillarium.pl\/index.php\/wp-json\/wp\/v2\/pages\/8617","targetHints":{"allow":["GET"]}}],"collection":[{"href":"https:\/\/sigillarium.pl\/index.php\/wp-json\/wp\/v2\/pages"}],"about":[{"href":"https:\/\/sigillarium.pl\/index.php\/wp-json\/wp\/v2\/types\/page"}],"author":[{"embeddable":true,"href":"https:\/\/sigillarium.pl\/index.php\/wp-json\/wp\/v2\/users\/1"}],"replies":[{"embeddable":true,"href":"https:\/\/sigillarium.pl\/index.php\/wp-json\/wp\/v2\/comments?post=8617"}],"version-history":[{"count":3,"href":"https:\/\/sigillarium.pl\/index.php\/wp-json\/wp\/v2\/pages\/8617\/revisions"}],"predecessor-version":[{"id":8622,"href":"https:\/\/sigillarium.pl\/index.php\/wp-json\/wp\/v2\/pages\/8617\/revisions\/8622"}],"wp:attachment":[{"href":"https:\/\/sigillarium.pl\/index.php\/wp-json\/wp\/v2\/media?parent=8617"}],"curies":[{"name":"wp","href":"https:\/\/api.w.org\/{rel}","templated":true}]}}