{"id":869,"date":"2020-02-22T16:13:52","date_gmt":"2020-02-22T15:13:52","guid":{"rendered":"http:\/\/sigillarium.pl\/?page_id=869"},"modified":"2022-12-06T20:07:40","modified_gmt":"2022-12-06T19:07:40","slug":"pieczecie-urzedow-i-instytucji-samorzadowych-od-xi-1939-do-1944","status":"publish","type":"page","link":"https:\/\/sigillarium.pl\/index.php\/pieczecie-urzedow-i-instytucji-samorzadowych-od-xi-1939-do-1944\/","title":{"rendered":"Piecz\u0119cie urz\u0119d\u00f3w i instytucji samorz\u0105dowych &#8211;  okupacyjnych (X 1939 &#8211; 1945)"},"content":{"rendered":"\n<hr class=\"wp-block-separator has-css-opacity\"\/>\n\n\n\n<p>T\u0142oki zaprezentowano w kolejno\u015bci alfabetycznej wzgl\u0119dem nazwy miejscowo\u015bci przywo\u0142anej w legendzie t\u0142oka lub odtworzonej ze \u017ar\u00f3de\u0142 historycznych. <\/p>\n\n\n\n<hr class=\"wp-block-separator has-css-opacity\"\/>\n\n\n\n<div class=\"wp-block-columns is-layout-flex wp-container-core-columns-is-layout-9d6595d7 wp-block-columns-is-layout-flex\">\n<div class=\"wp-block-column is-layout-flow wp-block-column-is-layout-flow\" style=\"flex-basis:5%\"><\/div>\n\n\n\n<div class=\"wp-block-column is-vertically-aligned-center is-layout-flow wp-block-column-is-layout-flow\" style=\"flex-basis:23%\">\n<figure class=\"wp-block-gallery aligncenter has-nested-images columns-default is-cropped wp-block-gallery-1 is-layout-flex wp-block-gallery-is-layout-flex\">\n<figure class=\"wp-block-image size-full is-style-default\"><a href=\"https:\/\/sigillarium.pl\/wp-content\/uploads\/2020\/04\/Warszawa_zarz\u0105d-miejski-w-miescie_tlok.jpg\"><img loading=\"lazy\" decoding=\"async\" width=\"455\" height=\"454\" data-id=\"2400\" src=\"https:\/\/sigillarium.pl\/wp-content\/uploads\/2020\/04\/Warszawa_zarz\u0105d-miejski-w-miescie_tlok.jpg\" alt=\"\" class=\"wp-image-2400\" srcset=\"https:\/\/sigillarium.pl\/wp-content\/uploads\/2020\/04\/Warszawa_zarz\u0105d-miejski-w-miescie_tlok.jpg 455w, https:\/\/sigillarium.pl\/wp-content\/uploads\/2020\/04\/Warszawa_zarz\u0105d-miejski-w-miescie_tlok-300x300.jpg 300w, https:\/\/sigillarium.pl\/wp-content\/uploads\/2020\/04\/Warszawa_zarz\u0105d-miejski-w-miescie_tlok-150x150.jpg 150w\" sizes=\"auto, (max-width: 455px) 100vw, 455px\" \/><\/a><\/figure>\n<\/figure>\n<\/div>\n\n\n\n<div class=\"wp-block-column is-layout-flow wp-block-column-is-layout-flow\" style=\"flex-basis:1%\"><\/div>\n\n\n\n<div class=\"wp-block-column is-vertically-aligned-center is-layout-flow wp-block-column-is-layout-flow\" style=\"flex-basis:22%\"><div class=\"wp-block-image\">\n<figure class=\"aligncenter size-large is-resized\"><img loading=\"lazy\" decoding=\"async\" src=\"http:\/\/sigillarium.pl\/wp-content\/uploads\/2020\/04\/Warszawa_zarz\u0105d-miejski-w-miescie_uchwyt.jpg\" alt=\"\" class=\"wp-image-2401\" width=\"147\" height=\"363\" srcset=\"https:\/\/sigillarium.pl\/wp-content\/uploads\/2020\/04\/Warszawa_zarz\u0105d-miejski-w-miescie_uchwyt.jpg 401w, https:\/\/sigillarium.pl\/wp-content\/uploads\/2020\/04\/Warszawa_zarz\u0105d-miejski-w-miescie_uchwyt-121x300.jpg 121w\" sizes=\"auto, (max-width: 147px) 100vw, 147px\" \/><\/figure>\n<\/div><\/div>\n\n\n\n<div class=\"wp-block-column is-layout-flow wp-block-column-is-layout-flow\" style=\"flex-basis:1%\"><\/div>\n\n\n\n<div class=\"wp-block-column is-layout-flow wp-block-column-is-layout-flow\" style=\"flex-basis:48%\">\n<style> td {font-size: 11px; color: black; font-family: Arial;} <\/style>\n<table style=\"width: 500px; height: 150px;\">\n\t<tr>\n\t\t<td style=\"background-color: #DDDDDD; width:6%; text-align: center; \"><b>1<\/b><\/td>\n\t\t<td style=\"padding-left: 8px;\">kolekcja prywatna<\/td>\n\t<\/tr>\n\t<tr>\n\t\t<td style=\"background-color: #DDDDDD; text-align: center; \"><b>2<\/b><\/td>\n<td style=\"background-color: #FFFF99; white-space: nowrap; padding-left: 8px;\"><b><big><big><a href=\"https:\/\/pl.wikipedia.org\/wiki\/Warszawa \">WARSZAWA <\/a> <\/big><\/big><br \/><big> Zarz\u0105d Miejski w m. Warszawie <\/big><\/td>\n\t<\/tr>\n\t<tr>\n\t\t<td style=\"background-color: #DDDDDD; text-align: center; \"><b>3a<\/b><\/td>\n\t\t<td style=\"padding-left: 8px;\">mosi\u0105dz<\/td>\n\t<\/tr>\n\t<tr>\n\t\t<td style=\"background-color: #DDDDDD; text-align: center; \"><b>3b<\/b><\/td>\n\t\t<td style=\"padding-left: 8px;\"> drewno <\/td>\n\t<\/tr>\n\t<tr>\n\t\t<td style=\"background-color: #DDDDDD; text-align: center; \"><b>4<\/b><\/td>\n\t\t<td style=\"padding-left: 8px;\"> okr\u0105g\u0142a \u00d8 36 mm <\/td>\n\t<\/tr>\n\t<tr>\n\t\t<td style=\"background-color: #DDDDDD; text-align: center; \"><b>5<\/b><\/td>\n\t\t<td style=\"padding-left: 8px;\">wkl\u0119s\u0142oryty<\/td>\n\t<\/tr>\n\t<tr>\n\t\t<td style=\"background-color: #DDDDDD; text-align: center; \"><b>6<\/b><\/td>\n<td style=\"padding-left: 8px;\">&#8211;<\/td>\n\t<\/tr>\n<tr>\n\t\t<td style=\"background-color: #DDDDDD; text-align: center; \"><b>7<\/b><\/td>\n<td style=\"padding-left: 8px;\"> uchwyt toczony o kulistej ga\u0142ce, na kt\u00f3rym przymocowana tabliczka wytw\u00f3rcy <\/td>\n\t<\/tr>\n\t<tr>\n\t\t<td style=\"background-color: #DDDDDD; text-align: center; \"><b>7a<\/b><\/td>\n\t\t<td style=\"padding-left: 8px;\">92 mm<\/td>\n\t<\/tr>\n\t<tr>\n\t\t<td style=\"background-color: #DDDDDD; text-align: center; \"><b>7b<\/b><\/td>\n\t\t<td style=\"padding-left: 8px;\"> 81,5 mm, w tym skuwka 5 mm <\/td>\n\t<\/tr>\n\t<tr>\n\t\t<td style=\"background-color: #DDDDDD; text-align: center; \"><b>7c<\/b><\/td>\n\t\t<td style=\"padding-left: 8px;\"> 9,5 mm<\/td>\n\t<\/tr>\n\t<tr>\n\t\t<td style=\"background-color: #DDDDDD; text-align: center; \"><b>8<\/b><\/td>\n<td style=\"padding-left: 8px;\"> na uchwycie znacznik prawid\u0142owego ustawienie t\u0142oka <\/td>\n\t<\/tr>\n\t<tr>\n\t\t<td style=\"background-color: #DDDDDD; text-align: center; \"><b>9a<\/b><\/td>\n\t\t<td style=\"padding-left: 8px;\">majusku\u0142a<\/td>\n\t<\/tr>\n\t<tr>\n\t\t<td style=\"background-color: #DDDDDD; text-align: center; \"><b>9b<\/b><\/td>\n<td style=\"padding-left: 8px;\"><br\/> w otoku :<b> ZARZ\u0104D  MIEJSKI  W  M.  WARSZAWIE <\/b><br \/><br \/><\/td> \n\t<tr>\n\t\t<td style=\"background-color: #DDDDDD; text-align: center; \"><b>10<\/b><\/td>\n<td style=\"padding-left: 8px;\"> W polu piecz\u0119ci oddzielonym od legendy obrze\u017ceniem ci\u0105g\u0142ym,  god\u0142o warszawy wg. wzoru z 1938 r. \u2013 syrena trzymaj\u0105ca nad g\u0142ow\u0105 w prawej r\u0119ce szabl\u0119, a w lewej tarcz\u0119, powy\u017cej szabli zamkni\u0119ta korona kr\u00f3lewska. Z prawej strony syreny nr. 55. Na zewn\u0105trz wok\u00f3\u0142 pola legendy obrze\u017cenie ci\u0105g\u0142e. <\/td>\n<\/tr>\n\t<tr>\n\t\t<td style=\"background-color: #DDDDDD; text-align: center; \"><b>11<\/b><\/td>\n<td style=\"padding-left: 8px;\">&#8211;<\/td>\n\t<\/tr>\n\t<tr>\n\t\t<td style=\"background-color: #DDDDDD; text-align: center; \"><b>12<\/b><\/td>\n<td style=\"padding-left: 8px;\"> wytw\u00f3rca Roman Roch Kowalski, Warszawa, ul. Leszno 23, piecz\u0119\u0107 u\u017cywana w latach 1939-1944<\/td>\n\t<\/tr>\n<\/table>\n\n\n\n<p class=\"has-small-font-size\">   <a rel=\"noreferrer noopener\" href=\"http:\/\/sigillarium.pl\/index.php\/legenda-do-opisu-tloka-pieczetnego\/\" target=\"_blank\">Legenda<\/a>   <\/p>\n<\/div>\n<\/div>\n\n\n\n<hr class=\"wp-block-separator has-css-opacity\"\/>\n","protected":false},"excerpt":{"rendered":"<p>T\u0142oki zaprezentowano w kolejno\u015bci alfabetycznej wzgl\u0119dem nazwy miejscowo\u015bci przywo\u0142anej w legendzie t\u0142oka lub odtworzonej ze \u017ar\u00f3de\u0142 historycznych. 1 kolekcja prywatna 2 WARSZAWA Zarz\u0105d Miejski w m. Warszawie 3a mosi\u0105dz 3b&hellip; <\/p>\n","protected":false},"author":1,"featured_media":0,"parent":0,"menu_order":0,"comment_status":"closed","ping_status":"closed","template":"","meta":{"footnotes":""},"class_list":["post-869","page","type-page","status-publish","hentry"],"_links":{"self":[{"href":"https:\/\/sigillarium.pl\/index.php\/wp-json\/wp\/v2\/pages\/869","targetHints":{"allow":["GET"]}}],"collection":[{"href":"https:\/\/sigillarium.pl\/index.php\/wp-json\/wp\/v2\/pages"}],"about":[{"href":"https:\/\/sigillarium.pl\/index.php\/wp-json\/wp\/v2\/types\/page"}],"author":[{"embeddable":true,"href":"https:\/\/sigillarium.pl\/index.php\/wp-json\/wp\/v2\/users\/1"}],"replies":[{"embeddable":true,"href":"https:\/\/sigillarium.pl\/index.php\/wp-json\/wp\/v2\/comments?post=869"}],"version-history":[{"count":17,"href":"https:\/\/sigillarium.pl\/index.php\/wp-json\/wp\/v2\/pages\/869\/revisions"}],"predecessor-version":[{"id":23281,"href":"https:\/\/sigillarium.pl\/index.php\/wp-json\/wp\/v2\/pages\/869\/revisions\/23281"}],"wp:attachment":[{"href":"https:\/\/sigillarium.pl\/index.php\/wp-json\/wp\/v2\/media?parent=869"}],"curies":[{"name":"wp","href":"https:\/\/api.w.org\/{rel}","templated":true}]}}