{"id":871,"date":"2020-02-22T16:14:57","date_gmt":"2020-02-22T15:14:57","guid":{"rendered":"http:\/\/sigillarium.pl\/?page_id=871"},"modified":"2021-05-15T00:38:05","modified_gmt":"2021-05-14T22:38:05","slug":"pieczecie-urzedow-i-instytucji-polskiego-panstwa-podziemnego-od-xi-1939-do-1944","status":"publish","type":"page","link":"https:\/\/sigillarium.pl\/index.php\/pieczecie-urzedow-i-instytucji-polskiego-panstwa-podziemnego-od-xi-1939-do-1944\/","title":{"rendered":"Piecz\u0119cie urz\u0119d\u00f3w i instytucji polskiego pa\u0144stwa podziemnego (X 1939 &#8211; 1945)"},"content":{"rendered":"\n<hr class=\"wp-block-separator\"\/>\n\n\n\n<p>Zapraszamy do zaprezentowania w tej sekcji obiekt\u00f3w z Pa\u0144stwa kolekcji (zbior\u00f3w).<\/p>\n\n\n\n<hr class=\"wp-block-separator\"\/>\n","protected":false},"excerpt":{"rendered":"<p>Zapraszamy do zaprezentowania w tej sekcji obiekt\u00f3w z Pa\u0144stwa kolekcji (zbior\u00f3w).<\/p>\n","protected":false},"author":1,"featured_media":0,"parent":0,"menu_order":0,"comment_status":"closed","ping_status":"closed","template":"","meta":{"footnotes":""},"class_list":["post-871","page","type-page","status-publish","hentry"],"_links":{"self":[{"href":"https:\/\/sigillarium.pl\/index.php\/wp-json\/wp\/v2\/pages\/871","targetHints":{"allow":["GET"]}}],"collection":[{"href":"https:\/\/sigillarium.pl\/index.php\/wp-json\/wp\/v2\/pages"}],"about":[{"href":"https:\/\/sigillarium.pl\/index.php\/wp-json\/wp\/v2\/types\/page"}],"author":[{"embeddable":true,"href":"https:\/\/sigillarium.pl\/index.php\/wp-json\/wp\/v2\/users\/1"}],"replies":[{"embeddable":true,"href":"https:\/\/sigillarium.pl\/index.php\/wp-json\/wp\/v2\/comments?post=871"}],"version-history":[{"count":7,"href":"https:\/\/sigillarium.pl\/index.php\/wp-json\/wp\/v2\/pages\/871\/revisions"}],"predecessor-version":[{"id":13293,"href":"https:\/\/sigillarium.pl\/index.php\/wp-json\/wp\/v2\/pages\/871\/revisions\/13293"}],"wp:attachment":[{"href":"https:\/\/sigillarium.pl\/index.php\/wp-json\/wp\/v2\/media?parent=871"}],"curies":[{"name":"wp","href":"https:\/\/api.w.org\/{rel}","templated":true}]}}