{"id":889,"date":"2020-02-22T16:27:01","date_gmt":"2020-02-22T15:27:01","guid":{"rendered":"http:\/\/sigillarium.pl\/?page_id=889"},"modified":"2025-05-17T18:56:45","modified_gmt":"2025-05-17T16:56:45","slug":"pieczecie-wojskowe-do-1945","status":"publish","type":"page","link":"https:\/\/sigillarium.pl\/index.php\/pieczecie-wojskowe-do-1945\/","title":{"rendered":"Piecz\u0119cie wojskowe do 1945"},"content":{"rendered":"\n<hr class=\"wp-block-separator has-alpha-channel-opacity\"\/>\n\n\n\n<p>T\u0142oki zaprezentowano w kolejno\u015bci alfabetycznej wzgl\u0119dem nazwy miejscowo\u015bci przywo\u0142anej w legendzie t\u0142oka lub odtworzonej ze \u017ar\u00f3de\u0142 historycznych.<\/p>\n\n\n\n<hr class=\"wp-block-separator has-css-opacity\"\/>\n\n\n\n<div class=\"wp-block-columns is-layout-flex wp-container-core-columns-is-layout-9d6595d7 wp-block-columns-is-layout-flex\">\n<div class=\"wp-block-column is-layout-flow wp-block-column-is-layout-flow\" style=\"flex-basis:5%\"><\/div>\n\n\n\n<div class=\"wp-block-column is-vertically-aligned-center is-layout-flow wp-block-column-is-layout-flow\" style=\"flex-basis:23%\">\n<figure class=\"wp-block-gallery aligncenter has-nested-images columns-default is-cropped wp-block-gallery-1 is-layout-flex wp-block-gallery-is-layout-flex\">\n<figure class=\"wp-block-image size-full\"><a href=\"https:\/\/sigillarium.pl\/wp-content\/uploads\/2024\/09\/Krakow-Komenda-Okregu-nr-5-Polskiej-Armii-Ludowej-pieczec-seal-petschaft-siegel-sceau-cachet-sigillo-sigillarium.jpg\"><img loading=\"lazy\" decoding=\"async\" width=\"1003\" height=\"1000\" data-id=\"32671\" src=\"https:\/\/sigillarium.pl\/wp-content\/uploads\/2024\/09\/Krakow-Komenda-Okregu-nr-5-Polskiej-Armii-Ludowej-pieczec-seal-petschaft-siegel-sceau-cachet-sigillo-sigillarium.jpg\" alt=\"\" class=\"wp-image-32671\" srcset=\"https:\/\/sigillarium.pl\/wp-content\/uploads\/2024\/09\/Krakow-Komenda-Okregu-nr-5-Polskiej-Armii-Ludowej-pieczec-seal-petschaft-siegel-sceau-cachet-sigillo-sigillarium.jpg 1003w, https:\/\/sigillarium.pl\/wp-content\/uploads\/2024\/09\/Krakow-Komenda-Okregu-nr-5-Polskiej-Armii-Ludowej-pieczec-seal-petschaft-siegel-sceau-cachet-sigillo-sigillarium-300x300.jpg 300w, https:\/\/sigillarium.pl\/wp-content\/uploads\/2024\/09\/Krakow-Komenda-Okregu-nr-5-Polskiej-Armii-Ludowej-pieczec-seal-petschaft-siegel-sceau-cachet-sigillo-sigillarium-150x150.jpg 150w, https:\/\/sigillarium.pl\/wp-content\/uploads\/2024\/09\/Krakow-Komenda-Okregu-nr-5-Polskiej-Armii-Ludowej-pieczec-seal-petschaft-siegel-sceau-cachet-sigillo-sigillarium-768x766.jpg 768w\" sizes=\"auto, (max-width: 1003px) 100vw, 1003px\" \/><\/a><\/figure>\n<\/figure>\n<\/div>\n\n\n\n<div class=\"wp-block-column is-layout-flow wp-block-column-is-layout-flow\" style=\"flex-basis:1%\"><\/div>\n\n\n\n<div class=\"wp-block-column is-vertically-aligned-center is-layout-flow wp-block-column-is-layout-flow\" style=\"flex-basis:22%\"><div class=\"wp-block-image is-resized\">\n<figure class=\"aligncenter size-full\"><img loading=\"lazy\" decoding=\"async\" width=\"757\" height=\"880\" src=\"https:\/\/sigillarium.pl\/wp-content\/uploads\/2024\/09\/Krakow-Komenda-Okregu-nr-5-Polskiej-Armii-Ludowej-pieczec-trzpien-seal-petschaft-siegel-sceau-cachet-sigillo-sigillarium.jpg\" alt=\"\" class=\"wp-image-32673\" style=\"width:197px;height:auto\" srcset=\"https:\/\/sigillarium.pl\/wp-content\/uploads\/2024\/09\/Krakow-Komenda-Okregu-nr-5-Polskiej-Armii-Ludowej-pieczec-trzpien-seal-petschaft-siegel-sceau-cachet-sigillo-sigillarium.jpg 757w, https:\/\/sigillarium.pl\/wp-content\/uploads\/2024\/09\/Krakow-Komenda-Okregu-nr-5-Polskiej-Armii-Ludowej-pieczec-trzpien-seal-petschaft-siegel-sceau-cachet-sigillo-sigillarium-258x300.jpg 258w\" sizes=\"auto, (max-width: 757px) 100vw, 757px\" \/><\/figure>\n<\/div><\/div>\n\n\n\n<div class=\"wp-block-column is-layout-flow wp-block-column-is-layout-flow\" style=\"flex-basis:1%\"><\/div>\n\n\n\n<div class=\"wp-block-column is-layout-flow wp-block-column-is-layout-flow\" style=\"flex-basis:48%\">\n<style> td {font-size: 11px; color: black; font-family: Arial;} <\/style>\n<table style=\"width: 500px; height: 150px;\">\n\t<tbody><tr>\n\t\t<td style=\"background-color: #DDDDDD; width:6%; text-align: center; \"><b>1<\/b><\/td>\n\t\t<td style=\"padding-left: 8px;\">kolekcja prywatna<\/td>\n\t<\/tr>\n\t<tr>\n\t\t<td style=\"background-color: #DDDDDD; text-align: center; \"><b>2<\/b><\/td>\n<td style=\"background-color: #FFFF99; white-space: nowrap; padding-left: 8px;\"><b><big><big> <a href=\"https:\/\/pl.wikipedia.org\/wiki\/Krak%C3%B3w \">KRAK\u00d3W<\/a><\/big><\/big><\/b><br><b><big>Komenda Okr\u0119gu Nr 5 Polskiej Armii Ludowej <\/big><\/b><\/td>\n\t<\/tr>\n\t<tr>\n\t\t<td style=\"background-color: #DDDDDD; text-align: center; \"><b>3a<\/b><\/td>\n\t\t<td style=\"padding-left: 8px;\">mosi\u0105dz<\/td>\n\t<\/tr>\n\t<tr>\n\t\t<td style=\"background-color: #DDDDDD; text-align: center; \"><b>3b<\/b><\/td>\n\t\t<td style=\"padding-left: 8px;\">&#8211;<\/td>\n\t<\/tr>\n\t<tr>\n\t\t<td style=\"background-color: #DDDDDD; text-align: center; \"><b>4<\/b><\/td>\n\t\t<td style=\"padding-left: 8px;\">okr\u0105g\u0142a \u00d8 35 mm<\/td>\n\t<\/tr>\n\t<tr>\n\t\t<td style=\"background-color: #DDDDDD; text-align: center; \"><b>5<\/b><\/td>\n\t\t<td style=\"padding-left: 8px;\">wypuk\u0142oryty<\/td>\n\t<\/tr>\n\t<tr>\n\t\t<td style=\"background-color: #DDDDDD; text-align: center; \"><b>6<\/b><\/td>\n<td style=\"padding-left: 8px;\">&#8211;<\/td>\n\t<\/tr>\n<tr>\n\t\t<td style=\"background-color: #DDDDDD; text-align: center; \"><b>7<\/b><\/td>\n<td style=\"padding-left: 8px;\"> brak uchwytu, trzpie\u0144 do jego zamocowania<\/td>\n\t<\/tr>\n\t<tr>\n\t\t<td style=\"background-color: #DDDDDD; text-align: center; \"><b>7a<\/b><\/td>\n\t\t<td style=\"padding-left: 8px;\">35 mm<\/td>\n\t<\/tr>\n\t<tr>\n\t\t<td style=\"background-color: #DDDDDD; text-align: center; \"><b>7b<\/b><\/td>\n\t\t<td style=\"padding-left: 8px;\">&#8211; <\/td>\n\t<\/tr>\n\t<tr>\n\t\t<td style=\"background-color: #DDDDDD; text-align: center; \"><b>7c<\/b><\/td>\n\t\t<td style=\"padding-left: 8px;\">6 mm<\/td>\n\t<\/tr>\n\t<tr>\n\t\t<td style=\"background-color: #DDDDDD; text-align: center; \"><b>8<\/b><\/td>\n<td style=\"padding-left: 8px;\">&#8211;<\/td>\n\t<\/tr>\n\t<tr>\n\t\t<td style=\"background-color: #DDDDDD; text-align: center; \"><b>9a<\/b><\/td>\n\t\t<td style=\"padding-left: 8px;\">majusku\u0142a, minusku\u0142a<\/td>\n\t<\/tr>\n\t<tr>\n\t\t<td style=\"background-color: #DDDDDD; text-align: center; \"><b>9b<\/b><\/td>\n<td style=\"padding-left: 8px;\"><br> w otoku:<b> \u2022 KOM <i> (enda)<\/i> OKR\u0118GU Nr 5 w KRAKOWIE \u2022 \/\/ POLSKIEJ ARMII LUDOWEJ <\/b><br><br><\/td> \n\t<\/tr>\n\t<tr>\n\t\t<td style=\"background-color: #DDDDDD; text-align: center; \"><b>10<\/b><\/td>\n<td style=\"padding-left: 8px;\"> W polu piecz\u0119ci wizerunek autorski or\u0142a polskiego. Na zewn\u0105trz, wok\u00f3\u0142 pola piecz\u0119ci, pojedyncze obrze\u017cenie ci\u0105g\u0142e.<\/td>\n<\/tr>\n\t<tr>\n\t\t<td style=\"background-color: #DDDDDD; text-align: center; \"><b>11<\/b><\/td>\n<td style=\"padding-left: 8px;\">&#8211;<\/td>\n\t<\/tr>\n\t<tr>\n\t\t<td style=\"background-color: #DDDDDD; text-align: center; \"><b>12<\/b><\/td>\n<td style=\"padding-left: 8px;\"> Zobacz: <a href=\"https:\/\/pl.wikipedia.org\/wiki\/Polska_Armia_Ludowa\">Polska Armia Ludowa<\/a><\/td>\n\t<\/tr>\n<\/tbody><\/table>\n<\/div>\n<\/div>\n\n\n\n<hr class=\"wp-block-separator has-css-opacity\"\/>\n","protected":false},"excerpt":{"rendered":"<p>T\u0142oki zaprezentowano w kolejno\u015bci alfabetycznej wzgl\u0119dem nazwy miejscowo\u015bci przywo\u0142anej w legendzie t\u0142oka lub odtworzonej ze \u017ar\u00f3de\u0142 historycznych. 1 kolekcja prywatna 2 KRAK\u00d3WKomenda Okr\u0119gu Nr 5 Polskiej Armii Ludowej 3a mosi\u0105dz&hellip; <\/p>\n","protected":false},"author":1,"featured_media":0,"parent":0,"menu_order":0,"comment_status":"closed","ping_status":"closed","template":"","meta":{"footnotes":""},"class_list":["post-889","page","type-page","status-publish","hentry"],"_links":{"self":[{"href":"https:\/\/sigillarium.pl\/index.php\/wp-json\/wp\/v2\/pages\/889","targetHints":{"allow":["GET"]}}],"collection":[{"href":"https:\/\/sigillarium.pl\/index.php\/wp-json\/wp\/v2\/pages"}],"about":[{"href":"https:\/\/sigillarium.pl\/index.php\/wp-json\/wp\/v2\/types\/page"}],"author":[{"embeddable":true,"href":"https:\/\/sigillarium.pl\/index.php\/wp-json\/wp\/v2\/users\/1"}],"replies":[{"embeddable":true,"href":"https:\/\/sigillarium.pl\/index.php\/wp-json\/wp\/v2\/comments?post=889"}],"version-history":[{"count":19,"href":"https:\/\/sigillarium.pl\/index.php\/wp-json\/wp\/v2\/pages\/889\/revisions"}],"predecessor-version":[{"id":32954,"href":"https:\/\/sigillarium.pl\/index.php\/wp-json\/wp\/v2\/pages\/889\/revisions\/32954"}],"wp:attachment":[{"href":"https:\/\/sigillarium.pl\/index.php\/wp-json\/wp\/v2\/media?parent=889"}],"curies":[{"name":"wp","href":"https:\/\/api.w.org\/{rel}","templated":true}]}}