{"id":896,"date":"2020-02-22T16:30:48","date_gmt":"2020-02-22T15:30:48","guid":{"rendered":"http:\/\/sigillarium.pl\/?page_id=896"},"modified":"2025-03-05T12:39:24","modified_gmt":"2025-03-05T11:39:24","slug":"pieczecie-pozostale-w-tym-judaiki","status":"publish","type":"page","link":"https:\/\/sigillarium.pl\/index.php\/pieczecie-pozostale-w-tym-judaiki\/","title":{"rendered":"Piecz\u0119cie pozosta\u0142e (w tym judaiki)"},"content":{"rendered":"\n<hr class=\"wp-block-separator has-css-opacity\"\/>\n\n\n\n<p>T\u0142oki zaprezentowano w kolejno\u015bci alfabetycznej wzgl\u0119dem nazwy miejscowo\u015bci przywo\u0142anej w legendzie t\u0142oka lub odtworzonej ze \u017ar\u00f3de\u0142 historycznych. <\/p>\n\n\n\n<hr class=\"wp-block-separator has-css-opacity\"\/>\n\n\n\n<div class=\"wp-block-columns is-layout-flex wp-container-core-columns-is-layout-9d6595d7 wp-block-columns-is-layout-flex\">\n<div class=\"wp-block-column is-layout-flow wp-block-column-is-layout-flow\" style=\"flex-basis:5%\"><\/div>\n\n\n\n<div class=\"wp-block-column is-vertically-aligned-center is-layout-flow wp-block-column-is-layout-flow\" style=\"flex-basis:23.02%\">\n<figure class=\"wp-block-gallery aligncenter has-nested-images columns-default is-cropped wp-block-gallery-1 is-layout-flex wp-block-gallery-is-layout-flex\">\n<figure class=\"wp-block-image size-large\"><a href=\"https:\/\/sigillarium.pl\/wp-content\/uploads\/2020\/05\/\u0141atycz\u00f3w-Kustar-t\u0142ok.jpg\"><img loading=\"lazy\" decoding=\"async\" width=\"650\" height=\"630\" data-id=\"3987\" src=\"https:\/\/sigillarium.pl\/wp-content\/uploads\/2020\/05\/\u0141atycz\u00f3w-Kustar-t\u0142ok.jpg\" alt=\"\" class=\"wp-image-3987\" srcset=\"https:\/\/sigillarium.pl\/wp-content\/uploads\/2020\/05\/\u0141atycz\u00f3w-Kustar-t\u0142ok.jpg 650w, https:\/\/sigillarium.pl\/wp-content\/uploads\/2020\/05\/\u0141atycz\u00f3w-Kustar-t\u0142ok-300x291.jpg 300w\" sizes=\"auto, (max-width: 650px) 100vw, 650px\" \/><\/a><\/figure>\n<\/figure>\n<\/div>\n\n\n\n<div class=\"wp-block-column is-layout-flow wp-block-column-is-layout-flow\" style=\"flex-basis:1.05%\"><\/div>\n\n\n\n<div class=\"wp-block-column is-vertically-aligned-center is-layout-flow wp-block-column-is-layout-flow\" style=\"flex-basis:22.01%\"><div class=\"wp-block-image\">\n<figure class=\"aligncenter size-large is-resized\"><img loading=\"lazy\" decoding=\"async\" width=\"429\" height=\"1002\" src=\"http:\/\/sigillarium.pl\/wp-content\/uploads\/2020\/05\/\u0141atycz\u00f3w-Kustar-uchwyt.jpg\" alt=\"\" class=\"wp-image-3988\" style=\"width:147px;height:340px\" srcset=\"https:\/\/sigillarium.pl\/wp-content\/uploads\/2020\/05\/\u0141atycz\u00f3w-Kustar-uchwyt.jpg 429w, https:\/\/sigillarium.pl\/wp-content\/uploads\/2020\/05\/\u0141atycz\u00f3w-Kustar-uchwyt-128x300.jpg 128w\" sizes=\"auto, (max-width: 429px) 100vw, 429px\" \/><\/figure>\n<\/div><\/div>\n\n\n\n<div class=\"wp-block-column is-layout-flow wp-block-column-is-layout-flow\" style=\"flex-basis:1.07%\"><\/div>\n\n\n\n<div class=\"wp-block-column is-layout-flow wp-block-column-is-layout-flow\" style=\"flex-basis:47.84%\">\n<style> td {font-size: 11px; color: black; font-family: Arial;} <\/style>\n<table style=\"width: 500px; height: 150px;\">\n\t<tr>\n\t\t<td style=\"background-color: #DDDDDD; width:6%; text-align: center; \"><b>1<\/b><\/td>\n\t\t<td style=\"padding-left: 8px;\">kolekcja prywatna<\/td>\n\t<\/tr>\n\t<tr>\n\t\t<td style=\"background-color: #DDDDDD; text-align: center; \"><b>2<\/b><\/td>\n<td style=\"background-color: #FFFF99; white-space: nowrap; padding-left: 8px;\"><b><big><big><a href=\" https:\/\/pl.wikipedia.org\/wiki\/\u0141atycz\u00f3w\">\u0141ATYCZ\u00d3W<\/a><\/big><\/big><\/b><br \/><b><big>Sp\u00f3\u0142dzielcze Towarzystwo Przemys\u0142owo &#8211; Kredytowe <\/big><\/b><\/td>\n\t<\/tr>\n\t<tr>\n\t\t<td style=\"background-color: #DDDDDD; text-align: center; \"><b>3a<\/b><\/td>\n\t\t<td style=\"padding-left: 8px;\">mosi\u0105dz<\/td>\n\t<\/tr>\n\t<tr>\n\t\t<td style=\"background-color: #DDDDDD; text-align: center; \"><b>3b<\/b><\/td>\n\t\t<td style=\"padding-left: 8px;\">drewno<\/td>\n\t<\/tr>\n\t<tr>\n\t\t<td style=\"background-color: #DDDDDD; text-align: center; \"><b>4<\/b><\/td>\n\t\t<td style=\"padding-left: 8px;\">okr\u0105g\u0142a  \u00d8 35,5 mm<\/td>\n\t<\/tr>\n\t<tr>\n\t\t<td style=\"background-color: #DDDDDD; text-align: center; \"><b>5<\/b><\/td>\n\t\t<td style=\"padding-left: 8px;\">wypuk\u0142oryty<\/td>\n\t<\/tr>\n\t<tr>\n\t\t<td style=\"background-color: #DDDDDD; text-align: center; \"><b>6<\/b><\/td>\n<td style=\"padding-left: 8px;\">&#8211;<\/td>\n\t<\/tr>\n<tr>\n\t\t<td style=\"background-color: #DDDDDD; text-align: center; \"><b>7<\/b><\/td>\n<td style=\"padding-left: 8px;\">uchwyt toczony o sp\u0142aszczonej ga\u0142ce, rekonstrukcja <\/td>\n\t<\/tr>\n\t<tr>\n\t\t<td style=\"background-color: #DDDDDD; text-align: center; \"><b>7a<\/b><\/td>\n\t\t<td style=\"padding-left: 8px;\"> 97 mm<\/td>\n\t<\/tr>\n\t<tr>\n\t\t<td style=\"background-color: #DDDDDD; text-align: center; \"><b>7b<\/b><\/td>\n\t\t<td style=\"padding-left: 8px;\"> 91,5 mm<\/td>\n\t<\/tr>\n\t<tr>\n\t\t<td style=\"background-color: #DDDDDD; text-align: center; \"><b>7c<\/b><\/td>\n\t\t<td style=\"padding-left: 8px;\"> 5,5 mm<\/td>\n\t<\/tr>\n\t<tr>\n\t\t<td style=\"background-color: #DDDDDD; text-align: center; \"><b>8<\/b><\/td>\n<td style=\"padding-left: 8px;\">&#8211;<\/td>\n\t<\/tr>\n\t<tr>\n\t\t<td style=\"background-color: #DDDDDD; text-align: center; \"><b>9a<\/b><\/td>\n\t\t<td style=\"padding-left: 8px;\">majusku\u0142a<br><br><\/td>\n\t<\/tr>\n\t<tr>\n\t\t<td style=\"background-color: #DDDDDD; text-align: center; \"><b>9b<\/b><\/td>\n<td style=\"padding-left: 8px;\">w g\u00f3rnym p\u00f3\u0142otoku: <b>\u041b\u042f\u0422\u0418\u0427\u0406\u0412\u0421\u042c\u041a\u0415  \u041f\u0420\u041e\u041c\u0418\u0421\u041b <i>(\u0435\u043d\u043d\u043e)<\/i>.  \u041a\u0420\u0415\u0414 <i>(\u0438\u0442\u043e\u0432\u044b\u0435)<\/i>. \u041a\u041e\u041e\u041f <i>(\u0435\u0440\u0430\u0442\u0438\u0432\u043d\u043e\u0435)<\/i>. \u0422 <i>(\u043e\u0432\u0430\u0440\u0438\u0449\u0435\u0441\u0442)<\/i> &#8211; \u0412\u041e <\/b><br \/>\nw polu:  <b>\u041a\u0423\u0421\u0422\u0410\u0420 \/\/ \u05e7 \u05d5 \u05e1 \u05d8 \u05d0 \u05e8 <\/b><br \/>\nw dolnym p\u00f3\u0142otoku:<b> \u05dc \u05e2 \u05d8 \u05d9 \u05d8 \u05e9 \u05e2 \u05d6 \u05d5 \u05e2 \u05e8 \u05d2 \u05e2 \u05d5 \u05d5 \u05e2 \u05e8 \u05d1 &#8211; \u05e8 \u05e7 \u05e2 \u05e8 \u05d9 \u05d8 \u05d2 \u05e2 \u05d5 \u05e2 \u05d4 \u05e9 \u05d0 \u05d1 \u05d8\n<br \/><br \/><\/td> \n\t<\/tr>\n\t<tr>\n\t\t<td style=\"background-color: #DDDDDD; text-align: center; \"><b>10<\/b><\/td>\n<td style=\"padding-left: 8px;\"> W polu piecz\u0119ci, oddzielonym od pola legendy obrze\u017ceniem ci\u0105g\u0142ym, napis w dw\u00f3ch wierszach. Na zewn\u0105trz, wok\u00f3\u0142 pola legendy, podw\u00f3jne obrze\u017cenie ci\u0105g\u0142e. <\/td>\n<\/tr> \n\t<tr>\n\t\t<td style=\"background-color: #DDDDDD; text-align: center; \"><b>11<\/b><\/td>\n<td style=\"padding-left: 8px;\">&#8211;<\/td>\n\t<\/tr>\n\t<tr>\n<td style=\"background-color: #DDDDDD; text-align: center; \"><b>12<\/b><\/td>\n<td style=\"padding-left: 8px;\">&#8211; <\/td>\n\t<\/tr>\n<\/table>\n\n\n\n<p class=\"has-small-font-size\">  <a rel=\"noreferrer noopener\" href=\"http:\/\/sigillarium.pl\/index.php\/legenda-do-opisu-tloka-pieczetnego\/\" target=\"_blank\">Legenda<\/a>  <\/p>\n<\/div>\n<\/div>\n\n\n\n<hr class=\"wp-block-separator has-alpha-channel-opacity\"\/>\n\n\n\n<div class=\"wp-block-columns is-layout-flex wp-container-core-columns-is-layout-9d6595d7 wp-block-columns-is-layout-flex\">\n<div class=\"wp-block-column is-layout-flow wp-block-column-is-layout-flow\" style=\"flex-basis:5%\"><\/div>\n\n\n\n<div class=\"wp-block-column is-vertically-aligned-center is-layout-flow wp-block-column-is-layout-flow\" style=\"flex-basis:23.02%\">\n<figure class=\"wp-block-gallery aligncenter has-nested-images columns-default is-cropped wp-block-gallery-2 is-layout-flex wp-block-gallery-is-layout-flex\">\n<figure class=\"wp-block-image size-large\"><a href=\"https:\/\/sigillarium.pl\/wp-content\/uploads\/2025\/02\/muzeum.jpg\"><img loading=\"lazy\" decoding=\"async\" width=\"1024\" height=\"616\" data-id=\"33800\" src=\"https:\/\/sigillarium.pl\/wp-content\/uploads\/2025\/02\/muzeum-1024x616.jpg\" alt=\"\" class=\"wp-image-33800\" srcset=\"https:\/\/sigillarium.pl\/wp-content\/uploads\/2025\/02\/muzeum-1024x616.jpg 1024w, https:\/\/sigillarium.pl\/wp-content\/uploads\/2025\/02\/muzeum-300x181.jpg 300w, https:\/\/sigillarium.pl\/wp-content\/uploads\/2025\/02\/muzeum-768x462.jpg 768w, https:\/\/sigillarium.pl\/wp-content\/uploads\/2025\/02\/muzeum.jpg 1196w\" sizes=\"auto, (max-width: 1024px) 100vw, 1024px\" \/><\/a><\/figure>\n<\/figure>\n<\/div>\n\n\n\n<div class=\"wp-block-column is-layout-flow wp-block-column-is-layout-flow\" style=\"flex-basis:1.05%\"><\/div>\n\n\n\n<div class=\"wp-block-column is-vertically-aligned-center is-layout-flow wp-block-column-is-layout-flow\" style=\"flex-basis:22.01%\"><div class=\"wp-block-image\">\n<figure class=\"aligncenter size-large is-resized\"><img loading=\"lazy\" decoding=\"async\" width=\"507\" height=\"1024\" src=\"https:\/\/sigillarium.pl\/wp-content\/uploads\/2025\/02\/20250214_114343-507x1024.jpg\" alt=\"\" class=\"wp-image-33797\" style=\"width:147px;height:340px\" srcset=\"https:\/\/sigillarium.pl\/wp-content\/uploads\/2025\/02\/20250214_114343-507x1024.jpg 507w, https:\/\/sigillarium.pl\/wp-content\/uploads\/2025\/02\/20250214_114343-149x300.jpg 149w, https:\/\/sigillarium.pl\/wp-content\/uploads\/2025\/02\/20250214_114343-768x1551.jpg 768w, https:\/\/sigillarium.pl\/wp-content\/uploads\/2025\/02\/20250214_114343-761x1536.jpg 761w, https:\/\/sigillarium.pl\/wp-content\/uploads\/2025\/02\/20250214_114343-1014x2048.jpg 1014w, https:\/\/sigillarium.pl\/wp-content\/uploads\/2025\/02\/20250214_114343-scaled.jpg 1268w\" sizes=\"auto, (max-width: 507px) 100vw, 507px\" \/><\/figure>\n<\/div><\/div>\n\n\n\n<div class=\"wp-block-column is-layout-flow wp-block-column-is-layout-flow\" style=\"flex-basis:1.07%\"><\/div>\n\n\n\n<div class=\"wp-block-column is-layout-flow wp-block-column-is-layout-flow\" style=\"flex-basis:47.84%\">\n<style> td {font-size: 11px; color: black; font-family: Arial;} <\/style>\n<table style=\"width: 500px; height: 150px;\">\n\t<tbody><tr>\n\t\t<td style=\"background-color: #DDDDDD; width:6%; text-align: center; \"><b>1<\/b><\/td>\n\t\t<td style=\"padding-left: 8px;\">kolekcja prywatna<\/td>\n\t<\/tr>\n\t<tr>\n\t\t<td style=\"background-color: #DDDDDD; text-align: center; \"><b>2<\/b><\/td>\n<td style=\"background-color: #FFFF99; white-space: nowrap; padding-left: 8px;\"><b><big><big> <a href=\" https:\/\/pl.wikipedia.org\/wiki\/Warszawa \">WARSZAWA <\/a> <\/big><\/big><br><big> Muzeum Azji i Pacyfiku<\/big><\/b><\/td>\n\t<\/tr>\n\t<tr>\n\t\t<td style=\"background-color: #DDDDDD; text-align: center; \"><b>3a<\/b><\/td>\n\t\t<td style=\"padding-left: 8px;\">mosi\u0105dz<\/td>\n\t<\/tr>\n\t<tr>\n\t\t<td style=\"background-color: #DDDDDD; text-align: center; \"><b>3b<\/b><\/td>\n\t\t<td style=\"padding-left: 8px;\">drewno<\/td>\n\t<\/tr>\n\t<tr>\n\t\t<td style=\"background-color: #DDDDDD; text-align: center; \"><b>4<\/b><\/td>\n\t\t<td style=\"padding-left: 8px;\">kwadratowa 40 x 60 mm<\/td>\n\t<\/tr>\n\t<tr>\n\t\t<td style=\"background-color: #DDDDDD; text-align: center; \"><b>5<\/b><\/td>\n\t\t<td style=\"padding-left: 8px;\">wypuk\u0142oryty<\/td>\n\t<\/tr>\n\t<tr>\n\t\t<td style=\"background-color: #DDDDDD; text-align: center; \"><b>6<\/b><\/td>\n<td style=\"padding-left: 8px;\">&#8211;<\/td>\n\t<\/tr>\n<tr>\n\t\t<td style=\"background-color: #DDDDDD; text-align: center; \"><b>7<\/b><\/td>\n<td style=\"padding-left: 8px;\">uchwyt o nieregularnym kszta\u0142cie<\/td>\n\t<\/tr>\n\t<tr>\n\t\t<td style=\"background-color: #DDDDDD; text-align: center; \"><b>7a<\/b><\/td>\n\t\t<td style=\"padding-left: 8px;\"> 110 mm<\/td>\n\t<\/tr>\n\t<tr>\n\t\t<td style=\"background-color: #DDDDDD; text-align: center; \"><b>7b<\/b><\/td>\n<td style=\"padding-left: 8px;\">100 mm <\/td>\n\t<\/tr>\n\t<tr>\n\t\t<td style=\"background-color: #DDDDDD; text-align: center; \"><b>7c<\/b><\/td>\n\t\t<td style=\"padding-left: 8px;\"> 10 mm<\/td>\n\t<\/tr>\n\t<tr>\n\t\t<td style=\"background-color: #DDDDDD; text-align: center; \"><b>8<\/b><\/td>\n<td style=\"padding-left: 8px;\">&#8211;<\/td>\n\t<\/tr>\n\t<tr>\n\t\t<td style=\"background-color: #DDDDDD; text-align: center; \"><b>9a<\/b><\/td>\n\t\t<td style=\"padding-left: 8px;\">majusku\u0142a, minusku\u0142a<\/td>\n\t<\/tr>\n\t<tr>\n\t\t<td style=\"background-color: #DDDDDD; text-align: center; \"><b>9b<\/b><\/td>\n<td style=\"padding-left: 8px;\"> <br>w polu: <b> Muzeum \/\/ Azji i Pacyfiku \/\/ w Warszawie \/\/ 80 \/\/ Andrzej Nusantara Wawrzyniak <\/b><br><br><\/td> \n<\/tr>\n\t<tr>\t\n\t\t<td style=\"background-color: #DDDDDD; text-align: center; \"><b>10<\/b><\/td>\n<td style=\"padding-left: 8px;\"> W polu stempla napis w pi\u0119ciu wierszach, wizerunek Andrzeja Nusantary Wawrzyniaka en profil z fajk\u0105. Na zewn\u0105trz pola stempla pojedyncze obrze\u017cenie ci\u0105g\u0142e.<\/td>\n<\/tr>\n\t<tr>\n\t\t<td style=\"background-color: #DDDDDD; text-align: center; \"><b>11<\/b><\/td>\n<td style=\"padding-left: 8px;\">&#8211;<\/td>\n\t<\/tr>\n\t<tr>\n\t\t<td style=\"background-color: #DDDDDD; text-align: center; \"><b>12<\/b><\/td>\n<td style=\"padding-left: 8px;\">&#8211;<\/td>\n\t<\/tr>\n<\/tbody><\/table>\n\n\n\n<p class=\"has-small-font-size\">  <a rel=\"noreferrer noopener\" href=\"http:\/\/sigillarium.pl\/index.php\/legenda-do-opisu-tloka-pieczetnego\/\" target=\"_blank\">Legenda<\/a>  <\/p>\n<\/div>\n<\/div>\n\n\n\n<hr class=\"wp-block-separator has-css-opacity\"\/>\n","protected":false},"excerpt":{"rendered":"<p>T\u0142oki zaprezentowano w kolejno\u015bci alfabetycznej wzgl\u0119dem nazwy miejscowo\u015bci przywo\u0142anej w legendzie t\u0142oka lub odtworzonej ze \u017ar\u00f3de\u0142 historycznych. 1 kolekcja prywatna 2 \u0141ATYCZ\u00d3WSp\u00f3\u0142dzielcze Towarzystwo Przemys\u0142owo &#8211; Kredytowe 3a mosi\u0105dz 3b drewno&hellip; <\/p>\n","protected":false},"author":1,"featured_media":0,"parent":0,"menu_order":0,"comment_status":"closed","ping_status":"closed","template":"","meta":{"footnotes":""},"class_list":["post-896","page","type-page","status-publish","hentry"],"_links":{"self":[{"href":"https:\/\/sigillarium.pl\/index.php\/wp-json\/wp\/v2\/pages\/896","targetHints":{"allow":["GET"]}}],"collection":[{"href":"https:\/\/sigillarium.pl\/index.php\/wp-json\/wp\/v2\/pages"}],"about":[{"href":"https:\/\/sigillarium.pl\/index.php\/wp-json\/wp\/v2\/types\/page"}],"author":[{"embeddable":true,"href":"https:\/\/sigillarium.pl\/index.php\/wp-json\/wp\/v2\/users\/1"}],"replies":[{"embeddable":true,"href":"https:\/\/sigillarium.pl\/index.php\/wp-json\/wp\/v2\/comments?post=896"}],"version-history":[{"count":12,"href":"https:\/\/sigillarium.pl\/index.php\/wp-json\/wp\/v2\/pages\/896\/revisions"}],"predecessor-version":[{"id":34170,"href":"https:\/\/sigillarium.pl\/index.php\/wp-json\/wp\/v2\/pages\/896\/revisions\/34170"}],"wp:attachment":[{"href":"https:\/\/sigillarium.pl\/index.php\/wp-json\/wp\/v2\/media?parent=896"}],"curies":[{"name":"wp","href":"https:\/\/api.w.org\/{rel}","templated":true}]}}