{"id":920,"date":"2020-02-22T16:54:45","date_gmt":"2020-02-22T15:54:45","guid":{"rendered":"http:\/\/sigillarium.pl\/?page_id=920"},"modified":"2025-12-29T22:57:57","modified_gmt":"2025-12-29T21:57:57","slug":"pieczecie-europejskie-pieczecie-urzednikow-samorzadowych","status":"publish","type":"page","link":"https:\/\/sigillarium.pl\/index.php\/pieczecie-europejskie-pieczecie-urzednikow-samorzadowych\/","title":{"rendered":"Piecz\u0119cie europejskie \/ Piecz\u0119cie urz\u0119dnik\u00f3w samorz\u0105dowych"},"content":{"rendered":"\n<hr class=\"wp-block-separator has-css-opacity\"\/>\n\n\n\n<div class=\"wp-block-columns is-layout-flex wp-container-core-columns-is-layout-9d6595d7 wp-block-columns-is-layout-flex\">\n<div class=\"wp-block-column is-layout-flow wp-block-column-is-layout-flow\" style=\"flex-basis:5%\"><\/div>\n\n\n\n<div class=\"wp-block-column is-vertically-aligned-center is-layout-flow wp-block-column-is-layout-flow\" style=\"flex-basis:23%\">\n<figure class=\"wp-block-gallery aligncenter has-nested-images columns-default is-cropped wp-block-gallery-1 is-layout-flex wp-block-gallery-is-layout-flex\">\n<figure class=\"wp-block-image size-full\"><a href=\"https:\/\/sigillarium.pl\/wp-content\/uploads\/2021\/01\/Friedberg-Burgermeister-tlok.jpg\"><img loading=\"lazy\" decoding=\"async\" width=\"840\" height=\"1013\" data-id=\"10487\" src=\"https:\/\/sigillarium.pl\/wp-content\/uploads\/2021\/01\/Friedberg-Burgermeister-tlok.jpg\" alt=\"\" class=\"wp-image-10487\" srcset=\"https:\/\/sigillarium.pl\/wp-content\/uploads\/2021\/01\/Friedberg-Burgermeister-tlok.jpg 840w, https:\/\/sigillarium.pl\/wp-content\/uploads\/2021\/01\/Friedberg-Burgermeister-tlok-249x300.jpg 249w, https:\/\/sigillarium.pl\/wp-content\/uploads\/2021\/01\/Friedberg-Burgermeister-tlok-768x926.jpg 768w\" sizes=\"auto, (max-width: 840px) 100vw, 840px\" \/><\/a><\/figure>\n<\/figure>\n<\/div>\n\n\n\n<div class=\"wp-block-column is-layout-flow wp-block-column-is-layout-flow\" style=\"flex-basis:1%\"><\/div>\n\n\n\n<div class=\"wp-block-column is-vertically-aligned-center is-layout-flow wp-block-column-is-layout-flow\" style=\"flex-basis:22%\"><div class=\"wp-block-image\">\n<figure class=\"aligncenter size-large is-resized\"><img loading=\"lazy\" decoding=\"async\" width=\"325\" height=\"925\" src=\"https:\/\/sigillarium.pl\/wp-content\/uploads\/2021\/01\/Friedberg-Burgermeister-uchwyt.jpg\" alt=\"\" class=\"wp-image-10488\" style=\"width:124px;height:352px\" srcset=\"https:\/\/sigillarium.pl\/wp-content\/uploads\/2021\/01\/Friedberg-Burgermeister-uchwyt.jpg 325w, https:\/\/sigillarium.pl\/wp-content\/uploads\/2021\/01\/Friedberg-Burgermeister-uchwyt-105x300.jpg 105w\" sizes=\"auto, (max-width: 325px) 100vw, 325px\" \/><\/figure>\n<\/div><\/div>\n\n\n\n<div class=\"wp-block-column is-layout-flow wp-block-column-is-layout-flow\" style=\"flex-basis:1%\"><\/div>\n\n\n\n<div class=\"wp-block-column is-layout-flow wp-block-column-is-layout-flow\" style=\"flex-basis:48%\">\n<style> td {font-size: 11px; color: black; font-family: Arial;} <\/style>\n<table style=\"width: 500px; height: 150px;\">\n\t<tr>\n\t\t<td style=\"background-color: #DDDDDD; width:6%; text-align: center; \"><b>1<\/b><\/td>\n\t\t<td style=\"padding-left: 8px;\">kolekcja prywatna<\/td>\n\t<\/tr>\n\t<tr>\n\t\t<td style=\"background-color: #DDDDDD; text-align: center; \"><b>2<\/b><\/td>\n<td style=\"background-color: #FFFF99; white-space: nowrap; padding-left: 8px;\"><b><big><big><a href=\" https:\/\/pl.wikipedia.org\/wiki\/Friedberg_(Hessen)\"> FRIEDBERG [NIEMCY] <\/a> <\/big><\/big><\/b><br \/><b><big>Burmistrz<\/big><\/b><\/td>\n\t<\/tr>\n\t<tr>\n\t\t<td style=\"background-color: #DDDDDD; text-align: center; \"><b>3a<\/b><\/td>\n\t\t<td style=\"padding-left: 8px;\">mosi\u0105dz<\/td>\n\t<\/tr>\n\t<tr>\n\t\t<td style=\"background-color: #DDDDDD; text-align: center; \"><b>3b<\/b><\/td>\n\t\t<td style=\"padding-left: 8px;\">drewno<\/td>\n\t<\/tr>\n\t<tr>\n\t\t<td style=\"background-color: #DDDDDD; text-align: center; \"><b>4<\/b><\/td>\n\t\t<td style=\"padding-left: 8px;\">owalna 43 x 36 mm<\/td>\n\t<\/tr>\n\t<tr>\n\t\t<td style=\"background-color: #DDDDDD; text-align: center; \"><b>5<\/b><\/td>\n\t\t<td style=\"padding-left: 8px;\">wypuk\u0142oryty<\/td>\n\t<\/tr>\n\t<tr>\n\t\t<td style=\"background-color: #DDDDDD; text-align: center; \"><b>6<\/b><\/td>\n<td style=\"padding-left: 8px;\">&#8211;<\/td>\n\t<\/tr>\n<tr>\n\t\t<td style=\"background-color: #DDDDDD; text-align: center; \"><b>7<\/b><\/td>\n<td style=\"padding-left: 8px;\">uchwyt toczony o wyd\u0142u\u017conej ga\u0142ce<\/td>\n\t<\/tr>\n\t<tr>\n\t\t<td style=\"background-color: #DDDDDD; text-align: center; \"><b>7a<\/b><\/td>\n\t\t<td style=\"padding-left: 8px;\">117 mm<\/td>\n\t<\/tr>\n\t<tr>\n\t\t<td style=\"background-color: #DDDDDD; text-align: center; \"><b>7b<\/b><\/td>\n\t\t<td style=\"padding-left: 8px;\">107 mm, w tym skuwka 8 mm<\/td>\n\t<\/tr>\n\t<tr>\n\t\t<td style=\"background-color: #DDDDDD; text-align: center; \"><b>7c<\/b><\/td>\n\t\t<td style=\"padding-left: 8px;\">10 mm<\/td>\n\t<\/tr>\n\t<tr>\n\t\t<td style=\"background-color: #DDDDDD; text-align: center; \"><b>8<\/b><\/td>\n<td style=\"padding-left: 8px;\"> na ga\u0142ce uchwytu sygnatura wytw\u00f3rcy D. SCHULZ \/\/ DARMSTADT oraz znacznik prawid\u0142owego ustawienia t\u0142oka (pineska)<\/td>\n\t<\/tr>\n\t<tr>\n\t\t<td style=\"background-color: #DDDDDD; text-align: center; \"><b>9a<\/b><\/td>\n\t\t<td style=\"padding-left: 8px;\">majusku\u0142a, minusku\u0142a<\/td>\n\t<\/tr>\n\t<tr>\n\t\t<td style=\"background-color: #DDDDDD; text-align: center; \"><b>9b<\/b><\/td>\n<td style=\"padding-left: 8px;\"><br \/> w otoku:<b> <big> \u25aa <\/big>  DER  B\u00dcRGERMEISTER  DER  STADT  <big> \u25aa <\/big>  \/\/ FRIEDBERG iN HESSEN<\/b><br \/><br \/><\/td>\n\t<\/tr>\n\t<tr>\n\t\t<td style=\"background-color: #DDDDDD; text-align: center; \"><b>10<\/b><\/td>\n<td style=\"padding-left: 8px;\"> W polu piecz\u0119ci na tarczy wizerunek dwug\u0142owego or\u0142a. Na jego piersi tarcza dwudzielna w s\u0142up. Nad tarcz\u0105 corona muralis z trzema basztami. Na zewn\u0105trz, wok\u00f3\u0142 pola legendy, pojedyncze obrze\u017cenie ci\u0105g\u0142e.<\/tr>\n\t<tr>\n\t\t<td style=\"background-color: #DDDDDD; text-align: center; \"><b>11<\/b><\/td>\n<td style=\"padding-left: 8px;\">&#8211;<\/td>\n\t<\/tr>\n\t<tr>\n\t\t<td style=\"background-color: #DDDDDD; text-align: center; \"><b>12<\/b><\/td>\n\t\t<td style=\"padding-left: 8px;\">&#8211;<\/td>\n\t<\/tr>\n<\/table>\n<\/div>\n<\/div>\n\n\n\n<hr class=\"wp-block-separator has-alpha-channel-opacity\"\/>\n\n\n\n<div class=\"wp-block-columns is-layout-flex wp-container-core-columns-is-layout-9d6595d7 wp-block-columns-is-layout-flex\">\n<div class=\"wp-block-column is-layout-flow wp-block-column-is-layout-flow\" style=\"flex-basis:5%\"><\/div>\n\n\n\n<div class=\"wp-block-column is-vertically-aligned-center is-layout-flow wp-block-column-is-layout-flow\" style=\"flex-basis:23%\">\n<figure class=\"wp-block-gallery aligncenter has-nested-images columns-default is-cropped wp-block-gallery-2 is-layout-flex wp-block-gallery-is-layout-flex\">\n<figure class=\"wp-block-image size-full\"><a href=\"https:\/\/sigillarium.pl\/wp-content\/uploads\/2025\/12\/Wlochy-Wicebrygadier-Strazy-Publicznej-pieczec-seal-petschaft-siegel-sceau-cachet-sigillo-sigillarium.jpg\"><img loading=\"lazy\" decoding=\"async\" width=\"1860\" height=\"2019\" data-id=\"37877\" src=\"https:\/\/sigillarium.pl\/wp-content\/uploads\/2025\/12\/Wlochy-Wicebrygadier-Strazy-Publicznej-pieczec-seal-petschaft-siegel-sceau-cachet-sigillo-sigillarium.jpg\" alt=\"\" class=\"wp-image-37877\" srcset=\"https:\/\/sigillarium.pl\/wp-content\/uploads\/2025\/12\/Wlochy-Wicebrygadier-Strazy-Publicznej-pieczec-seal-petschaft-siegel-sceau-cachet-sigillo-sigillarium.jpg 1860w, https:\/\/sigillarium.pl\/wp-content\/uploads\/2025\/12\/Wlochy-Wicebrygadier-Strazy-Publicznej-pieczec-seal-petschaft-siegel-sceau-cachet-sigillo-sigillarium-276x300.jpg 276w, https:\/\/sigillarium.pl\/wp-content\/uploads\/2025\/12\/Wlochy-Wicebrygadier-Strazy-Publicznej-pieczec-seal-petschaft-siegel-sceau-cachet-sigillo-sigillarium-943x1024.jpg 943w, https:\/\/sigillarium.pl\/wp-content\/uploads\/2025\/12\/Wlochy-Wicebrygadier-Strazy-Publicznej-pieczec-seal-petschaft-siegel-sceau-cachet-sigillo-sigillarium-768x834.jpg 768w, https:\/\/sigillarium.pl\/wp-content\/uploads\/2025\/12\/Wlochy-Wicebrygadier-Strazy-Publicznej-pieczec-seal-petschaft-siegel-sceau-cachet-sigillo-sigillarium-1415x1536.jpg 1415w\" sizes=\"auto, (max-width: 1860px) 100vw, 1860px\" \/><\/a><\/figure>\n<\/figure>\n<\/div>\n\n\n\n<div class=\"wp-block-column is-layout-flow wp-block-column-is-layout-flow\" style=\"flex-basis:1%\"><\/div>\n\n\n\n<div class=\"wp-block-column is-vertically-aligned-center is-layout-flow wp-block-column-is-layout-flow\" style=\"flex-basis:22%\"><div class=\"wp-block-image\">\n<figure class=\"aligncenter size-full is-resized\"><img loading=\"lazy\" decoding=\"async\" width=\"221\" height=\"624\" src=\"https:\/\/sigillarium.pl\/wp-content\/uploads\/2025\/12\/Wlochy-Wicebrygadier-Strazy-Publicznej-pieczec-uchwyt-seal-petschaft-siegel-sceau-cachet-sigillo-sigillarium.jpg\" alt=\"\" class=\"wp-image-37878\" style=\"width:124px;height:352px\" srcset=\"https:\/\/sigillarium.pl\/wp-content\/uploads\/2025\/12\/Wlochy-Wicebrygadier-Strazy-Publicznej-pieczec-uchwyt-seal-petschaft-siegel-sceau-cachet-sigillo-sigillarium.jpg 221w, https:\/\/sigillarium.pl\/wp-content\/uploads\/2025\/12\/Wlochy-Wicebrygadier-Strazy-Publicznej-pieczec-uchwyt-seal-petschaft-siegel-sceau-cachet-sigillo-sigillarium-106x300.jpg 106w\" sizes=\"auto, (max-width: 221px) 100vw, 221px\" \/><\/figure>\n<\/div><\/div>\n\n\n\n<div class=\"wp-block-column is-layout-flow wp-block-column-is-layout-flow\" style=\"flex-basis:1%\"><\/div>\n\n\n\n<div class=\"wp-block-column is-layout-flow wp-block-column-is-layout-flow\" style=\"flex-basis:48%\">\n<style> td {font-size: 11px; color: black; font-family: Arial;} <\/style>\n<table style=\"width: 500px; height: 150px;\">\n\t<tr>\n\t\t<td style=\"background-color: #DDDDDD; width:6%; text-align: center; \"><b>1<\/b><\/td>\n\t\t<td style=\"padding-left: 8px;\">kolekcja prywatna<\/td>\n\t<\/tr>\n\t<tr>\n\t\t<td style=\"background-color: #DDDDDD; text-align: center; \"><b>2<\/b><\/td>\n<td style=\"background-color: #FFFF99; white-space: nowrap; padding-left: 8px;\"><b><big><big> <a href=\"https:\/\/pl.wikipedia.org\/wiki\/Kamionki_(wojew%C3%B3dztwo_dolno%C5%9Bl%C4%85skie) \">[W\u0141OCHY]<a> <\/big><\/big><br \/><big>Wicebrygadier Stra\u017cy Publicznej<\/big><br \/><\/td>\n\t<\/tr>\n\t<tr>\n\t\t<td style=\"background-color: #DDDDDD; text-align: center; \"><b>3a<\/b><\/td>\n\t\t<td style=\"padding-left: 8px;\">mosi\u0105dz<\/td>\n\t<\/tr>\n\t<tr>\n\t\t<td style=\"background-color: #DDDDDD; text-align: center; \"><b>3b<\/b><\/td>\n\t\t<td style=\"padding-left: 8px;\">drewno<\/td>\n\t<\/tr>\n\t<tr>\n\t\t<td style=\"background-color: #DDDDDD; text-align: center; \"><b>4<\/b><\/td>\n\t\t<td style=\"padding-left: 8px;\">owalna 22 x 20 mm<\/td>\n\t<\/tr>\n\t<tr>\n\t\t<td style=\"background-color: #DDDDDD; text-align: center; \"><b>5<\/b><\/td>\n\t\t<td style=\"padding-left: 8px;\">wkl\u0119s\u0142oryty<\/td>\n\t<\/tr>\n\t<tr>\n\t\t<td style=\"background-color: #DDDDDD; text-align: center; \"><b>6<\/b><\/td>\n<td style=\"padding-left: 8px;\">&#8211; <\/td>\n\t<\/tr>\n<tr>\n\t\t<td style=\"background-color: #DDDDDD; text-align: center; \"><b>7<\/b><\/td>\n<td style=\"padding-left: 8px;\">uchwyt toczony o kulistej ga\u0142ce<\/td>\n\t<\/tr>\n\t<tr>\n\t\t<td style=\"background-color: #DDDDDD; text-align: center; \"><b>7a<\/b><\/td>\n\t\t<td style=\"padding-left: 8px;\">87,5 mm<\/td>\n\t<\/tr>\n\t<tr>\n\t\t<td style=\"background-color: #DDDDDD; text-align: center; \"><b>7b<\/b><\/td>\n<td style=\"padding-left: 8px;\">85,5 mm, w tym skuwka 6 mm (\u00d8 14 mm) <\/td>\n\t<\/tr>\n\t<tr>\n\t\t<td style=\"background-color: #DDDDDD; text-align: center; \"><b>7c<\/b><\/td>\n\t\t<td style=\"padding-left: 8px;\">2 mm<\/td>\n\t<\/tr>\n\t<tr>\n\t\t<td style=\"background-color: #DDDDDD; text-align: center; \"><b>8<\/b><\/td>\n<td style=\"padding-left: 8px;\">&#8211; <\/td>\n\t<\/tr>\n\t<tr>\n\t\t<td style=\"background-color: #DDDDDD; text-align: center; \"><b>9a<\/b><\/td>\n\t\t<td style=\"padding-left: 8px;\">majusku\u0142a <\/td>\n\t<\/tr>\n\t<tr>\n\t\t<td style=\"background-color: #DDDDDD; text-align: center; \"><b>9b<\/b><\/td>\n<td style=\"padding-left: 8px;\"> <br \/>w p\u00f3\u0142otoku dolnym: <b> V <i>(ice)<\/i>  B <i>(rigadiere)<\/i> <i>(di)<\/i> \/ P <i>(ubblica)<\/i>  C <i>(ustodia)<\/i> <\/b><br \/><br \/><\/td> \n<\/tr>\n\t<tr>\t\n\t\t<td style=\"background-color: #DDDDDD; text-align: center; \"><b>10<\/b><\/td>\n<td style=\"padding-left: 8px;\"> W polu piecz\u0119ci orze\u0142 z otwart\u0105 koron\u0105 o pi\u0119ciu spiczastych fleuronach. Wok\u00f3\u0142 pola piecz\u0119ci pojedyncze obrze\u017cenie pere\u0142kowe.<\/td>\n<\/tr>\n\t<tr>\n\t\t<td style=\"background-color: #DDDDDD; text-align: center; \"><b>11<\/b><\/td>\n<td style=\"padding-left: 8px;\">&#8211;<\/td>\n\t<\/tr>\n\t<tr>\n\t\t<td style=\"background-color: #DDDDDD; text-align: center; \"><b>12<\/b><\/td>\n<td style=\"padding-left: 8px;\">&#8211; <\/td>\n\t<\/tr>\n<\/table>\n<\/div>\n<\/div>\n\n\n\n<hr class=\"wp-block-separator has-css-opacity\"\/>\n","protected":false},"excerpt":{"rendered":"<p>1 kolekcja prywatna 2 FRIEDBERG [NIEMCY] Burmistrz 3a mosi\u0105dz 3b drewno 4 owalna 43 x 36 mm 5 wypuk\u0142oryty 6 &#8211; 7 uchwyt toczony o wyd\u0142u\u017conej ga\u0142ce 7a 117 mm&hellip; <\/p>\n","protected":false},"author":1,"featured_media":0,"parent":0,"menu_order":0,"comment_status":"closed","ping_status":"closed","template":"","meta":{"footnotes":""},"class_list":["post-920","page","type-page","status-publish","hentry"],"_links":{"self":[{"href":"https:\/\/sigillarium.pl\/index.php\/wp-json\/wp\/v2\/pages\/920","targetHints":{"allow":["GET"]}}],"collection":[{"href":"https:\/\/sigillarium.pl\/index.php\/wp-json\/wp\/v2\/pages"}],"about":[{"href":"https:\/\/sigillarium.pl\/index.php\/wp-json\/wp\/v2\/types\/page"}],"author":[{"embeddable":true,"href":"https:\/\/sigillarium.pl\/index.php\/wp-json\/wp\/v2\/users\/1"}],"replies":[{"embeddable":true,"href":"https:\/\/sigillarium.pl\/index.php\/wp-json\/wp\/v2\/comments?post=920"}],"version-history":[{"count":4,"href":"https:\/\/sigillarium.pl\/index.php\/wp-json\/wp\/v2\/pages\/920\/revisions"}],"predecessor-version":[{"id":38530,"href":"https:\/\/sigillarium.pl\/index.php\/wp-json\/wp\/v2\/pages\/920\/revisions\/38530"}],"wp:attachment":[{"href":"https:\/\/sigillarium.pl\/index.php\/wp-json\/wp\/v2\/media?parent=920"}],"curies":[{"name":"wp","href":"https:\/\/api.w.org\/{rel}","templated":true}]}}