{"id":9254,"date":"2020-10-25T12:05:37","date_gmt":"2020-10-25T11:05:37","guid":{"rendered":"https:\/\/sigillarium.pl\/?page_id=9254"},"modified":"2022-03-13T14:29:03","modified_gmt":"2022-03-13T13:29:03","slug":"jeniec-starobielska","status":"publish","type":"page","link":"https:\/\/sigillarium.pl\/index.php\/jeniec-starobielska\/","title":{"rendered":"Jeniec Starobielska"},"content":{"rendered":"\n<hr class=\"wp-block-separator\"\/>\n\n\n\n<h2 class=\"has-text-align-center has-vivid-red-color has-text-color has-medium-font-size wp-block-heading\"><strong>ppor. rezerwy W\u0142adys\u0142aw Godzimirski<\/strong> <br><strong>(1899 \u2013 1940)<\/strong><\/h2>\n\n\n\n<div style=\"height:20px\" aria-hidden=\"true\" class=\"wp-block-spacer\"><\/div>\n\n\n\n<p><\/p>\n\n\n\n<p><p style=\"text-align: justify\">&nbsp;&nbsp;&nbsp;&nbsp;S\u0105 piecz\u0119cie z kt\u00f3rymi wi\u0105\u017c\u0105 si\u0119 wyj\u0105tkowe emocje i mam tu na my\u015bli nie tylko piecz\u0119cie os\u00f3b znanych i wa\u017cnych dla historii Polski, ale tak\u017ce os\u00f3b mniej znanych, ale za to uczestnik\u00f3w wa\u017cnych, czasem tragicznych wydarze\u0144 zwi\u0105zanych z nasz\u0105 histori\u0105. W dotychczasowym cyklu \u201e\u015aladami piecz\u0119ci\u201d przedstawione zosta\u0142y sylwetki kilku ciekawych, nietuzinkowych postaci, kt\u00f3re by\u0142y zaanga\u017cowane w \u017cycie spo\u0142eczno-polityczne kraju, czy te\u017c ich lokalnych ojczyzn. Walczyli o odzyskanie niepodleg\u0142o\u015bci przez Polsk\u0119, co w przypadku niekt\u00f3rych ko\u0144czy\u0142o si\u0119 wyw\u00f3zk\u0105 do Rosji (najcz\u0119\u015bciej zsy\u0142k\u0105 na Sybir), a nawet utrat\u0105 \u017cycia. T\u0142okiem piecz\u0119tnym, kt\u00f3ry zajmuje szczeg\u00f3lne miejsce w naszej Galerii jest piecz\u0119\u0107 W\u0142adys\u0142awa Godzimirskiego &#8211; mierniczego przysi\u0119g\u0142ego, podporucznika rezerwy artylerii.<\/p>\n\n\n\n<p><\/p>\n\n\n\n<div class=\"wp-block-columns is-layout-flex wp-container-core-columns-is-layout-9d6595d7 wp-block-columns-is-layout-flex\">\n<div class=\"wp-block-column is-layout-flow wp-block-column-is-layout-flow\" style=\"flex-basis:5%\"><\/div>\n\n\n\n<div class=\"wp-block-column is-vertically-aligned-center is-layout-flow wp-block-column-is-layout-flow\">\n<figure class=\"wp-block-gallery aligncenter has-nested-images columns-default is-cropped wp-block-gallery-1 is-layout-flex wp-block-gallery-is-layout-flex\">\n<figure class=\"wp-block-image size-full\"><a href=\"https:\/\/sigillarium.pl\/wp-content\/uploads\/2020\/10\/Godzimirski-tlok.jpg\"><img loading=\"lazy\" decoding=\"async\" width=\"428\" height=\"421\" data-id=\"9262\" src=\"https:\/\/sigillarium.pl\/wp-content\/uploads\/2020\/10\/Godzimirski-tlok.jpg\" alt=\"\" class=\"wp-image-9262\" srcset=\"https:\/\/sigillarium.pl\/wp-content\/uploads\/2020\/10\/Godzimirski-tlok.jpg 428w, https:\/\/sigillarium.pl\/wp-content\/uploads\/2020\/10\/Godzimirski-tlok-300x295.jpg 300w\" sizes=\"auto, (max-width: 428px) 100vw, 428px\" \/><\/a><\/figure>\n<\/figure>\n<\/div>\n\n\n\n<div class=\"wp-block-column is-layout-flow wp-block-column-is-layout-flow\" style=\"flex-basis:12%\"><\/div>\n\n\n\n<div class=\"wp-block-column is-layout-flow wp-block-column-is-layout-flow\" style=\"flex-basis:30%\">\n<div class=\"wp-block-image\"><figure class=\"aligncenter size-large\"><img loading=\"lazy\" decoding=\"async\" width=\"465\" height=\"612\" src=\"https:\/\/sigillarium.pl\/wp-content\/uploads\/2020\/10\/Mierniczy_Pyry_bok_1.jpg\" alt=\"\" class=\"wp-image-9267\" srcset=\"https:\/\/sigillarium.pl\/wp-content\/uploads\/2020\/10\/Mierniczy_Pyry_bok_1.jpg 465w, https:\/\/sigillarium.pl\/wp-content\/uploads\/2020\/10\/Mierniczy_Pyry_bok_1-228x300.jpg 228w\" sizes=\"auto, (max-width: 465px) 100vw, 465px\" \/><\/figure><\/div>\n<\/div>\n\n\n\n<div class=\"wp-block-column is-layout-flow wp-block-column-is-layout-flow\" style=\"flex-basis:6.5%\"><\/div>\n<\/div>\n\n\n\n<p class=\"has-text-align-center\">Il.1. T\u0142ok piecz\u0119tny mierniczego przysi\u0119g\u0142ego W\u0142adys\u0142awa Godzimirskiego, kolekcja prywatna (fot. J. Giersz)<\/p>\n\n\n\n<p><\/p><p style=\"text-align: justify\">&nbsp;&nbsp;&nbsp;&nbsp; W\u0142adys\u0142aw Godzimirski by\u0142 synem Szymona i Cecylii z Budziszewskich. Urodzi\u0142 si\u0119 w 7 kwietnia 1899 r. w Mogielnicy (pow. gr\u00f3jecki). By\u0142 absolwentem Pa\u0144stwowej Szko\u0142y Mierniczej i Szko\u0142y Podchor\u0105\u017cych Rezerwy Artylerii. W wojsku polskim by\u0142 ochotnikiem w 206 pu\u0142ku piechoty (jeden z 33 ochotniczych pu\u0142k\u00f3w piechoty sformu\u0142owanych w 1920 r. i w\u0142\u0105czony do 6 pulu piechoty legion\u00f3w), w kt\u00f3rego szeregach walczy\u0142 na froncie w 1920 r. Sze\u015b\u0107 lat p\u00f3\u017aniej po zako\u0144czeniu s\u0142u\u017cby wojskowej w 7 baterii 1 pu\u0142ku artylerii najci\u0119\u017cszej, zosta\u0142 przeniesiony do rezerwy. Jednak jeszcze do 1933 r. odbywa\u0142 \u0107wiczenia rezerwy w tym pu\u0142ku. W 1934 r. przydzielony zosta\u0142 do 33 wile\u0144skiego dywizjonu artylerii lekkiej<a href=\"#_ftn1\">[1]<\/a>.<\/p>\n\n\n\n<p><p style=\"text-align: justify\">&nbsp;&nbsp;&nbsp;&nbsp;W ksi\u0119gach meldunkowych dla Warszawy \u2013 Mokot\u00f3w B pod sygnatur\u0105 1620 widnieje nast\u0119puj\u0105ca informacja \u2013 \u201e11 Listopada; 12; 1938, 1940-1949 [daty skrajne dop. aut.]; PYRY, w\u0142. W\u0142adys\u0142aw Godzimirski, Zofia Godzimirska\u201d.<\/p>\n\n\n\n<p><p style=\"text-align: justify\">&nbsp;&nbsp;&nbsp;&nbsp;We wrze\u015bniu 1939 r. podobnie jak inni oficerowie 33 wile\u0144skiego dywizjonu artylerii lekkiej dosta\u0142 si\u0119 do niewoli i zosta\u0142 osadzony w zorganizowanym przez w\u0142adze sowieckie dla polskich je\u0144c\u00f3w wojennych obozie w Starobielsku (obecnie Ukraina), kt\u00f3ry tak jak obozy w Kozielsku i Ostaszkowie nale\u017ca\u0142 do tzw. oboz\u00f3w specjalnych NKWD.<\/p>\n\n\n\n<p><p style=\"text-align: justify\">&nbsp;&nbsp;&nbsp;&nbsp;W tym roku min\u0119\u0142a 80 rocznica jego \u015bmierci. Zosta\u0142 zamordowany w kwietniu\/maju 1940 r. w Charkowie, w wi\u0119zieniu NKWD przy ul. Dzier\u017cy\u0144skiego, dok\u0105d przewieziono go ze Starobielska jak pozosta\u0142ych wi\u0119\u017ani\u00f3w. Zabito go strza\u0142em z przy\u0142o\u017cenia w kark (oryginalny spos\u00f3b zabijania stosowany w Charkowie)<a href=\"#_ftn2\">[2]<\/a>. Jest jedn\u0105 z tysi\u0119cy ofiar zbrodni pope\u0142nionej przez NKWD na polskich oficerach. Proces ludob\u00f3jstwa polskich \u017co\u0142nierzy i policjant\u00f3w z obozu ze Starobielska (\u201eroz\u0142adowanie obozu\u201d wg. nomenklatury sowieckiej) trwa\u0142 od 5 kwietnia do 12 maja 1940 r. dotyczy\u0142 3 888 je\u0144c\u00f3w.<a href=\"#_ftn3\">[3]<\/a><\/p>\n\n\n\n<p><p style=\"text-align: justify\">&nbsp;&nbsp;&nbsp;&nbsp;Zbiorowy mord pope\u0142niony na polskich oficerach zawodowych, oficerach rezerwy i policjantach osadzonych w obozie w Starobielsku stanowi\u0142 element zamierzonej eksterminacji polskiej inteligencji okre\u015blanej w historiografii jako zbrodnia katy\u0144ska.<\/p>\n\n\n\n<p><br>Opracowanie: Janusz Giersz<br><br>\u0179r\u00f3d\u0142a:<\/p>\n\n\n\n<p><a href=\"#_ftnref1\">[1]<\/a> Chark\u00f3w. Ksi\u0119ga Cmentarna Polskiego Cmentarza Wojennego, Wydawnictwo Rytm, Warszawa 2003, s 139; w tym L.S (lista Starobielska) 765; CAW (Centralne Archiwum Wojskowe), Ap (Akta personalne) 1683, 7951.<\/p>\n\n\n\n<p><a href=\"#_ftnref2\">[2]<\/a> Tam\u017ce, s. XLIX<\/p>\n\n\n\n<p><a href=\"#_ftnref3\">[3]<\/a> Tam\u017ce, s. XLVII -XLVIII<\/p>\n\n\n\n<p><\/p>\n","protected":false},"excerpt":{"rendered":"<p>ppor. rezerwy W\u0142adys\u0142aw Godzimirski (1899 \u2013 1940) &nbsp;&nbsp;&nbsp;&nbsp;S\u0105 piecz\u0119cie z kt\u00f3rymi wi\u0105\u017c\u0105 si\u0119 wyj\u0105tkowe emocje i mam tu na my\u015bli nie tylko piecz\u0119cie os\u00f3b znanych i wa\u017cnych dla historii Polski,&hellip; <\/p>\n","protected":false},"author":1,"featured_media":0,"parent":0,"menu_order":0,"comment_status":"closed","ping_status":"closed","template":"","meta":{"footnotes":""},"class_list":["post-9254","page","type-page","status-publish","hentry"],"_links":{"self":[{"href":"https:\/\/sigillarium.pl\/index.php\/wp-json\/wp\/v2\/pages\/9254","targetHints":{"allow":["GET"]}}],"collection":[{"href":"https:\/\/sigillarium.pl\/index.php\/wp-json\/wp\/v2\/pages"}],"about":[{"href":"https:\/\/sigillarium.pl\/index.php\/wp-json\/wp\/v2\/types\/page"}],"author":[{"embeddable":true,"href":"https:\/\/sigillarium.pl\/index.php\/wp-json\/wp\/v2\/users\/1"}],"replies":[{"embeddable":true,"href":"https:\/\/sigillarium.pl\/index.php\/wp-json\/wp\/v2\/comments?post=9254"}],"version-history":[{"count":22,"href":"https:\/\/sigillarium.pl\/index.php\/wp-json\/wp\/v2\/pages\/9254\/revisions"}],"predecessor-version":[{"id":19870,"href":"https:\/\/sigillarium.pl\/index.php\/wp-json\/wp\/v2\/pages\/9254\/revisions\/19870"}],"wp:attachment":[{"href":"https:\/\/sigillarium.pl\/index.php\/wp-json\/wp\/v2\/media?parent=9254"}],"curies":[{"name":"wp","href":"https:\/\/api.w.org\/{rel}","templated":true}]}}