{"id":942,"date":"2020-02-22T17:15:11","date_gmt":"2020-02-22T16:15:11","guid":{"rendered":"http:\/\/sigillarium.pl\/?page_id=942"},"modified":"2021-09-04T21:50:51","modified_gmt":"2021-09-04T19:50:51","slug":"pieczecie-europejskie-pieczecie-osob-prawnych-pozostale-w-tym-judaiki","status":"publish","type":"page","link":"https:\/\/sigillarium.pl\/index.php\/pieczecie-europejskie-pieczecie-osob-prawnych-pozostale-w-tym-judaiki\/","title":{"rendered":"Piecz\u0119cie europejskie \/ Piecz\u0119cie os\u00f3b prawnych &#8211; pozosta\u0142e (w tym judaiki)"},"content":{"rendered":"\n<hr class=\"wp-block-separator\"\/>\n\n\n\n<p>Strona w opracowaniu.<\/p>\n","protected":false},"excerpt":{"rendered":"<p>Strona w opracowaniu.<\/p>\n","protected":false},"author":1,"featured_media":0,"parent":0,"menu_order":0,"comment_status":"closed","ping_status":"closed","template":"","meta":{"footnotes":""},"class_list":["post-942","page","type-page","status-publish","hentry"],"_links":{"self":[{"href":"https:\/\/sigillarium.pl\/index.php\/wp-json\/wp\/v2\/pages\/942","targetHints":{"allow":["GET"]}}],"collection":[{"href":"https:\/\/sigillarium.pl\/index.php\/wp-json\/wp\/v2\/pages"}],"about":[{"href":"https:\/\/sigillarium.pl\/index.php\/wp-json\/wp\/v2\/types\/page"}],"author":[{"embeddable":true,"href":"https:\/\/sigillarium.pl\/index.php\/wp-json\/wp\/v2\/users\/1"}],"replies":[{"embeddable":true,"href":"https:\/\/sigillarium.pl\/index.php\/wp-json\/wp\/v2\/comments?post=942"}],"version-history":[{"count":2,"href":"https:\/\/sigillarium.pl\/index.php\/wp-json\/wp\/v2\/pages\/942\/revisions"}],"predecessor-version":[{"id":15634,"href":"https:\/\/sigillarium.pl\/index.php\/wp-json\/wp\/v2\/pages\/942\/revisions\/15634"}],"wp:attachment":[{"href":"https:\/\/sigillarium.pl\/index.php\/wp-json\/wp\/v2\/media?parent=942"}],"curies":[{"name":"wp","href":"https:\/\/api.w.org\/{rel}","templated":true}]}}