{"id":9572,"date":"2020-11-11T12:41:58","date_gmt":"2020-11-11T11:41:58","guid":{"rendered":"https:\/\/sigillarium.pl\/?page_id=9572"},"modified":"2020-11-11T13:03:23","modified_gmt":"2020-11-11T12:03:23","slug":"pieczecie-rycerstwa-slaskiego-w-dobie-przedhusyckiej-cz-1","status":"publish","type":"page","link":"https:\/\/sigillarium.pl\/index.php\/pieczecie-rycerstwa-slaskiego-w-dobie-przedhusyckiej-cz-1\/","title":{"rendered":"Piecz\u0119cie rycerstwa \u015bl\u0105skiego w dobie przedhusyckiej (Tom 1)"},"content":{"rendered":"\n<hr class=\"wp-block-separator\"\/>\n\n\n\n<p><strong>Spis tre\u015bci<\/strong><br><\/p>\n\n\n<p>Wst\u0119p&nbsp; \/15<br>Wykaz skr\u00f3t\u00f3w, \u017ar\u00f3de\u0142 i literatury&nbsp;&nbsp; \/41<br>Abschatz \/111<br>Adelungsbach \/112<br>Advocati (Voyt) \/114<br>Atze (Aze)&nbsp; \/116<br>Aulock&nbsp; \/118<br>Barwalde&nbsp; \/119<br>Barby&nbsp; \/120<br>Bart \/122<br>Baruth \/125<br>Bela (Bia\u0142a, Bielau)&nbsp; \/128<br>Benottendorf \/133&nbsp;<br>Beringen&nbsp; \/134<br>Berka&nbsp; \/135<br>Betschau&nbsp; \/136<br>Beugendorf&nbsp; \/139<br>Biberstein&nbsp; \/140<br>Bielice&nbsp; \/157<br>Birchen&nbsp; \/158<br>Birka&nbsp; \/158<br>Birkhahn&nbsp; \/159<br>Bischofsheim&nbsp; \/160<br>Bischofswerde&nbsp; \/162<br>Bodus(ch)&nbsp; \/163<br>Boe(h)me&nbsp; \/165<br>Bolz&nbsp; \/167<br>Borna&nbsp; \/170<br>Borschnitz&nbsp; \/172<br>Brochwicz (Brauchitsch)&nbsp; \/185<br>Brokotenstein (Mokrokinstein)&nbsp; \/187<br>Buch&nbsp; \/189<br>Budow&nbsp; \/190<br>Bunt(h)ensee&nbsp; \/193<br>Buschfeld&nbsp; \/194<br>Busewoy (Budziejowice)&nbsp; \/195<br>Bycze\u0144 (Baitzen)&nbsp; \/198<br>Bytk\u00f3w (Bitkau)&nbsp; \/200<br>Bytom (Beuthen)&nbsp; \/202<br>Czelm(e) \/203<br>Czelo&nbsp; \/205<br>Czes\u0142awice (Zesselwitz)&nbsp; \/206<br>Czirn&nbsp; \/209<br>Czy\u017cowice (Zeiselwitz)&nbsp; \/216<br>Damianowice (Dam[ian]sdorf)&nbsp; \/217<br>Danielewice (Dammelwitz)&nbsp; \/218<br>Der (Dyhrn)&nbsp; \/222<br>Dirs(ch)dorf (Pfeil)&nbsp; \/224<br>Doberschutz&nbsp; \/227<br>Dobruschka (Dobruska)&nbsp; \/228<br>Dohna (Donyn)&nbsp; \/229<br>Domanice (Doman[t]ze)&nbsp; \/234<br>Don(n)erstein&nbsp; \/235<br>Dornheim&nbsp; \/236<br>Drzemlik (Strzelin, Strehlen)&nbsp; \/238<br>Eichelborn&nbsp; \/239<br>Exau&nbsp; \/243<br>Eycke&nbsp; \/244<br>Falkenhain&nbsp; \/245<br>Ferkecz (Ferkacz, Farkacz, Frykacz)&nbsp; \/248<br>Festenberg (Twardog\u00f3ra)&nbsp; \/251<br>Frankenberg&nbsp; \/253<br>Fullstein&nbsp; \/256<br>Gall (Walch)&nbsp; \/263<br>Gausig (Gusk)&nbsp; \/265<br>Gawin&nbsp; \/266<br>Gellhorn&nbsp; \/266<br>Gerlachsheim&nbsp; \/267<br>Gersdorf&nbsp; \/268<br>Gladis&nbsp; \/270<br>Glaubitz&nbsp; \/270<br>Glezina (Geasin, Larisch)&nbsp; \/286<br>G\u0142ogowiec (Glogowitz)&nbsp; \/289<br>G\u0142og\u00f3wek (Oberglogau)&nbsp; \/289<br>G\u0142ubczyce (Leobschutz)&nbsp; \/291<br>Golnitz&nbsp; \/292<br>Gorgowitz&nbsp; \/294<br>Gos\u0142awice (Goslawitz)&nbsp; \/296<br>Gregensdorf&nbsp; \/297<br>Grelle&nbsp; \/298<br>Grellenort&nbsp; \/300<br>Groblice (Grebelwitz)&nbsp; \/300<br>Grozanow&nbsp; \/304<br>Grudzice (Grutitz)&nbsp; \/306<br>Grunau I&nbsp; \/307<br>Grunau II&nbsp; \/309<br>Guesner&nbsp; \/312<br>Hacke&nbsp; \/316<br>Kackeborn&nbsp; \/319<br>Hain (Hagen)&nbsp; \/323<br>Harta&nbsp; \/326<br>Haugk&nbsp; \/328<br>Haugwitz&nbsp; \/329<br>Hertel&nbsp; \/348<br>Heyner&nbsp; \/350<br>Ho(ch)berg&nbsp; \/351<br>Hund(t)&nbsp; \/352<br>Imnitz&nbsp; \/353<br>Ingram&nbsp; \/354<br>Jarz\u0105bkowice (Gersebkowitz)&nbsp;&nbsp; \/356<br>Jasiona (Jassen)&nbsp; \/359<br>Kalbchen&nbsp; \/360<\/p>\n<p><\/p>\n\n\n<p><br><\/p>\n","protected":false},"excerpt":{"rendered":"<p>Spis tre\u015bci Wst\u0119p&nbsp; \/15Wykaz skr\u00f3t\u00f3w, \u017ar\u00f3de\u0142 i literatury&nbsp;&nbsp; \/41Abschatz \/111Adelungsbach \/112Advocati (Voyt) \/114Atze (Aze)&nbsp; \/116Aulock&nbsp; \/118Barwalde&nbsp; \/119Barby&nbsp; \/120Bart \/122Baruth \/125Bela (Bia\u0142a, Bielau)&nbsp; \/128Benottendorf \/133&nbsp;Beringen&nbsp; \/134Berka&nbsp; \/135Betschau&nbsp; \/136Beugendorf&nbsp; \/139Biberstein&nbsp; \/140Bielice&nbsp; \/157Birchen&nbsp;&hellip; <\/p>\n","protected":false},"author":1,"featured_media":0,"parent":0,"menu_order":0,"comment_status":"closed","ping_status":"closed","template":"","meta":{"footnotes":""},"class_list":["post-9572","page","type-page","status-publish","hentry"],"_links":{"self":[{"href":"https:\/\/sigillarium.pl\/index.php\/wp-json\/wp\/v2\/pages\/9572","targetHints":{"allow":["GET"]}}],"collection":[{"href":"https:\/\/sigillarium.pl\/index.php\/wp-json\/wp\/v2\/pages"}],"about":[{"href":"https:\/\/sigillarium.pl\/index.php\/wp-json\/wp\/v2\/types\/page"}],"author":[{"embeddable":true,"href":"https:\/\/sigillarium.pl\/index.php\/wp-json\/wp\/v2\/users\/1"}],"replies":[{"embeddable":true,"href":"https:\/\/sigillarium.pl\/index.php\/wp-json\/wp\/v2\/comments?post=9572"}],"version-history":[{"count":2,"href":"https:\/\/sigillarium.pl\/index.php\/wp-json\/wp\/v2\/pages\/9572\/revisions"}],"predecessor-version":[{"id":9582,"href":"https:\/\/sigillarium.pl\/index.php\/wp-json\/wp\/v2\/pages\/9572\/revisions\/9582"}],"wp:attachment":[{"href":"https:\/\/sigillarium.pl\/index.php\/wp-json\/wp\/v2\/media?parent=9572"}],"curies":[{"name":"wp","href":"https:\/\/api.w.org\/{rel}","templated":true}]}}