{"id":9937,"date":"2020-12-01T22:32:04","date_gmt":"2020-12-01T21:32:04","guid":{"rendered":"https:\/\/sigillarium.pl\/?page_id=9937"},"modified":"2021-03-13T11:15:23","modified_gmt":"2021-03-13T10:15:23","slug":"krakowscy-rytownicy","status":"publish","type":"page","link":"https:\/\/sigillarium.pl\/index.php\/krakowscy-rytownicy\/","title":{"rendered":"Krakowscy rytownicy"},"content":{"rendered":"\n<hr class=\"wp-block-separator\"\/>\n\n\n\n<p style=\"font-size:17px\"><strong>Janusz Giersz<\/strong><br>Tekst zamieszczony w ODKRYWCY, Nr. 8 (259), sierpie\u0144 2020.<\/p>\n\n\n\n<div class=\"wp-block-image\"><figure class=\"aligncenter size-full\"><img loading=\"lazy\" decoding=\"async\" width=\"1241\" height=\"1654\" src=\"https:\/\/sigillarium.pl\/wp-content\/uploads\/2020\/12\/Krakowscy-rytownicy_final-1.jpg\" alt=\"\" class=\"wp-image-9938\" srcset=\"https:\/\/sigillarium.pl\/wp-content\/uploads\/2020\/12\/Krakowscy-rytownicy_final-1.jpg 1241w, https:\/\/sigillarium.pl\/wp-content\/uploads\/2020\/12\/Krakowscy-rytownicy_final-1-225x300.jpg 225w, https:\/\/sigillarium.pl\/wp-content\/uploads\/2020\/12\/Krakowscy-rytownicy_final-1-768x1024.jpg 768w, https:\/\/sigillarium.pl\/wp-content\/uploads\/2020\/12\/Krakowscy-rytownicy_final-1-1152x1536.jpg 1152w\" sizes=\"auto, (max-width: 1241px) 100vw, 1241px\" \/><\/figure><\/div>\n\n\n\n<div class=\"wp-block-image\"><figure class=\"aligncenter size-full\"><img loading=\"lazy\" decoding=\"async\" width=\"1241\" height=\"1654\" src=\"https:\/\/sigillarium.pl\/wp-content\/uploads\/2020\/12\/Krakowscy-rytownicy_final-2.jpg\" alt=\"\" class=\"wp-image-9939\" srcset=\"https:\/\/sigillarium.pl\/wp-content\/uploads\/2020\/12\/Krakowscy-rytownicy_final-2.jpg 1241w, https:\/\/sigillarium.pl\/wp-content\/uploads\/2020\/12\/Krakowscy-rytownicy_final-2-225x300.jpg 225w, https:\/\/sigillarium.pl\/wp-content\/uploads\/2020\/12\/Krakowscy-rytownicy_final-2-768x1024.jpg 768w, https:\/\/sigillarium.pl\/wp-content\/uploads\/2020\/12\/Krakowscy-rytownicy_final-2-1152x1536.jpg 1152w\" sizes=\"auto, (max-width: 1241px) 100vw, 1241px\" \/><\/figure><\/div>\n\n\n\n<div class=\"wp-block-image\"><figure class=\"aligncenter size-full\"><img loading=\"lazy\" decoding=\"async\" width=\"1241\" height=\"1654\" src=\"https:\/\/sigillarium.pl\/wp-content\/uploads\/2020\/12\/Krakowscy-rytownicy_final-3.jpg\" alt=\"\" class=\"wp-image-9940\" srcset=\"https:\/\/sigillarium.pl\/wp-content\/uploads\/2020\/12\/Krakowscy-rytownicy_final-3.jpg 1241w, https:\/\/sigillarium.pl\/wp-content\/uploads\/2020\/12\/Krakowscy-rytownicy_final-3-225x300.jpg 225w, https:\/\/sigillarium.pl\/wp-content\/uploads\/2020\/12\/Krakowscy-rytownicy_final-3-768x1024.jpg 768w, https:\/\/sigillarium.pl\/wp-content\/uploads\/2020\/12\/Krakowscy-rytownicy_final-3-1152x1536.jpg 1152w\" sizes=\"auto, (max-width: 1241px) 100vw, 1241px\" \/><\/figure><\/div>\n\n\n\n<div class=\"wp-block-image\"><figure class=\"aligncenter size-full\"><img loading=\"lazy\" decoding=\"async\" width=\"1241\" height=\"1654\" src=\"https:\/\/sigillarium.pl\/wp-content\/uploads\/2020\/12\/Krakowscy-rytownicy_final-4.jpg\" alt=\"\" class=\"wp-image-9941\" srcset=\"https:\/\/sigillarium.pl\/wp-content\/uploads\/2020\/12\/Krakowscy-rytownicy_final-4.jpg 1241w, https:\/\/sigillarium.pl\/wp-content\/uploads\/2020\/12\/Krakowscy-rytownicy_final-4-225x300.jpg 225w, https:\/\/sigillarium.pl\/wp-content\/uploads\/2020\/12\/Krakowscy-rytownicy_final-4-768x1024.jpg 768w, https:\/\/sigillarium.pl\/wp-content\/uploads\/2020\/12\/Krakowscy-rytownicy_final-4-1152x1536.jpg 1152w\" sizes=\"auto, (max-width: 1241px) 100vw, 1241px\" \/><\/figure><\/div>\n\n\n\n<div class=\"wp-block-image\"><figure class=\"aligncenter size-full\"><img loading=\"lazy\" decoding=\"async\" width=\"1241\" height=\"1654\" src=\"https:\/\/sigillarium.pl\/wp-content\/uploads\/2020\/12\/Krakowscy-rytownicy_final-5.jpg\" alt=\"\" class=\"wp-image-9942\" srcset=\"https:\/\/sigillarium.pl\/wp-content\/uploads\/2020\/12\/Krakowscy-rytownicy_final-5.jpg 1241w, https:\/\/sigillarium.pl\/wp-content\/uploads\/2020\/12\/Krakowscy-rytownicy_final-5-225x300.jpg 225w, https:\/\/sigillarium.pl\/wp-content\/uploads\/2020\/12\/Krakowscy-rytownicy_final-5-768x1024.jpg 768w, https:\/\/sigillarium.pl\/wp-content\/uploads\/2020\/12\/Krakowscy-rytownicy_final-5-1152x1536.jpg 1152w\" sizes=\"auto, (max-width: 1241px) 100vw, 1241px\" \/><\/figure><\/div>\n\n\n\n<div class=\"wp-block-image\"><figure class=\"aligncenter size-full\"><img loading=\"lazy\" decoding=\"async\" width=\"1241\" height=\"1654\" src=\"https:\/\/sigillarium.pl\/wp-content\/uploads\/2020\/12\/Krakowscy-rytownicy_final-6.jpg\" alt=\"\" class=\"wp-image-9943\" srcset=\"https:\/\/sigillarium.pl\/wp-content\/uploads\/2020\/12\/Krakowscy-rytownicy_final-6.jpg 1241w, https:\/\/sigillarium.pl\/wp-content\/uploads\/2020\/12\/Krakowscy-rytownicy_final-6-225x300.jpg 225w, https:\/\/sigillarium.pl\/wp-content\/uploads\/2020\/12\/Krakowscy-rytownicy_final-6-768x1024.jpg 768w, https:\/\/sigillarium.pl\/wp-content\/uploads\/2020\/12\/Krakowscy-rytownicy_final-6-1152x1536.jpg 1152w\" sizes=\"auto, (max-width: 1241px) 100vw, 1241px\" \/><\/figure><\/div>\n\n\n\n<div class=\"wp-block-image\"><figure class=\"aligncenter size-full\"><img loading=\"lazy\" decoding=\"async\" width=\"1241\" height=\"1654\" src=\"https:\/\/sigillarium.pl\/wp-content\/uploads\/2020\/12\/Krakowscy-rytownicy_final-7.jpg\" alt=\"\" class=\"wp-image-9944\" srcset=\"https:\/\/sigillarium.pl\/wp-content\/uploads\/2020\/12\/Krakowscy-rytownicy_final-7.jpg 1241w, https:\/\/sigillarium.pl\/wp-content\/uploads\/2020\/12\/Krakowscy-rytownicy_final-7-225x300.jpg 225w, https:\/\/sigillarium.pl\/wp-content\/uploads\/2020\/12\/Krakowscy-rytownicy_final-7-768x1024.jpg 768w, https:\/\/sigillarium.pl\/wp-content\/uploads\/2020\/12\/Krakowscy-rytownicy_final-7-1152x1536.jpg 1152w\" sizes=\"auto, (max-width: 1241px) 100vw, 1241px\" \/><\/figure><\/div>\n\n\n\n<div class=\"wp-block-columns is-layout-flex wp-container-core-columns-is-layout-9d6595d7 wp-block-columns-is-layout-flex\">\n<div class=\"wp-block-column is-layout-flow wp-block-column-is-layout-flow\" style=\"flex-basis:33.33%\"><\/div>\n\n\n\n<div class=\"wp-block-column is-layout-flow wp-block-column-is-layout-flow\" style=\"flex-basis:66.66%\">\n<p style=\"font-size:22px\"><a href=\"https:\/\/sigillarium.pl\/index.php\/krakowscy-rytownicy-blok-1-strona-robocza\/\">Zobacz dodatkowo wybrane odciski piecz\u0119ci z Brulionu B1<\/a><br><a href=\"https:\/\/sigillarium.pl\/index.php\/krakowscy-rytownicy-brulion-b2\/\">Zobacz dodatkowo wybrane odciski piecz\u0119ci z Brulionu B2<\/a><\/p>\n<\/div>\n<\/div>\n","protected":false},"excerpt":{"rendered":"<p>Janusz GierszTekst zamieszczony w ODKRYWCY, Nr. 8 (259), sierpie\u0144 2020. Zobacz dodatkowo wybrane odciski piecz\u0119ci z Brulionu B1Zobacz dodatkowo wybrane odciski piecz\u0119ci z Brulionu B2<\/p>\n","protected":false},"author":1,"featured_media":0,"parent":0,"menu_order":0,"comment_status":"closed","ping_status":"closed","template":"","meta":{"footnotes":""},"class_list":["post-9937","page","type-page","status-publish","hentry"],"_links":{"self":[{"href":"https:\/\/sigillarium.pl\/index.php\/wp-json\/wp\/v2\/pages\/9937","targetHints":{"allow":["GET"]}}],"collection":[{"href":"https:\/\/sigillarium.pl\/index.php\/wp-json\/wp\/v2\/pages"}],"about":[{"href":"https:\/\/sigillarium.pl\/index.php\/wp-json\/wp\/v2\/types\/page"}],"author":[{"embeddable":true,"href":"https:\/\/sigillarium.pl\/index.php\/wp-json\/wp\/v2\/users\/1"}],"replies":[{"embeddable":true,"href":"https:\/\/sigillarium.pl\/index.php\/wp-json\/wp\/v2\/comments?post=9937"}],"version-history":[{"count":17,"href":"https:\/\/sigillarium.pl\/index.php\/wp-json\/wp\/v2\/pages\/9937\/revisions"}],"predecessor-version":[{"id":11891,"href":"https:\/\/sigillarium.pl\/index.php\/wp-json\/wp\/v2\/pages\/9937\/revisions\/11891"}],"wp:attachment":[{"href":"https:\/\/sigillarium.pl\/index.php\/wp-json\/wp\/v2\/media?parent=9937"}],"curies":[{"name":"wp","href":"https:\/\/api.w.org\/{rel}","templated":true}]}}