{"id":9965,"date":"2020-12-02T17:41:42","date_gmt":"2020-12-02T16:41:42","guid":{"rendered":"https:\/\/sigillarium.pl\/?page_id=9965"},"modified":"2020-12-02T18:53:23","modified_gmt":"2020-12-02T17:53:23","slug":"pieczec-cystersow-z-krzeszowa","status":"publish","type":"page","link":"https:\/\/sigillarium.pl\/index.php\/pieczec-cystersow-z-krzeszowa\/","title":{"rendered":"Cystersi z Krzeszowa"},"content":{"rendered":"\n<hr class=\"wp-block-separator\"\/>\n\n\n\n<p style=\"font-size:17px\"><strong>Tomasz Ka\u0142uski<\/strong><br>Test zamieszczony w \u015al\u0105skim Kwartalniku Historycznym Sob\u00f3tka, Rocznik LXXIII (2018), 4<\/p>\n\n\n\n<figure class=\"wp-block-image size-large is-resized\"><img loading=\"lazy\" decoding=\"async\" src=\"https:\/\/sigillarium.pl\/wp-content\/uploads\/2020\/12\/Kaluski_obraz_w_sluzbie_mnichow_sredniowieczna-2-725x1024.jpg\" alt=\"\" class=\"wp-image-9966\" width=\"830\" height=\"1172\" srcset=\"https:\/\/sigillarium.pl\/wp-content\/uploads\/2020\/12\/Kaluski_obraz_w_sluzbie_mnichow_sredniowieczna-2-725x1024.jpg 725w, https:\/\/sigillarium.pl\/wp-content\/uploads\/2020\/12\/Kaluski_obraz_w_sluzbie_mnichow_sredniowieczna-2-212x300.jpg 212w, https:\/\/sigillarium.pl\/wp-content\/uploads\/2020\/12\/Kaluski_obraz_w_sluzbie_mnichow_sredniowieczna-2-768x1085.jpg 768w, https:\/\/sigillarium.pl\/wp-content\/uploads\/2020\/12\/Kaluski_obraz_w_sluzbie_mnichow_sredniowieczna-2.jpg 1004w\" sizes=\"auto, (max-width: 830px) 100vw, 830px\" \/><\/figure>\n\n\n\n<figure class=\"wp-block-image size-large is-resized\"><img loading=\"lazy\" decoding=\"async\" src=\"https:\/\/sigillarium.pl\/wp-content\/uploads\/2020\/12\/Kaluski_obraz_w_sluzbie_mnichow_sredniowieczna-3-725x1024.jpg\" alt=\"\" class=\"wp-image-9967\" width=\"822\" height=\"1161\" srcset=\"https:\/\/sigillarium.pl\/wp-content\/uploads\/2020\/12\/Kaluski_obraz_w_sluzbie_mnichow_sredniowieczna-3-725x1024.jpg 725w, https:\/\/sigillarium.pl\/wp-content\/uploads\/2020\/12\/Kaluski_obraz_w_sluzbie_mnichow_sredniowieczna-3-212x300.jpg 212w, https:\/\/sigillarium.pl\/wp-content\/uploads\/2020\/12\/Kaluski_obraz_w_sluzbie_mnichow_sredniowieczna-3-768x1085.jpg 768w, https:\/\/sigillarium.pl\/wp-content\/uploads\/2020\/12\/Kaluski_obraz_w_sluzbie_mnichow_sredniowieczna-3.jpg 1004w\" sizes=\"auto, (max-width: 822px) 100vw, 822px\" \/><\/figure>\n\n\n\n<figure class=\"wp-block-image size-large is-resized\"><img loading=\"lazy\" decoding=\"async\" src=\"https:\/\/sigillarium.pl\/wp-content\/uploads\/2020\/12\/Kaluski_obraz_w_sluzbie_mnichow_sredniowieczna-4-725x1024.jpg\" alt=\"\" class=\"wp-image-9968\" width=\"824\" height=\"1163\" srcset=\"https:\/\/sigillarium.pl\/wp-content\/uploads\/2020\/12\/Kaluski_obraz_w_sluzbie_mnichow_sredniowieczna-4-725x1024.jpg 725w, https:\/\/sigillarium.pl\/wp-content\/uploads\/2020\/12\/Kaluski_obraz_w_sluzbie_mnichow_sredniowieczna-4-212x300.jpg 212w, https:\/\/sigillarium.pl\/wp-content\/uploads\/2020\/12\/Kaluski_obraz_w_sluzbie_mnichow_sredniowieczna-4-768x1085.jpg 768w, https:\/\/sigillarium.pl\/wp-content\/uploads\/2020\/12\/Kaluski_obraz_w_sluzbie_mnichow_sredniowieczna-4.jpg 1004w\" sizes=\"auto, (max-width: 824px) 100vw, 824px\" \/><\/figure>\n\n\n\n<figure class=\"wp-block-image size-large is-resized\"><img loading=\"lazy\" decoding=\"async\" src=\"https:\/\/sigillarium.pl\/wp-content\/uploads\/2020\/12\/Kaluski_obraz_w_sluzbie_mnichow_sredniowieczna-5-725x1024.jpg\" alt=\"\" class=\"wp-image-9969\" width=\"823\" height=\"1163\" srcset=\"https:\/\/sigillarium.pl\/wp-content\/uploads\/2020\/12\/Kaluski_obraz_w_sluzbie_mnichow_sredniowieczna-5-725x1024.jpg 725w, https:\/\/sigillarium.pl\/wp-content\/uploads\/2020\/12\/Kaluski_obraz_w_sluzbie_mnichow_sredniowieczna-5-212x300.jpg 212w, https:\/\/sigillarium.pl\/wp-content\/uploads\/2020\/12\/Kaluski_obraz_w_sluzbie_mnichow_sredniowieczna-5-768x1085.jpg 768w, https:\/\/sigillarium.pl\/wp-content\/uploads\/2020\/12\/Kaluski_obraz_w_sluzbie_mnichow_sredniowieczna-5.jpg 1004w\" sizes=\"auto, (max-width: 823px) 100vw, 823px\" \/><\/figure>\n\n\n\n<figure class=\"wp-block-image size-large is-resized\"><img loading=\"lazy\" decoding=\"async\" src=\"https:\/\/sigillarium.pl\/wp-content\/uploads\/2020\/12\/Kaluski_obraz_w_sluzbie_mnichow_sredniowieczna-6-725x1024.jpg\" alt=\"\" class=\"wp-image-9970\" width=\"824\" height=\"1164\" srcset=\"https:\/\/sigillarium.pl\/wp-content\/uploads\/2020\/12\/Kaluski_obraz_w_sluzbie_mnichow_sredniowieczna-6-725x1024.jpg 725w, https:\/\/sigillarium.pl\/wp-content\/uploads\/2020\/12\/Kaluski_obraz_w_sluzbie_mnichow_sredniowieczna-6-212x300.jpg 212w, https:\/\/sigillarium.pl\/wp-content\/uploads\/2020\/12\/Kaluski_obraz_w_sluzbie_mnichow_sredniowieczna-6-768x1085.jpg 768w, https:\/\/sigillarium.pl\/wp-content\/uploads\/2020\/12\/Kaluski_obraz_w_sluzbie_mnichow_sredniowieczna-6.jpg 1004w\" sizes=\"auto, (max-width: 824px) 100vw, 824px\" \/><\/figure>\n\n\n\n<figure class=\"wp-block-image size-large is-resized\"><img loading=\"lazy\" decoding=\"async\" src=\"https:\/\/sigillarium.pl\/wp-content\/uploads\/2020\/12\/Kaluski_obraz_w_sluzbie_mnichow_sredniowieczna-7-725x1024.jpg\" alt=\"\" class=\"wp-image-9971\" width=\"822\" height=\"1161\" srcset=\"https:\/\/sigillarium.pl\/wp-content\/uploads\/2020\/12\/Kaluski_obraz_w_sluzbie_mnichow_sredniowieczna-7-725x1024.jpg 725w, https:\/\/sigillarium.pl\/wp-content\/uploads\/2020\/12\/Kaluski_obraz_w_sluzbie_mnichow_sredniowieczna-7-212x300.jpg 212w, https:\/\/sigillarium.pl\/wp-content\/uploads\/2020\/12\/Kaluski_obraz_w_sluzbie_mnichow_sredniowieczna-7-768x1085.jpg 768w, https:\/\/sigillarium.pl\/wp-content\/uploads\/2020\/12\/Kaluski_obraz_w_sluzbie_mnichow_sredniowieczna-7.jpg 1004w\" sizes=\"auto, (max-width: 822px) 100vw, 822px\" \/><\/figure>\n\n\n\n<figure class=\"wp-block-image size-large is-resized\"><img loading=\"lazy\" decoding=\"async\" src=\"https:\/\/sigillarium.pl\/wp-content\/uploads\/2020\/12\/Kaluski_obraz_w_sluzbie_mnichow_sredniowieczna-8-725x1024.jpg\" alt=\"\" class=\"wp-image-9972\" width=\"820\" height=\"1159\" srcset=\"https:\/\/sigillarium.pl\/wp-content\/uploads\/2020\/12\/Kaluski_obraz_w_sluzbie_mnichow_sredniowieczna-8-725x1024.jpg 725w, https:\/\/sigillarium.pl\/wp-content\/uploads\/2020\/12\/Kaluski_obraz_w_sluzbie_mnichow_sredniowieczna-8-212x300.jpg 212w, https:\/\/sigillarium.pl\/wp-content\/uploads\/2020\/12\/Kaluski_obraz_w_sluzbie_mnichow_sredniowieczna-8-768x1085.jpg 768w, https:\/\/sigillarium.pl\/wp-content\/uploads\/2020\/12\/Kaluski_obraz_w_sluzbie_mnichow_sredniowieczna-8.jpg 1004w\" sizes=\"auto, (max-width: 820px) 100vw, 820px\" \/><\/figure>\n\n\n\n<figure class=\"wp-block-image size-large is-resized\"><img loading=\"lazy\" decoding=\"async\" src=\"https:\/\/sigillarium.pl\/wp-content\/uploads\/2020\/12\/Kaluski_obraz_w_sluzbie_mnichow_sredniowieczna-9-725x1024.jpg\" alt=\"\" class=\"wp-image-9973\" width=\"822\" height=\"1160\" srcset=\"https:\/\/sigillarium.pl\/wp-content\/uploads\/2020\/12\/Kaluski_obraz_w_sluzbie_mnichow_sredniowieczna-9-725x1024.jpg 725w, https:\/\/sigillarium.pl\/wp-content\/uploads\/2020\/12\/Kaluski_obraz_w_sluzbie_mnichow_sredniowieczna-9-212x300.jpg 212w, https:\/\/sigillarium.pl\/wp-content\/uploads\/2020\/12\/Kaluski_obraz_w_sluzbie_mnichow_sredniowieczna-9-768x1085.jpg 768w, https:\/\/sigillarium.pl\/wp-content\/uploads\/2020\/12\/Kaluski_obraz_w_sluzbie_mnichow_sredniowieczna-9.jpg 1004w\" sizes=\"auto, (max-width: 822px) 100vw, 822px\" \/><\/figure>\n\n\n\n<figure class=\"wp-block-image size-large is-resized\"><img loading=\"lazy\" decoding=\"async\" src=\"https:\/\/sigillarium.pl\/wp-content\/uploads\/2020\/12\/Kaluski_obraz_w_sluzbie_mnichow_sredniowieczna-10-725x1024.jpg\" alt=\"\" class=\"wp-image-9974\" width=\"820\" height=\"1159\" srcset=\"https:\/\/sigillarium.pl\/wp-content\/uploads\/2020\/12\/Kaluski_obraz_w_sluzbie_mnichow_sredniowieczna-10-725x1024.jpg 725w, https:\/\/sigillarium.pl\/wp-content\/uploads\/2020\/12\/Kaluski_obraz_w_sluzbie_mnichow_sredniowieczna-10-212x300.jpg 212w, https:\/\/sigillarium.pl\/wp-content\/uploads\/2020\/12\/Kaluski_obraz_w_sluzbie_mnichow_sredniowieczna-10-768x1085.jpg 768w, https:\/\/sigillarium.pl\/wp-content\/uploads\/2020\/12\/Kaluski_obraz_w_sluzbie_mnichow_sredniowieczna-10.jpg 1004w\" sizes=\"auto, (max-width: 820px) 100vw, 820px\" \/><\/figure>\n\n\n\n<figure class=\"wp-block-image size-large is-resized\"><img loading=\"lazy\" decoding=\"async\" src=\"https:\/\/sigillarium.pl\/wp-content\/uploads\/2020\/12\/Kaluski_obraz_w_sluzbie_mnichow_sredniowieczna-11-725x1024.jpg\" alt=\"\" class=\"wp-image-9975\" width=\"822\" height=\"1160\" srcset=\"https:\/\/sigillarium.pl\/wp-content\/uploads\/2020\/12\/Kaluski_obraz_w_sluzbie_mnichow_sredniowieczna-11-725x1024.jpg 725w, https:\/\/sigillarium.pl\/wp-content\/uploads\/2020\/12\/Kaluski_obraz_w_sluzbie_mnichow_sredniowieczna-11-212x300.jpg 212w, https:\/\/sigillarium.pl\/wp-content\/uploads\/2020\/12\/Kaluski_obraz_w_sluzbie_mnichow_sredniowieczna-11-768x1085.jpg 768w, https:\/\/sigillarium.pl\/wp-content\/uploads\/2020\/12\/Kaluski_obraz_w_sluzbie_mnichow_sredniowieczna-11.jpg 1004w\" sizes=\"auto, (max-width: 822px) 100vw, 822px\" \/><\/figure>\n\n\n\n<figure class=\"wp-block-image size-large is-resized\"><img loading=\"lazy\" decoding=\"async\" src=\"https:\/\/sigillarium.pl\/wp-content\/uploads\/2020\/12\/Kaluski_obraz_w_sluzbie_mnichow_sredniowieczna-12-725x1024.jpg\" alt=\"\" class=\"wp-image-9976\" width=\"819\" height=\"1156\" srcset=\"https:\/\/sigillarium.pl\/wp-content\/uploads\/2020\/12\/Kaluski_obraz_w_sluzbie_mnichow_sredniowieczna-12-725x1024.jpg 725w, https:\/\/sigillarium.pl\/wp-content\/uploads\/2020\/12\/Kaluski_obraz_w_sluzbie_mnichow_sredniowieczna-12-212x300.jpg 212w, https:\/\/sigillarium.pl\/wp-content\/uploads\/2020\/12\/Kaluski_obraz_w_sluzbie_mnichow_sredniowieczna-12-768x1085.jpg 768w, https:\/\/sigillarium.pl\/wp-content\/uploads\/2020\/12\/Kaluski_obraz_w_sluzbie_mnichow_sredniowieczna-12.jpg 1004w\" sizes=\"auto, (max-width: 819px) 100vw, 819px\" \/><\/figure>\n\n\n\n<figure class=\"wp-block-image size-large is-resized\"><img loading=\"lazy\" decoding=\"async\" src=\"https:\/\/sigillarium.pl\/wp-content\/uploads\/2020\/12\/Kaluski_obraz_w_sluzbie_mnichow_sredniowieczna-13-725x1024.jpg\" alt=\"\" class=\"wp-image-9977\" width=\"821\" height=\"1159\" srcset=\"https:\/\/sigillarium.pl\/wp-content\/uploads\/2020\/12\/Kaluski_obraz_w_sluzbie_mnichow_sredniowieczna-13-725x1024.jpg 725w, https:\/\/sigillarium.pl\/wp-content\/uploads\/2020\/12\/Kaluski_obraz_w_sluzbie_mnichow_sredniowieczna-13-212x300.jpg 212w, https:\/\/sigillarium.pl\/wp-content\/uploads\/2020\/12\/Kaluski_obraz_w_sluzbie_mnichow_sredniowieczna-13-768x1085.jpg 768w, https:\/\/sigillarium.pl\/wp-content\/uploads\/2020\/12\/Kaluski_obraz_w_sluzbie_mnichow_sredniowieczna-13.jpg 1004w\" sizes=\"auto, (max-width: 821px) 100vw, 821px\" \/><\/figure>\n\n\n\n<figure class=\"wp-block-image size-large is-resized\"><img loading=\"lazy\" decoding=\"async\" src=\"https:\/\/sigillarium.pl\/wp-content\/uploads\/2020\/12\/Kaluski_obraz_w_sluzbie_mnichow_sredniowieczna-14-725x1024.jpg\" alt=\"\" class=\"wp-image-9978\" width=\"823\" height=\"1163\" srcset=\"https:\/\/sigillarium.pl\/wp-content\/uploads\/2020\/12\/Kaluski_obraz_w_sluzbie_mnichow_sredniowieczna-14-725x1024.jpg 725w, https:\/\/sigillarium.pl\/wp-content\/uploads\/2020\/12\/Kaluski_obraz_w_sluzbie_mnichow_sredniowieczna-14-212x300.jpg 212w, https:\/\/sigillarium.pl\/wp-content\/uploads\/2020\/12\/Kaluski_obraz_w_sluzbie_mnichow_sredniowieczna-14-768x1085.jpg 768w, https:\/\/sigillarium.pl\/wp-content\/uploads\/2020\/12\/Kaluski_obraz_w_sluzbie_mnichow_sredniowieczna-14.jpg 1004w\" sizes=\"auto, (max-width: 823px) 100vw, 823px\" \/><\/figure>\n\n\n\n<figure class=\"wp-block-image size-large is-resized\"><img loading=\"lazy\" decoding=\"async\" src=\"https:\/\/sigillarium.pl\/wp-content\/uploads\/2020\/12\/Kaluski_obraz_w_sluzbie_mnichow_sredniowieczna-15-725x1024.jpg\" alt=\"\" class=\"wp-image-9979\" width=\"820\" height=\"1158\" srcset=\"https:\/\/sigillarium.pl\/wp-content\/uploads\/2020\/12\/Kaluski_obraz_w_sluzbie_mnichow_sredniowieczna-15-725x1024.jpg 725w, https:\/\/sigillarium.pl\/wp-content\/uploads\/2020\/12\/Kaluski_obraz_w_sluzbie_mnichow_sredniowieczna-15-212x300.jpg 212w, https:\/\/sigillarium.pl\/wp-content\/uploads\/2020\/12\/Kaluski_obraz_w_sluzbie_mnichow_sredniowieczna-15-768x1085.jpg 768w, https:\/\/sigillarium.pl\/wp-content\/uploads\/2020\/12\/Kaluski_obraz_w_sluzbie_mnichow_sredniowieczna-15.jpg 1004w\" sizes=\"auto, (max-width: 820px) 100vw, 820px\" \/><\/figure>\n\n\n\n<figure class=\"wp-block-image size-large is-resized\"><img loading=\"lazy\" decoding=\"async\" src=\"https:\/\/sigillarium.pl\/wp-content\/uploads\/2020\/12\/Kaluski_obraz_w_sluzbie_mnichow_sredniowieczna-16-725x1024.jpg\" alt=\"\" class=\"wp-image-9980\" width=\"821\" height=\"1159\" srcset=\"https:\/\/sigillarium.pl\/wp-content\/uploads\/2020\/12\/Kaluski_obraz_w_sluzbie_mnichow_sredniowieczna-16-725x1024.jpg 725w, https:\/\/sigillarium.pl\/wp-content\/uploads\/2020\/12\/Kaluski_obraz_w_sluzbie_mnichow_sredniowieczna-16-212x300.jpg 212w, https:\/\/sigillarium.pl\/wp-content\/uploads\/2020\/12\/Kaluski_obraz_w_sluzbie_mnichow_sredniowieczna-16-768x1085.jpg 768w, https:\/\/sigillarium.pl\/wp-content\/uploads\/2020\/12\/Kaluski_obraz_w_sluzbie_mnichow_sredniowieczna-16.jpg 1004w\" sizes=\"auto, (max-width: 821px) 100vw, 821px\" \/><\/figure>\n","protected":false},"excerpt":{"rendered":"<p>Tomasz Ka\u0142uskiTest zamieszczony w \u015al\u0105skim Kwartalniku Historycznym Sob\u00f3tka, Rocznik LXXIII (2018), 4<\/p>\n","protected":false},"author":1,"featured_media":0,"parent":0,"menu_order":0,"comment_status":"closed","ping_status":"closed","template":"","meta":{"footnotes":""},"class_list":["post-9965","page","type-page","status-publish","hentry"],"_links":{"self":[{"href":"https:\/\/sigillarium.pl\/index.php\/wp-json\/wp\/v2\/pages\/9965","targetHints":{"allow":["GET"]}}],"collection":[{"href":"https:\/\/sigillarium.pl\/index.php\/wp-json\/wp\/v2\/pages"}],"about":[{"href":"https:\/\/sigillarium.pl\/index.php\/wp-json\/wp\/v2\/types\/page"}],"author":[{"embeddable":true,"href":"https:\/\/sigillarium.pl\/index.php\/wp-json\/wp\/v2\/users\/1"}],"replies":[{"embeddable":true,"href":"https:\/\/sigillarium.pl\/index.php\/wp-json\/wp\/v2\/comments?post=9965"}],"version-history":[{"count":5,"href":"https:\/\/sigillarium.pl\/index.php\/wp-json\/wp\/v2\/pages\/9965\/revisions"}],"predecessor-version":[{"id":9990,"href":"https:\/\/sigillarium.pl\/index.php\/wp-json\/wp\/v2\/pages\/9965\/revisions\/9990"}],"wp:attachment":[{"href":"https:\/\/sigillarium.pl\/index.php\/wp-json\/wp\/v2\/media?parent=9965"}],"curies":[{"name":"wp","href":"https:\/\/api.w.org\/{rel}","templated":true}]}}